
{"id":3349,"date":"2025-09-26T16:17:18","date_gmt":"2025-09-26T14:17:18","guid":{"rendered":"https:\/\/diagzone.org\/?post_type=product&#038;p=3349"},"modified":"2025-09-26T16:23:59","modified_gmt":"2025-09-26T14:23:59","slug":"doip-obd2-16-pin-adapter-cable-compatible-with-dbscar-vii-thinkdiag-2","status":"publish","type":"product","link":"https:\/\/diagzone.org\/sk\/produkt\/doip-obd2-16-pin-adapter-cable-compatible-with-dbscar-vii-thinkdiag-2\/","title":{"rendered":"DOIP OBD2 16-pinov\u00fd adapt\u00e9r \u2013 kompatibiln\u00fd s DBScar VII \u2013 ThinkDiag 2"},"content":{"rendered":"<p data-start=\"131\" data-end=\"365\" class=\" translation-block\">\u010eakujeme za v\u00e1\u0161 z\u00e1ujem o DOIP OBD2 adapt\u00e9rov\u00fd k\u00e1bel.<br data-start=\"208\" data-end=\"211\">Tento adapt\u00e9r je \u00faplne nov\u00fd, testovan\u00fd na kompatibilitu so zariadeniami <a href=\"https:\/\/diagzone.org\/product\/launch-dbscar-vii-dbscar7-bluetooth-obd2-scanner-supports-can-fd-doip-protocols-powerful-all-systems-for-x431\/\" target=\"_self\">DBScar VII<\/a> a <a href=\"https:\/\/diagzone.org\/product\/thinkcar-thinkdiag-2-can-fd-bi-directional-obd2-scanner\/\" target=\"_self\">ThinkDiag 2<\/a> a zaru\u010duje originalitu aj stabiln\u00fd v\u00fdkon.<\/p>\n<p data-start=\"367\" data-end=\"577\">\ud83d\udd39 <strong data-start=\"370\" data-end=\"390\">D\u00f4le\u017eit\u00e9 upozornenie<\/strong><br data-start=\"390\" data-end=\"393\" \/>Adapt\u00e9rov\u00fd k\u00e1bel DOIP neobsahuje \u017eiadny softv\u00e9r.<br data-start=\"446\" data-end=\"449\" \/>Na pou\u017e\u00edvanie tohto zariadenia je potrebn\u00fd kompatibiln\u00fd diagnostick\u00fd konektor.<a href=\"https:\/\/diagzone.org\/product\/launch-dbscar-vii-dbscar7-bluetooth-obd2-scanner-supports-can-fd-doip-protocols-powerful-all-systems-for-x431\/\">DBScar VII<\/a> alebo <a href=\"https:\/\/diagzone.org\/product\/thinkcar-thinkdiag-2-can-fd-bi-directional-obd2-scanner\/\">ThinkDiag 2<\/a>) a <a href=\"https:\/\/diagzone.org\/diagzone-activation\/\">samostatn\u00fd n\u00e1kup softv\u00e9ru<\/a> s\u00fa potrebn\u00e9.<\/p>\n<p data-start=\"579\" data-end=\"806\">\ud83d\udd39 <strong data-start=\"582\" data-end=\"604\">Podpora a usmernenie<\/strong><br data-start=\"604\" data-end=\"607\" \/>Potrebujete pomoc s nastaven\u00edm?<br data-start=\"628\" data-end=\"631\" \/>N\u00e1\u0161 t\u00edm je zameran\u00fd na poskytovanie krok za krokom asistencie. Nev\u00e1hajte <a href=\"https:\/\/wa.me\/31647604324\">kontaktujte n\u00e1s<\/a> kedyko\u013evek, ak potrebujete usmernenie pri pou\u017e\u00edvan\u00ed v\u00e1\u0161ho k\u00e1bla DOIP s platformou DiagZone OBD2.<\/p>\n<p data-start=\"808\" data-end=\"1003\">\ud83d\udd39 <strong data-start=\"811\" data-end=\"832\">Zabezpe\u010denie kvality<\/strong><br data-start=\"832\" data-end=\"835\" \/>Ka\u017ed\u00fd adapt\u00e9r DOIP prech\u00e1dza funk\u010dn\u00fdm testovan\u00edm pred odoslan\u00edm.<br data-start=\"908\" data-end=\"911\" \/>To zaru\u010duje bezchybn\u00fa prev\u00e1dzku, profesion\u00e1lnu spo\u013eahlivos\u0165 a dlhodob\u00fa odolnos\u0165.<\/p>\n<p data-start=\"1005\" data-end=\"1241\" class=\" translation-block\"><strong data-start=\"1005\" data-end=\"1028\">Popis produktu<\/strong><br data-start=\"1028\" data-end=\"1031\">DOIP OBD2 adapt\u00e9rov\u00fd k\u00e1bel je navrhnut\u00fd na roz\u0161\u00edrenie diagnostick\u00fdch mo\u017enost\u00ed modern\u00fdch vozidiel podporuj\u00facich protokol DOIP. Zabezpe\u010duje r\u00fdchly a stabiln\u00fd prenos d\u00e1t medzi OBD2 konektorom a vozidlom.<\/p>\n<p data-start=\"1243\" data-end=\"1504\">\u2705 Kompatibiln\u00e9 s konektormi DBScar VII a ThinkDiag 2<br data-start=\"1293\" data-end=\"1296\" \/>\u2705 Umo\u017e\u0148uje diagnostiku vozidiel s protokolom DOIP<br data-start=\"1348\" data-end=\"1351\" \/>\u2705 OBD2 16-pinov\u00e9 pripojenie plug &amp; play<br data-start=\"1387\" data-end=\"1390\" \/>\u2705 Testovan\u00e9 s platformou DiagZone z h\u013eadiska kompatibility<br data-start=\"1439\" data-end=\"1442\" \/>\u2705 Vyroben\u00e9 z odoln\u00fdch materi\u00e1lov pre profesion\u00e1lne dielensk\u00e9 pou\u017eitie<\/p>\n<p data-start=\"1506\" data-end=\"1703\">\u26a0\ufe0f <strong data-start=\"1509\" data-end=\"1525\">Upozornenie:<\/strong> Tento adapt\u00e9r neobsahuje softv\u00e9r ani diagnostick\u00fd konektor.<br data-start=\"1591\" data-end=\"1594\" \/>\ud83d\udc49 Konektor kompatibiln\u00fd s DiagZone (napr., <a href=\"https:\/\/diagzone.org\/product\/launch-dbscar-vii-dbscar7-bluetooth-obd2-scanner-supports-can-fd-doip-protocols-powerful-all-systems-for-x431\/\">DBScar VII<\/a> alebo <a href=\"https:\/\/diagzone.org\/product\/thinkcar-thinkdiag-2-can-fd-bi-directional-obd2-scanner\/\">ThinkDiag 2<\/a>) a na pou\u017e\u00edvanie je potrebn\u00e9 predplatn\u00e9.<\/p>\n<p data-start=\"1705\" data-end=\"1745\"><strong data-start=\"1705\" data-end=\"1743\">Pre\u010do si vybra\u0165 DOIP adapt\u00e9rov\u00fd k\u00e1bel?<\/strong><\/p>\n<ul data-start=\"1746\" data-end=\"1943\">\n<li data-start=\"1746\" data-end=\"1793\">\n<p data-start=\"1748\" data-end=\"1793\">100 % testovan\u00e9 na spo\u013eahlivos\u0165 pred odoslan\u00edm<\/p>\n<\/li>\n<li data-start=\"1794\" data-end=\"1848\">\n<p data-start=\"1796\" data-end=\"1848\">Podporuje Diagnostics over Internet Protocol (DOIP)<\/p>\n<\/li>\n<li data-start=\"1849\" data-end=\"1898\">\n<p data-start=\"1851\" data-end=\"1898\">Kompatibiln\u00e9 s modern\u00fdmi osobn\u00fdmi vozidlami a elektromobilmi<\/p>\n<\/li>\n<li data-start=\"1899\" data-end=\"1943\">\n<p data-start=\"1901\" data-end=\"1943\">Kompaktn\u00fd, jednoduch\u00fd na pou\u017e\u00edvanie a pripraven\u00fd do dielne<\/p>\n<\/li>\n<\/ul>","protected":false},"excerpt":{"rendered":"<p>Vysokokvalitn\u00fd DOIP OBD2 adapt\u00e9rov\u00fd k\u00e1bel ur\u010den\u00fd pre zariadenia s konektormi DBScar VII a ThinkDiag 2. Umo\u017e\u0148uje diagnostiku modern\u00fdch vozidiel s podporou protokolu DOIP.<\/p>","protected":false},"featured_media":3350,"template":"","meta":{"_acf_changed":false,"_seopress_robots_primary_cat":"none","_seopress_titles_title":"DOIP OBD2 Adapter Cable \u2013 Compatible with DBScar VII & ThinkDiag 2","_seopress_titles_desc":"Professional DOIP OBD2 adapter cable for DBScar VII and ThinkDiag 2. Supports Diagnostics over Internet Protocol for modern vehicles with stable, reliable performance.","_seopress_robots_index":"","inline_featured_image":false,"_kad_blocks_custom_css":"","_kad_blocks_head_custom_js":"","_kad_blocks_body_custom_js":"","_kad_blocks_footer_custom_js":"","_themeisle_gutenberg_block_has_review":false,"_kad_post_transparent":"default","_kad_post_title":"","_kad_post_layout":"default","_kad_post_sidebar_id":"","_kad_post_content_style":"default","_kad_post_vertical_padding":"default","_kad_post_feature":"","_kad_post_feature_position":"","_kad_post_header":false,"_kad_post_footer":false,"iawp_total_views":94},"product_cat":[22],"product_tag":[],"class_list":{"0":"post-3349","1":"product","2":"type-product","3":"status-publish","4":"has-post-thumbnail","6":"product_cat-accessories","8":"first","9":"instock","10":"shipping-taxable","11":"purchasable","12":"product-type-simple","13":"entry","14":"content-bg","15":"loop-entry"},"acf":[],"taxonomy_info":{"product_cat":[{"value":22,"label":"Accessories"}]},"featured_image_src_large":["https:\/\/diagzone.org\/wp-content\/uploads\/2025\/09\/Launch_DOIP_Connector_1.jpg",600,600,false],"author_info":[],"comment_info":"","_links":{"self":[{"href":"https:\/\/diagzone.org\/sk\/wp-json\/wp\/v2\/product\/3349","targetHints":{"allow":["GET"]}}],"collection":[{"href":"https:\/\/diagzone.org\/sk\/wp-json\/wp\/v2\/product"}],"about":[{"href":"https:\/\/diagzone.org\/sk\/wp-json\/wp\/v2\/types\/product"}],"wp:featuredmedia":[{"embeddable":true,"href":"https:\/\/diagzone.org\/sk\/wp-json\/wp\/v2\/media\/3350"}],"wp:attachment":[{"href":"https:\/\/diagzone.org\/sk\/wp-json\/wp\/v2\/media?parent=3349"}],"wp:term":[{"taxonomy":"product_cat","embeddable":true,"href":"https:\/\/diagzone.org\/sk\/wp-json\/wp\/v2\/product_cat?post=3349"},{"taxonomy":"product_tag","embeddable":true,"href":"https:\/\/diagzone.org\/sk\/wp-json\/wp\/v2\/product_tag?post=3349"}],"curies":[{"name":"wp","href":"https:\/\/api.w.org\/{rel}","templated":true}]}}