
{"id":3354,"date":"2025-09-26T16:32:30","date_gmt":"2025-09-26T14:32:30","guid":{"rendered":"https:\/\/diagzone.org\/?post_type=product&#038;p=3354"},"modified":"2025-09-26T16:47:00","modified_gmt":"2025-09-26T14:47:00","slug":"gt106-plus-heavy-truck-power-adapter-24v-to-12v-adapter","status":"publish","type":"product","link":"https:\/\/diagzone.org\/sk\/produkt\/gt106-plus-heavy-truck-power-adapter-24v-to-12v-adapter\/","title":{"rendered":"Nap\u00e1jac\u00ed adapt\u00e9r GT106 Plus pre \u0165a\u017ek\u00e9 n\u00e1kladn\u00e9 vozidl\u00e1 \/ adapt\u00e9r z 24V na 12V"},"content":{"rendered":"<p data-start=\"781\" data-end=\"1040\" class=\" translation-block\">\u010eakujeme za v\u00e1\u0161 z\u00e1ujem o <strong data-start=\"816\" data-end=\"868\">GT106 Plus v\u00fdkonov\u00fd meni\u010d a adapt\u00e9r pre \u0165a\u017ek\u00e9 n\u00e1kladn\u00e9 vozidl\u00e1<\/strong>.<br data-start=\"869\" data-end=\"872\">Toto zariadenie je navrhnut\u00e9 na stabiln\u00fa konverziu nap\u00e4tia z 24V na 12V v \u0165a\u017ek\u00fdch \u00fa\u017eitkov\u00fdch vozidl\u00e1ch a poskytuje spo\u013eahliv\u00fa podporu pre diagnostick\u00e9 zariadenia a automobilov\u00e9 pr\u00edslu\u0161enstvo.<\/p>\n<p data-start=\"1042\" data-end=\"1269\">\ud83d\udd39 <strong data-start=\"1045\" data-end=\"1065\">D\u00f4le\u017eit\u00e9 upozornenie<\/strong><br data-start=\"1065\" data-end=\"1068\" \/>GT106 Plus je <strong data-start=\"1088\" data-end=\"1118\">iba meni\u010d a adapt\u00e9r<\/strong>\u2014neobsahuje diagnostick\u00e9 funkcie ani softv\u00e9r.<br data-start=\"1172\" data-end=\"1175\" \/>Jeho hlavnou \u00falohou je konvertova\u0165 24V syst\u00e9my n\u00e1kladn\u00fdch vozidiel na bezpe\u010dn\u00fd 12V v\u00fdstup pre n\u00e1radie a zariadenia.<\/p>\n<p data-start=\"1271\" data-end=\"1469\">\ud83d\udd39 <strong data-start=\"1274\" data-end=\"1296\">Podpora a usmernenie<\/strong><br data-start=\"1296\" data-end=\"1299\" \/>Potrebujete pomoc s pripojen\u00edm v\u00e1\u0161ho meni\u010da GT106 Plus?<br data-start=\"1346\" data-end=\"1349\" \/>N\u00e1\u0161 t\u00edm je pripraven\u00fd poskytn\u00fa\u0165 pomoc krok za krokom pri in\u0161tal\u00e1cii a bezpe\u010dnej integr\u00e1cii s va\u0161imi diagnostick\u00fdmi n\u00e1strojmi.<\/p>\n<p data-start=\"1471\" data-end=\"1678\">\ud83d\udd39 <strong data-start=\"1474\" data-end=\"1495\">Zabezpe\u010denie kvality<\/strong><br data-start=\"1495\" data-end=\"1498\" \/>Ka\u017ed\u00fd meni\u010d GT106 Plus je pred odoslan\u00edm d\u00f4kladne testovan\u00fd.<br data-start=\"1562\" data-end=\"1565\" \/>Zabezpe\u010dujeme stabiln\u00fd v\u00fdstup nap\u00e4tia, vysok\u00fa odolnos\u0165 a tepeln\u00fa ochranu pre bezpe\u010dn\u00e9 dlhodob\u00e9 pou\u017e\u00edvanie v diel\u0148ach.<\/p>\n<h2 data-start=\"1685\" data-end=\"1712\">Popis produktu<\/h2>\n<p data-start=\"1714\" data-end=\"2028\" class=\" translation-block\"><strong data-start=\"1718\" data-end=\"1770\">GT106 Plus v\u00fdkonov\u00fd meni\u010d a adapt\u00e9r pre \u0165a\u017ek\u00e9 n\u00e1kladn\u00e9 vozidl\u00e1<\/strong> je ur\u010den\u00fd pre profesion\u00e1lov pracuj\u00facich s \u0165a\u017ek\u00fdmi vozidlami, autobusmi a n\u00e1kladn\u00fdmi autami. Efekt\u00edvne zni\u017euje nap\u00e4tie vozidla z 24V na 12V, \u010d\u00edm umo\u017e\u0148uje nap\u00e1janie diagnostick\u00fdch skenerov, tabletov, kamier a \u010fal\u0161ieho 12V pr\u00edslu\u0161enstva priamo zo syst\u00e9mu vozidla.<\/p>\n<p data-start=\"2030\" data-end=\"2311\">\u2705 Zni\u017eovacia konverzia z 24V na 12V<br data-start=\"2063\" data-end=\"2066\" \/>\u2705 Dvojit\u00e1 funkcia \u2013 funguje ako meni\u010d a adapt\u00e9r<br data-start=\"2114\" data-end=\"2117\" \/>\u2705 Odoln\u00e9 puzdro pre n\u00e1ro\u010dn\u00e9 pracovn\u00e9 prostredie<br data-start=\"2161\" data-end=\"2164\" \/>\u2705 Vstavan\u00e1 ochrana proti nadpr\u00fadu, prep\u00e4tiu a prehriatiu<br data-start=\"2237\" data-end=\"2240\" \/>\u2705 Ide\u00e1lne na nap\u00e1janie diagnostick\u00fdch n\u00e1strojov OBD2 a dielenskej elektroniky<\/p>\n<p data-start=\"2313\" data-end=\"2451\">\u26a0\ufe0f <strong data-start=\"2316\" data-end=\"2332\">Upozornenie:<\/strong> Ide v\u00fdhradne o pr\u00edslu\u0161enstvo na konverziu nap\u00e1jania.<br data-start=\"2375\" data-end=\"2378\" \/>\ud83d\udc49 A <a href=\"https:\/\/diagzone.org\/obd-shop\/\">diagnostick\u00e9 zariadenie<\/a> alebo <a href=\"https:\/\/diagzone.org\/diagzone-buy-subscription\/\">softv\u00e9r<\/a> je potrebn\u00fd na diagnostiku vozidiel.<\/p>\n<h2 data-start=\"2458\" data-end=\"2508\">\ud83d\udccc Pre\u010do si vybra\u0165 konvertor a adapt\u00e9r GT106 Plus?<\/h2>\n<ul data-start=\"2510\" data-end=\"2741\">\n<li data-start=\"2510\" data-end=\"2564\">\n<p data-start=\"2512\" data-end=\"2564\">Profesion\u00e1lny konvertor z 24V na 12V pre n\u00e1kladn\u00e9 vozidl\u00e1<\/p>\n<\/li>\n<li data-start=\"2565\" data-end=\"2628\">\n<p data-start=\"2567\" data-end=\"2628\">Zabezpe\u010duje stabiln\u00fd v\u00fdstup pre diagnostick\u00e9 tablety a n\u00e1stroje OBD2<\/p>\n<\/li>\n<li data-start=\"2629\" data-end=\"2678\">\n<p data-start=\"2631\" data-end=\"2678\">Odoln\u00fd a spo\u013eahliv\u00fd \u2013 testovan\u00fd pred odoslan\u00edm<\/p>\n<\/li>\n<li data-start=\"2679\" data-end=\"2741\">\n<p data-start=\"2681\" data-end=\"2741\">Kompaktn\u00fd, bezpe\u010dn\u00fd a jednoduch\u00fd na pou\u017e\u00edvanie v dielni alebo na cest\u00e1ch<\/p>\n<\/li>\n<\/ul>\n<p>\u2705 <strong data-start=\"140\" data-end=\"351\">Stru\u010dne povedan\u00e9, Godiag GT106 Plus Heavy Truck Power Adapter je spo\u013eahliv\u00fd meni\u010d z 24V na 12V, navrhnut\u00fd na poskytovanie bezpe\u010dn\u00e9ho, stabiln\u00e9ho a efekt\u00edvneho nap\u00e1jania pre diagnostiku \u0165a\u017ek\u00fdch vozidiel a dielensk\u00e9 pou\u017eitie.<\/strong><\/p>","protected":false},"excerpt":{"rendered":"<p data-start=\"641\" data-end=\"852\" class=\" translation-block\"><strong data-start=\"585\" data-end=\"637\">Nap\u00e1jac\u00ed konvertor a adapt\u00e9r GT106 Plus pre \u0165a\u017ek\u00e9 n\u00e1kladn\u00e9 vozidl\u00e1<\/strong> premie\u0148a 24V na 12V a zabezpe\u010duje bezpe\u010dn\u00e9 nap\u00e1janie diagnostick\u00fdch n\u00e1strojov a pr\u00edslu\u0161enstva v \u00fa\u017eitkov\u00fdch vozidl\u00e1ch.<\/p>","protected":false},"featured_media":3355,"template":"","meta":{"_acf_changed":false,"_seopress_robots_primary_cat":"none","_seopress_titles_title":"GT106 Plus Heavy Truck 24V to 12V Power Converter & Adapter","_seopress_titles_desc":"GT106 Plus 24V to 12V converter and power adapter for heavy trucks. Stable voltage output for diagnostic tools, tablets, and automotive accessories.","_seopress_robots_index":"","inline_featured_image":false,"_kad_blocks_custom_css":"","_kad_blocks_head_custom_js":"","_kad_blocks_body_custom_js":"","_kad_blocks_footer_custom_js":"","_themeisle_gutenberg_block_has_review":false,"_kad_post_transparent":"default","_kad_post_title":"","_kad_post_layout":"default","_kad_post_sidebar_id":"","_kad_post_content_style":"default","_kad_post_vertical_padding":"default","_kad_post_feature":"","_kad_post_feature_position":"","_kad_post_header":false,"_kad_post_footer":false,"iawp_total_views":117},"product_cat":[22],"product_tag":[29,25,24,30,27,26,28],"class_list":{"0":"post-3354","1":"product","2":"type-product","3":"status-publish","4":"has-post-thumbnail","6":"product_cat-accessories","7":"product_tag-24v","8":"product_tag-adapter","9":"product_tag-converter","10":"product_tag-gt106","11":"product_tag-hd","12":"product_tag-heavy-truck","13":"product_tag-truck","15":"first","16":"instock","17":"shipping-taxable","18":"purchasable","19":"product-type-simple","20":"entry","21":"content-bg","22":"loop-entry"},"acf":[],"taxonomy_info":{"product_cat":[{"value":22,"label":"Accessories"}],"product_tag":[{"value":29,"label":"24V"},{"value":25,"label":"Adapter"},{"value":24,"label":"Converter"},{"value":30,"label":"GT106"},{"value":27,"label":"HD"},{"value":26,"label":"Heavy Truck"},{"value":28,"label":"Truck"}]},"featured_image_src_large":["https:\/\/diagzone.org\/wp-content\/uploads\/2025\/09\/Godiag_GT106_Plus_1.jpg",600,600,false],"author_info":[],"comment_info":"","_links":{"self":[{"href":"https:\/\/diagzone.org\/sk\/wp-json\/wp\/v2\/product\/3354","targetHints":{"allow":["GET"]}}],"collection":[{"href":"https:\/\/diagzone.org\/sk\/wp-json\/wp\/v2\/product"}],"about":[{"href":"https:\/\/diagzone.org\/sk\/wp-json\/wp\/v2\/types\/product"}],"wp:featuredmedia":[{"embeddable":true,"href":"https:\/\/diagzone.org\/sk\/wp-json\/wp\/v2\/media\/3355"}],"wp:attachment":[{"href":"https:\/\/diagzone.org\/sk\/wp-json\/wp\/v2\/media?parent=3354"}],"wp:term":[{"taxonomy":"product_cat","embeddable":true,"href":"https:\/\/diagzone.org\/sk\/wp-json\/wp\/v2\/product_cat?post=3354"},{"taxonomy":"product_tag","embeddable":true,"href":"https:\/\/diagzone.org\/sk\/wp-json\/wp\/v2\/product_tag?post=3354"}],"curies":[{"name":"wp","href":"https:\/\/api.w.org\/{rel}","templated":true}]}}