
{"id":3360,"date":"2025-09-26T16:57:54","date_gmt":"2025-09-26T14:57:54","guid":{"rendered":"https:\/\/diagzone.org\/?post_type=product&#038;p=3360"},"modified":"2025-09-26T16:58:58","modified_gmt":"2025-09-26T14:58:58","slug":"cable-for-dbscar-vii-original-main-diagnostic-cable-vci","status":"publish","type":"product","link":"https:\/\/diagzone.org\/sk\/produkt\/cable-for-dbscar-vii-original-main-diagnostic-cable-vci\/","title":{"rendered":"K\u00e1bel pre DBScar VII \u2013 origin\u00e1lny hlavn\u00fd diagnostick\u00fd k\u00e1bel (VCI)"},"content":{"rendered":"<p data-start=\"117\" data-end=\"308\" class=\" translation-block\">\u010eakujeme za v\u00e1\u0161 z\u00e1ujem o <strong data-start=\"152\" data-end=\"184\">k\u00e1blov\u00fd adapt\u00e9r DBScar VII<\/strong>.<br data-start=\"185\" data-end=\"188\">Tento vysokokvalitn\u00fd k\u00e1bel je \u00faplne nov\u00fd a je navrhnut\u00fd na roz\u0161\u00edrenie kompatibility a konektivity zariaden\u00ed DBScar VII.<\/p>\n<p data-start=\"310\" data-end=\"479\">\ud83d\udd39 <strong data-start=\"313\" data-end=\"333\">D\u00f4le\u017eit\u00e9 upozornenie<\/strong><br data-start=\"333\" data-end=\"336\" \/>K\u00e1bel neobsahuje \u017eiadny diagnostick\u00fd softv\u00e9r ani zariadenie.<br data-start=\"397\" data-end=\"400\" \/>Na pou\u017e\u00edvanie tohto k\u00e1bla je potrebn\u00e1 kompatibiln\u00e1 jednotka DBScar VII a softv\u00e9r.<\/p>\n<p data-start=\"481\" data-end=\"708\">\ud83d\udd39 <strong data-start=\"484\" data-end=\"506\">Podpora a usmernenie<\/strong><br data-start=\"506\" data-end=\"509\" \/>Potrebujete pomoc s in\u0161tal\u00e1ciou alebo nastaven\u00edm?<br data-start=\"546\" data-end=\"549\" \/>N\u00e1\u0161 t\u00edm je pripraven\u00fd poskytn\u00fa\u0165 v\u00e1m pomoc krok za krokom. Nev\u00e1hajte n\u00e1s kedyko\u013evek kontaktova\u0165, ak potrebujete poradenstvo pri integr\u00e1cii k\u00e1bla do v\u00e1\u0161ho diagnostick\u00e9ho syst\u00e9mu.<\/p>\n<p data-start=\"710\" data-end=\"900\">\ud83d\udd39 <strong data-start=\"713\" data-end=\"734\">Zabezpe\u010denie kvality<\/strong><br data-start=\"734\" data-end=\"737\" \/>Ka\u017ed\u00fd k\u00e1bel prech\u00e1dza pr\u00edsnym testovan\u00edm pred odoslan\u00edm.<br data-start=\"792\" data-end=\"795\" \/>Overujeme stabilitu sign\u00e1lu, integritu konektorov a odolnos\u0165, aby sme zabezpe\u010dili spo\u013eahlivos\u0165 na profesion\u00e1lnej \u00farovni.<\/p>\n<h2 data-start=\"907\" data-end=\"931\">Popis produktu<\/h2>\n<p data-start=\"933\" data-end=\"1174\" class=\" translation-block\"><strong data-start=\"937\" data-end=\"969\">K\u00e1blov\u00fd adapt\u00e9r DBScar VII<\/strong> je navrhnut\u00fd na roz\u0161\u00edrenie vyu\u017eitia v\u00e1\u0161ho diagnostick\u00e9ho zariadenia DBScar VII t\u00fdm, \u017ee pon\u00faka stabiln\u00e9 pripojenie a plynul\u00fd prenos d\u00e1t. Ide\u00e1lny pre pou\u017e\u00edvate\u013eov, ktor\u00ed potrebuj\u00fa alternat\u00edvne vedenie k\u00e1bla alebo n\u00e1hradn\u00fa kabel\u00e1\u017e.<\/p>\n<p data-start=\"1176\" data-end=\"1369\">\u2705 Kompatibiln\u00e9 s diagnostick\u00fdmi jednotkami DBScar VII<br data-start=\"1227\" data-end=\"1230\" \/>\u2705 Zabezpe\u010duje stabiln\u00fd a spo\u013eahliv\u00fd prenos d\u00e1t<br data-start=\"1277\" data-end=\"1280\" \/>\u2705 Odoln\u00e9 konektory a kon\u0161trukcia k\u00e1bla<br data-start=\"1323\" data-end=\"1326\" \/>\u2705 Ide\u00e1lne ako n\u00e1hradn\u00fd alebo pomocn\u00fd k\u00e1bel<\/p>\n<p data-start=\"1371\" data-end=\"1493\">\u26a0\ufe0f <strong data-start=\"1374\" data-end=\"1390\">Upozornenie:<\/strong> Ide iba o pr\u00edslu\u0161enstvo. Na funk\u010dnos\u0165 je potrebn\u00e1 diagnostick\u00e1 jednotka (DBScar VII) a softv\u00e9r.<\/p>\n<h2 data-start=\"1500\" data-end=\"1525\">Pre\u010do si vybra\u0165 tento k\u00e1bel?<\/h2>\n<ul data-start=\"1527\" data-end=\"1720\">\n<li data-start=\"1527\" data-end=\"1586\">\n<p data-start=\"1529\" data-end=\"1586\">100 % testovan\u00e9 pred odoslan\u00edm na spr\u00e1vnu integritu sign\u00e1lu<\/p>\n<\/li>\n<li data-start=\"1587\" data-end=\"1637\">\n<p data-start=\"1589\" data-end=\"1637\">Spo\u013eahliv\u00fd v\u00fdkon v dielensk\u00fdch podmienkach<\/p>\n<\/li>\n<li data-start=\"1638\" data-end=\"1682\">\n<p data-start=\"1640\" data-end=\"1682\">Kompatibiln\u00e9 s platformami DBScar VII<\/p>\n<\/li>\n<li data-start=\"1683\" data-end=\"1720\">\n<p data-start=\"1685\" data-end=\"1720\">Kompaktn\u00fd, odoln\u00fd a jednoduch\u00fd na pou\u017e\u00edvanie<\/p>\n<\/li>\n<\/ul>","protected":false},"excerpt":{"rendered":"<p data-start=\"641\" data-end=\"852\">Vysokokvalitn\u00fd k\u00e1blov\u00fd adapt\u00e9r ur\u010den\u00fd pre diagnostick\u00e9 zariadenia DBScar VII. Zabezpe\u010duje stabiln\u00fd prenos d\u00e1t, odoln\u00e9 vyhotovenie a spo\u013eahliv\u00fd v\u00fdkon v profesion\u00e1lnych autoservisoch.<\/p>","protected":false},"featured_media":3361,"template":"","meta":{"_acf_changed":false,"_seopress_robots_primary_cat":"none","_seopress_titles_title":"DBScar VII Cable Adapter \u2013 Durable OBD2 Extension for Diagnostics","_seopress_titles_desc":"Buy DBScar VII Cable Adapter \u2013 high-quality, durable diagnostic cable for stable data transmission. Perfect replacement or extension for professional OBD2 tools.","_seopress_robots_index":"","inline_featured_image":false,"_kad_blocks_custom_css":"","_kad_blocks_head_custom_js":"","_kad_blocks_body_custom_js":"","_kad_blocks_footer_custom_js":"","_themeisle_gutenberg_block_has_review":false,"_kad_post_transparent":"default","_kad_post_title":"","_kad_post_layout":"default","_kad_post_sidebar_id":"","_kad_post_content_style":"default","_kad_post_vertical_padding":"default","_kad_post_feature":"","_kad_post_feature_position":"","_kad_post_header":false,"_kad_post_footer":false,"iawp_total_views":42},"product_cat":[22],"product_tag":[25,39,38,37],"class_list":{"0":"post-3360","1":"product","2":"type-product","3":"status-publish","4":"has-post-thumbnail","6":"product_cat-accessories","7":"product_tag-adapter","8":"product_tag-cable","9":"product_tag-dbscar","10":"product_tag-dbscar-vii","12":"first","13":"instock","14":"shipping-taxable","15":"purchasable","16":"product-type-simple","17":"entry","18":"content-bg","19":"loop-entry"},"acf":[],"taxonomy_info":{"product_cat":[{"value":22,"label":"Accessories"}],"product_tag":[{"value":25,"label":"Adapter"},{"value":39,"label":"cable"},{"value":38,"label":"DBScar"},{"value":37,"label":"DBScar VII"}]},"featured_image_src_large":["https:\/\/diagzone.org\/wp-content\/uploads\/2025\/09\/Cable_for_DBScar_Pro_V_Pro_TT_1.jpg",600,600,false],"author_info":[],"comment_info":"","_links":{"self":[{"href":"https:\/\/diagzone.org\/sk\/wp-json\/wp\/v2\/product\/3360","targetHints":{"allow":["GET"]}}],"collection":[{"href":"https:\/\/diagzone.org\/sk\/wp-json\/wp\/v2\/product"}],"about":[{"href":"https:\/\/diagzone.org\/sk\/wp-json\/wp\/v2\/types\/product"}],"wp:featuredmedia":[{"embeddable":true,"href":"https:\/\/diagzone.org\/sk\/wp-json\/wp\/v2\/media\/3361"}],"wp:attachment":[{"href":"https:\/\/diagzone.org\/sk\/wp-json\/wp\/v2\/media?parent=3360"}],"wp:term":[{"taxonomy":"product_cat","embeddable":true,"href":"https:\/\/diagzone.org\/sk\/wp-json\/wp\/v2\/product_cat?post=3360"},{"taxonomy":"product_tag","embeddable":true,"href":"https:\/\/diagzone.org\/sk\/wp-json\/wp\/v2\/product_tag?post=3360"}],"curies":[{"name":"wp","href":"https:\/\/api.w.org\/{rel}","templated":true}]}}