
{"id":3364,"date":"2025-09-26T17:16:22","date_gmt":"2025-09-26T15:16:22","guid":{"rendered":"https:\/\/diagzone.org\/?post_type=product&#038;p=3364"},"modified":"2025-09-26T17:31:21","modified_gmt":"2025-09-26T15:31:21","slug":"diagzone-diagnostic-set-dbscar-7","status":"publish","type":"product","link":"https:\/\/diagzone.org\/sk\/produkt\/diagzone-diagnostic-set-dbscar-7\/","title":{"rendered":"Diagzone diagnostick\u00e1 sada DBSCAR 7"},"content":{"rendered":"<p data-start=\"196\" data-end=\"441\" class=\" translation-block\">\u010eakujeme za v\u00e1\u0161 z\u00e1ujem o <strong data-start=\"231\" data-end=\"267\">diagnostick\u00fa sadu Diagzone DBScar 7<\/strong>.<br data-start=\"268\" data-end=\"271\">T\u00e1to profesion\u00e1lna diagnostick\u00e1 sada kombinuje v\u00fdkonn\u00fd Android tablet s OBD2 konektorom DBScar 7, je plne otestovan\u00e1 a optimalizovan\u00e1 na pou\u017e\u00edvanie s <strong data-start=\"417\" data-end=\"438\">platformou DiagZone<\/strong>.<\/p>\n<p data-start=\"443\" data-end=\"611\">\ud83d\udd39 <strong data-start=\"104\" data-end=\"124\">D\u00f4le\u017eit\u00e9 upozornenie<\/strong><br data-start=\"124\" data-end=\"127\" \/>Sada <strong data-start=\"135\" data-end=\"181\">obsahuje platn\u00fa licenciu softv\u00e9ru DiagZone<\/strong> \u0161tandardne<br data-start=\"193\" data-end=\"196\" \/>To znamen\u00e1, \u017ee m\u00f4\u017eete okam\u017eite za\u010da\u0165 pou\u017e\u00edva\u0165 v\u0161etky diagnostick\u00e9 funkcie bez nutnosti zak\u00fapenia dodato\u010dn\u00e9ho predplatn\u00e9ho.<\/p>\n<p data-start=\"613\" data-end=\"819\">\ud83d\udd39 <strong data-start=\"616\" data-end=\"638\">Podpora a usmernenie<\/strong><br data-start=\"638\" data-end=\"641\" \/>Potrebujete pomoc s nastaven\u00edm diagnostickej s\u00fapravy?<br data-start=\"682\" data-end=\"685\" \/>N\u00e1\u0161 t\u00edm je k dispoz\u00edcii na poskytovanie pomoci krok za krokom \u2013 od konfigur\u00e1cie tabletu a\u017e po aktiv\u00e1ciu DBScar 7 na platforme DiagZone.<\/p>\n<p data-start=\"821\" data-end=\"1020\">\ud83d\udd39 <strong data-start=\"824\" data-end=\"845\">Zabezpe\u010denie kvality<\/strong><br data-start=\"845\" data-end=\"848\" \/>Ka\u017ed\u00e1 diagnostick\u00e1 s\u00faprava je pred odoslan\u00edm plne testovan\u00e1.<br data-start=\"901\" data-end=\"904\" \/>Tablet, adapt\u00e9r DBScar 7 a konektivita sa overuj\u00fa s cie\u013eom zabezpe\u010di\u0165 bezchybn\u00fa prev\u00e1dzku a dlhodob\u00fa odolnos\u0165.<\/p>\n<h2 data-start=\"1027\" data-end=\"1051\">Popis produktu<\/h2>\n<p data-start=\"1053\" data-end=\"1244\" class=\" translation-block\"><strong data-start=\"1057\" data-end=\"1093\">Diagnostick\u00e1 sada Diagzone DBScar 7<\/strong> je navrhnut\u00e1 pre profesion\u00e1lne autoservisy a pon\u00faka pokro\u010dil\u00fa diagnostiku, k\u00f3dovanie ECU a servisn\u00e9 funkcie pre \u0161irok\u00fa \u0161k\u00e1lu vozidiel.<\/p>\n<p data-start=\"1246\" data-end=\"2000\">\u2705 <strong data-start=\"1248\" data-end=\"1264\">Kompletn\u00e1 sada<\/strong> \u2013 Obsahuje tablet Android a OBD2 adapt\u00e9r DBScar 7<br data-start=\"1316\" data-end=\"1319\" \/>\u2705 <strong data-start=\"1321\" data-end=\"1347\">Kompatibilita s DiagZone<\/strong> \u2013 Funguje bezprobl\u00e9movo so softv\u00e9rom DiagZone<br data-start=\"1389\" data-end=\"1392\" \/>\u2705 <strong data-start=\"1394\" data-end=\"1414\">Modern\u00e9 protokoly<\/strong> \u2013 Podporuje <strong data-start=\"1426\" data-end=\"1436\">CAN FD<\/strong> a <strong data-start=\"1441\" data-end=\"1449\">DoIP<\/strong> pre nov\u00e9 gener\u00e1cie vozidiel<br data-start=\"1477\" data-end=\"1480\" \/>\u2705 <strong data-start=\"1482\" data-end=\"1508\">Obojsmern\u00e9 ovl\u00e1danie<\/strong> \u2013 Vykon\u00e1va akt\u00edvne testy, kalibr\u00e1cie komponentov a k\u00f3dovanie ECU<br data-start=\"1571\" data-end=\"1574\" \/>\u2705 <strong data-start=\"1576\" data-end=\"1603\">Vizu\u00e1lne mapovanie topol\u00f3gie<\/strong> \u2013 Umo\u017e\u0148uje r\u00fdchlu diagnostiku celej siete vozidla<br data-start=\"1649\" data-end=\"1652\" \/>\u2705 <strong data-start=\"1654\" data-end=\"1681\">Komplexn\u00e9 funkcie<\/strong> \u2013 40+ servisn\u00fdch a resetovac\u00edch funkci\u00ed (vstrekova\u010de, DPF, TPMS, bat\u00e9rie, k\u013e\u00fa\u010de at\u010f.)<br data-start=\"1759\" data-end=\"1762\" \/>\u2705 <strong data-start=\"1764\" data-end=\"1790\">\u0160irok\u00e9 pokrytie vozidiel<\/strong> \u2013 Podporuje <strong data-start=\"1802\" data-end=\"1879\"><a href=\"https:\/\/diagzone.org\/diagzone-supported-european-cars\/\">Eur\u00f3psky<\/a>, <a href=\"https:\/\/diagzone.org\/diagzone-supported-asian-passanger-cars\/\">\u00c1zijsk\u00fd<\/a>, <a href=\"https:\/\/diagzone.org\/diagzone-supported-chinese-cars\/\">\u010c\u00ednsky<\/a>, elektrick\u00e9 vozidl\u00e1, motocykle a \u0165a\u017ek\u00e9 n\u00e1kladn\u00e9 vozidl\u00e1<\/strong> (s volite\u013en\u00fdm <a href=\"https:\/\/diagzone.org\/product\/gt106-plus-heavy-truck-power-adapter-24v-to-12v-adapter\/\">24V\u201312V prevodn\u00edk<\/a>)<br data-start=\"1913\" data-end=\"1916\" \/>\u2705 <strong data-start=\"1918\" data-end=\"1935\">Odoln\u00fd dizajn<\/strong> \u2013 Odoln\u00fd tablet a zosilnen\u00fd adapt\u00e9r na ka\u017edodenn\u00e9 dielensk\u00e9 pou\u017eitie<\/p>\n<p data-start=\"2002\" data-end=\"2154\">\u26a0\ufe0f <strong data-start=\"37\" data-end=\"53\">Upozornenie:<\/strong> Softv\u00e9rov\u00e1 licencia je v tejto sade u\u017e zahrnut\u00e1.<br data-start=\"109\" data-end=\"112\" \/>\ud83d\udc49 For heavy truck diagnostics, a <strong data-start=\"146\" data-end=\"175\">24V\u201312V konvertorov\u00fd adapt\u00e9r<\/strong> je potrebn\u00e9 a mus\u00ed by\u0165 zak\u00fapen\u00e9 samostatne. M\u00f4\u017eete si ho objedna\u0165 tu: <a class=\"decorated-link cursor-pointer\" href=\"https:\/\/diagzone.org\/product\/gt106-plus-heavy-truck-power-adapter-24v-to-12v-adapter\/\" target=\"_new\" rel=\"noopener\" data-start=\"245\" data-end=\"331\" data-is-only-node=\"\">Adapt\u00e9r pre \u0165a\u017ek\u00e9 n\u00e1kladn\u00e9 vozidl\u00e1<\/a><\/p>\n<h2 data-start=\"2161\" data-end=\"2210\">Pre\u010do si vybra\u0165 Diagzone Diagnostic Set DBScar 7?<\/h2>\n<ul data-start=\"2212\" data-end=\"2490\">\n<li data-start=\"2212\" data-end=\"2259\">\n<p data-start=\"2214\" data-end=\"2259\">Profesion\u00e1lne all-in-one diagnostick\u00e9 rie\u0161enie<\/p>\n<\/li>\n<li data-start=\"2260\" data-end=\"2313\">\n<p data-start=\"2262\" data-end=\"2313\">Predtestovan\u00fd Android tablet s konektorom DBScar 7<\/p>\n<\/li>\n<li data-start=\"2314\" data-end=\"2363\">\n<p data-start=\"2316\" data-end=\"2363\" class=\" translation-block\">Protokoly pripraven\u00e9 na bud\u00facnos\u0165: <strong data-start=\"2340\" data-end=\"2350\">CAN FD<\/strong> &amp; <strong data-start=\"2353\" data-end=\"2361\">DoIP<\/strong><\/p>\n<\/li>\n<li data-start=\"2364\" data-end=\"2441\">\n<p data-start=\"2366\" data-end=\"2441\" class=\" translation-block\">Podporuje <strong data-start=\"2375\" data-end=\"2422\">osobn\u00e9 vozidl\u00e1, EV vozidl\u00e1, hybridy, motocykle a n\u00e1kladn\u00e9 vozidl\u00e1<\/strong> (<a href=\"https:\/\/diagzone.org\/product\/gt106-plus-heavy-truck-power-adapter-24v-to-12v-adapter\/\" target=\"_self\">s konvertorom<\/a>)<\/p>\n<\/li>\n<li data-start=\"2442\" data-end=\"2490\">\n<p data-start=\"2444\" data-end=\"2490\">Spo\u013eahliv\u00e1, dielensky pripraven\u00e1 kon\u0161trukcia na ka\u017edodenn\u00e9 pou\u017e\u00edvanie<\/p>\n<\/li>\n<\/ul>\n<p data-start=\"718\" data-end=\"743\"><strong data-start=\"718\" data-end=\"741\">\ud83d\udd39 Obsah balenia<\/strong><\/p>\n<ul data-start=\"744\" data-end=\"906\">\n<li data-start=\"744\" data-end=\"805\">\n<p data-start=\"746\" data-end=\"805\">8-palcov\u00fd Android diagnostick\u00fd tablet (4 GB RAM \/ 64 GB \u00falo\u017eisko)<\/p>\n<\/li>\n<li data-start=\"806\" data-end=\"833\">\n<p data-start=\"808\" data-end=\"833\">OBD2 konektor DBScar 7<\/p>\n<\/li>\n<li data-start=\"834\" data-end=\"862\">\n<p data-start=\"836\" data-end=\"862\">Ochrann\u00e9 prenosn\u00e9 puzdro<\/p>\n<\/li>\n<li data-start=\"863\" data-end=\"888\">\n<p data-start=\"865\" data-end=\"888\">USB nab\u00edja\u010dka a k\u00e1bel<\/p>\n<\/li>\n<li data-start=\"889\" data-end=\"906\">\n<p data-start=\"891\" data-end=\"906\">Nap\u00e1jac\u00ed adapt\u00e9r<\/p>\n<\/li>\n<\/ul>\n<h2 data-start=\"205\" data-end=\"223\">Zisti\u0165 viac<\/h2>\n<p data-start=\"224\" data-end=\"443\">Chcete sa dozvedie\u0165 viac o tom, ako <strong data-start=\"256\" data-end=\"292\">Diagnostick\u00e1 s\u00faprava DiagZone DBScar 7<\/strong> funguje s osobn\u00fdmi vozidlami, elektrick\u00fdmi vozidlami, motocyklami a \u0165a\u017ek\u00fdmi n\u00e1kladn\u00fdmi vozidlami?<br data-start=\"350\" data-end=\"353\" \/>Pozrite si n\u00e1\u0161 podrobn\u00fd sprievodca na na\u0161om blogu \ud83d\udc49 <a class=\"decorated-link cursor-pointer\" href=\"https:\/\/diagzone.org\/diagzone-package-description\/\" target=\"_new\" rel=\"noopener\" data-start=\"397\" data-end=\"441\">Pre\u010d\u00edtajte si viac tu<\/a><\/p>","protected":false},"excerpt":{"rendered":"<p class=\" translation-block\"><strong data-start=\"2527\" data-end=\"2563\">Diagnostick\u00e1 sada Diagzone DBScar 7<\/strong> obsahuje tablet a OBD2 konektor, podporuje CAN FD, DoIP, k\u00f3dovanie ECU a viac ako 40 servisn\u00fdch funkci\u00ed. Pokr\u00fdva eur\u00f3pske, \u00e1zijsk\u00e9, \u010d\u00ednske a elektrick\u00e9 (EV) vozidl\u00e1, motocykle a n\u00e1kladn\u00e9 vozidl\u00e1 (heavy-duty).<\/p>","protected":false},"featured_media":3367,"template":"","meta":{"_acf_changed":false,"_seopress_robots_primary_cat":"none","_seopress_titles_title":"Diagzone Diagnostic Set DBScar 7 \u2013 Professional OBD2 Diagnostic Tablet & Adapter","_seopress_titles_desc":"Complete Diagzone Diagnostic Set with DBScar 7 adapter and 8-inch Android tablet (4GB\/64GB). Includes rugged case, charger, and Diagzone license. Supports EU, Asian, Chinese, EV, hybrid vehicles, motorcycles, and heavy-duty trucks.","_seopress_robots_index":"","inline_featured_image":false,"_kad_blocks_custom_css":"","_kad_blocks_head_custom_js":"","_kad_blocks_body_custom_js":"","_kad_blocks_footer_custom_js":"","_themeisle_gutenberg_block_has_review":false,"_kad_post_transparent":"default","_kad_post_title":"","_kad_post_layout":"default","_kad_post_sidebar_id":"","_kad_post_content_style":"default","_kad_post_vertical_padding":"default","_kad_post_feature":"","_kad_post_feature_position":"","_kad_post_header":false,"_kad_post_footer":false,"iawp_total_views":338},"product_cat":[23],"product_tag":[48,44,47,45,42,43,40,46],"class_list":{"0":"post-3364","1":"product","2":"type-product","3":"status-publish","4":"has-post-thumbnail","6":"product_cat-diagnostic-kits","7":"product_tag-cars","8":"product_tag-dbscar-7","9":"product_tag-ev","10":"product_tag-kit","11":"product_tag-obd2","12":"product_tag-set","13":"product_tag-tablet","14":"product_tag-trucks","16":"first","17":"instock","18":"shipping-taxable","19":"purchasable","20":"product-type-simple","21":"entry","22":"content-bg","23":"loop-entry"},"acf":[],"taxonomy_info":{"product_cat":[{"value":23,"label":"Diagnostic kits"}],"product_tag":[{"value":48,"label":"cars"},{"value":44,"label":"DBSCAR 7"},{"value":47,"label":"EV"},{"value":45,"label":"Kit"},{"value":42,"label":"OBD2"},{"value":43,"label":"Set"},{"value":40,"label":"Tablet"},{"value":46,"label":"trucks"}]},"featured_image_src_large":["https:\/\/diagzone.org\/wp-content\/uploads\/2025\/09\/Diagzone_Diagnostics_DBSCAR_7.jpg",600,600,false],"author_info":[],"comment_info":"","_links":{"self":[{"href":"https:\/\/diagzone.org\/sk\/wp-json\/wp\/v2\/product\/3364","targetHints":{"allow":["GET"]}}],"collection":[{"href":"https:\/\/diagzone.org\/sk\/wp-json\/wp\/v2\/product"}],"about":[{"href":"https:\/\/diagzone.org\/sk\/wp-json\/wp\/v2\/types\/product"}],"wp:featuredmedia":[{"embeddable":true,"href":"https:\/\/diagzone.org\/sk\/wp-json\/wp\/v2\/media\/3367"}],"wp:attachment":[{"href":"https:\/\/diagzone.org\/sk\/wp-json\/wp\/v2\/media?parent=3364"}],"wp:term":[{"taxonomy":"product_cat","embeddable":true,"href":"https:\/\/diagzone.org\/sk\/wp-json\/wp\/v2\/product_cat?post=3364"},{"taxonomy":"product_tag","embeddable":true,"href":"https:\/\/diagzone.org\/sk\/wp-json\/wp\/v2\/product_tag?post=3364"}],"curies":[{"name":"wp","href":"https:\/\/api.w.org\/{rel}","templated":true}]}}