
{"id":3379,"date":"2025-09-27T09:38:14","date_gmt":"2025-09-27T07:38:14","guid":{"rendered":"https:\/\/diagzone.org\/?post_type=product&#038;p=3379"},"modified":"2025-09-27T09:47:51","modified_gmt":"2025-09-27T07:47:51","slug":"diagzone-diagnostic-set-dbscar-7-max","status":"publish","type":"product","link":"https:\/\/diagzone.org\/sk\/produkt\/diagzone-diagnostic-set-dbscar-7-max\/","title":{"rendered":"Diagzone Diagnostick\u00e1 sada DBSCAR 7 MAX"},"content":{"rendered":"<p data-start=\"207\" data-end=\"493\" class=\" translation-block\">\u010eakujeme za v\u00e1\u0161 z\u00e1ujem o <strong data-start=\"242\" data-end=\"282\">diagnostick\u00fa sadu Diagzone DBScar 7 Max<\/strong>.<br data-start=\"283\" data-end=\"286\">T\u00e1to profesion\u00e1lna diagnostick\u00e1 sada kombinuje v\u00fdkonn\u00fd <strong data-start=\"339\" data-end=\"390\">10-palcov\u00fd Android tablet (3 GB RAM \/ 64 GB \u00falo\u017eisko)<\/strong> s <strong data-start=\"400\" data-end=\"427\">OBD2 konektorom DBScar 7<\/strong>, ktor\u00fd je plne otestovan\u00fd a optimalizovan\u00fd na pou\u017e\u00edvanie s platformou DiagZone.<\/p>\n<p data-start=\"500\" data-end=\"712\">\ud83d\udd39 <strong data-start=\"503\" data-end=\"523\">D\u00f4le\u017eit\u00e9 upozornenie<\/strong><br data-start=\"523\" data-end=\"526\" \/>Sada obsahuje platn\u00fa <strong data-start=\"551\" data-end=\"580\">Licencia softv\u00e9ru DiagZone<\/strong> \u0161tandardne<br data-start=\"592\" data-end=\"595\" \/>To znamen\u00e1, \u017ee m\u00f4\u017eete okam\u017eite za\u010da\u0165 pou\u017e\u00edva\u0165 v\u0161etky diagnostick\u00e9 funkcie bez nutnosti zak\u00fapenia dodato\u010dn\u00e9ho predplatn\u00e9ho.<\/p>\n<p data-start=\"719\" data-end=\"925\">\ud83d\udd39 <strong data-start=\"722\" data-end=\"744\">Podpora a usmernenie<\/strong><br data-start=\"744\" data-end=\"747\" \/>Potrebujete pomoc s nastaven\u00edm diagnostickej s\u00fapravy?<br data-start=\"788\" data-end=\"791\" \/>N\u00e1\u0161 t\u00edm je k dispoz\u00edcii na poskytovanie pomoci krok za krokom \u2013 od konfigur\u00e1cie tabletu a\u017e po aktiv\u00e1ciu DBScar 7 na platforme DiagZone.<\/p>\n<p data-start=\"932\" data-end=\"1135\">\ud83d\udd39 <strong data-start=\"935\" data-end=\"956\">Zabezpe\u010denie kvality<\/strong><br data-start=\"956\" data-end=\"959\" \/>Ka\u017ed\u00e1 diagnostick\u00e1 s\u00faprava je pred odoslan\u00edm plne testovan\u00e1.<br data-start=\"1012\" data-end=\"1015\" \/>The <strong data-start=\"1019\" data-end=\"1065\">Tablet, adapt\u00e9r DBScar 7 a konektivita<\/strong> sa overuj\u00fa s cie\u013eom zabezpe\u010di\u0165 bezchybn\u00fa prev\u00e1dzku a dlhodob\u00fa odolnos\u0165.<\/p>\n<h2 data-start=\"1142\" data-end=\"1166\">Popis produktu<\/h2>\n<p data-start=\"1168\" data-end=\"1363\" class=\" translation-block\"><strong data-start=\"1172\" data-end=\"1212\">Diagnostick\u00e1 sada Diagzone DBScar 7 Max<\/strong> je navrhnut\u00e1 pre profesion\u00e1lne autoservisy a pon\u00faka pokro\u010dil\u00fa diagnostiku, k\u00f3dovanie ECU a servisn\u00e9 funkcie pre \u0161irok\u00fa \u0161k\u00e1lu vozidiel.<\/p>\n<p data-start=\"1365\" data-end=\"2115\">\u2705 <strong data-start=\"1367\" data-end=\"1383\">Kompletn\u00e1 sada<\/strong> \u2013 Obsahuje 10-palcov\u00fd tablet Android a OBD2 adapt\u00e9r DBScar 7<br data-start=\"1443\" data-end=\"1446\" \/>\u2705 <strong data-start=\"1448\" data-end=\"1474\">Kompatibilita s DiagZone<\/strong> \u2013 Funguje bezprobl\u00e9movo so softv\u00e9rom DiagZone<br data-start=\"1516\" data-end=\"1519\" \/>\u2705 <strong data-start=\"1521\" data-end=\"1541\">Modern\u00e9 protokoly<\/strong> \u2013 Podporuje CAN FD a DoIP pre nov\u00e9 gener\u00e1cie vozidiel<br data-start=\"1596\" data-end=\"1599\" \/>\u2705 <strong data-start=\"1601\" data-end=\"1627\">Obojsmern\u00e9 ovl\u00e1danie<\/strong> \u2013 Vykon\u00e1va akt\u00edvne testy, kalibr\u00e1cie komponentov a k\u00f3dovanie ECU<br data-start=\"1690\" data-end=\"1693\" \/>\u2705 <strong data-start=\"1695\" data-end=\"1722\">Vizu\u00e1lne mapovanie topol\u00f3gie<\/strong> \u2013 Umo\u017e\u0148uje r\u00fdchlu diagnostiku celej siete vozidla<br data-start=\"1768\" data-end=\"1771\" \/>\u2705 <strong data-start=\"1773\" data-end=\"1800\">Komplexn\u00e9 funkcie<\/strong> \u2013 40+ servisn\u00fdch a resetovac\u00edch funkci\u00ed (vstrekova\u010de, DPF, TPMS, bat\u00e9rie, k\u013e\u00fa\u010de at\u010f.)<br data-start=\"1878\" data-end=\"1881\" \/>\u2705 <strong data-start=\"1883\" data-end=\"1909\">\u0160irok\u00e9 pokrytie vozidiel<\/strong> \u2013 Podporuje <a href=\"https:\/\/diagzone.org\/diagzone-supported-european-cars\/\">Eur\u00f3psky<\/a>, <a href=\"https:\/\/diagzone.org\/diagzone-supported-asian-passanger-cars\/\">\u00c1zijsk\u00fd<\/a>, <a href=\"https:\/\/diagzone.org\/diagzone-supported-chinese-cars\/\">\u010c\u00ednsky<\/a>, elektrick\u00e9 vozidl\u00e1, motocykle a \u0165a\u017ek\u00e9 n\u00e1kladn\u00e9 vozidl\u00e1 (s volite\u013en\u00fdm <a href=\"https:\/\/diagzone.org\/product\/gt106-plus-heavy-truck-power-adapter-24v-to-12v-adapter\/\">24V\u201312V prevodn\u00edk<\/a>)<br data-start=\"2028\" data-end=\"2031\" \/>\u2705 <strong data-start=\"2033\" data-end=\"2050\">Odoln\u00fd dizajn<\/strong> \u2013 Odoln\u00fd tablet a zosilnen\u00fd adapt\u00e9r na ka\u017edodenn\u00e9 dielensk\u00e9 pou\u017eitie<\/p>\n<p data-start=\"2122\" data-end=\"2429\">\u26a0\ufe0f <strong data-start=\"2125\" data-end=\"2141\">Upozornenie:<\/strong> Softv\u00e9rov\u00e1 licencia je v tejto sade u\u017e zahrnut\u00e1.<br data-start=\"2197\" data-end=\"2200\" \/>\ud83d\udc49 Pre <strong data-start=\"2207\" data-end=\"2234\">diagnostika \u0165a\u017ek\u00fdch n\u00e1kladn\u00fdch vozidiel<\/strong>, a <a href=\"https:\/\/diagzone.org\/product\/gt106-plus-heavy-truck-power-adapter-24v-to-12v-adapter\/\"><strong data-start=\"2238\" data-end=\"2267\">24V\u201312V konvertorov\u00fd adapt\u00e9r<\/strong><\/a> je potrebn\u00e9 a mus\u00ed by\u0165 zak\u00fapen\u00e9 samostatne. M\u00f4\u017eete si ho objedna\u0165 tu: <strong data-start=\"2337\" data-end=\"2427\"><a class=\"decorated-link cursor-pointer\" href=\"https:\/\/diagzone.org\/product\/gt106-plus-heavy-truck-power-adapter-24v-to-12v-adapter\/\" target=\"_new\" rel=\"noopener\" data-start=\"2339\" data-end=\"2425\">Adapt\u00e9r pre \u0165a\u017ek\u00e9 n\u00e1kladn\u00e9 vozidl\u00e1<\/a><\/strong><\/p>\n<h2 data-start=\"2436\" data-end=\"2489\">Pre\u010do si vybra\u0165 diagnostick\u00fa sadu Diagzone DBScar 7 Max?<\/h2>\n<ul data-start=\"2491\" data-end=\"2765\">\n<li data-start=\"2491\" data-end=\"2538\">\n<p data-start=\"2493\" data-end=\"2538\">Profesion\u00e1lne all-in-one diagnostick\u00e9 rie\u0161enie<\/p>\n<\/li>\n<li data-start=\"2539\" data-end=\"2600\">\n<p data-start=\"2541\" data-end=\"2600\">Predtestovan\u00fd 10-palcov\u00fd Android tablet s konektorom DBScar 7<\/p>\n<\/li>\n<li data-start=\"2601\" data-end=\"2642\">\n<p data-start=\"2603\" data-end=\"2642\" class=\" translation-block\">Protokoly pripraven\u00e9 na bud\u00facnos\u0165: <strong data-start=\"2340\" data-end=\"2350\">CAN FD<\/strong> &amp; <strong data-start=\"2353\" data-end=\"2361\">DoIP<\/strong><\/p>\n<\/li>\n<li data-start=\"2643\" data-end=\"2716\">\n<p data-start=\"2645\" data-end=\"2716\" class=\" translation-block\">Podporuje <strong data-start=\"2375\" data-end=\"2422\">osobn\u00e9 vozidl\u00e1, EV vozidl\u00e1, hybridy, motocykle a n\u00e1kladn\u00e9 vozidl\u00e1<\/strong> (<a href=\"https:\/\/diagzone.org\/product\/gt106-plus-heavy-truck-power-adapter-24v-to-12v-adapter\/\" target=\"_self\">s konvertorom<\/a>)<\/p>\n<\/li>\n<li data-start=\"2717\" data-end=\"2765\">\n<p data-start=\"2719\" data-end=\"2765\">Spo\u013eahliv\u00e1, dielensky pripraven\u00e1 kon\u0161trukcia na ka\u017edodenn\u00e9 pou\u017e\u00edvanie<\/p>\n<\/li>\n<\/ul>\n<p data-start=\"2772\" data-end=\"2800\">\ud83d\udd39 <strong data-start=\"2775\" data-end=\"2798\">S\u00fa\u010das\u0165ou balenia<\/strong><\/p>\n<ul data-start=\"2802\" data-end=\"2969\">\n<li data-start=\"2802\" data-end=\"2868\">\n<p data-start=\"2804\" data-end=\"2868\" class=\" translation-block\">10-palcov\u00fd diagnostick\u00fd tablet so syst\u00e9mom Android (<strong data-start=\"2839\" data-end=\"2865\">3 GB RAM \/ 64 GB \u00falo\u017eiska<\/strong>)<\/p>\n<\/li>\n<li data-start=\"2869\" data-end=\"2896\">\n<p data-start=\"2871\" data-end=\"2896\">OBD2 konektor DBScar 7<\/p>\n<\/li>\n<li data-start=\"2926\" data-end=\"2951\">\n<p data-start=\"2928\" data-end=\"2951\">USB nab\u00edja\u010dka a k\u00e1bel<\/p>\n<\/li>\n<li data-start=\"2952\" data-end=\"2969\">\n<p data-start=\"2954\" data-end=\"2969\">Nap\u00e1jac\u00ed adapt\u00e9r<\/p>\n<\/li>\n<\/ul>\n<h2 data-start=\"2976\" data-end=\"2991\">Zisti\u0165 viac<\/h2>\n<p data-start=\"2993\" data-end=\"3190\">Chcete sa dozvedie\u0165 viac o tom, ako <strong data-start=\"3025\" data-end=\"3065\">Diagnostick\u00e1 s\u00faprava DiagZone DBScar 7 Max<\/strong> funguje s osobn\u00fdmi vozidlami, elektrick\u00fdmi vozidlami, motocyklami a \u0165a\u017ek\u00fdmi n\u00e1kladn\u00fdmi vozidlami?<br data-start=\"3123\" data-end=\"3126\" \/>Pozrite si n\u00e1\u0161 podrobn\u00fd sprievodca na na\u0161om blogu \ud83d\udc49 <a href=\"https:\/\/diagzone.org\/diagzone-package-description\/\"><strong data-start=\"3170\" data-end=\"3188\">Pre\u010d\u00edtajte si viac tu<\/strong><\/a><\/p>","protected":false},"excerpt":{"rendered":"<p class=\" translation-block\"><strong data-start=\"2527\" data-end=\"2563\">Diagnostick\u00e1 sada Diagzone DBScar 7 MAX<\/strong> obsahuje tablet a OBD2 konektor a podporuje CAN FD, DoIP, k\u00f3dovanie ECU a viac ako 40 servisn\u00fdch funkci\u00ed. Pokr\u00fdva eur\u00f3pske, \u00e1zijsk\u00e9 a \u010d\u00ednske vozidl\u00e1, EV vozidl\u00e1, motocykle a n\u00e1kladn\u00e9 vozidl\u00e1.<\/p>","protected":false},"featured_media":3378,"template":"","meta":{"_acf_changed":false,"_seopress_robots_primary_cat":"none","_seopress_titles_title":"Diagzone Diagnostic Set DBScar 7 Max \u2013 10\" Tablet (3GB\/64GB) with OBD2 Adapter","_seopress_titles_desc":"Diagzone Diagnostic Set DBScar 7 Max includes a 10-inch Android tablet (3GB\/64GB), DBScar 7 OBD2 connector, case, charger, and license. Supports cars, EVs, motorcycles, and trucks with 24V\u201312V converter.","_seopress_robots_index":"","inline_featured_image":false,"_kad_blocks_custom_css":"","_kad_blocks_head_custom_js":"","_kad_blocks_body_custom_js":"","_kad_blocks_footer_custom_js":"","_themeisle_gutenberg_block_has_review":false,"_kad_post_transparent":"default","_kad_post_title":"","_kad_post_layout":"default","_kad_post_sidebar_id":"","_kad_post_content_style":"default","_kad_post_vertical_padding":"default","_kad_post_feature":"","_kad_post_feature_position":"","_kad_post_header":false,"_kad_post_footer":false,"iawp_total_views":608},"product_cat":[23],"product_tag":[48,44,49,47,45,42,43,40,46],"class_list":{"0":"post-3379","1":"product","2":"type-product","3":"status-publish","4":"has-post-thumbnail","6":"product_cat-diagnostic-kits","7":"product_tag-cars","8":"product_tag-dbscar-7","9":"product_tag-dbscar-7-max","10":"product_tag-ev","11":"product_tag-kit","12":"product_tag-obd2","13":"product_tag-set","14":"product_tag-tablet","15":"product_tag-trucks","17":"first","18":"instock","19":"shipping-taxable","20":"purchasable","21":"product-type-simple","22":"entry","23":"content-bg","24":"loop-entry"},"acf":[],"taxonomy_info":{"product_cat":[{"value":23,"label":"Diagnostic kits"}],"product_tag":[{"value":48,"label":"cars"},{"value":44,"label":"DBSCAR 7"},{"value":49,"label":"DBScar 7 MAX"},{"value":47,"label":"EV"},{"value":45,"label":"Kit"},{"value":42,"label":"OBD2"},{"value":43,"label":"Set"},{"value":40,"label":"Tablet"},{"value":46,"label":"trucks"}]},"featured_image_src_large":["https:\/\/diagzone.org\/wp-content\/uploads\/2025\/09\/Diagzone_Diagnostic_Set_DBSCAR_7_MAX.jpg",600,600,false],"author_info":[],"comment_info":"","_links":{"self":[{"href":"https:\/\/diagzone.org\/sk\/wp-json\/wp\/v2\/product\/3379","targetHints":{"allow":["GET"]}}],"collection":[{"href":"https:\/\/diagzone.org\/sk\/wp-json\/wp\/v2\/product"}],"about":[{"href":"https:\/\/diagzone.org\/sk\/wp-json\/wp\/v2\/types\/product"}],"wp:featuredmedia":[{"embeddable":true,"href":"https:\/\/diagzone.org\/sk\/wp-json\/wp\/v2\/media\/3378"}],"wp:attachment":[{"href":"https:\/\/diagzone.org\/sk\/wp-json\/wp\/v2\/media?parent=3379"}],"wp:term":[{"taxonomy":"product_cat","embeddable":true,"href":"https:\/\/diagzone.org\/sk\/wp-json\/wp\/v2\/product_cat?post=3379"},{"taxonomy":"product_tag","embeddable":true,"href":"https:\/\/diagzone.org\/sk\/wp-json\/wp\/v2\/product_tag?post=3379"}],"curies":[{"name":"wp","href":"https:\/\/api.w.org\/{rel}","templated":true}]}}