
{"id":3382,"date":"2025-09-27T09:50:32","date_gmt":"2025-09-27T07:50:32","guid":{"rendered":"https:\/\/diagzone.org\/?post_type=product&#038;p=3382"},"modified":"2025-09-27T09:55:20","modified_gmt":"2025-09-27T07:55:20","slug":"kingbolen-ediag-plus-diagnostic-kit-obd2-scanner-with-8-tablet-diagzone-license","status":"publish","type":"product","link":"https:\/\/diagzone.org\/sk\/produkt\/kingbolen-ediag-plus-diagnostic-kit-obd2-scanner-with-8-tablet-diagzone-license\/","title":{"rendered":"Diagnostick\u00e1 sada Kingbolen Ediag Plus \u2013 OBD2 skener s 8\u2033 tabletom a licenciou DiagZone"},"content":{"rendered":"<p data-start=\"258\" data-end=\"580\" class=\" translation-block\">\u010eakujeme za v\u00e1\u0161 z\u00e1ujem o <strong data-start=\"293\" data-end=\"328\">Kingbolen Ediag+ Diagnostic Kit<\/strong>.<br data-start=\"329\" data-end=\"332\">T\u00e1to profesion\u00e1lna sada obsahuje <strong data-start=\"367\" data-end=\"413\">Ediag+ OBD2 Bluetooth diagnostick\u00fd konektor<\/strong> (klon ThinkDiag 2) spolu s <strong data-start=\"460\" data-end=\"510\">8-palcov\u00fdm Android tabletom (4 GB RAM \/ 64 GB \u00falo\u017eisko)<\/strong>, plne otestovan\u00e9 a optimalizovan\u00e9 na pou\u017e\u00edvanie s <strong data-start=\"556\" data-end=\"577\">platformou DiagZone<\/strong>.<\/p>\n<p data-start=\"587\" data-end=\"769\">\ud83d\udd39 <strong data-start=\"590\" data-end=\"610\">D\u00f4le\u017eit\u00e9 upozornenie<\/strong><br data-start=\"610\" data-end=\"613\" \/>S\u00faprava neobsahuje predin\u0161talovan\u00fa softv\u00e9rov\u00fa licenciu.<br data-start=\"671\" data-end=\"674\" \/>Na vyu\u017eitie v\u0161etk\u00fdch diagnostick\u00fdch funkci\u00ed je potrebn\u00e1 <strong data-start=\"714\" data-end=\"748\">samostatn\u00e9 predplatn\u00e9 DiagZone<\/strong> mus\u00ed by\u0165 zak\u00fapen\u00e1.<\/p>\n<p data-start=\"776\" data-end=\"1012\">\ud83d\udd39 <strong data-start=\"779\" data-end=\"801\">Podpora a usmernenie<\/strong><br data-start=\"801\" data-end=\"804\" \/>Potrebujete pomoc s nastaven\u00edm DiagZone?<br data-start=\"834\" data-end=\"837\" \/>N\u00e1\u0161 t\u00edm sa venuje poskytovaniu podpory krok za krokom. Nev\u00e1hajte n\u00e1s kedyko\u013evek kontaktova\u0165, ak potrebujete usmernenie pri pou\u017e\u00edvan\u00ed v\u00e1\u0161ho Ediag+ kitu s platformou DiagZone OBD2.<\/p>\n<p data-start=\"1019\" data-end=\"1243\">\ud83d\udd39 <strong data-start=\"1022\" data-end=\"1043\">Zabezpe\u010denie kvality<\/strong><br data-start=\"1043\" data-end=\"1046\" \/>Ka\u017ed\u00fd <strong data-start=\"1052\" data-end=\"1072\">Kingbolen Ediag+<\/strong> a tablet je pred odoslan\u00edm testovan\u00fd na DiagZone.<br data-start=\"1122\" data-end=\"1125\" \/>T\u00fdm je zabezpe\u010den\u00e1 spr\u00e1vna funk\u010dnos\u0165, stabiln\u00e1 komunik\u00e1cia a spo\u013eahliv\u00fd v\u00fdkon pre profesion\u00e1lne alebo osobn\u00e9 pou\u017eitie.<\/p>\n<h2 data-start=\"1250\" data-end=\"1274\">Popis produktu<\/h2>\n<p data-start=\"1276\" data-end=\"1530\" class=\" translation-block\"><strong data-start=\"1280\" data-end=\"1315\">Kingbolen Ediag+ Diagnostic Kit<\/strong> sp\u00e1ja v\u0161estrannos\u0165 Bluetooth OBD2 konektora Ediag+ s pohodl\u00edm <strong data-start=\"1407\" data-end=\"1432\">8-palcov\u00e9ho Android tabletu<\/strong> predkonfigurovan\u00e9ho pre DiagZone. V\u010faka tomu ide o bal\u00edk pripraven\u00fd na okam\u017eit\u00e9 pou\u017eitie pre dielne aj nad\u0161encov.<\/p>\n<p data-start=\"1532\" data-end=\"2265\">\u2705 Kompletn\u00e1 sada \u2013 obsahuje konektor OBD2 Ediag+ a 8-palcov\u00fd tablet Android (4 GB RAM \/ 64 GB \u00falo\u017eiska)<br data-start=\"1616\" data-end=\"1619\" \/>\u2705 Funguje ako profesion\u00e1lny OBD2 Bluetooth adapt\u00e9r<br data-start=\"1667\" data-end=\"1670\" \/>\u2705 Podporuje zariadenia Android \u2013 plne kompatibiln\u00e9 s Androidom 7\u201313 a Androidom 14 (iba 32-bit)<br data-start=\"1763\" data-end=\"1766\" \/>\u2705 Testovan\u00e9 so softv\u00e9rom DiagZone z h\u013eadiska kompatibility<br data-start=\"1815\" data-end=\"1818\" \/>\u2705 Stabiln\u00e9 dvojre\u017eimov\u00e9 pripojenie Bluetooth 5.0\/5.1<br data-start=\"1865\" data-end=\"1868\" \/>\u2705 Odoln\u00e9 puzdro z ABS+PC+TPU s indika\u010dn\u00fdmi svetlami<br data-start=\"1917\" data-end=\"1920\" \/>\u2705 Obsahuje 0,65 m dlh\u00fd OBD2 k\u00e1bel pre pohodln\u00e9 pou\u017e\u00edvanie<br data-start=\"1967\" data-end=\"1970\" \/>\u2705 Podporuje protokol CAN-FD pre vozidl\u00e1 novej gener\u00e1cie<br data-start=\"2024\" data-end=\"2027\" \/>\u2705 Pokro\u010dil\u00e9 funkcie: reset oleja, regener\u00e1cia DPF, k\u00f3dovanie vstrekova\u010dov, prisp\u00f4sobenie bat\u00e9rie a \u010fal\u0161ie (v z\u00e1vislosti od modelu vozidla)<br data-start=\"2150\" data-end=\"2153\" \/>\u2705 Pon\u00faka obojsmern\u00e9 ovl\u00e1danie, k\u00f3dovanie a adapt\u00e1ciu ECU, automatick\u00fa detekciu VIN a kompletn\u00e9 spr\u00e1vy o stave syst\u00e9mov<\/p>\n<p data-start=\"2267\" data-end=\"2444\">\u26a0\ufe0f <strong data-start=\"100\" data-end=\"116\">Upozornenie:<\/strong> T\u00e1to sada <strong data-start=\"126\" data-end=\"172\">obsahuje platn\u00fa licenciu softv\u00e9ru DiagZone<\/strong> \u0161tandardne<br data-start=\"184\" data-end=\"187\" \/>\ud83d\udc49 V\u0161etky diagnostick\u00e9 funkcie m\u00f4\u017eete za\u010da\u0165 pou\u017e\u00edva\u0165 okam\u017eite bez potreby zak\u00fapenia dodato\u010dn\u00e9ho predplatn\u00e9ho.<\/p>\n<h2 data-start=\"2451\" data-end=\"2499\">Pre\u010do si vybra\u0165 diagnostick\u00fa s\u00fapravu Kingbolen Ediag+?<\/h2>\n<ul data-start=\"2501\" data-end=\"2952\">\n<li data-start=\"2501\" data-end=\"2563\">\n<p data-start=\"2503\" data-end=\"2563\">Klon ThinkDiag 2 \u2013 rovnak\u00e1 funkcionalita, dostupnej\u0161ia<\/p>\n<\/li>\n<li data-start=\"2564\" data-end=\"2616\">\n<p data-start=\"2566\" data-end=\"2616\">Obsahuje 8-palcov\u00fd Android tablet pripraven\u00fd na okam\u017eit\u00e9 pou\u017eitie<\/p>\n<\/li>\n<li data-start=\"2617\" data-end=\"2660\">\n<p data-start=\"2619\" data-end=\"2660\" class=\" translation-block\"><strong data-start=\"290\" data-end=\"317\">100 % testovan\u00e9 na DiagZone<\/strong> pred odoslan\u00edm<\/p>\n<\/li>\n<li data-start=\"2661\" data-end=\"2716\">\n<p data-start=\"2663\" data-end=\"2716\">Profesion\u00e1lny OBD2 konektor so stabiln\u00fdm v\u00fdkonom<\/p>\n<\/li>\n<li data-start=\"2717\" data-end=\"2771\">\n<p data-start=\"2719\" data-end=\"2771\">Kompaktn\u00fd dizajn s pripojen\u00edm Bluetooth 5.0\/5.1<\/p>\n<\/li>\n<li data-start=\"2772\" data-end=\"2854\">\n<p data-start=\"2774\" data-end=\"2854\">Kompatibiln\u00e9 so softv\u00e9rov\u00fdmi bal\u00edkmi DiagZone pre osobn\u00e9 vozidl\u00e1, elektromobily a \u00fa\u017eitkov\u00e9 vozidl\u00e1<\/p>\n<\/li>\n<li data-start=\"2855\" data-end=\"2952\">\n<p data-start=\"2857\" data-end=\"2952\" class=\" translation-block\">Podporuje hlavn\u00e9 diagnostick\u00e9 protokoly: <strong data-start=\"3072\" data-end=\"3132\">ISO9141, KWP2000, J1850 VPW, J1850 PWM, CAN, UDS, CAN-FD<\/strong><\/p>\n<\/li>\n<\/ul>\n<p data-start=\"2959\" data-end=\"3207\">\u2705 <strong data-start=\"2961\" data-end=\"3205\">Stru\u010dne povedan\u00e9, Kingbolen Ediag+ Diagnostic Kit je cenovo v\u00fdhodnou alternat\u00edvou k ThinkDiag 2, ktor\u00e1 pon\u00faka rovnak\u00fa kompatibilitu s DiagZone s pridan\u00fdm komfortom 8-palcov\u00e9ho Android tabletu, \u010d\u00edm predstavuje diagnostick\u00e9 rie\u0161enie pripraven\u00e9 na okam\u017eit\u00e9 pou\u017eitie.<\/strong><\/p>","protected":false},"excerpt":{"rendered":"<p class=\" translation-block\"><strong data-start=\"213\" data-end=\"248\">Kingbolen Ediag+ Diagnostic Kit<\/strong> obsahuje kompaktn\u00fd Bluetooth OBD2 konektor, <strong data-start=\"297\" data-end=\"333\">8-palcov\u00fd Android tablet (4 GB\/64 GB)<\/strong> a <strong data-start=\"341\" data-end=\"376\">platn\u00fa softv\u00e9rov\u00fa licenciu DiagZone<\/strong>. Je plne kompatibiln\u00fd s platformou DiagZone a podporuje <strong data-start=\"435\" data-end=\"445\">CAN-FD<\/strong>, obojsmern\u00e9 ovl\u00e1danie, k\u00f3dovanie ECU a viacero servisn\u00fdch resetov \u2014 poskytuje profesion\u00e1lnu diagnostiku v balen\u00ed pripravenom na okam\u017eit\u00e9 pou\u017eitie.<\/p>","protected":false},"featured_media":3383,"template":"","meta":{"_acf_changed":false,"_seopress_robots_primary_cat":"none","_seopress_titles_title":"Kingbolen Ediag+ Diagnostic Kit \u2013 OBD2 Scanner with 8\" Tablet & DiagZone License","_seopress_titles_desc":"Kingbolen Ediag+ Diagnostic Kit with 8-inch Android tablet and DiagZone license. Supports CAN-FD, ECU coding, bi-directional tests, and service resets. Ready-to-use package for professional diagnostics.","_seopress_robots_index":"","inline_featured_image":false,"_kad_blocks_custom_css":"","_kad_blocks_head_custom_js":"","_kad_blocks_body_custom_js":"","_kad_blocks_footer_custom_js":"","_themeisle_gutenberg_block_has_review":false,"_kad_post_transparent":"default","_kad_post_title":"","_kad_post_layout":"default","_kad_post_sidebar_id":"","_kad_post_content_style":"default","_kad_post_vertical_padding":"default","_kad_post_feature":"","_kad_post_feature_position":"","_kad_post_header":false,"_kad_post_footer":false,"iawp_total_views":169},"product_cat":[23],"product_tag":[],"class_list":{"0":"post-3382","1":"product","2":"type-product","3":"status-publish","4":"has-post-thumbnail","6":"product_cat-diagnostic-kits","8":"first","9":"instock","10":"shipping-taxable","11":"purchasable","12":"product-type-simple","13":"entry","14":"content-bg","15":"loop-entry"},"acf":[],"taxonomy_info":{"product_cat":[{"value":23,"label":"Diagnostic kits"}]},"featured_image_src_large":["https:\/\/diagzone.org\/wp-content\/uploads\/2025\/09\/Diagzone_Automotive_Diagnostics_1.jpg",600,600,false],"author_info":[],"comment_info":"","_links":{"self":[{"href":"https:\/\/diagzone.org\/sk\/wp-json\/wp\/v2\/product\/3382","targetHints":{"allow":["GET"]}}],"collection":[{"href":"https:\/\/diagzone.org\/sk\/wp-json\/wp\/v2\/product"}],"about":[{"href":"https:\/\/diagzone.org\/sk\/wp-json\/wp\/v2\/types\/product"}],"wp:featuredmedia":[{"embeddable":true,"href":"https:\/\/diagzone.org\/sk\/wp-json\/wp\/v2\/media\/3383"}],"wp:attachment":[{"href":"https:\/\/diagzone.org\/sk\/wp-json\/wp\/v2\/media?parent=3382"}],"wp:term":[{"taxonomy":"product_cat","embeddable":true,"href":"https:\/\/diagzone.org\/sk\/wp-json\/wp\/v2\/product_cat?post=3382"},{"taxonomy":"product_tag","embeddable":true,"href":"https:\/\/diagzone.org\/sk\/wp-json\/wp\/v2\/product_tag?post=3382"}],"curies":[{"name":"wp","href":"https:\/\/api.w.org\/{rel}","templated":true}]}}