
{"id":3386,"date":"2025-09-27T10:01:34","date_gmt":"2025-09-27T08:01:34","guid":{"rendered":"https:\/\/diagzone.org\/?post_type=product&#038;p=3386"},"modified":"2025-09-27T10:03:22","modified_gmt":"2025-09-27T08:03:22","slug":"thinkcar-thinkdiag-2-diagnostic-set-with-10-inch-tablet-pre-installed-diagzone-license","status":"publish","type":"product","link":"https:\/\/diagzone.org\/sk\/produkt\/thinkcar-thinkdiag-2-diagnostic-set-with-10-inch-tablet-pre-installed-diagzone-license\/","title":{"rendered":"THINKCAR ThinkDiag 2 Diagnostick\u00e1 sada s 10-palcov\u00fdm tabletom a predin\u0161talovanou licenciou DiagZone"},"content":{"rendered":"<p data-start=\"218\" data-end=\"600\" class=\" translation-block\">\u010eakujeme za v\u00e1\u0161 z\u00e1ujem o <strong data-start=\"253\" data-end=\"345\">diagnostick\u00fa s\u00fapravu Diagzone \u2013 ThinkDiag 2 s 10-palcov\u00fdm tabletom (3GB\/128GB) + licencia DiagZone<\/strong>.<br data-start=\"346\" data-end=\"349\">Tento kompletn\u00fd diagnostick\u00fd bal\u00edk kombinuje origin\u00e1lny OBD2 Bluetooth konektor ThinkDiag 2 s v\u00fdkonn\u00fdm 10-palcov\u00fdm Android tabletom a <strong data-start=\"486\" data-end=\"529\">predin\u0161talovanou softv\u00e9rovou licenciou DiagZone<\/strong>, \u010d\u00edm poskytuje rie\u0161enie pripraven\u00e9 na okam\u017eit\u00e9 pou\u017eitie pre profesion\u00e1lov a servisy.<\/p>\n<h3 data-start=\"607\" data-end=\"632\">\ud83d\udd39 D\u00f4le\u017eit\u00e9 upozornenie<\/h3>\n<p data-start=\"633\" data-end=\"810\">Sada <strong data-start=\"641\" data-end=\"706\">u\u017e \u0161tandardne obsahuje platn\u00fa softv\u00e9rov\u00fa licenciu DiagZone<\/strong>.<br data-start=\"707\" data-end=\"710\" \/>\ud83d\udc49 Nie je potrebn\u00e9 \u017eiadne dodato\u010dn\u00e9 predplatn\u00e9 \u2013 m\u00f4\u017eete okam\u017eite za\u010da\u0165 pou\u017e\u00edva\u0165 v\u0161etky diagnostick\u00e9 funkcie.<\/p>\n<h3 data-start=\"817\" data-end=\"844\">\ud83d\udd39 Podpora a poradenstvo<\/h3>\n<p data-start=\"845\" data-end=\"1011\" class=\" translation-block\">Potrebujete pomoc s nastaven\u00edm diagnostickej s\u00fapravy?<br data-start=\"886\" data-end=\"889\">N\u00e1\u0161 t\u00edm poskytuje podrobn\u00fa pomoc krok za krokom \u2013 od konfigur\u00e1cie tabletu a\u017e po aktiv\u00e1ciu ThinkDiag 2 na platforme DiagZone.<\/p>\n<h3 data-start=\"1018\" data-end=\"1044\">\ud83d\udd39 Zabezpe\u010denie kvality<\/h3>\n<p data-start=\"1045\" data-end=\"1252\" class=\" translation-block\">Ka\u017ed\u00fd adapt\u00e9r ThinkDiag 2 a ka\u017ed\u00fd tablet s\u00fa pred odoslan\u00edm plne testovan\u00e9.<br data-start=\"1114\" data-end=\"1117\">Overuje sa konektivita, kompatibilita softv\u00e9ru a v\u00fdkon, aby sa zabezpe\u010dila profesion\u00e1lna spo\u013eahlivos\u0165 a dlhodob\u00e1 \u017eivotnos\u0165.<\/p>\n<h2 data-start=\"1259\" data-end=\"1287\">\ud83d\udccc Funkcie a vlastnosti<\/h2>\n<p data-start=\"1289\" data-end=\"2002\">\u2705 <strong data-start=\"1291\" data-end=\"1307\">Kompletn\u00e1 sada<\/strong> \u2013 Obsahuje adapt\u00e9r ThinkDiag 2, 10-palcov\u00fd Android tablet (3 GB RAM \/ 128 GB \u00falo\u017eiska), nab\u00edja\u010dku a k\u00e1ble<br data-start=\"1426\" data-end=\"1429\" \/>\u2705 <strong data-start=\"1431\" data-end=\"1457\">Kompatibilita s DiagZone<\/strong> \u2013 Plne optimalizovan\u00e9 na pou\u017e\u00edvanie so softv\u00e9rom DiagZone<br data-start=\"1506\" data-end=\"1509\" \/>\u2705 <strong data-start=\"1511\" data-end=\"1531\">Modern\u00e9 protokoly<\/strong> \u2013 Podporuje CAN-FD, DoIP a UDS pre nov\u00e9 gener\u00e1cie vozidiel<br data-start=\"1592\" data-end=\"1595\" \/>\u2705 <strong data-start=\"1597\" data-end=\"1623\">Obojsmern\u00e9 ovl\u00e1danie<\/strong> \u2013 Vykon\u00e1va akt\u00edvne testy, k\u00f3dovanie ECU a adapt\u00e1cie komponentov<br data-start=\"1685\" data-end=\"1688\" \/>\u2705 <strong data-start=\"1690\" data-end=\"1711\">Servisn\u00e9 funkcie<\/strong> \u2013 40+ mo\u017enost\u00ed resetovania a \u00fadr\u017eby (vstrekova\u010de, DPF, TPMS, bat\u00e9rie, k\u013e\u00fa\u010de at\u010f.)<br data-start=\"1791\" data-end=\"1794\" \/>\u2705 <strong data-start=\"1796\" data-end=\"1814\">\u0160irok\u00e9 pokrytie<\/strong> \u2013 Eur\u00f3pske, \u00e1zijsk\u00e9 a \u010d\u00ednske vozidl\u00e1, elektrick\u00e9 vozidl\u00e1, hybridy, motocykle a \u00fa\u017eitkov\u00e9 vozidl\u00e1 (s adapt\u00e9rom 24V\u201312V)<br data-start=\"1918\" data-end=\"1921\" \/>\u2705 <strong data-start=\"1923\" data-end=\"1939\">Robustn\u00e1 kon\u0161trukcia<\/strong> \u2013 Odoln\u00fd tablet a adapt\u00e9r ur\u010den\u00e9 na ka\u017edodenn\u00e9 pou\u017eitie v dielni<\/p>\n<h2 data-start=\"2009\" data-end=\"2036\">\u26a0\ufe0f Upozornenie pre n\u00e1kladn\u00e9 vozidl\u00e1<\/h2>\n<p data-start=\"2037\" data-end=\"2198\">Pre diagnostiku \u0165a\u017ek\u00fdch vozidiel je potrebn\u00fd <strong data-start=\"2068\" data-end=\"2097\">24V\u201312V konvertorov\u00fd adapt\u00e9r<\/strong> je potrebn\u00fd a mus\u00ed sa zak\u00fapi\u0165 samostatne.<br data-start=\"2143\" data-end=\"2146\" \/>\ud83d\udc49 M\u00f4\u017eete si ho objedna\u0165 tu: <a class=\"decorated-link\" href=\"#\" rel=\"noopener\" data-start=\"2172\" data-end=\"2196\">Adapt\u00e9r pre \u0165a\u017ek\u00e9 n\u00e1kladn\u00e9 vozidl\u00e1<\/a><\/p>\n<h2 data-start=\"2205\" data-end=\"2225\">\ud83d\udce6 Zoznam balenia<\/h2>\n<ul data-start=\"2227\" data-end=\"2435\">\n<li data-start=\"2227\" data-end=\"2267\">\n<p data-start=\"2229\" data-end=\"2267\">ThinkDiag 2 OBD2 Bluetooth konektor<\/p>\n<\/li>\n<li data-start=\"2268\" data-end=\"2320\">\n<p data-start=\"2270\" data-end=\"2320\">10-palcov\u00fd Android tablet (3 GB RAM \/ 128 GB \u00falo\u017eisko)<\/p>\n<\/li>\n<li data-start=\"2321\" data-end=\"2364\">\n<p data-start=\"2323\" data-end=\"2364\">Predin\u0161talovan\u00e1 softv\u00e9rov\u00e1 licencia DiagZone<\/p>\n<\/li>\n<li data-start=\"2394\" data-end=\"2417\">\n<p data-start=\"2396\" data-end=\"2417\">USB nab\u00edja\u010dka a k\u00e1bel<\/p>\n<\/li>\n<li data-start=\"2418\" data-end=\"2435\">\n<p data-start=\"2420\" data-end=\"2435\">Nap\u00e1jac\u00ed adapt\u00e9r<\/p>\n<\/li>\n<\/ul>\n<h3 data-start=\"2442\" data-end=\"2458\">\u2705 Stru\u010dne povedan\u00e9<\/h3>\n<p data-start=\"2459\" data-end=\"2728\" class=\" translation-block\"><strong data-start=\"2463\" data-end=\"2524\">Diagnostick\u00e1 s\u00faprava Diagzone s ThinkDiag 2 a 10-palcov\u00fdm tabletom<\/strong> je profesion\u00e1lne all-in-one diagnostick\u00e9 rie\u0161enie. V\u010faka predin\u0161talovanej licencii, odoln\u00e9mu tabletu a \u0161irokej podpore protokolov je pripraven\u00e1 pre osobn\u00e9 vozidl\u00e1, elektromobily, hybridy, motocykle a dokonca aj n\u00e1kladn\u00e9 vozidl\u00e1 (s adapt\u00e9rom).<\/p>","protected":false},"excerpt":{"rendered":"<p class=\" translation-block\"><strong data-start=\"157\" data-end=\"172\">THINKDIAG 2<\/strong> je vysokov\u00fdkonn\u00fd Bluetooth OBD2 konektor navrhnut\u00fd pre r\u00fdchlos\u0165, spo\u013eahlivos\u0165 a presn\u00fd prenos d\u00e1t. Podporuje modern\u00fa <strong data-start=\"301\" data-end=\"325\">komunik\u00e1ciu CAN-FD<\/strong>, v\u010faka \u010domu je ide\u00e1lny pre vozidl\u00e1 novej gener\u00e1cie. So \u0161irok\u00fdm pokryt\u00edm od osobn\u00fdch vozidiel a\u017e po elektromobily a n\u00e1kladn\u00e9 vozidl\u00e1 pon\u00faka profesion\u00e1lny v\u00fdkon v kompaktnom dizajne, plne testovan\u00fd na <strong data-start=\"505\" data-end=\"526\">DiagZone platform<\/strong>.<\/p>","protected":false},"featured_media":3387,"template":"","meta":{"_acf_changed":false,"_seopress_robots_primary_cat":"none","_seopress_titles_title":"Diagzone Diagnostic Kit | ThinkDiag 2 + 10\" Tablet (3\/128GB) + DiagZone License","_seopress_titles_desc":"Buy the Diagzone Diagnostic Kit with ThinkDiag 2 adapter, 10-inch Android tablet (3\/128GB), and pre-installed DiagZone license. Supports CAN-FD, DoIP, ECU coding, bi-directional tests, and service resets for cars, EVs, motorcycles, and trucks (with adapter).","_seopress_robots_index":"","inline_featured_image":false,"_kad_blocks_custom_css":"","_kad_blocks_head_custom_js":"","_kad_blocks_body_custom_js":"","_kad_blocks_footer_custom_js":"","_themeisle_gutenberg_block_has_review":false,"_kad_post_transparent":"default","_kad_post_title":"","_kad_post_layout":"default","_kad_post_sidebar_id":"","_kad_post_content_style":"default","_kad_post_vertical_padding":"default","_kad_post_feature":"","_kad_post_feature_position":"","_kad_post_header":false,"_kad_post_footer":false,"iawp_total_views":446},"product_cat":[23],"product_tag":[],"class_list":{"0":"post-3386","1":"product","2":"type-product","3":"status-publish","4":"has-post-thumbnail","6":"product_cat-diagnostic-kits","8":"first","9":"instock","10":"shipping-taxable","11":"purchasable","12":"product-type-simple","13":"entry","14":"content-bg","15":"loop-entry"},"acf":[],"taxonomy_info":{"product_cat":[{"value":23,"label":"Diagnostic kits"}]},"featured_image_src_large":["https:\/\/diagzone.org\/wp-content\/uploads\/2025\/09\/Diagzone_Diagnostic_Set_PLUS.jpg",600,600,false],"author_info":[],"comment_info":"","_links":{"self":[{"href":"https:\/\/diagzone.org\/sk\/wp-json\/wp\/v2\/product\/3386","targetHints":{"allow":["GET"]}}],"collection":[{"href":"https:\/\/diagzone.org\/sk\/wp-json\/wp\/v2\/product"}],"about":[{"href":"https:\/\/diagzone.org\/sk\/wp-json\/wp\/v2\/types\/product"}],"wp:featuredmedia":[{"embeddable":true,"href":"https:\/\/diagzone.org\/sk\/wp-json\/wp\/v2\/media\/3387"}],"wp:attachment":[{"href":"https:\/\/diagzone.org\/sk\/wp-json\/wp\/v2\/media?parent=3386"}],"wp:term":[{"taxonomy":"product_cat","embeddable":true,"href":"https:\/\/diagzone.org\/sk\/wp-json\/wp\/v2\/product_cat?post=3386"},{"taxonomy":"product_tag","embeddable":true,"href":"https:\/\/diagzone.org\/sk\/wp-json\/wp\/v2\/product_tag?post=3386"}],"curies":[{"name":"wp","href":"https:\/\/api.w.org\/{rel}","templated":true}]}}