
{"id":3389,"date":"2025-09-27T10:07:39","date_gmt":"2025-09-27T08:07:39","guid":{"rendered":"https:\/\/diagzone.org\/?post_type=product&#038;p=3389"},"modified":"2025-09-27T10:10:57","modified_gmt":"2025-09-27T08:10:57","slug":"kingbolen-ediag-plus-diagnostic-kit-obd2-scanner-with-10-tablet-diagzone-license","status":"publish","type":"product","link":"https:\/\/diagzone.org\/sk\/produkt\/kingbolen-ediag-plus-diagnostic-kit-obd2-scanner-with-10-tablet-diagzone-license\/","title":{"rendered":"Diagnostick\u00e1 sada Kingbolen Ediag Plus \u2013 OBD2 skener s 10\u2033 tabletom a licenciou DiagZone"},"content":{"rendered":"<p data-start=\"272\" data-end=\"591\" class=\" translation-block\">\u010eakujeme za v\u00e1\u0161 z\u00e1ujem o <strong data-start=\"307\" data-end=\"342\">Kingbolen Ediag+ Diagnostic Kit<\/strong>.<br data-start=\"343\" data-end=\"346\">T\u00e1to profesion\u00e1lna sada obsahuje <strong data-start=\"381\" data-end=\"427\">diagnostick\u00fd Bluetooth OBD2 konektor Ediag+<\/strong> (klon zariadenia ThinkDiag 2) spolu s <strong data-start=\"473\" data-end=\"525\">10-palcov\u00fdm Android tabletom (3 GB RAM \/ 128 GB \u00falo\u017eisko)<\/strong>, kompletne otestovan\u00fdm a optimalizovan\u00fdm na pou\u017eitie s platformou DiagZone.<\/p>\n<p data-start=\"593\" data-end=\"797\">\ud83d\udd39 <strong data-start=\"596\" data-end=\"616\">D\u00f4le\u017eit\u00e9 upozornenie<\/strong><br data-start=\"616\" data-end=\"619\" \/>T\u00e1to sada <strong data-start=\"628\" data-end=\"682\">u\u017e obsahuje platn\u00fa softv\u00e9rov\u00fa licenciu DiagZone<\/strong>.<br data-start=\"683\" data-end=\"686\" \/>M\u00f4\u017eete okam\u017eite za\u010da\u0165 pou\u017e\u00edva\u0165 v\u0161etky diagnostick\u00e9 funkcie bez potreby zak\u00fapenia samostatn\u00e9ho predplatn\u00e9ho.<\/p>\n<p data-start=\"799\" data-end=\"1003\">\ud83d\udd39 <strong data-start=\"802\" data-end=\"824\">Podpora a usmernenie<\/strong><br data-start=\"824\" data-end=\"827\" \/>Potrebova\u0165 <a href=\"https:\/\/wa.me\/31647604324\">pomoc<\/a> s nastaven\u00edm DiagZone?<br data-start=\"857\" data-end=\"860\" \/>N\u00e1\u0161 t\u00edm je k dispoz\u00edcii na poskytnutie krokovej podpory \u2013 od konfigur\u00e1cie tabletu a\u017e po pripojenie v\u00e1\u0161ho Ediag+ k platforme DiagZone OBD2.<\/p>\n<p data-start=\"1005\" data-end=\"1244\">\ud83d\udd39 <strong data-start=\"1008\" data-end=\"1029\">Zabezpe\u010denie kvality<\/strong><br data-start=\"1029\" data-end=\"1032\" \/>Ka\u017ed\u00e9 zariadenie Kingbolen Ediag+ a ka\u017ed\u00fd tablet s\u00fa pred odoslan\u00edm plne otestovan\u00e9 na DiagZone.<br data-start=\"1117\" data-end=\"1120\" \/>T\u00fdm je zabezpe\u010den\u00fd stabiln\u00fd v\u00fdkon, spr\u00e1vna funk\u010dnos\u0165 a spo\u013eahliv\u00e1 komunik\u00e1cia pre profesion\u00e1lne aj osobn\u00e9 pou\u017eitie.<\/p>\n<h3 data-start=\"1251\" data-end=\"1267\">\u2705 Funkcie<\/h3>\n<ul data-start=\"1269\" data-end=\"1909\">\n<li data-start=\"1269\" data-end=\"1365\">\n<p data-start=\"1271\" data-end=\"1365\" class=\" translation-block\">Kompletn\u00e1 sada \u2013 obsahuje <strong data-start=\"1295\" data-end=\"1320\">OBD2 konektor Ediag+<\/strong> a <strong data-start=\"1325\" data-end=\"1363\">10-palcov\u00fd Android tablet (3 GB\/128 GB)<\/strong><\/p>\n<\/li>\n<li data-start=\"1366\" data-end=\"1416\">\n<p data-start=\"1368\" data-end=\"1416\">Funguje ako profesion\u00e1lny OBD2 Bluetooth adapt\u00e9r<\/p>\n<\/li>\n<li data-start=\"1417\" data-end=\"1484\">\n<p data-start=\"1419\" data-end=\"1484\">Plne kompatibiln\u00fd s Androidom 7\u201313 a Androidom 14 (iba 32-bit)<\/p>\n<\/li>\n<li data-start=\"1485\" data-end=\"1534\">\n<p data-start=\"1487\" data-end=\"1534\">Stabiln\u00e9 Bluetooth 5.0\/5.1 pripojenie v re\u017eime dual-mode<\/p>\n<\/li>\n<li data-start=\"1535\" data-end=\"1586\">\n<p data-start=\"1537\" data-end=\"1586\">Odoln\u00e9 puzdro z ABS+PC+TPU s indika\u010dn\u00fdmi svetlami<\/p>\n<\/li>\n<li data-start=\"1587\" data-end=\"1637\">\n<p data-start=\"1589\" data-end=\"1637\" class=\" translation-block\">Obsahuje <strong data-start=\"1598\" data-end=\"1619\">0,65 m OBD2 k\u00e1bel<\/strong> pre pohodln\u00e9 pou\u017e\u00edvanie<\/p>\n<\/li>\n<li data-start=\"1638\" data-end=\"1690\">\n<p data-start=\"1640\" data-end=\"1690\" class=\" translation-block\">Podporuje <strong data-start=\"1649\" data-end=\"1668\">protokol CAN-FD<\/strong> pre modern\u00e9 vozidl\u00e1<\/p>\n<\/li>\n<li data-start=\"1691\" data-end=\"1816\">\n<p data-start=\"1693\" data-end=\"1816\">Pokro\u010dil\u00e9 funkcie: reset oleja, regener\u00e1cia DPF, k\u00f3dovanie vstrekova\u010dov, p\u00e1rovanie bat\u00e9rie a \u010fal\u0161ie (v z\u00e1vislosti od modelu vozidla)<\/p>\n<\/li>\n<li data-start=\"1817\" data-end=\"1909\">\n<p data-start=\"1819\" data-end=\"1909\">Obojsmern\u00e9 ovl\u00e1danie, k\u00f3dovanie a adapt\u00e1cia ECU, detekcia Auto VIN, kompletn\u00e9 spr\u00e1vy o stave syst\u00e9mu<\/p>\n<\/li>\n<\/ul>\n<h3 data-start=\"1916\" data-end=\"1929\">\u26a0\ufe0f Pozn\u00e1mka<\/h3>\n<ul data-start=\"1930\" data-end=\"2110\">\n<li data-start=\"1930\" data-end=\"2023\">\n<p data-start=\"1932\" data-end=\"2023\" class=\" translation-block\">Sada <strong data-start=\"1940\" data-end=\"1982\">\u0161tandardne obsahuje licenciu DiagZone<\/strong> \u2013 nie je potrebn\u00fd \u017eiadny dodato\u010dn\u00fd n\u00e1kup softv\u00e9ru.<\/p>\n<\/li>\n<li data-start=\"2024\" data-end=\"2110\">\n<p data-start=\"2026\" data-end=\"2110\" class=\" translation-block\">Pre <strong data-start=\"2030\" data-end=\"2046\">\u0165a\u017ek\u00e9 n\u00e1kladn\u00e9 vozidl\u00e1<\/strong> je potrebn\u00fd <a href=\"https:\/\/diagzone.org\/product\/gt106-plus-heavy-truck-power-adapter-24v-to-12v-adapter\/\" target=\"_self\"><strong data-start=\"2050\" data-end=\"2079\">24V\u201312V konvertorov\u00fd adapt\u00e9r<\/strong><\/a> (pred\u00e1va sa samostatne).<\/p>\n<\/li>\n<\/ul>\n<h3 data-start=\"2117\" data-end=\"2168\">\u00a0Pre\u010do si vybra\u0165 diagnostick\u00fa s\u00fapravu Kingbolen Ediag+?<\/h3>\n<ul data-start=\"2170\" data-end=\"2591\">\n<li data-start=\"2170\" data-end=\"2232\">\n<p data-start=\"2172\" data-end=\"2232\">Klon ThinkDiag 2 \u2013 rovnak\u00e1 funkcionalita, dostupnej\u0161ia<\/p>\n<\/li>\n<li data-start=\"2233\" data-end=\"2301\">\n<p data-start=\"2235\" data-end=\"2301\" class=\" translation-block\">Obsahuje <strong data-start=\"2244\" data-end=\"2270\">10-palcov\u00fd Android tablet<\/strong> pre diagnostiku pripraven\u00fa na okam\u017eit\u00e9 pou\u017eitie<\/p>\n<\/li>\n<li data-start=\"2302\" data-end=\"2345\">\n<p data-start=\"2304\" data-end=\"2345\" class=\" translation-block\"><strong data-start=\"290\" data-end=\"317\">100 % testovan\u00e9 na DiagZone<\/strong> pred odoslan\u00edm<\/p>\n<\/li>\n<li data-start=\"2346\" data-end=\"2407\">\n<p data-start=\"2348\" data-end=\"2407\">Kompaktn\u00fd dizajn so silnou konektivitou Bluetooth 5.0\/5.1<\/p>\n<\/li>\n<li data-start=\"2408\" data-end=\"2495\">\n<p data-start=\"2410\" data-end=\"2495\">Podporuje osobn\u00e9 vozidl\u00e1, elektromobily, motocykle a \u0165a\u017ek\u00e9 vozidl\u00e1 (s konvertorom)<\/p>\n<\/li>\n<li data-start=\"2496\" data-end=\"2591\">\n<p data-start=\"2498\" data-end=\"2591\">Pokr\u00fdva hlavn\u00e9 diagnostick\u00e9 protokoly: ISO9141, KWP2000, J1850 VPW, J1850 PWM, CAN, UDS, CAN-FD<\/p>\n<\/li>\n<\/ul>\n<p data-start=\"2598\" data-end=\"2831\">\u2705 <strong data-start=\"2600\" data-end=\"2612\">Stru\u010dne povedan\u00e9<\/strong>: The <strong data-start=\"2618\" data-end=\"2672\">Diagnostick\u00e1 sada Kingbolen Ediag+ (10 palcov, 3 GB RAM \/ 128 GB \u00falo\u017en\u00e9ho priestoru)<\/strong> je cenovo v\u00fdhodn\u00e1 alternat\u00edva k ThinkDiag 2, ktor\u00e1 pon\u00faka pln\u00fa kompatibilitu s DiagZone a v\u00fdkonn\u00fd tablet pre kompletn\u00e9 diagnostick\u00e9 rie\u0161enie pripraven\u00e9 na okam\u017eit\u00e9 pou\u017eitie.<\/p>","protected":false},"excerpt":{"rendered":"<p class=\" translation-block\"><strong data-start=\"213\" data-end=\"248\">Kingbolen Ediag+ Diagnostic Kit<\/strong> obsahuje kompaktn\u00fd Bluetooth OBD2 konektor, <strong data-start=\"297\" data-end=\"333\">8-palcov\u00fd Android tablet (4 GB\/64 GB)<\/strong> a <strong data-start=\"341\" data-end=\"376\">platn\u00fa softv\u00e9rov\u00fa licenciu DiagZone<\/strong>. Je plne kompatibiln\u00fd s platformou DiagZone a podporuje <strong data-start=\"435\" data-end=\"445\">CAN-FD<\/strong>, obojsmern\u00e9 ovl\u00e1danie, k\u00f3dovanie ECU a viacero servisn\u00fdch resetov \u2014 poskytuje profesion\u00e1lnu diagnostiku v balen\u00ed pripravenom na okam\u017eit\u00e9 pou\u017eitie.<\/p>","protected":false},"featured_media":3390,"template":"","meta":{"_acf_changed":false,"_seopress_robots_primary_cat":"none","_seopress_titles_title":"Kingbolen Ediag Plus Diagnostic Kit \u2013 OBD2 Scanner with 10\" Tablet & Pre-Installed DiagZone License","_seopress_titles_desc":"Buy the Kingbolen Ediag Plus Diagnostic Kit with 10-inch Android tablet (3GB\/128GB) and pre-installed DiagZone license. Supports CAN-FD, ECU coding, bi-directional control, and advanced service functions for cars, EVs, motorcycles, and heavy-duty vehicles (with adapter).","_seopress_robots_index":"","inline_featured_image":false,"_kad_blocks_custom_css":"","_kad_blocks_head_custom_js":"","_kad_blocks_body_custom_js":"","_kad_blocks_footer_custom_js":"","_themeisle_gutenberg_block_has_review":false,"_kad_post_transparent":"default","_kad_post_title":"","_kad_post_layout":"default","_kad_post_sidebar_id":"","_kad_post_content_style":"default","_kad_post_vertical_padding":"default","_kad_post_feature":"","_kad_post_feature_position":"","_kad_post_header":false,"_kad_post_footer":false,"iawp_total_views":210},"product_cat":[23],"product_tag":[],"class_list":{"0":"post-3389","1":"product","2":"type-product","3":"status-publish","4":"has-post-thumbnail","6":"product_cat-diagnostic-kits","8":"first","9":"instock","10":"shipping-taxable","11":"purchasable","12":"product-type-simple","13":"entry","14":"content-bg","15":"loop-entry"},"acf":[],"taxonomy_info":{"product_cat":[{"value":23,"label":"Diagnostic kits"}]},"featured_image_src_large":["https:\/\/diagzone.org\/wp-content\/uploads\/2025\/09\/Diagzone_Diagnostic_Set_EDIAG_PLUS.jpg",600,600,false],"author_info":[],"comment_info":"","_links":{"self":[{"href":"https:\/\/diagzone.org\/sk\/wp-json\/wp\/v2\/product\/3389","targetHints":{"allow":["GET"]}}],"collection":[{"href":"https:\/\/diagzone.org\/sk\/wp-json\/wp\/v2\/product"}],"about":[{"href":"https:\/\/diagzone.org\/sk\/wp-json\/wp\/v2\/types\/product"}],"wp:featuredmedia":[{"embeddable":true,"href":"https:\/\/diagzone.org\/sk\/wp-json\/wp\/v2\/media\/3390"}],"wp:attachment":[{"href":"https:\/\/diagzone.org\/sk\/wp-json\/wp\/v2\/media?parent=3389"}],"wp:term":[{"taxonomy":"product_cat","embeddable":true,"href":"https:\/\/diagzone.org\/sk\/wp-json\/wp\/v2\/product_cat?post=3389"},{"taxonomy":"product_tag","embeddable":true,"href":"https:\/\/diagzone.org\/sk\/wp-json\/wp\/v2\/product_tag?post=3389"}],"curies":[{"name":"wp","href":"https:\/\/api.w.org\/{rel}","templated":true}]}}