
{"id":3403,"date":"2025-09-27T12:07:16","date_gmt":"2025-09-27T10:07:16","guid":{"rendered":"https:\/\/diagzone.org\/?post_type=product&#038;p=3403"},"modified":"2025-09-27T18:50:35","modified_gmt":"2025-09-27T16:50:35","slug":"launch-x431-smartlink-c-2-0-diagzone-version","status":"publish","type":"product","link":"https:\/\/diagzone.org\/sk\/produkt\/launch-x431-smartlink-c-2-0-diagzone-version\/","title":{"rendered":"Launch X431 Smartlink C 2.0 \u2013 verzia DiagZone"},"content":{"rendered":"<p data-start=\"172\" data-end=\"443\" class=\" translation-block\">\u010eakujeme za v\u00e1\u0161 z\u00e1ujem o <strong data-start=\"207\" data-end=\"226\">SmartLink C 2.0<\/strong>.<br data-start=\"227\" data-end=\"230\">Tento diagnostick\u00fd modul je ur\u010den\u00fd pre \u0165a\u017ek\u00e9 \u00fa\u017eitkov\u00e9 a osobn\u00e9 vozidl\u00e1, je plne testovan\u00fd na <strong data-start=\"324\" data-end=\"345\">DiagZone platform<\/strong> a zaru\u010duje stabiln\u00fd v\u00fdkon, \u0161irok\u00fa kompatibilitu a profesion\u00e1lne diagnostick\u00e9 funkcie.<\/p>\n<p data-start=\"475\" data-end=\"768\">\ud83d\udd39 <strong data-start=\"478\" data-end=\"498\">D\u00f4le\u017eit\u00e9 upozornenie<\/strong><br data-start=\"498\" data-end=\"501\" \/>SmartLink C 2.0 sa dod\u00e1va bez ak\u00e9hoko\u013evek predin\u0161talovan\u00e9ho softv\u00e9ru.<br data-start=\"569\" data-end=\"572\" \/>\ud83d\udc49 Na pou\u017e\u00edvanie tohto zariadenia je potrebn\u00fd <a href=\"https:\/\/diagzone.org\/diagzone-buy-subscription\/\"><strong data-start=\"597\" data-end=\"626\">samostatn\u00e1 licencia DiagZone<\/strong><\/a> mus\u00ed by\u0165 zak\u00fapen\u00e1.<br data-start=\"645\" data-end=\"648\" \/>\ud83d\udc49 Kompatibiln\u00e9 s <strong data-start=\"667\" data-end=\"709\">osobn\u00e9 vozidl\u00e1 a \u0165a\u017ek\u00e9 \u00fa\u017eitkov\u00e9 vozidl\u00e1<\/strong>, podporuj\u00fac \u0161irok\u00fa <strong data-start=\"729\" data-end=\"765\">prev\u00e1dzkov\u00e9 nap\u00e4tie od 9V do 36V<\/strong>.<\/p>\n<p data-start=\"629\" data-end=\"870\">\ud83d\udd39 <strong data-start=\"632\" data-end=\"654\">Podpora a usmernenie<\/strong><br data-start=\"654\" data-end=\"657\" \/>Potrebujete pomoc s nastaven\u00edm DiagZone?<br data-start=\"687\" data-end=\"690\" \/>N\u00e1\u0161 t\u00edm je zameran\u00fd na poskytovanie krok za krokom asistencie. Nev\u00e1hajte <a href=\"https:\/\/wa.me\/31647604324\">kontaktujte n\u00e1s<\/a> kedyko\u013evek, ak potrebujete pomoc pri pou\u017e\u00edvan\u00ed v\u00e1\u0161ho SmartLink C 2.0 s platformou DiagZone OBD2.<\/p>\n<p data-start=\"877\" data-end=\"1108\">\ud83d\udd39 <strong data-start=\"880\" data-end=\"901\">Zabezpe\u010denie kvality<\/strong><br data-start=\"901\" data-end=\"904\" \/>Ka\u017ed\u00fd SmartLink C 2.0 prech\u00e1dza pred odoslan\u00edm d\u00f4kladn\u00fdm testovan\u00edm na DiagZone.<br data-start=\"981\" data-end=\"984\" \/>To zaru\u010duje spr\u00e1vnu funk\u010dnos\u0165, stabiln\u00fa komunik\u00e1ciu a spo\u013eahliv\u00fd v\u00fdkon pre profesion\u00e1lne aj osobn\u00e9 pou\u017eitie.<\/p>\n<h2 data-start=\"1261\" data-end=\"1285\">Popis produktu<\/h2>\n<p data-start=\"1287\" data-end=\"1559\" class=\" translation-block\"><strong data-start=\"1291\" data-end=\"1310\">SmartLink C 2.0<\/strong> je pokro\u010dil\u00fd diagnostick\u00fd modul, navrhnut\u00fd na roz\u0161\u00edrenie mo\u017enost\u00ed DiagZone pre osobn\u00e9 aj \u0165a\u017ek\u00e9 \u00fa\u017eitkov\u00e9 vozidl\u00e1. V\u010faka v\u00fdkonn\u00e9mu hardv\u00e9ru a viacer\u00fdm mo\u017enostiam pripojenia poskytuje r\u00fdchly, stabiln\u00fd a profesion\u00e1lny v\u00fdkon.<\/p>\n<p data-start=\"1561\" data-end=\"2352\">\u2705 Funguje ako profesion\u00e1lny diagnostick\u00fd modul pre DiagZone<br data-start=\"1617\" data-end=\"1620\" \/>\u2705 Plne kompatibiln\u00e9 so zariadeniami Android (smartf\u00f3ny a tablety) \u2013 podporuje Android 7\u201313 a Android 14 (iba 32-bit)<br data-start=\"1737\" data-end=\"1740\" \/>\u2705 Testovan\u00e9 so softv\u00e9rom DiagZone z h\u013eadiska kompatibility<br data-start=\"1789\" data-end=\"1792\" \/>\u2705 Viacn\u00e1sobn\u00e1 konektivita: Bluetooth, WiFi, USB a Ethernet<br data-start=\"1848\" data-end=\"1851\" \/>\u2705 Podporuje <strong data-start=\"1862\" data-end=\"1882\">modern\u00e9 protokoly<\/strong> \u2013 DoIP, CAN-FD, UDS, J2534, RP1210, D-PDU<br data-start=\"1924\" data-end=\"1927\" \/>\u2705 Pokro\u010dil\u00e9 funkcie: k\u00f3dovanie ECU, obojsmern\u00e9 ovl\u00e1danie, adapt\u00e1cie, automatick\u00e1 detekcia VIN a kompletn\u00e9 spr\u00e1vy o stave syst\u00e9mu<br data-start=\"2048\" data-end=\"2051\" \/>\u2705 Podporuje osobn\u00e9 vozidl\u00e1, elektromobily, motocykle, autobusy, po\u013enohospod\u00e1rske stroje, stavebn\u00e9 vozidl\u00e1 a \u0165a\u017ek\u00e9 n\u00e1kladn\u00e9 vozidl\u00e1 (s volite\u013en\u00fdm adapt\u00e9rom 24V\u201312V)<br data-start=\"2203\" data-end=\"2206\" \/>\u2705 \u0160irok\u00e1 <strong data-start=\"2213\" data-end=\"2240\">prev\u00e1dzkov\u00e9 nap\u00e4tie 9\u201336V<\/strong>, ide\u00e1lne pre osobn\u00e9 vozidl\u00e1 (12V) aj n\u00e1kladn\u00e9 vozidl\u00e1\/autobusy (24V)<br data-start=\"2290\" data-end=\"2293\" \/>\u2705 Robustn\u00e9 puzdro pre odolnos\u0165 pri ka\u017edodennom profesion\u00e1lnom pou\u017e\u00edvan\u00ed<\/p>\n<h3 data-start=\"2126\" data-end=\"2158\">\ud83d\udce6 Obsah balenia<\/h3>\n<ul data-start=\"2159\" data-end=\"2279\">\n<li data-start=\"2159\" data-end=\"2189\">\n<p data-start=\"2161\" data-end=\"2189\">1 \u00d7 Modul SmartLink C 2.0<\/p>\n<\/li>\n<li data-start=\"2190\" data-end=\"2213\">\n<p data-start=\"2192\" data-end=\"2213\">1 \u00d7 Hlavn\u00fd OBD2 k\u00e1bel<\/p>\n<\/li>\n<li data-start=\"2214\" data-end=\"2231\">\n<p data-start=\"2216\" data-end=\"2231\">1 \u00d7 USB k\u00e1bel<\/p>\n<\/li>\n<li data-start=\"2232\" data-end=\"2253\">\n<p data-start=\"2234\" data-end=\"2253\">1 \u00d7 Nap\u00e1jac\u00ed adapt\u00e9r<\/p>\n<\/li>\n<\/ul>\n<p data-start=\"2286\" data-end=\"2563\">\u2705 <strong data-start=\"2521\" data-end=\"2801\">Stru\u010dne povedan\u00e9, SmartLink C 2.0 je v\u00fdkonn\u00fd a v\u0161estrann\u00fd diagnostick\u00fd modul, ktor\u00fd pon\u00faka pln\u00fa kompatibilitu s DiagZone, podporu 9\u201336V pre osobn\u00e9 a n\u00e1kladn\u00e9 vozidl\u00e1, podporu modern\u00fdch protokolov a spo\u013eahliv\u00fd v\u00fdkon \u2013 \u010do z neho rob\u00ed ide\u00e1lne cenovo efekt\u00edvne rie\u0161enie pre profesion\u00e1lne dielne.<\/strong><\/p>","protected":false},"excerpt":{"rendered":"<p class=\" translation-block\"><strong data-start=\"1806\" data-end=\"1825\">SmartLink C 2.0<\/strong> je profesion\u00e1lny diagnostick\u00fd modul pre DiagZone, ktor\u00fd podporuje osobn\u00e9 vozidl\u00e1, elektromobily, \u0165a\u017ek\u00e9 n\u00e1kladn\u00e9 vozidl\u00e1, autobusy a stroje. Pon\u00faka protokoly DoIP a CAN-FD, k\u00f3dovanie ECU, obojsmern\u00e9 testy a vy\u017eaduje samostatn\u00fa licenciu DiagZone.<\/p>","protected":false},"featured_media":3431,"template":"","meta":{"_acf_changed":false,"_seopress_robots_primary_cat":"none","_seopress_titles_title":"SmartLink C 2.0 \u2013 Heavy Duty Diagnostic Module for DiagZone","_seopress_titles_desc":"Buy SmartLink C 2.0 \u2013 advanced diagnostic module for DiagZone platform. Supports cars, EVs, trucks, buses, and machinery with DoIP, CAN-FD, ECU coding, and bi-directional tests. DiagZone license required separately.","_seopress_robots_index":"","inline_featured_image":false,"_kad_blocks_custom_css":"","_kad_blocks_head_custom_js":"","_kad_blocks_body_custom_js":"","_kad_blocks_footer_custom_js":"","_themeisle_gutenberg_block_has_review":false,"_kad_post_transparent":"default","_kad_post_title":"","_kad_post_layout":"default","_kad_post_sidebar_id":"","_kad_post_content_style":"default","_kad_post_vertical_padding":"default","_kad_post_feature":"","_kad_post_feature_position":"","_kad_post_header":false,"_kad_post_footer":false,"iawp_total_views":257},"product_cat":[19],"product_tag":[52,53,42,54,51],"class_list":{"0":"post-3403","1":"product","2":"type-product","3":"status-publish","4":"has-post-thumbnail","6":"product_cat-obd-connectors","7":"product_tag-bluetooth","8":"product_tag-diagzone","9":"product_tag-obd2","10":"product_tag-smartlink-c-2-0","11":"product_tag-x431","13":"first","14":"instock","15":"sale","16":"shipping-taxable","17":"purchasable","18":"product-type-simple","19":"entry","20":"content-bg","21":"loop-entry"},"acf":[],"taxonomy_info":{"product_cat":[{"value":19,"label":"Obd connectors"}],"product_tag":[{"value":52,"label":"Bluetooth"},{"value":53,"label":"DiagZone"},{"value":42,"label":"OBD2"},{"value":54,"label":"SmartLink C 2.0"},{"value":51,"label":"X431"}]},"featured_image_src_large":["https:\/\/diagzone.org\/wp-content\/uploads\/2025\/09\/Diagzone_org__Smartlink_C_2.0_1.jpg",600,600,false],"author_info":[],"comment_info":"","_links":{"self":[{"href":"https:\/\/diagzone.org\/sk\/wp-json\/wp\/v2\/product\/3403","targetHints":{"allow":["GET"]}}],"collection":[{"href":"https:\/\/diagzone.org\/sk\/wp-json\/wp\/v2\/product"}],"about":[{"href":"https:\/\/diagzone.org\/sk\/wp-json\/wp\/v2\/types\/product"}],"wp:featuredmedia":[{"embeddable":true,"href":"https:\/\/diagzone.org\/sk\/wp-json\/wp\/v2\/media\/3431"}],"wp:attachment":[{"href":"https:\/\/diagzone.org\/sk\/wp-json\/wp\/v2\/media?parent=3403"}],"wp:term":[{"taxonomy":"product_cat","embeddable":true,"href":"https:\/\/diagzone.org\/sk\/wp-json\/wp\/v2\/product_cat?post=3403"},{"taxonomy":"product_tag","embeddable":true,"href":"https:\/\/diagzone.org\/sk\/wp-json\/wp\/v2\/product_tag?post=3403"}],"curies":[{"name":"wp","href":"https:\/\/api.w.org\/{rel}","templated":true}]}}