
{"id":3412,"date":"2025-09-27T12:38:04","date_gmt":"2025-09-27T10:38:04","guid":{"rendered":"https:\/\/diagzone.org\/?post_type=product&#038;p=3412"},"modified":"2026-01-08T18:16:16","modified_gmt":"2026-01-08T17:16:16","slug":"launch-i-tpms-handheld-tpms-service-tool-sensor-activation-programming-relearn","status":"publish","type":"product","link":"https:\/\/diagzone.org\/sk\/produkt\/launch-i-tpms-handheld-tpms-service-tool-sensor-activation-programming-relearn\/","title":{"rendered":"Launch i-TPMS Prenosn\u00fd TPMS servisn\u00fd n\u00e1stroj \u2013 Aktiv\u00e1cia, programovanie a u\u010denie senzorov"},"content":{"rendered":"<p data-start=\"230\" data-end=\"619\" class=\" translation-block\">\u010eakujeme za v\u00e1\u0161 z\u00e1ujem o <strong data-start=\"265\" data-end=\"295\">Launch i-TPMS pre DiagZone<\/strong>.<br data-start=\"296\" data-end=\"299\">Tento ru\u010dn\u00fd TPMS n\u00e1stroj (syst\u00e9m monitorovania tlaku v pneumatik\u00e1ch) je navrhnut\u00fd na integr\u00e1ciu s tabletmi DiagZone vybaven\u00fdmi softv\u00e9rom DiagZone alebo na prev\u00e1dzku prostredn\u00edctvom aplik\u00e1cie i-TPMS pre Android. Bol d\u00f4kladne testovan\u00fd z h\u013eadiska kompatibility a v\u00fdkonu a podporuje aktiv\u00e1ciu senzorov, programovanie, \u010d\u00edtanie d\u00e1t a procesy u\u010denia pre \u0161irok\u00e9 spektrum vozidiel.<\/p>\n<p data-start=\"621\" data-end=\"725\">\ud83d\udd39 <strong data-start=\"624\" data-end=\"644\">D\u00f4le\u017eit\u00e9 upozornenie<\/strong><br data-start=\"644\" data-end=\"647\" \/>Tento produkt obsahuje iba hardv\u00e9r. Licencia DiagZone nie je zahrnut\u00e1.<\/p>\n<p data-start=\"727\" data-end=\"909\">\ud83d\udd39 <strong data-start=\"730\" data-end=\"752\">Podpora a usmernenie<\/strong><br data-start=\"752\" data-end=\"755\" \/>Potrebujete pomoc s pripojen\u00edm k v\u00e1\u0161mu tabletu DiagZone?<br data-start=\"802\" data-end=\"805\" \/>Poskytujeme pomoc pri p\u00e1rovan\u00ed i-TPMS s va\u0161\u00edm tabletom DiagZone, ako aj podrobn\u00e9 n\u00e1vody pre v\u0161etky TPMS oper\u00e1cie.<\/p>\n<p data-start=\"911\" data-end=\"1099\">\ud83d\udd39 <strong data-start=\"914\" data-end=\"935\">Zabezpe\u010denie kvality<\/strong><br data-start=\"935\" data-end=\"938\" \/>Ka\u017ed\u00e1 jednotka prech\u00e1dza pred odoslan\u00edm funk\u010dn\u00fdm testovan\u00edm, aby sa zabezpe\u010dila stabiln\u00e1 aktiv\u00e1cia senzorov, presn\u00e9 merania a spo\u013eahliv\u00e1 kompatibilita so syst\u00e9mami DiagZone.<\/p>\n<h3 data-start=\"1106\" data-end=\"1134\">\u2705 Funkcie a vlastnosti<\/h3>\n<ul data-start=\"1136\" data-end=\"1513\">\n<li data-start=\"1136\" data-end=\"1190\">\n<p data-start=\"1138\" data-end=\"1190\">Aktiv\u00e1cia TPMS, \u010d\u00edtanie, programovanie a u\u010denie<\/p>\n<\/li>\n<li data-start=\"1191\" data-end=\"1239\">\n<p data-start=\"1193\" data-end=\"1239\" class=\" translation-block\">Podporuje senzory <strong data-start=\"1202\" data-end=\"1213\">315 MHz<\/strong> a <strong data-start=\"1218\" data-end=\"1229\">433 MHz<\/strong><\/p>\n<\/li>\n<li data-start=\"1240\" data-end=\"1298\">\n<p data-start=\"1242\" data-end=\"1298\">Pou\u017eite\u013en\u00e9 s DiagZone na tabletoch DiagZone alebo prostredn\u00edctvom aplik\u00e1cie i-TPMS<\/p>\n<\/li>\n<li data-start=\"1299\" data-end=\"1349\">\n<p data-start=\"1301\" data-end=\"1349\">Pokr\u00fdva preva\u017en\u00fa v\u00e4\u010d\u0161inu vozidiel vybaven\u00fdch syst\u00e9mom TPMS<\/p>\n<\/li>\n<li data-start=\"1421\" data-end=\"1470\">\n<p data-start=\"1423\" data-end=\"1470\">Re\u017eimy u\u010denia: automatick\u00fd, stacion\u00e1rny a OBD<\/p>\n<\/li>\n<li data-start=\"1471\" data-end=\"1513\">\n<p data-start=\"1473\" data-end=\"1513\">Kompaktn\u00fd, pou\u017e\u00edvate\u013esky pr\u00edvetiv\u00fd ru\u010dn\u00fd dizajn<\/p>\n<\/li>\n<li>Displays real-time sensor data: ID, pressure, temperature, battery<\/li>\n<\/ul>\n<h3 data-start=\"1520\" data-end=\"1552\">\ud83d\udce6 Obsah balenia<\/h3>\n<ul data-start=\"1554\" data-end=\"1620\">\n<li data-start=\"1554\" data-end=\"1582\">\n<p data-start=\"1556\" data-end=\"1582\">1 \u00d7 Zariadenie Launch i-TPMS<\/p>\n<\/li>\n<li data-start=\"1583\" data-end=\"1600\">\n<p data-start=\"1585\" data-end=\"1600\">1 \u00d7 USB k\u00e1bel<\/p>\n<\/li>\n<li data-start=\"1601\" data-end=\"1620\">\n<p data-start=\"1603\" data-end=\"1620\">1 \u00d7 Pou\u017e\u00edvate\u013esk\u00e1 pr\u00edru\u010dka<\/p>\n<\/li>\n<\/ul>\n<p data-start=\"1627\" data-end=\"1825\">\u2705 <strong data-start=\"1629\" data-end=\"1825\">Stru\u010dne povedan\u00e9, Launch i-TPMS pre DiagZone je \u0161pecializovan\u00fd TPMS servisn\u00fd n\u00e1stroj optimalizovan\u00fd pre tablety DiagZone a softv\u00e9r DiagZone, ktor\u00fd pon\u00faka pln\u00fa aktiv\u00e1ciu senzorov, programovanie a funkcie u\u010denia.<\/strong><\/p>","protected":false},"excerpt":{"rendered":"<p>Launch i-TPMS je profesion\u00e1lny n\u00e1stroj na aktiv\u00e1ciu a programovanie TPMS ur\u010den\u00fd na pou\u017eitie s tabletmi DiagZone. Podporuje senzory 315 MHz a 433 MHz, \u010d\u00edtanie senzorov, programovanie a u\u010denie senzorov pre \u0161irok\u00e9 spektrum vozidiel.<\/p>","protected":false},"featured_media":3463,"template":"","meta":{"_acf_changed":false,"_seopress_robots_primary_cat":"none","_seopress_titles_title":"Launch i-TPMS for DiagZone Tablet \u2013 TPMS Activation & Programming Tool","_seopress_titles_desc":"Buy Launch i-TPMS for DiagZone tablets. Professional TPMS tool for 315 MHz & 433 MHz sensors with activation, programming, and relearn functions. Reliable, tested, and workshop-ready.","_seopress_robots_index":"","inline_featured_image":false,"_kad_blocks_custom_css":"","_kad_blocks_head_custom_js":"","_kad_blocks_body_custom_js":"","_kad_blocks_footer_custom_js":"","_themeisle_gutenberg_block_has_review":false,"_kad_post_transparent":"default","_kad_post_title":"","_kad_post_layout":"default","_kad_post_sidebar_id":"","_kad_post_content_style":"default","_kad_post_vertical_padding":"default","_kad_post_feature":"","_kad_post_feature_position":"","_kad_post_header":false,"_kad_post_footer":false,"iawp_total_views":123},"product_cat":[22],"product_tag":[59,57,55,58,56],"class_list":{"0":"post-3412","1":"product","2":"type-product","3":"status-publish","4":"has-post-thumbnail","6":"product_cat-accessories","7":"product_tag-315-mhz","8":"product_tag-433-mhz","9":"product_tag-i-tpms","10":"product_tag-sensors","11":"product_tag-tpms","13":"first","14":"instock","15":"shipping-taxable","16":"purchasable","17":"product-type-simple","18":"entry","19":"content-bg","20":"loop-entry"},"acf":[],"taxonomy_info":{"product_cat":[{"value":22,"label":"Accessories"}],"product_tag":[{"value":59,"label":"315 MHz"},{"value":57,"label":"433 MHz"},{"value":55,"label":"i-TPMS"},{"value":58,"label":"sensors"},{"value":56,"label":"TPMS"}]},"featured_image_src_large":["https:\/\/diagzone.org\/wp-content\/uploads\/2025\/09\/Diagzone_Launch_X431_TPMS_1_ORG.jpg",600,600,false],"author_info":[],"comment_info":"","_links":{"self":[{"href":"https:\/\/diagzone.org\/sk\/wp-json\/wp\/v2\/product\/3412","targetHints":{"allow":["GET"]}}],"collection":[{"href":"https:\/\/diagzone.org\/sk\/wp-json\/wp\/v2\/product"}],"about":[{"href":"https:\/\/diagzone.org\/sk\/wp-json\/wp\/v2\/types\/product"}],"wp:featuredmedia":[{"embeddable":true,"href":"https:\/\/diagzone.org\/sk\/wp-json\/wp\/v2\/media\/3463"}],"wp:attachment":[{"href":"https:\/\/diagzone.org\/sk\/wp-json\/wp\/v2\/media?parent=3412"}],"wp:term":[{"taxonomy":"product_cat","embeddable":true,"href":"https:\/\/diagzone.org\/sk\/wp-json\/wp\/v2\/product_cat?post=3412"},{"taxonomy":"product_tag","embeddable":true,"href":"https:\/\/diagzone.org\/sk\/wp-json\/wp\/v2\/product_tag?post=3412"}],"curies":[{"name":"wp","href":"https:\/\/api.w.org\/{rel}","templated":true}]}}