
{"id":3416,"date":"2025-09-27T12:46:15","date_gmt":"2025-09-27T10:46:15","guid":{"rendered":"https:\/\/diagzone.org\/?post_type=product&#038;p=3416"},"modified":"2025-09-27T19:06:24","modified_gmt":"2025-09-27T17:06:24","slug":"bst360-bluetooth-battery-tester-diagzone-x431-compatible","status":"publish","type":"product","link":"https:\/\/diagzone.org\/sk\/produkt\/bst360-bluetooth-battery-tester-diagzone-x431-compatible\/","title":{"rendered":"BST360 Bluetooth tester bat\u00e9rie \u2013 kompatibiln\u00fd s DiagZone \/ X431"},"content":{"rendered":"<p data-start=\"268\" data-end=\"591\" class=\" translation-block\">\u010eakujeme za v\u00e1\u0161 z\u00e1ujem o DiagZone<strong data-start=\"303\" data-end=\"345\"> Bluetooth tester bat\u00e9ri\u00ed BST360<\/strong>.<br data-start=\"346\" data-end=\"349\">Tento kompaktn\u00fd Bluetooth tester bat\u00e9ri\u00ed je ur\u010den\u00fd na pou\u017eitie s tabletmi DiagZone s podporou DiagZone alebo prostredn\u00edctvom aplik\u00e1ci\u00ed pre smartf\u00f3ny. Je plne testovan\u00fd z h\u013eadiska stability a presnosti a vykon\u00e1va r\u00fdchle kontroly stavu bat\u00e9rie, ako aj diagnostiku \u0161tartovacieho a nab\u00edjacieho syst\u00e9mu.<\/p>\n<p data-start=\"593\" data-end=\"739\">\ud83d\udd39 <strong data-start=\"596\" data-end=\"616\">D\u00f4le\u017eit\u00e9 upozornenie<\/strong><br data-start=\"616\" data-end=\"619\" \/>Tento produkt obsahuje iba hardv\u00e9rov\u00fa testovaciu svorku a modul Bluetooth. Neobsahuje \u017eiadnu diagnostick\u00fa ani DiagZone licenciu.<\/p>\n<p data-start=\"741\" data-end=\"934\">\ud83d\udd39 <strong data-start=\"744\" data-end=\"766\">Podpora a usmernenie<\/strong><br data-start=\"766\" data-end=\"769\" \/>Potrebujete pomoc pri sp\u00e1rovan\u00ed s va\u0161\u00edm tabletom DiagZone alebo aplik\u00e1ciou?<br data-start=\"823\" data-end=\"826\" \/>N\u00e1\u0161 t\u00edm je pripraven\u00fd v\u00e1s previes\u0165 nastaven\u00edm, kalibr\u00e1ciou a pou\u017e\u00edvan\u00edm zariadenia BST360 s va\u0161\u00edm diagnostick\u00fdm syst\u00e9mom.<\/p>\n<p data-start=\"936\" data-end=\"1159\">\ud83d\udd39 <strong data-start=\"939\" data-end=\"960\">Zabezpe\u010denie kvality<\/strong><br data-start=\"960\" data-end=\"963\" \/>Ka\u017ed\u00e1 jednotka BST360 prech\u00e1dza funk\u010dn\u00fdm testovan\u00edm pred odoslan\u00edm.<br data-start=\"1026\" data-end=\"1029\" \/>T\u00fdm sa zabezpe\u010duj\u00fa spo\u013eahliv\u00e9 testy bat\u00e9rie, stabiln\u00e1 komunik\u00e1cia Bluetooth a presn\u00e1 diagnostika v typick\u00fdch dielensk\u00fdch podmienkach.<\/p>\n<h3 data-start=\"124\" data-end=\"152\">\u2705 Funkcie a vlastnosti<\/h3>\n<ul data-start=\"154\" data-end=\"907\">\n<li data-start=\"154\" data-end=\"244\">\n<p data-start=\"156\" data-end=\"244\" class=\" translation-block\">Podporuje <strong data-start=\"165\" data-end=\"199\">6V a 12V oloven\u00e9 akumul\u00e1tory<\/strong>, vr\u00e1tane typov Flooded, GEL, AGM a EFP<\/p>\n<\/li>\n<li data-start=\"245\" data-end=\"359\">\n<p data-start=\"247\" data-end=\"359\" class=\" translation-block\">Meria <strong data-start=\"256\" data-end=\"357\">kapacitu bat\u00e9rie, \u0161tartovac\u00ed pr\u00fad za studena (CCA), nap\u00e4tie, stav bat\u00e9rie (SOH) a stav nabitia (SOC)<\/strong><\/p>\n<\/li>\n<li data-start=\"360\" data-end=\"455\">\n<p data-start=\"362\" data-end=\"455\" class=\" translation-block\">Vykon\u00e1va <strong data-start=\"371\" data-end=\"453\">test nab\u00edjacieho syst\u00e9mu, test \u0161tart\u00e9ra, detekciu zvlnenia a anal\u00fdzu nap\u00e4tia\/pr\u00fadu<\/strong><\/p>\n<\/li>\n<li data-start=\"456\" data-end=\"530\">\n<p data-start=\"458\" data-end=\"530\" class=\" translation-block\">Poskytuje <strong data-start=\"467\" data-end=\"501\">r\u00fdchlu diagnostiku pribli\u017ene za 3 sekundy<\/strong> s preh\u013eadn\u00fdmi digit\u00e1lnymi spr\u00e1vami<\/p>\n<\/li>\n<li data-start=\"531\" data-end=\"606\">\n<p data-start=\"533\" data-end=\"606\" class=\" translation-block\">Bluetooth pripojenie na pou\u017e\u00edvanie so <strong data-start=\"569\" data-end=\"604\">smartf\u00f3nmi alebo tabletmi DiagZone<\/strong><\/p>\n<\/li>\n<li data-start=\"607\" data-end=\"694\">\n<p data-start=\"609\" data-end=\"694\" class=\" translation-block\">Podporuje viacer\u00e9 <strong data-start=\"627\" data-end=\"648\">\u0161tandardy bat\u00e9ri\u00ed<\/strong>: CCA, DIN, IEC, EN, SAE, GB, JIS, BCI at\u010f.<\/p>\n<\/li>\n<li data-start=\"695\" data-end=\"790\">\n<p data-start=\"697\" data-end=\"790\" class=\" translation-block\">Vstavan\u00e1 <strong data-start=\"706\" data-end=\"738\">ochrana proti prep\u00f3lovaniu<\/strong> \u2013 bezpe\u010dn\u00e9 pou\u017e\u00edvanie bez tepla, iskier alebo rizika po\u0161kodenia<\/p>\n<\/li>\n<li data-start=\"791\" data-end=\"824\">\n<p data-start=\"793\" data-end=\"824\" class=\" translation-block\">Intervallo di tensione di test: <strong data-start=\"813\" data-end=\"822\">6\u201316V<\/strong><\/p>\n<\/li>\n<li data-start=\"825\" data-end=\"907\">\n<p data-start=\"827\" data-end=\"907\" class=\" translation-block\">Plne kompatibiln\u00e9 s <strong data-start=\"849\" data-end=\"880\">DiagZone diagnostic tablets<\/strong> pre pokro\u010dil\u00fa integr\u00e1ciu<\/p>\n<\/li>\n<\/ul>\n<h3 data-start=\"2270\" data-end=\"2302\">\ud83d\udce6 Obsah balenia<\/h3>\n<ul data-start=\"2304\" data-end=\"2375\">\n<li data-start=\"2304\" data-end=\"2355\">\n<p data-start=\"2306\" data-end=\"2355\">1 \u00d7 testovacia svorka DiagZone BST360 Bluetooth Battery Tester<\/p>\n<\/li>\n<li data-start=\"2356\" data-end=\"2375\">\n<p data-start=\"2358\" data-end=\"2375\">1 \u00d7 Pou\u017e\u00edvate\u013esk\u00e1 pr\u00edru\u010dka<\/p>\n<\/li>\n<\/ul>\n<p>\u2705 <strong data-start=\"111\" data-end=\"451\">Stru\u010dne povedan\u00e9, Bluetooth tester bat\u00e9ri\u00ed DiagZone BST360 je kompaktn\u00fd, presn\u00fd a dielensky pripraven\u00fd n\u00e1stroj na anal\u00fdzu stavu bat\u00e9rie. Podporuje 6V\/12V oloven\u00e9 bat\u00e9rie, vykon\u00e1va testy \u0161tartovacieho a nab\u00edjacieho syst\u00e9mu a plynulo sa integruje s tabletmi DiagZone prostredn\u00edctvom Bluetooth \u2014 nevyhnutn\u00e9 zariadenie pre ka\u017ed\u00fa profesion\u00e1lnu diel\u0148u.<\/strong><\/p>","protected":false},"excerpt":{"rendered":"<p>DiagZone BST360 je Bluetooth tester bat\u00e9ri\u00ed kompatibiln\u00fd s tabletmi DiagZone \/ X431. Podporuje bat\u00e9rie s nap\u00e4t\u00edm 6\u201316 V, vykon\u00e1va testy nab\u00edjania, \u0161tartu a stavu bat\u00e9rie a odosiela v\u00fdsledky cez Bluetooth na diagnostiku.<\/p>","protected":false},"featured_media":3459,"template":"","meta":{"_acf_changed":false,"_seopress_robots_primary_cat":"none","_seopress_titles_title":"DiagZone BST360 Bluetooth Battery Tester \u2013 Compatible with DiagZone & X431","_seopress_titles_desc":"Buy the DiagZone BST360 Bluetooth Battery Tester\u2014compact and powerful, compatible with DiagZone and X431 tablets. Tests 6V & 12V batteries, checks charging systems, starter, ripple, and displays full battery health report via Bluetooth.","_seopress_robots_index":"","inline_featured_image":false,"_kad_blocks_custom_css":"","_kad_blocks_head_custom_js":"","_kad_blocks_body_custom_js":"","_kad_blocks_footer_custom_js":"","_themeisle_gutenberg_block_has_review":false,"_kad_post_transparent":"default","_kad_post_title":"","_kad_post_layout":"default","_kad_post_sidebar_id":"","_kad_post_content_style":"default","_kad_post_vertical_padding":"default","_kad_post_feature":"","_kad_post_feature_position":"","_kad_post_header":false,"_kad_post_footer":false,"iawp_total_views":82},"product_cat":[22],"product_tag":[61,60,62],"class_list":{"0":"post-3416","1":"product","2":"type-product","3":"status-publish","4":"has-post-thumbnail","6":"product_cat-accessories","7":"product_tag-battery","8":"product_tag-bst360","9":"product_tag-tester-clip","11":"first","12":"instock","13":"shipping-taxable","14":"purchasable","15":"product-type-simple","16":"entry","17":"content-bg","18":"loop-entry"},"acf":[],"taxonomy_info":{"product_cat":[{"value":22,"label":"Accessories"}],"product_tag":[{"value":61,"label":"Battery"},{"value":60,"label":"BST360"},{"value":62,"label":"Tester clip"}]},"featured_image_src_large":["https:\/\/diagzone.org\/wp-content\/uploads\/2025\/09\/Diagzone_Launch-_BST_360_1.jpg",600,600,false],"author_info":[],"comment_info":"","_links":{"self":[{"href":"https:\/\/diagzone.org\/sk\/wp-json\/wp\/v2\/product\/3416","targetHints":{"allow":["GET"]}}],"collection":[{"href":"https:\/\/diagzone.org\/sk\/wp-json\/wp\/v2\/product"}],"about":[{"href":"https:\/\/diagzone.org\/sk\/wp-json\/wp\/v2\/types\/product"}],"wp:featuredmedia":[{"embeddable":true,"href":"https:\/\/diagzone.org\/sk\/wp-json\/wp\/v2\/media\/3459"}],"wp:attachment":[{"href":"https:\/\/diagzone.org\/sk\/wp-json\/wp\/v2\/media?parent=3416"}],"wp:term":[{"taxonomy":"product_cat","embeddable":true,"href":"https:\/\/diagzone.org\/sk\/wp-json\/wp\/v2\/product_cat?post=3416"},{"taxonomy":"product_tag","embeddable":true,"href":"https:\/\/diagzone.org\/sk\/wp-json\/wp\/v2\/product_tag?post=3416"}],"curies":[{"name":"wp","href":"https:\/\/api.w.org\/{rel}","templated":true}]}}