
{"id":3419,"date":"2025-09-27T12:51:07","date_gmt":"2025-09-27T10:51:07","guid":{"rendered":"https:\/\/diagzone.org\/?post_type=product&#038;p=3419"},"modified":"2025-09-27T19:05:11","modified_gmt":"2025-09-27T17:05:11","slug":"diagzone-obd2-can-fd-extension-cable-16-pin-male-to-female-adapter","status":"publish","type":"product","link":"https:\/\/diagzone.org\/sk\/produkt\/diagzone-obd2-can-fd-extension-cable-16-pin-male-to-female-adapter\/","title":{"rendered":"DiagZone OBD2 CAN-FD predl\u017eovac\u00ed k\u00e1bel \u2013 16-pinov\u00fd adapt\u00e9r z samec na samicu"},"content":{"rendered":"<p data-start=\"138\" data-end=\"507\" class=\" translation-block\">\u010eakujeme za v\u00e1\u0161 z\u00e1ujem o <strong data-start=\"173\" data-end=\"213\">predl\u017eovac\u00ed k\u00e1bel DiagZone CAN-FD OBD2<\/strong>.<br data-start=\"214\" data-end=\"217\">Tento vysokokvalitn\u00fd predl\u017eovac\u00ed k\u00e1bel je navrhnut\u00fd na pred\u013a\u017eenie spojenia medzi diagnostick\u00fdm rozhran\u00edm (napr. DBScar, ThinkDiag, Ediag+) a OBD2 portom vozidla. Poskytuje v\u00e4\u010d\u0161iu flexibilitu, jednoduch\u0161\u00ed pr\u00edstup v stiesnen\u00fdch priestoroch a chr\u00e1ni p\u00f4vodn\u00fa OBD2 z\u00e1suvku pred \u010dast\u00fdm opotrebovan\u00edm.<\/p>\n<p data-start=\"514\" data-end=\"655\">\ud83d\udd39 <strong data-start=\"517\" data-end=\"537\">D\u00f4le\u017eit\u00e9 upozornenie<\/strong><br data-start=\"537\" data-end=\"540\" \/>Tento produkt je <strong data-start=\"559\" data-end=\"577\">iba pr\u00edslu\u0161enstvo<\/strong>.<br data-start=\"578\" data-end=\"581\" \/>Neobsahuje \u017eiadny softv\u00e9r ani neposkytuje diagnostick\u00e9 funkcie samostatne.<\/p>\n<p data-start=\"662\" data-end=\"843\">\ud83d\udd39 <strong data-start=\"665\" data-end=\"687\">Podpora a usmernenie<\/strong><br data-start=\"687\" data-end=\"690\" \/>Potrebujete pomoc s pripojen\u00edm diagnostick\u00e9ho n\u00e1stroja pomocou predl\u017eovacieho k\u00e1bla?<br data-start=\"757\" data-end=\"760\" \/>N\u00e1\u0161 t\u00edm m\u00f4\u017ee poskytn\u00fa\u0165 usmernenie na zabezpe\u010denie spr\u00e1vnej in\u0161tal\u00e1cie a najlep\u0161ieho v\u00fdkonu.<\/p>\n<p data-start=\"850\" data-end=\"1034\">\ud83d\udd39 <strong data-start=\"853\" data-end=\"874\">Zabezpe\u010denie kvality<\/strong><br data-start=\"874\" data-end=\"877\" \/>Ka\u017ed\u00fd k\u00e1bel je pred odoslan\u00edm testovan\u00fd, aby sa zaru\u010dil spo\u013eahliv\u00fd prenos d\u00e1t cez v\u0161etk\u00fdch 16 pinov a stabiln\u00e1 komunik\u00e1cia pre diagnostiku OBD2 a CAN-FD.<\/p>\n<h2 data-start=\"1041\" data-end=\"1062\">Vlastnosti produktu<\/h2>\n<ul data-start=\"1064\" data-end=\"1460\">\n<li data-start=\"1064\" data-end=\"1114\">\n<p data-start=\"1066\" data-end=\"1114\"><strong data-start=\"1066\" data-end=\"1112\">16-pinov\u00fd OBD2 predl\u017eovac\u00ed k\u00e1bel samec\u2013samica<\/strong><\/p>\n<\/li>\n<li data-start=\"1115\" data-end=\"1164\">\n<p data-start=\"1117\" data-end=\"1164\" class=\" translation-block\">Podporuje <strong data-start=\"1126\" data-end=\"1162\">\u0161tandardn\u00e9 protokoly OBD2 a CAN-FD<\/strong><\/p>\n<\/li>\n<li data-start=\"1165\" data-end=\"1232\">\n<p data-start=\"1167\" data-end=\"1232\">Flexibiln\u00fd a odoln\u00fd dizajn, vhodn\u00fd do dielensk\u00e9ho prostredia<\/p>\n<\/li>\n<li data-start=\"1233\" data-end=\"1306\">\n<p data-start=\"1235\" data-end=\"1306\">Zni\u017euje opotrebenie OBD2 z\u00e1suvky vozidla minimalizovan\u00edm priameho nam\u00e1hania<\/p>\n<\/li>\n<li data-start=\"1307\" data-end=\"1367\">\n<p data-start=\"1309\" data-end=\"1367\">Umo\u017e\u0148uje jednoduch\u0161\u00ed pr\u00edstup k \u0165a\u017eko dostupn\u00fdm diagnostick\u00fdm portom<\/p>\n<\/li>\n<li data-start=\"1368\" data-end=\"1460\">\n<p data-start=\"1370\" data-end=\"1460\">Ide\u00e1lne na pou\u017eitie s Bluetooth OBD2 adapt\u00e9rmi \u2013 zlep\u0161uje umiestnenie a stabilitu pripojenia<\/p>\n<\/li>\n<\/ul>\n<h3 data-start=\"1467\" data-end=\"1499\">\ud83d\udce6 Obsah balenia<\/h3>\n<ul data-start=\"1500\" data-end=\"1544\">\n<li data-start=\"1500\" data-end=\"1544\">\n<p data-start=\"1502\" data-end=\"1544\">1 \u00d7 predl\u017eovac\u00ed k\u00e1bel DiagZone CAN-FD OBD2<\/p>\n<\/li>\n<\/ul>\n<p data-start=\"1551\" data-end=\"1807\">\u2705 <strong data-start=\"1553\" data-end=\"1805\">Stru\u010dne povedan\u00e9, predl\u017eovac\u00ed k\u00e1bel DiagZone CAN-FD OBD2 je praktick\u00e9 a spo\u013eahliv\u00e9 pr\u00edslu\u0161enstvo pre profesion\u00e1lnu aj osobn\u00fa diagnostiku. Zabezpe\u010duje stabiln\u00fa komunik\u00e1ciu, predl\u017euje \u017eivotnos\u0165 konektora a rob\u00ed diagnostick\u00fa zostavu pohodlnej\u0161ou a odolnej\u0161ou.<\/strong><\/p>","protected":false},"excerpt":{"rendered":"<p>Vysokokvalitn\u00fd predl\u017eovac\u00ed OBD2 k\u00e1bel (16-pinov\u00fd) na zv\u00e4\u010d\u0161enie vzdialenosti medzi diagnostick\u00fdm zariaden\u00edm a OBD2 portom vozidla. Zlep\u0161uje pr\u00edstup, zni\u017euje opotrebovanie konektorov a optimalizuje v\u00fdkon Bluetooth\/WiFi.<\/p>","protected":false},"featured_media":3450,"template":"","meta":{"_acf_changed":false,"_seopress_robots_primary_cat":"none","_seopress_titles_title":"OBD2 Extension Cable \u2013 16-pin Male to Female Diagnostic Extension","_seopress_titles_desc":"Buy durable OBD2 extension cable (16-pin). Extends reach between diagnostic tool and vehicle\u2019s OBD2 port, reduces socket wear, and improves accessibility for workshop setups.","_seopress_robots_index":"","inline_featured_image":false,"_kad_blocks_custom_css":"","_kad_blocks_head_custom_js":"","_kad_blocks_body_custom_js":"","_kad_blocks_footer_custom_js":"","_themeisle_gutenberg_block_has_review":false,"_kad_post_transparent":"default","_kad_post_title":"","_kad_post_layout":"default","_kad_post_sidebar_id":"","_kad_post_content_style":"default","_kad_post_vertical_padding":"default","_kad_post_feature":"","_kad_post_feature_position":"","_kad_post_header":false,"_kad_post_footer":false,"iawp_total_views":63},"product_cat":[22],"product_tag":[65,25,63,64,42],"class_list":{"0":"post-3419","1":"product","2":"type-product","3":"status-publish","4":"has-post-thumbnail","6":"product_cat-accessories","7":"product_tag-16-pin","8":"product_tag-adapter","9":"product_tag-can-fd","10":"product_tag-extension-cable","11":"product_tag-obd2","13":"first","14":"instock","15":"shipping-taxable","16":"purchasable","17":"product-type-simple","18":"entry","19":"content-bg","20":"loop-entry"},"acf":[],"taxonomy_info":{"product_cat":[{"value":22,"label":"Accessories"}],"product_tag":[{"value":65,"label":"16-Pin"},{"value":25,"label":"Adapter"},{"value":63,"label":"CAN-FD"},{"value":64,"label":"Extension Cable"},{"value":42,"label":"OBD2"}]},"featured_image_src_large":["https:\/\/diagzone.org\/wp-content\/uploads\/2025\/09\/Diagzone_Launch_X431_CAN_FD_1.jpg",600,600,false],"author_info":[],"comment_info":"","_links":{"self":[{"href":"https:\/\/diagzone.org\/sk\/wp-json\/wp\/v2\/product\/3419","targetHints":{"allow":["GET"]}}],"collection":[{"href":"https:\/\/diagzone.org\/sk\/wp-json\/wp\/v2\/product"}],"about":[{"href":"https:\/\/diagzone.org\/sk\/wp-json\/wp\/v2\/types\/product"}],"wp:featuredmedia":[{"embeddable":true,"href":"https:\/\/diagzone.org\/sk\/wp-json\/wp\/v2\/media\/3450"}],"wp:attachment":[{"href":"https:\/\/diagzone.org\/sk\/wp-json\/wp\/v2\/media?parent=3419"}],"wp:term":[{"taxonomy":"product_cat","embeddable":true,"href":"https:\/\/diagzone.org\/sk\/wp-json\/wp\/v2\/product_cat?post=3419"},{"taxonomy":"product_tag","embeddable":true,"href":"https:\/\/diagzone.org\/sk\/wp-json\/wp\/v2\/product_tag?post=3419"}],"curies":[{"name":"wp","href":"https:\/\/api.w.org\/{rel}","templated":true}]}}