
{"id":3422,"date":"2025-09-27T12:56:14","date_gmt":"2025-09-27T10:56:14","guid":{"rendered":"https:\/\/diagzone.org\/?post_type=product&#038;p=3422"},"modified":"2025-09-27T19:06:54","modified_gmt":"2025-09-27T17:06:54","slug":"16-pin-eobd-extension-cable-diagzone-compatible","status":"publish","type":"product","link":"https:\/\/diagzone.org\/sk\/produkt\/16-pin-eobd-extension-cable-diagzone-compatible\/","title":{"rendered":"16-pinov\u00fd EOBD predl\u017eovac\u00ed k\u00e1bel \u2013 kompatibiln\u00fd s DiagZone"},"content":{"rendered":"<p data-start=\"220\" data-end=\"677\" class=\" translation-block\">\u010eakujeme za v\u00e1\u0161 z\u00e1ujem o <strong data-start=\"255\" data-end=\"296\">predl\u017eovac\u00ed k\u00e1bel EOBD 16-pin na 16-pin<\/strong>.<br data-start=\"297\" data-end=\"300\">Tento vysokokvalitn\u00fd k\u00e1bel je ur\u010den\u00fd na pou\u017eitie s <strong data-start=\"353\" data-end=\"374\">platformou DiagZone<\/strong> a je plne kompatibiln\u00fd so v\u0161etk\u00fdmi OBD konektormi, ktor\u00e9 pon\u00fakame, vr\u00e1tane DBScar 5, DBScar 7, ThinkDiag 2, Ediag+ a SmartLink C 2.0. Predl\u017euje spojenie medzi diagnostick\u00fdm adapt\u00e9rom a OBD2\/EOBD portom vozidla, \u010d\u00edm poskytuje v\u00e4\u010d\u0161iu flexibilitu, jednoduch\u0161\u00ed pr\u00edstup a men\u0161ie opotrebenie p\u00f4vodnej z\u00e1suvky.<\/p>\n<p data-start=\"684\" data-end=\"791\">\ud83d\udd39 <strong data-start=\"687\" data-end=\"707\">D\u00f4le\u017eit\u00e9 upozornenie<\/strong><br data-start=\"707\" data-end=\"710\" \/>Tento produkt je <strong data-start=\"726\" data-end=\"743\">iba hardv\u00e9r<\/strong>.<br data-start=\"744\" data-end=\"747\" \/>Neobsahuje softv\u00e9r ani licenciu.<\/p>\n<p data-start=\"798\" data-end=\"996\">\ud83d\udd39 <strong data-start=\"801\" data-end=\"823\">Podpora a usmernenie<\/strong><br data-start=\"823\" data-end=\"826\" \/>Potrebujete pomoc pri pripojen\u00ed adapt\u00e9ra pomocou predl\u017eovacieho k\u00e1bla?<br data-start=\"888\" data-end=\"891\" \/>N\u00e1\u0161 t\u00edm m\u00f4\u017ee poskytn\u00fa\u0165 pomoc na zabezpe\u010denie spr\u00e1vnej in\u0161tal\u00e1cie a spo\u013eahliv\u00e9ho pou\u017e\u00edvania so softv\u00e9rom DiagZone.<\/p>\n<p data-start=\"1003\" data-end=\"1179\">\ud83d\udd39 <strong data-start=\"1006\" data-end=\"1027\">Zabezpe\u010denie kvality<\/strong><br data-start=\"1027\" data-end=\"1030\" \/>Ka\u017ed\u00fd k\u00e1bel je pred odoslan\u00edm testovan\u00fd, aby sa zabezpe\u010dila spr\u00e1vna pin-to-pin konektivita, stabiln\u00fd prenos d\u00e1t a odolnos\u0165 vhodn\u00e1 pre dielensk\u00e9 podmienky.<\/p>\n<h2 data-start=\"1186\" data-end=\"1207\">Vlastnosti produktu<\/h2>\n<ul data-start=\"1209\" data-end=\"1702\">\n<li data-start=\"1209\" data-end=\"1271\">\n<p data-start=\"1211\" data-end=\"1271\"><strong data-start=\"1211\" data-end=\"1269\">OBD2\/EOBD predl\u017eovac\u00ed k\u00e1bel 16-pin samec na 16-pin samica<\/strong><\/p>\n<\/li>\n<li data-start=\"1272\" data-end=\"1382\">\n<p data-start=\"1274\" data-end=\"1382\" class=\" translation-block\">Plne kompatibiln\u00fd s <strong data-start=\"1296\" data-end=\"1321\">DiagZone OBD adapters<\/strong> (DBScar 5, DBScar 7, ThinkDiag 2, Ediag+, SmartLink C 2.0)<\/p>\n<\/li>\n<li data-start=\"1383\" data-end=\"1469\">\n<p data-start=\"1385\" data-end=\"1469\">Predl\u017euje spojenie medzi diagnostick\u00fdm n\u00e1strojom a vozidlom pre v\u00e4\u010d\u0161iu flexibilitu<\/p>\n<\/li>\n<li data-start=\"1470\" data-end=\"1537\">\n<p data-start=\"1472\" data-end=\"1537\">Chr\u00e1ni p\u00f4vodn\u00fa OBD2 z\u00e1suvku pred \u010dast\u00fdm nam\u00e1han\u00edm a opotrebovan\u00edm<\/p>\n<\/li>\n<li data-start=\"1538\" data-end=\"1621\">\n<p data-start=\"1540\" data-end=\"1621\">Spo\u013eahliv\u00fd prenos sign\u00e1lu pre presn\u00fa diagnostiku v\u0161etk\u00fdch podporovan\u00fdch vozidiel<\/p>\n<\/li>\n<li data-start=\"1622\" data-end=\"1702\">\n<p data-start=\"1624\" data-end=\"1702\">Odoln\u00fd a flexibiln\u00fd dizajn pre profesion\u00e1lne dielne aj osobn\u00e9 pou\u017eitie<\/p>\n<\/li>\n<\/ul>\n<h3 data-start=\"1709\" data-end=\"1741\">\ud83d\udce6 Obsah balenia<\/h3>\n<ul data-start=\"1742\" data-end=\"1792\">\n<li data-start=\"1742\" data-end=\"1792\">\n<p data-start=\"1744\" data-end=\"1792\">1 \u00d7 OBD2\/EOBD predl\u017eovac\u00ed k\u00e1bel 16-pin na 16-pin<\/p>\n<\/li>\n<\/ul>\n<p data-start=\"1799\" data-end=\"2065\">\u2705 <strong data-start=\"1801\" data-end=\"2063\">Stru\u010dne povedan\u00e9, predl\u017eovac\u00ed k\u00e1bel EOBD 16-pin na 16-pin je ide\u00e1lnym pr\u00edslu\u0161enstvom pre pou\u017e\u00edvate\u013eov DiagZone. Funguje so v\u0161etk\u00fdmi podporovan\u00fdmi OBD adapt\u00e9rmi, zabezpe\u010duje stabiln\u00fa diagnostiku, chr\u00e1ni OBD2 port vozidla a u\u013eah\u010duje pripojenie v akomko\u013evek dielenskom prostred\u00ed.<\/strong><\/p>","protected":false},"excerpt":{"rendered":"<p>Predl\u017eovac\u00ed k\u00e1bel EOBD 16-pin na 16-pin je plne kompatibiln\u00fd s platformou DiagZone a so v\u0161etk\u00fdmi na\u0161imi OBD adapt\u00e9rmi (DBScar 5, DBScar 7, ThinkDiag 2, Ediag+, SmartLink C 2.0). Predl\u017euje diagnostick\u00e9 pripojenie, chr\u00e1ni port OBD2 a zabezpe\u010duje stabiln\u00fa komunik\u00e1ciu po\u010das diagnostiky vozidla.<\/p>","protected":false},"featured_media":3458,"template":"","meta":{"_acf_changed":false,"_seopress_robots_primary_cat":"none","_seopress_titles_title":"16-Pin EOBD Extension Cable \u2013 Compatible with DiagZone & All OBD Adapters","_seopress_titles_desc":"Buy the 16-Pin to 16-Pin EOBD Extension Cable for DiagZone. Works with DBScar 5, DBScar 7, ThinkDiag 2, Ediag+, and SmartLink C 2.0. Protects the OBD2 port, extends connection reach, and ensures stable diagnostic performance.","_seopress_robots_index":"","inline_featured_image":false,"_kad_blocks_custom_css":"","_kad_blocks_head_custom_js":"","_kad_blocks_body_custom_js":"","_kad_blocks_footer_custom_js":"","_themeisle_gutenberg_block_has_review":false,"_kad_post_transparent":"default","_kad_post_title":"","_kad_post_layout":"default","_kad_post_sidebar_id":"","_kad_post_content_style":"default","_kad_post_vertical_padding":"default","_kad_post_feature":"","_kad_post_feature_position":"","_kad_post_header":false,"_kad_post_footer":false,"iawp_total_views":86},"product_cat":[22],"product_tag":[65,66,64,42],"class_list":{"0":"post-3422","1":"product","2":"type-product","3":"status-publish","4":"has-post-thumbnail","6":"product_cat-accessories","7":"product_tag-16-pin","8":"product_tag-eobd","9":"product_tag-extension-cable","10":"product_tag-obd2","12":"first","13":"instock","14":"shipping-taxable","15":"purchasable","16":"product-type-simple","17":"entry","18":"content-bg","19":"loop-entry"},"acf":[],"taxonomy_info":{"product_cat":[{"value":22,"label":"Accessories"}],"product_tag":[{"value":65,"label":"16-Pin"},{"value":66,"label":"EOBD"},{"value":64,"label":"Extension Cable"},{"value":42,"label":"OBD2"}]},"featured_image_src_large":["https:\/\/diagzone.org\/wp-content\/uploads\/2025\/09\/Diagzone_16pin_to_16pin_OBD2_cable_1.jpg",600,600,false],"author_info":[],"comment_info":"","_links":{"self":[{"href":"https:\/\/diagzone.org\/sk\/wp-json\/wp\/v2\/product\/3422","targetHints":{"allow":["GET"]}}],"collection":[{"href":"https:\/\/diagzone.org\/sk\/wp-json\/wp\/v2\/product"}],"about":[{"href":"https:\/\/diagzone.org\/sk\/wp-json\/wp\/v2\/types\/product"}],"wp:featuredmedia":[{"embeddable":true,"href":"https:\/\/diagzone.org\/sk\/wp-json\/wp\/v2\/media\/3458"}],"wp:attachment":[{"href":"https:\/\/diagzone.org\/sk\/wp-json\/wp\/v2\/media?parent=3422"}],"wp:term":[{"taxonomy":"product_cat","embeddable":true,"href":"https:\/\/diagzone.org\/sk\/wp-json\/wp\/v2\/product_cat?post=3422"},{"taxonomy":"product_tag","embeddable":true,"href":"https:\/\/diagzone.org\/sk\/wp-json\/wp\/v2\/product_tag?post=3422"}],"curies":[{"name":"wp","href":"https:\/\/api.w.org\/{rel}","templated":true}]}}