
{"id":670,"date":"2024-01-19T20:56:43","date_gmt":"2024-01-19T19:56:43","guid":{"rendered":"https:\/\/diagzone.org\/?post_type=product&#038;p=670"},"modified":"2025-09-26T13:15:37","modified_gmt":"2025-09-26T11:15:37","slug":"launch-dbscar-vii-dbscar7-bluetooth-obd2-scanner-supports-can-fd-doip-protocols-powerful-all-systems-for-x431","status":"publish","type":"product","link":"https:\/\/diagzone.org\/sk\/produkt\/launch-dbscar-vii-dbscar7-bluetooth-obd2-scanner-supports-can-fd-doip-protocols-powerful-all-systems-for-x431\/","title":{"rendered":"Launch DBScar VII DBSCAR7 Bluetooth OBD2 skener s podporo CAN-FD a DoIP \u2013 v\u00fdkonn\u00e1 diagnostika v\u0161etk\u00fdch syst\u00e9mov pre X431"},"content":{"rendered":"<p data-start=\"252\" data-end=\"470\" class=\" translation-block\"><strong data-start=\"252\" data-end=\"329\">\u010eakujeme za v\u00e1\u0161 z\u00e1ujem o Original Launch DBScar VII (DBScar 7).<\/strong><br data-start=\"329\" data-end=\"332\">Tento konektor je <strong data-start=\"350\" data-end=\"363\">\u00faplne nov\u00fd<\/strong>, testovan\u00fd na <strong data-start=\"379\" data-end=\"400\">platforme DiagZone<\/strong> a zaru\u010duje <strong data-start=\"422\" data-end=\"438\">originalitu<\/strong> aj <strong data-start=\"443\" data-end=\"467\">\u0161pi\u010dkov\u00fd v\u00fdkon<\/strong>.<\/p>\n<h2 data-start=\"472\" data-end=\"496\">\ud83d\udd39 D\u00f4le\u017eit\u00e9 upozornenie<\/h2>\n<p data-start=\"497\" data-end=\"681\" class=\" translation-block\">Launch <strong data-start=\"508\" data-end=\"533\">DBScar VII (DBScar 7)<\/strong> je dod\u00e1van\u00fd <strong data-start=\"547\" data-end=\"585\">bez <a href=\"https:\/\/diagzone.org\/diagzone-activation\/\" target=\"_self\">predin\u0161talovan\u00e9ho softv\u00e9ru<\/a><\/strong>.<br data-start=\"586\" data-end=\"589\">Na odomknutie pln\u00e9ho potenci\u00e1lu tohto zariadenia je potrebn\u00fd <strong data-start=\"636\" data-end=\"678\">samostatn\u00fd <a href=\"https:\/\/diagzone.org\/diagzone-buy-subscription\/\" target=\"_self\">n\u00e1kup softv\u00e9ru<\/a><\/strong>.<\/p>\n<h2 data-start=\"683\" data-end=\"709\">\ud83d\udd39 Podpora a poradenstvo<\/h2>\n<p data-start=\"710\" data-end=\"940\" class=\" translation-block\">Potrebujete pomoc s <strong data-start=\"725\" data-end=\"748\">aktiv\u00e1ciou DiagZone<\/strong>?<br data-start=\"749\" data-end=\"752\">N\u00e1\u0161 t\u00edm poskytuje <strong data-start=\"787\" data-end=\"814\">pomoc krok za krokom<\/strong>. Nev\u00e1hajte <a href=\"https:\/\/wa.me\/31647604324\" target=\"_self\"><strong data-start=\"829\" data-end=\"851\">n\u00e1s kedyko\u013evek kontaktova\u0165<\/strong><\/a>, ak potrebujete usmernenie pri aktiv\u00e1cii v\u00e1\u0161ho zariadenia na <strong data-start=\"911\" data-end=\"937\">platforme DiagZone OBD2<\/strong>.<\/p>\n<h2 data-start=\"942\" data-end=\"967\">\ud83d\udd39 Zabezpe\u010denie kvality<\/h2>\n<p data-start=\"968\" data-end=\"1141\" class=\" translation-block\">Ka\u017ed\u00fd DBScar VII prech\u00e1dza <strong data-start=\"995\" data-end=\"1040\">d\u00f4kladn\u00fdmi kontrolami pomocou IO testera pred odoslan\u00edm<\/strong>.<br data-start=\"1041\" data-end=\"1044\">To zaru\u010duje <strong data-start=\"1060\" data-end=\"1086\">bezchybn\u00fa funk\u010dnos\u0165<\/strong>, profesion\u00e1lnu spo\u013eahlivos\u0165 a dlhodob\u00fa \u017eivotnos\u0165.<\/p>\n<h2 data-start=\"1143\" data-end=\"1167\">Popis produktu<\/h2>\n<p data-start=\"1168\" data-end=\"1318\" class=\" translation-block\"><strong data-start=\"1172\" data-end=\"1204\">Launch DBScar VII (DBScar 7)<\/strong> je pokro\u010dil\u00fd <strong data-start=\"1220\" data-end=\"1249\">OBD2 diagnostick\u00fd konektor<\/strong>, navrhnut\u00fd <strong data-start=\"1259\" data-end=\"1315\">v\u00fdhradne pre kompatibilitu so softv\u00e9rom DiagZone<\/strong>.<\/p>\n<p data-start=\"1320\" data-end=\"1533\">\u2705 Funguje ako <strong data-start=\"1333\" data-end=\"1372\">profesion\u00e1lny OBD2 Bluetooth adapt\u00e9r<\/strong><br data-start=\"1372\" data-end=\"1375\" \/>\u2705 <strong data-start=\"444\" data-end=\"496\">Podporuje zariadenia Android (smartf\u00f3ny a tablety)<\/strong> \u2013 plne kompatibiln\u00e9 s <strong data-start=\"521\" data-end=\"537\">Android 7\u201313<\/strong>, a tie\u017e s <strong data-start=\"553\" data-end=\"589\">Android 14 (iba 32-bitov\u00e9 syst\u00e9my)<\/strong><br data-start=\"1425\" data-end=\"1428\" \/>\u2705 Testovan\u00e9 s <strong data-start=\"1442\" data-end=\"1480\">softv\u00e9r DiagZone na overenie pravosti<\/strong><br data-start=\"1480\" data-end=\"1483\" \/>\u2705 Jednoduch\u00e1 aktiv\u00e1cia so samostatnou softv\u00e9rovou licenciou<\/p>\n<p data-start=\"1535\" data-end=\"1618\">\u26a0\ufe0f <strong data-start=\"176\" data-end=\"192\">Upozornenie:<\/strong> Tento konektor neobsahuje \u017eiadny softv\u00e9r ani predplatn\u00e9.<br data-start=\"254\" data-end=\"257\" \/>\ud83d\udc49 A <strong data-start=\"262\" data-end=\"296\">Predplatn\u00e9 softv\u00e9ru DiagZone<\/strong> je mo\u017en\u00e9 zak\u00fapi\u0165 samostatne tu: <a class=\"decorated-link\" href=\"https:\/\/diagzone.org\/diagzone-buy-subscription\/\" target=\"_new\" rel=\"noopener\" data-start=\"331\" data-end=\"407\" data-is-only-node=\"\">K\u00fapi\u0165 predplatn\u00e9 DiagZone<\/a><\/p>\n<h2 data-start=\"1620\" data-end=\"1654\">Pre\u010do si vybra\u0165 Launch DBScar VII?<\/h2>\n<ul>\n<li data-start=\"216\" data-end=\"287\">\n<p data-start=\"218\" data-end=\"287\"><strong data-start=\"218\" data-end=\"285\">Origin\u00e1lne zariadenie Launch \u2013 Plnohodnotn\u00fd \u010dip \u2013 \u017eiadne klony, \u017eiadne falzifik\u00e1ty<\/strong><\/p>\n<\/li>\n<li data-start=\"288\" data-end=\"335\">\n<p data-start=\"290\" data-end=\"335\" class=\" translation-block\"><strong data-start=\"290\" data-end=\"317\">100 % testovan\u00e9 na DiagZone<\/strong> pred odoslan\u00edm<\/p>\n<\/li>\n<li data-start=\"336\" data-end=\"399\">\n<p data-start=\"338\" data-end=\"399\" class=\" translation-block\"><strong data-start=\"338\" data-end=\"369\">Profesion\u00e1lny OBD2 konektor<\/strong> s garantovan\u00fdm v\u00fdkonom<\/p>\n<\/li>\n<li data-start=\"400\" data-end=\"500\">\n<p data-start=\"402\" data-end=\"500\" class=\" translation-block\">Kompatibiln\u00e9 s <strong data-start=\"418\" data-end=\"498\">softv\u00e9rov\u00fdmi bal\u00edkmi DiagZone pre osobn\u00e9 vozidl\u00e1, elektromobily a n\u00e1kladn\u00e9 vozidl\u00e1<\/strong><\/p>\n<\/li>\n<li data-start=\"501\" data-end=\"612\">\n<p data-start=\"503\" data-end=\"612\" class=\" translation-block\">Podporuje v\u0161etky hlavn\u00e9 diagnostick\u00e9 protokoly: <strong data-start=\"544\" data-end=\"610\">ISO9141, KWP2000, J1850 VPW, J1850 PWM, CAN, UDS, DOIP, CAN-FD<\/strong><\/p>\n<\/li>\n<\/ul>","protected":false},"excerpt":{"rendered":"<p data-start=\"129\" data-end=\"534\">Origin\u00e1lny Launch DBScar VII (DBScar 7) je vysokov\u00fdkonn\u00fd Bluetooth OBD2 konektor navrhnut\u00fd pre r\u00fdchlos\u0165, spo\u013eahlivos\u0165 a presn\u00fd prenos d\u00e1t. Podporuje najnov\u0161ie vozidlov\u00e9 protokoly vr\u00e1tane CAN FD a DOIP, v\u010faka \u010domu je ide\u00e1lny pre modern\u00e9 vozidl\u00e1, elektromobily a n\u00e1kladn\u00e9 vozidl\u00e1. So \u0161irok\u00fdm pokryt\u00edm a profesion\u00e1lnym v\u00fdkonom v kompaktnom dizajne zabezpe\u010duje r\u00fdchlu a stabiln\u00fa komunik\u00e1ciu pre pokro\u010dil\u00fa diagnostiku.<\/p>","protected":false},"featured_media":3312,"template":"","meta":{"_acf_changed":false,"_seopress_robots_primary_cat":"none","_seopress_titles_title":"Original Launch DBScar VII (DBScar 7)","_seopress_titles_desc":"Original Launch DBScar VII, a tested product ensuring authenticity and superior performance on the Diagzone platform.","_seopress_robots_index":"","inline_featured_image":false,"_kad_blocks_custom_css":"","_kad_blocks_head_custom_js":"","_kad_blocks_body_custom_js":"","_kad_blocks_footer_custom_js":"","_themeisle_gutenberg_block_has_review":false,"_kad_post_transparent":"default","_kad_post_title":"","_kad_post_layout":"default","_kad_post_sidebar_id":"","_kad_post_content_style":"default","_kad_post_vertical_padding":"default","_kad_post_feature":"","_kad_post_feature_position":"","_kad_post_header":false,"_kad_post_footer":false,"iawp_total_views":745},"product_cat":[19],"product_tag":[],"class_list":{"0":"post-670","1":"product","2":"type-product","3":"status-publish","4":"has-post-thumbnail","6":"product_cat-obd-connectors","8":"first","9":"instock","10":"shipping-taxable","11":"purchasable","12":"product-type-simple","13":"entry","14":"content-bg","15":"loop-entry"},"acf":[],"taxonomy_info":{"product_cat":[{"value":19,"label":"Obd connectors"}]},"featured_image_src_large":["https:\/\/diagzone.org\/wp-content\/uploads\/2024\/01\/DBS_Car_VII_1.jpg",600,600,false],"author_info":[],"comment_info":"","_links":{"self":[{"href":"https:\/\/diagzone.org\/sk\/wp-json\/wp\/v2\/product\/670","targetHints":{"allow":["GET"]}}],"collection":[{"href":"https:\/\/diagzone.org\/sk\/wp-json\/wp\/v2\/product"}],"about":[{"href":"https:\/\/diagzone.org\/sk\/wp-json\/wp\/v2\/types\/product"}],"wp:featuredmedia":[{"embeddable":true,"href":"https:\/\/diagzone.org\/sk\/wp-json\/wp\/v2\/media\/3312"}],"wp:attachment":[{"href":"https:\/\/diagzone.org\/sk\/wp-json\/wp\/v2\/media?parent=670"}],"wp:term":[{"taxonomy":"product_cat","embeddable":true,"href":"https:\/\/diagzone.org\/sk\/wp-json\/wp\/v2\/product_cat?post=670"},{"taxonomy":"product_tag","embeddable":true,"href":"https:\/\/diagzone.org\/sk\/wp-json\/wp\/v2\/product_tag?post=670"}],"curies":[{"name":"wp","href":"https:\/\/api.w.org\/{rel}","templated":true}]}}