
{"id":673,"date":"2024-01-19T20:57:45","date_gmt":"2024-01-19T19:57:45","guid":{"rendered":"https:\/\/diagzone.org\/?post_type=product&#038;p=673"},"modified":"2026-01-05T13:58:38","modified_gmt":"2026-01-05T12:58:38","slug":"thinkcar-thinkdiag-2-can-fd-bi-directional-obd2-scanner","status":"publish","type":"product","link":"https:\/\/diagzone.org\/sk\/produkt\/thinkcar-thinkdiag-2-can-fd-bi-directional-obd2-scanner\/","title":{"rendered":"THINKCAR ThinkDiag 2 OBD2 skener s obojsmernou komunik\u00e1ciou CAN-FD"},"content":{"rendered":"<p data-start=\"162\" data-end=\"369\" class=\" translation-block\">\u010eakujeme za v\u00e1\u0161 z\u00e1ujem o <strong data-start=\"197\" data-end=\"221\">Original THINKDIAG 2<\/strong>.<br data-start=\"222\" data-end=\"225\">Tento diagnostick\u00fd konektor je \u00faplne nov\u00fd, plne testovan\u00fd na <strong data-start=\"285\" data-end=\"306\">DiagZone platform<\/strong> a zaru\u010duje originalitu aj vynikaj\u00faci v\u00fdkon.<\/p>\n<h2 data-start=\"371\" data-end=\"395\">\ud83d\udd39 D\u00f4le\u017eit\u00e9 upozornenie<\/h2>\n<p data-start=\"396\" data-end=\"534\" class=\" translation-block\">THINKDIAG 2 sa dod\u00e1va <a href=\"https:\/\/diagzone.org\/diagzone-activation\/\" target=\"_self\"><strong data-start=\"425\" data-end=\"463\">bez ak\u00e9hoko\u013evek predin\u0161talovan\u00e9ho softv\u00e9ru<\/strong><\/a>.<br data-start=\"464\" data-end=\"467\">Na pou\u017e\u00edvanie tohto zariadenia je potrebn\u00e9 <strong data-start=\"489\" data-end=\"531\">samostatn\u00e9 <a href=\"https:\/\/diagzone.org\/diagzone-buy-subscription\/\" target=\"_self\">zak\u00fapenie softv\u00e9ru<\/a><\/strong>.<\/p>\n<h2 data-start=\"536\" data-end=\"562\">\ud83d\udd39 Podpora a poradenstvo<\/h2>\n<p data-start=\"563\" data-end=\"775\" class=\" translation-block\">Potrebujete pomoc s <strong data-start=\"578\" data-end=\"596\">nastaven\u00edm DiagZone<\/strong>?<br data-start=\"597\" data-end=\"600\">N\u00e1\u0161 t\u00edm poskytuje podrobn\u00fa pomoc krok za krokom. Nev\u00e1hajte n\u00e1s kedyko\u013evek <a href=\"https:\/\/wa.me\/31647604324\" target=\"_self\">kontaktova\u0165<\/a>, ak potrebujete usmernenie pri pou\u017e\u00edvan\u00ed zariadenia s <strong data-start=\"746\" data-end=\"772\">DiagZone OBD2 platform<\/strong>.<\/p>\n<h2 data-start=\"777\" data-end=\"802\">\ud83d\udd39 Zabezpe\u010denie kvality<\/h2>\n<p data-start=\"803\" data-end=\"977\" class=\" translation-block\">Ka\u017ed\u00fd THINKDIAG 2 prech\u00e1dza <strong data-start=\"831\" data-end=\"881\">d\u00f4kladn\u00fdm testovan\u00edm funk\u010dnosti pred odoslan\u00edm<\/strong>.<br data-start=\"882\" data-end=\"885\">T\u00fdm sa zabezpe\u010duje bezchybn\u00e1 prev\u00e1dzka, profesion\u00e1lna spo\u013eahlivos\u0165 a dlhodob\u00e1 \u017eivotnos\u0165.<\/p>\n<h1 data-start=\"979\" data-end=\"1002\">Popis produktu<\/h1>\n<p data-start=\"1004\" data-end=\"1159\" class=\" translation-block\"><strong data-start=\"1008\" data-end=\"1023\">THINKDIAG 2<\/strong> je kompaktn\u00fd a v\u00fdkonn\u00fd <strong data-start=\"1050\" data-end=\"1089\">diagnostick\u00fd konektor OBD2 Bluetooth<\/strong>, navrhnut\u00fd v\u00fdhradne pre kompatibilitu so <strong data-start=\"1135\" data-end=\"1156\">softv\u00e9rom DiagZone<\/strong>.<\/p>\n<p data-start=\"1161\" data-end=\"1586\">\u2705 Funguje ako profesion\u00e1lny OBD2 Bluetooth adapt\u00e9r<br data-start=\"1209\" data-end=\"1212\" \/>\u2705 Podporuje zariadenia Android (smartf\u00f3ny a tablety) \u2013 plne kompatibiln\u00e9 s <strong data-start=\"1287\" data-end=\"1303\">Android 7\u201313<\/strong>, a tie\u017e s <strong data-start=\"1319\" data-end=\"1355\">Android 14 (iba 32-bitov\u00e9 syst\u00e9my)<\/strong><br data-start=\"1355\" data-end=\"1358\" \/>\u2705 Testovan\u00e9 so softv\u00e9rom DiagZone na overenie pravosti<br data-start=\"1406\" data-end=\"1409\" \/>\u2705 R\u00fdchle a stabiln\u00e9 Bluetooth 5.0 dual-mode pripojenie<br data-start=\"1459\" data-end=\"1462\" \/>\u2705 Odoln\u00fd dizajn s krytom z ABS+PC+TPU a dvojit\u00fdmi indik\u00e1tormi<br data-start=\"1528\" data-end=\"1531\" \/>\u2705 Dod\u00e1va sa s <strong data-start=\"1544\" data-end=\"1565\">0,65 m OBD2 k\u00e1bel<\/strong> pre pohodln\u00e9 pou\u017e\u00edvanie<\/p>\n<p data-start=\"1588\" data-end=\"1824\">\u26a0\ufe0f Upozornenie: Tento konektor neobsahuje \u017eiadny softv\u00e9r ani predplatn\u00e9.<br data-start=\"1669\" data-end=\"1672\" \/>\ud83d\udc49 Predplatn\u00e9 softv\u00e9ru DiagZone je mo\u017en\u00e9 zak\u00fapi\u0165 samostatne tu: <a class=\"decorated-link\" href=\"https:\/\/diagzone.org\/diagzone-buy-subscription\/\" target=\"_new\" rel=\"noopener\" data-start=\"1746\" data-end=\"1822\">K\u00fapi\u0165 predplatn\u00e9 DiagZone<\/a><\/p>\n<h1 data-start=\"1826\" data-end=\"1853\">Pre\u010do si vybra\u0165 THINKDIAG 2?<\/h1>\n<ul data-start=\"1855\" data-end=\"2272\">\n<li data-start=\"1855\" data-end=\"1907\">\n<p data-start=\"1857\" data-end=\"1907\"><strong data-start=\"1857\" data-end=\"1905\">Origin\u00e1lne zariadenie \u2013 \u017eiadne klony, \u017eiadne falzifik\u00e1ty<\/strong><\/p>\n<\/li>\n<li data-start=\"1908\" data-end=\"1955\">\n<p data-start=\"1910\" data-end=\"1955\" class=\" translation-block\"><strong data-start=\"290\" data-end=\"317\">100 % testovan\u00e9 na DiagZone<\/strong> pred odoslan\u00edm<\/p>\n<\/li>\n<li data-start=\"1956\" data-end=\"2019\">\n<p data-start=\"1958\" data-end=\"2019\" class=\" translation-block\"><strong data-start=\"338\" data-end=\"369\">Profesion\u00e1lny OBD2 konektor<\/strong> s garantovan\u00fdm v\u00fdkonom<\/p>\n<\/li>\n<li data-start=\"2020\" data-end=\"2072\">\n<p data-start=\"2022\" data-end=\"2072\" class=\" translation-block\">Kompaktn\u00e9 rozmery, <strong data-start=\"2036\" data-end=\"2070\">jednoduch\u00e9 pou\u017e\u00edvanie s Bluetooth 5.0<\/strong><\/p>\n<\/li>\n<li data-start=\"2073\" data-end=\"2169\">\n<p data-start=\"2075\" data-end=\"2169\" class=\" translation-block\">Kompatibiln\u00e9 s <strong data-start=\"418\" data-end=\"498\">softv\u00e9rov\u00fdmi bal\u00edkmi DiagZone pre osobn\u00e9 vozidl\u00e1, elektromobily a n\u00e1kladn\u00e9 vozidl\u00e1<\/strong><\/p>\n<\/li>\n<li data-start=\"2170\" data-end=\"2272\">\n<p data-start=\"2172\" data-end=\"2272\" class=\" translation-block\">Podporuje modern\u00e9 diagnostick\u00e9 protokoly: <strong data-start=\"2210\" data-end=\"2270\">ISO9141, KWP2000, J1850 VPW, J1850 PWM, CAN, UDS, CAN-FD<\/strong><\/p>\n<\/li>\n<\/ul>\n<p data-start=\"2274\" data-end=\"2453\">\u2705 Stru\u010dne povedan\u00e9, <strong data-start=\"2290\" data-end=\"2305\">THINKDIAG 2<\/strong> je ide\u00e1lnym rie\u0161en\u00edm pre ka\u017ed\u00e9ho, kto h\u013ead\u00e1 <strong data-start=\"2353\" data-end=\"2414\">v\u00fdkonn\u00fd, kompaktn\u00fd a s DiagZone kompatibiln\u00fd OBD2 konektor<\/strong>, ktor\u00e9mu d\u00f4veruj\u00fa profesion\u00e1li po celom svete.<\/p>","protected":false},"excerpt":{"rendered":"<p class=\" translation-block\"><strong data-start=\"157\" data-end=\"172\">THINKDIAG 2<\/strong> je vysokov\u00fdkonn\u00fd Bluetooth OBD2 konektor navrhnut\u00fd pre r\u00fdchlos\u0165, spo\u013eahlivos\u0165 a presn\u00fd prenos d\u00e1t. Podporuje modern\u00fa <strong data-start=\"301\" data-end=\"325\">komunik\u00e1ciu CAN-FD<\/strong>, v\u010faka \u010domu je ide\u00e1lny pre vozidl\u00e1 novej gener\u00e1cie. So \u0161irok\u00fdm pokryt\u00edm od osobn\u00fdch vozidiel a\u017e po elektromobily a n\u00e1kladn\u00e9 vozidl\u00e1 pon\u00faka profesion\u00e1lny v\u00fdkon v kompaktnom dizajne, plne testovan\u00fd na <strong data-start=\"505\" data-end=\"526\">DiagZone platform<\/strong>.<\/p>","protected":false},"featured_media":3320,"template":"","meta":{"_acf_changed":false,"_seopress_robots_primary_cat":"none","_seopress_titles_title":"Elevate Your Diagnostic Capabilities - THINKDIAG2: CAN-FD","_seopress_titles_desc":"Enhance Your Diagnostics with THINKDIAG 2, Offering Support for CAN-FD Protocol and Bluetooth 5.0, Compatible with the DiagZone Server.","_seopress_robots_index":"","inline_featured_image":false,"_kad_blocks_custom_css":"","_kad_blocks_head_custom_js":"","_kad_blocks_body_custom_js":"","_kad_blocks_footer_custom_js":"","_themeisle_gutenberg_block_has_review":false,"_kad_post_transparent":"default","_kad_post_title":"","_kad_post_layout":"default","_kad_post_sidebar_id":"","_kad_post_content_style":"default","_kad_post_vertical_padding":"default","_kad_post_feature":"","_kad_post_feature_position":"","_kad_post_header":false,"_kad_post_footer":false,"iawp_total_views":1095},"product_cat":[19],"product_tag":[],"class_list":{"0":"post-673","1":"product","2":"type-product","3":"status-publish","4":"has-post-thumbnail","6":"product_cat-obd-connectors","8":"first","9":"instock","10":"sale","11":"shipping-taxable","12":"purchasable","13":"product-type-simple","14":"entry","15":"content-bg","16":"loop-entry"},"acf":[],"taxonomy_info":{"product_cat":[{"value":19,"label":"Obd connectors"}]},"featured_image_src_large":["https:\/\/diagzone.org\/wp-content\/uploads\/2024\/01\/ThinkDiag_2_1.jpg",600,600,false],"author_info":[],"comment_info":"","_links":{"self":[{"href":"https:\/\/diagzone.org\/sk\/wp-json\/wp\/v2\/product\/673","targetHints":{"allow":["GET"]}}],"collection":[{"href":"https:\/\/diagzone.org\/sk\/wp-json\/wp\/v2\/product"}],"about":[{"href":"https:\/\/diagzone.org\/sk\/wp-json\/wp\/v2\/types\/product"}],"wp:featuredmedia":[{"embeddable":true,"href":"https:\/\/diagzone.org\/sk\/wp-json\/wp\/v2\/media\/3320"}],"wp:attachment":[{"href":"https:\/\/diagzone.org\/sk\/wp-json\/wp\/v2\/media?parent=673"}],"wp:term":[{"taxonomy":"product_cat","embeddable":true,"href":"https:\/\/diagzone.org\/sk\/wp-json\/wp\/v2\/product_cat?post=673"},{"taxonomy":"product_tag","embeddable":true,"href":"https:\/\/diagzone.org\/sk\/wp-json\/wp\/v2\/product_tag?post=673"}],"curies":[{"name":"wp","href":"https:\/\/api.w.org\/{rel}","templated":true}]}}