{"id":454,"date":"2024-01-18T15:40:09","date_gmt":"2024-01-18T14:40:09","guid":{"rendered":"https:\/\/diagzone.org\/?page_id=454"},"modified":"2025-10-09T10:46:11","modified_gmt":"2025-10-09T08:46:11","slug":"terms-and-conditions","status":"publish","type":"page","link":"https:\/\/diagzone.org\/tr\/terms-and-conditions\/","title":{"rendered":"\u015eartlar ve Ko\u015fullar"},"content":{"rendered":"<style>.kb-row-layout-id454_a26300-05 > .kt-row-column-wrap{align-content:start;}:where(.kb-row-layout-id454_a26300-05 > .kt-row-column-wrap) > .wp-block-kadence-column{justify-content:start;}.kb-row-layout-id454_a26300-05 > .kt-row-column-wrap{column-gap:var(--global-kb-gap-md, 2rem);row-gap:var(--global-kb-gap-md, 2rem);max-width:var( --global-content-width, 1444px );padding-left:var(--global-content-edge-padding);padding-right:var(--global-content-edge-padding);padding-top:var(--global-kb-spacing-4xl, 8rem);padding-bottom:var(--global-kb-spacing-4xl, 8rem);grid-template-columns:minmax(0, 1fr);}.kb-row-layout-id454_a26300-05 > .kt-row-layout-overlay{opacity:0.30;}@media all and (max-width: 1024px){.kb-row-layout-id454_a26300-05 > .kt-row-column-wrap{grid-template-columns:minmax(0, 1fr);}}@media all and (max-width: 767px){.kb-row-layout-id454_a26300-05 > .kt-row-column-wrap{grid-template-columns:minmax(0, 1fr);}}<\/style><div class=\"kb-row-layout-wrap kb-row-layout-id454_a26300-05 alignnone wp-block-kadence-rowlayout\"><div class=\"kt-row-column-wrap kt-has-1-columns kt-row-layout-equal kt-tab-layout-inherit kt-mobile-layout-row kt-row-valign-top kb-theme-content-width\">\n<style>.kadence-column454_34c797-f0 > .kt-inside-inner-col,.kadence-column454_34c797-f0 > .kt-inside-inner-col:before{border-top-left-radius:0px;border-top-right-radius:0px;border-bottom-right-radius:0px;border-bottom-left-radius:0px;}.kadence-column454_34c797-f0 > .kt-inside-inner-col{column-gap:var(--global-kb-gap-sm, 1rem);}.kadence-column454_34c797-f0 > .kt-inside-inner-col{flex-direction:column;}.kadence-column454_34c797-f0 > .kt-inside-inner-col > .aligncenter{width:100%;}.kadence-column454_34c797-f0 > .kt-inside-inner-col:before{opacity:0.3;}.kadence-column454_34c797-f0{position:relative;}@media all and (max-width: 1024px){.kadence-column454_34c797-f0 > .kt-inside-inner-col{flex-direction:column;justify-content:center;}}@media all and (max-width: 767px){.kadence-column454_34c797-f0 > .kt-inside-inner-col{flex-direction:column;justify-content:center;}}<\/style>\n<div class=\"wp-block-kadence-column kadence-column454_34c797-f0\"><div class=\"kt-inside-inner-col\">\n<p>\u015eartlar ve Ko\u015fullar<\/p>\n\n\n\n<p>Son g\u00fcncelleme: 15.06.2025<\/p>\n\n\n\n<p class=\" translation-block\">L\u00fctfen <a href=\"https:\/\/diagzone.org\" target=\"_self\">https:\/\/diagzone.org\n<\/a> (\u201cweb sitesi\u201d) adresini kullanmadan ve DiagZone\u2019un i\u015fletmecisi olan <strong>CodeShift<\/strong> ile herhangi bir i\u015flem ger\u00e7ekle\u015ftirmeden \u00f6nce bu \u015eartlar ve Ko\u015fullar\u0131 dikkatlice okuyunuz.<\/p>\n\n\n\n<p>Web sitemize eri\u015ferek veya web sitemizi kullanarak ve DiagZone\u2019dan \u00fcr\u00fcn sat\u0131n alarak, bu \u015eartlar ve Ko\u015fullara uymay\u0131 ve bunlarla ba\u011fl\u0131 olmay\u0131 kabul etmi\u015f olursunuz.<\/p>\n\n\n\n<hr class=\"wp-block-separator has-alpha-channel-opacity\"\/>\n\n\n\n<p class=\" translation-block\"><strong>Genel Ko\u015fullar:<\/strong><br>\na. Web sitemiz \u00fczerinden sipari\u015f vererek, en az 18 ya\u015f\u0131nda oldu\u011funuzu veya s\u00f6zle\u015fme yapma ehliyetine sahip oldu\u011funuzu kabul etmi\u015f olursunuz.<br>\nb. Sat\u0131n alma i\u015flemi s\u0131ras\u0131nda do\u011fru ve eksiksiz bilgi vermeyi kabul edersiniz.<br>\nc. DiagZone, tamamen kendi takdirine ba\u011fl\u0131 olarak hizmeti reddetme, hesaplar\u0131 sonland\u0131rma ve sipari\u015fleri iptal etme hakk\u0131n\u0131 sakl\u0131 tutar.<\/p>\n\n\n\n<hr class=\"wp-block-separator has-alpha-channel-opacity\"\/>\n\n\n\n<p class=\" translation-block\"><strong>\u00dcr\u00fcn Bilgileri:<\/strong><br>\na. DiagZone, \u00fcr\u00fcn bilgilerini do\u011fru \u015fekilde sunmak i\u00e7in her t\u00fcrl\u00fc \u00e7abay\u0131 g\u00f6stermektedir. Ancak, web sitesindeki \u00fcr\u00fcn a\u00e7\u0131klamalar\u0131n\u0131n veya di\u011fer i\u00e7eriklerin do\u011fru, eksiksiz, g\u00fcvenilir, g\u00fcncel ya da hatas\u0131z oldu\u011funu garanti etmez.<br>\nb. Fiyatlar \u00f6nceden haber verilmeksizin de\u011fi\u015ftirilebilir.<\/p>\n\n\n\n<hr class=\"wp-block-separator has-alpha-channel-opacity\"\/>\n\n\n\n<p class=\" translation-block\"><strong>Sipari\u015fin Kabul\u00fc ve Onay\u0131:<\/strong><br>\na. Sipari\u015f verdikten sonra bir onay e-postas\u0131 al\u0131rs\u0131n\u0131z. Bu onay, sipari\u015finizin kabul edildi\u011fi anlam\u0131na gelmez. DiagZone, miktarlar\u0131 s\u0131n\u0131rlama ve sipari\u015fleri reddetme veya iptal etme hakk\u0131n\u0131 sakl\u0131 tutar.<br>\nb. Sipari\u015finizin kabul\u00fc, \u00fcr\u00fcn\u00fcn taraf\u0131n\u0131za g\u00f6nderilmesi veya elektronik olarak teslim edilmesi ve bu teslimat\u0131n size bildirilmesiyle kesinle\u015fir.<\/p>\n\n\n\n<hr class=\"wp-block-separator has-alpha-channel-opacity\"\/>\n\n\n\n<p class=\" translation-block\"><strong>\u00d6deme:<\/strong><br>\na. T\u00fcm \u00f6demeler g\u00fcvenli \u00f6deme a\u011f ge\u00e7itleri \u00fczerinden i\u015flenir. <strong>\u00d6deme sa\u011flay\u0131c\u0131s\u0131 olarak Stripe kullan\u0131yoruz<\/strong> ve CodeShift d.o.o. kredi kart\u0131 bilgilerinizi saklamaz veya bu bilgilere eri\u015fmez.<br>\nb. Sat\u0131n alma i\u015flemini tamamlayarak, Stripe\u2019\u0131n CodeShift d.o.o. ad\u0131na \u00f6demeyi g\u00fcvenli bir \u015fekilde i\u015flemesini yetkilendirirsiniz.<\/p>\n\n\n\n<hr class=\"wp-block-separator has-alpha-channel-opacity\"\/>\n\n\n\n<p class=\" translation-block\"><strong>Dijital Teslimat:<\/strong><br>\na. T\u00fcm yaz\u0131l\u0131m lisanslar\u0131, aktivasyonlar ve dijital kodlar e-posta yoluyla veya hesab\u0131n\u0131z \u00fczerinden elektronik olarak teslim edilir.<br>\nb. Dijital \u00fcr\u00fcnlerin do\u011fas\u0131 gere\u011fi, <strong>lisans\u0131n etkinle\u015ftirilmesinden veya indirilmesinden sonra iade yap\u0131lmaz<\/strong>.<\/p>\n\n\n\n<hr class=\"wp-block-separator has-alpha-channel-opacity\"\/>\n\n\n\n<p class=\" translation-block\"><strong>Fikri M\u00fclkiyet:<\/strong><br>\na. Bu web sitesindeki i\u00e7erik; g\u00f6rseller, metinler, logolar ve grafikler d\u00e2hil olmak \u00fczere DiagZone \/ CodeShift\u2019e aittir ve fikri m\u00fclkiyet yasalar\u0131yla korunmaktad\u0131r.<\/p>\n\n\n\n<hr class=\"wp-block-separator has-alpha-channel-opacity\"\/>\n\n\n\n<p class=\" translation-block\"><strong>Sorumlulu\u011fun S\u0131n\u0131rland\u0131r\u0131lmas\u0131:<\/strong><br>\na. CodeShift d.o.o. veya DiagZone, web sitemizin veya \u00fcr\u00fcnlerimizin kullan\u0131m\u0131ndan kaynaklanan ya da bunlarla herhangi bir \u015fekilde ba\u011flant\u0131l\u0131 olan do\u011frudan, dolayl\u0131, tesad\u00fcfi, \u00f6zel veya sonu\u00e7sal zararlardan hi\u00e7bir durumda sorumlu tutulamaz.<\/p>\n\n\n\n<hr class=\"wp-block-separator has-alpha-channel-opacity\"\/>\n\n\n\n<p class=\" translation-block\"><strong>Uygulanacak Hukuk:<\/strong><br>\na. Bu \u015eartlar ve Ko\u015fullar, <strong>BIH<\/strong> yasalar\u0131na tabi olup bu yasalara g\u00f6re yorumlanacakt\u0131r.<\/p>\n\n\n\n<hr class=\"wp-block-separator has-alpha-channel-opacity\"\/>\n\n\n\n<p class=\" translation-block\"><strong>Bize Ula\u015f\u0131n:<\/strong><br>\nBu \u015eartlar ve Ko\u015fullar hakk\u0131nda herhangi bir sorunuz veya endi\u015feniz varsa, l\u00fctfen <strong><a target=\"_self\">support@diagzone.org\n<\/a><\/strong> adresinden bizimle ileti\u015fime ge\u00e7in.<\/p>\n\n\n\n<hr class=\"wp-block-separator has-alpha-channel-opacity\"\/>\n\n\n\n<p>DiagZone \/ CodeShift, bu \u015eartlar ve Ko\u015fullar\u0131 herhangi bir zamanda ve \u00f6nceden bildirimde bulunmaks\u0131z\u0131n g\u00fcncelleme veya de\u011fi\u015ftirme hakk\u0131n\u0131 sakl\u0131 tutar. Web sitemizi kullanmaya devam ederek, bu \u015eartlar ve Ko\u015fullar\u0131n en g\u00fcncel s\u00fcr\u00fcm\u00fcyle ba\u011fl\u0131 olmay\u0131 kabul etmi\u015f olursunuz.<\/p>\n\n\n\n<ol class=\"wp-block-list\"><\/ol>\n\n\n\n<p>DiagZone, bu \u015eartlar ve Ko\u015fullar\u0131 herhangi bir zamanda ve \u00f6nceden bildirimde bulunmaks\u0131z\u0131n g\u00fcncelleme veya de\u011fi\u015ftirme hakk\u0131n\u0131 sakl\u0131 tutar. Web sitemizi kullanmaya devam ederek, bu \u015eartlar ve Ko\u015fullar\u0131n en g\u00fcncel s\u00fcr\u00fcm\u00fcyle ba\u011fl\u0131 olmay\u0131 kabul etmi\u015f olursunuz.<\/p>\n<\/div><\/div>\n\n<\/div><\/div>\n\n<style>.kb-row-layout-id522_1b74f9-56 > .kt-row-column-wrap{align-content:start;}:where(.kb-row-layout-id522_1b74f9-56 > .kt-row-column-wrap) > .wp-block-kadence-column{justify-content:start;}.kb-row-layout-id522_1b74f9-56 > .kt-row-column-wrap{column-gap:var(--global-kb-gap-md, 2rem);row-gap:var(--global-kb-gap-md, 2rem);padding-bottom:var(--global-kb-spacing-md, 2rem);grid-template-columns:minmax(0, 1fr);}.kb-row-layout-id522_1b74f9-56{background-image:linear-gradient(180deg,var(--global-palette1) 30%,rgb(20,39,109) 100%);}.kb-row-layout-id522_1b74f9-56 > .kt-row-layout-overlay{opacity:0.09;}@media all and (max-width: 1024px){.kb-row-layout-id522_1b74f9-56 > .kt-row-column-wrap{grid-template-columns:minmax(0, 1fr);}}@media all and (max-width: 767px){.kb-row-layout-id522_1b74f9-56 > .kt-row-column-wrap{grid-template-columns:minmax(0, 1fr);}}<\/style><div class=\"kb-row-layout-wrap kb-row-layout-id522_1b74f9-56 alignfull has-theme-palette1-background-color kt-row-has-bg wp-block-kadence-rowlayout\"><div class=\"kt-row-column-wrap kt-has-1-columns kt-row-layout-equal kt-tab-layout-inherit kt-mobile-layout-row kt-row-valign-top\">\n<style>.kadence-column522_d2c269-2f > .kt-inside-inner-col,.kadence-column522_d2c269-2f > .kt-inside-inner-col:before{border-top-left-radius:0px;border-top-right-radius:0px;border-bottom-right-radius:0px;border-bottom-left-radius:0px;}.kadence-column522_d2c269-2f > .kt-inside-inner-col{column-gap:var(--global-kb-gap-sm, 1rem);}.kadence-column522_d2c269-2f > .kt-inside-inner-col{flex-direction:column;}.kadence-column522_d2c269-2f > .kt-inside-inner-col > .aligncenter{width:100%;}.kadence-column522_d2c269-2f > .kt-inside-inner-col:before{opacity:0.3;}.kadence-column522_d2c269-2f{position:relative;}@media all and (max-width: 1024px){.kadence-column522_d2c269-2f > .kt-inside-inner-col{flex-direction:column;justify-content:center;}}@media all and (max-width: 767px){.kadence-column522_d2c269-2f > .kt-inside-inner-col{flex-direction:column;justify-content:center;}}<\/style>\n<div class=\"wp-block-kadence-column kadence-column522_d2c269-2f\"><div class=\"kt-inside-inner-col\"><style>.kb-row-layout-id522_001f9d-01 > .kt-row-column-wrap{align-content:start;}:where(.kb-row-layout-id522_001f9d-01 > .kt-row-column-wrap) > .wp-block-kadence-column{justify-content:start;}.kb-row-layout-id522_001f9d-01 > .kt-row-column-wrap{column-gap:var(--global-kb-gap-md, 2rem);row-gap:var(--global-kb-gap-md, 2rem);padding-top:var(--global-kb-spacing-sm, 1.5rem);padding-bottom:var(--global-kb-spacing-sm, 1.5rem);grid-template-columns:minmax(0, 1fr);}.kb-row-layout-id522_001f9d-01 > .kt-row-layout-overlay{opacity:0.30;}@media all and (max-width: 1024px){.kb-row-layout-id522_001f9d-01 > .kt-row-column-wrap{grid-template-columns:minmax(0, 1fr);}}@media all and (max-width: 767px){.kb-row-layout-id522_001f9d-01 > .kt-row-column-wrap{grid-template-columns:minmax(0, 1fr);}}<\/style><div class=\"kb-row-layout-wrap kb-row-layout-id522_001f9d-01 alignnone wp-block-kadence-rowlayout\"><div class=\"kt-row-column-wrap kt-has-1-columns kt-row-layout-equal kt-tab-layout-inherit kt-mobile-layout-row kt-row-valign-top\">\n<style>.kadence-column522_52d44e-a8 > .kt-inside-inner-col,.kadence-column522_52d44e-a8 > .kt-inside-inner-col:before{border-top-left-radius:0px;border-top-right-radius:0px;border-bottom-right-radius:0px;border-bottom-left-radius:0px;}.kadence-column522_52d44e-a8 > .kt-inside-inner-col{column-gap:var(--global-kb-gap-sm, 1rem);}.kadence-column522_52d44e-a8 > .kt-inside-inner-col{flex-direction:column;}.kadence-column522_52d44e-a8 > .kt-inside-inner-col > .aligncenter{width:100%;}.kadence-column522_52d44e-a8 > .kt-inside-inner-col:before{opacity:0.3;}.kadence-column522_52d44e-a8{position:relative;}@media all and (max-width: 1024px){.kadence-column522_52d44e-a8 > .kt-inside-inner-col{flex-direction:column;justify-content:center;}}@media all and (max-width: 767px){.kadence-column522_52d44e-a8 > .kt-inside-inner-col{flex-direction:column;justify-content:center;}}<\/style>\n<div class=\"wp-block-kadence-column kadence-column522_52d44e-a8\"><div class=\"kt-inside-inner-col\"><style>.wp-block-kadence-advancedheading.kt-adv-heading522_694c7d-3d, .wp-block-kadence-advancedheading.kt-adv-heading522_694c7d-3d[data-kb-block=\"kb-adv-heading522_694c7d-3d\"]{text-align:center;font-size:var(--global-kb-font-size-xxl, 4rem);font-style:normal;}.wp-block-kadence-advancedheading.kt-adv-heading522_694c7d-3d mark.kt-highlight, .wp-block-kadence-advancedheading.kt-adv-heading522_694c7d-3d[data-kb-block=\"kb-adv-heading522_694c7d-3d\"] mark.kt-highlight{font-style:normal;color:#f76a0c;-webkit-box-decoration-break:clone;box-decoration-break:clone;padding-top:0px;padding-right:0px;padding-bottom:0px;padding-left:0px;}<\/style>\n<h2 class=\"kt-adv-heading522_694c7d-3d wp-block-kadence-advancedheading has-theme-palette-9-color has-text-color\" data-kb-block=\"kb-adv-heading522_694c7d-3d\">DiagZone ile al\u0131\u015fveri\u015f yap\u0131n ve arac\u0131n\u0131z\u0131 premium yaz\u0131l\u0131m\u0131m\u0131zla te\u015fhis edin. <\/h2>\n\n\n<style>.wp-block-kadence-advancedbtn.kb-btns522_0da8e3-fa{gap:var(--global-kb-gap-sm, 1rem);justify-content:center;align-items:center;}.kt-btns522_0da8e3-fa .kt-button{font-weight:normal;font-style:normal;}.kt-btns522_0da8e3-fa .kt-btn-wrap-0{margin-right:5px;}.wp-block-kadence-advancedbtn.kt-btns522_0da8e3-fa .kt-btn-wrap-0 .kt-button{color:#555555;border-color:#555555;}.wp-block-kadence-advancedbtn.kt-btns522_0da8e3-fa .kt-btn-wrap-0 .kt-button:hover, .wp-block-kadence-advancedbtn.kt-btns522_0da8e3-fa .kt-btn-wrap-0 .kt-button:focus{color:#ffffff;border-color:#444444;}.wp-block-kadence-advancedbtn.kt-btns522_0da8e3-fa .kt-btn-wrap-0 .kt-button::before{display:none;}.wp-block-kadence-advancedbtn.kt-btns522_0da8e3-fa .kt-btn-wrap-0 .kt-button:hover, .wp-block-kadence-advancedbtn.kt-btns522_0da8e3-fa .kt-btn-wrap-0 .kt-button:focus{background:#444444;}<\/style>\n<div class=\"wp-block-kadence-advancedbtn kb-buttons-wrap kb-btns522_0da8e3-fa\"><style>ul.menu .wp-block-kadence-advancedbtn .kb-btn522_64975e-51.kb-button{width:initial;}.wp-block-kadence-advancedbtn .kb-btn522_64975e-51.kb-button{background:var(--global-palette3, #1A202C);}.wp-block-kadence-advancedbtn .kb-btn522_64975e-51.kb-button:hover, .wp-block-kadence-advancedbtn .kb-btn522_64975e-51.kb-button:focus{background:var(--global-palette6, #718096);}<\/style><a class=\"kb-button kt-button button kb-btn522_64975e-51 kt-btn-size-large kt-btn-width-type-auto kb-btn-global-fill kt-btn-has-text-true kt-btn-has-svg-false  wp-block-kadence-singlebtn\" href=\"https:\/\/diagzone.org\/#diagzone-sn-check-container\"><span class=\"kt-btn-inner-text\">Uyumlu ba\u011flant\u0131 noktalar\u0131n\u0131 kontrol edin<\/span><\/a>\n\n<style>ul.menu .wp-block-kadence-advancedbtn .kb-btn522_718b54-cd.kb-button{width:initial;}.wp-block-kadence-advancedbtn .kb-btn522_718b54-cd.kb-button{background:var(--global-palette3, #1A202C);}.wp-block-kadence-advancedbtn .kb-btn522_718b54-cd.kb-button:hover, .wp-block-kadence-advancedbtn .kb-btn522_718b54-cd.kb-button:focus{background:var(--global-palette2, #2B6CB0);}<\/style><a class=\"kb-button kt-button button kb-btn522_718b54-cd kt-btn-size-large kt-btn-width-type-auto kb-btn-global-fill kt-btn-has-text-true kt-btn-has-svg-false  wp-block-kadence-singlebtn\" href=\"https:\/\/diagzone.org\/downloads\/\" target=\"_blank\" rel=\"noreferrer noopener\"><span class=\"kt-btn-inner-text\">APK indir<\/span><\/a><\/div>\n<\/div><\/div>\n\n<\/div><\/div><\/div><\/div>\n\n<\/div><\/div>","protected":false},"excerpt":{"rendered":"<p>Terms and Conditions Last updated: 15.06.2025 Please read these Terms and Conditions carefully before using https:\/\/diagzone.org (the \u201cwebsite\u201d) and engaging in any transactions with CodeShift, the operator of DiagZone. By accessing or using our website and purchasing products from DiagZone, you agree to comply with and be bound by these Terms and Conditions. General Conditions:a&#8230;.<\/p>","protected":false},"author":1,"featured_media":0,"parent":0,"menu_order":0,"comment_status":"closed","ping_status":"closed","template":"","meta":{"_acf_changed":false,"_seopress_robots_primary_cat":"","_seopress_titles_title":"","_seopress_titles_desc":"","_seopress_robots_index":"","inline_featured_image":false,"_kad_blocks_custom_css":"","_kad_blocks_head_custom_js":"","_kad_blocks_body_custom_js":"","_kad_blocks_footer_custom_js":"","_themeisle_gutenberg_block_has_review":false,"_kadence_starter_templates_imported_post":false,"_kad_post_transparent":"","_kad_post_title":"","_kad_post_layout":"","_kad_post_sidebar_id":"","_kad_post_content_style":"","_kad_post_vertical_padding":"","_kad_post_feature":"","_kad_post_feature_position":"","_kad_post_header":false,"_kad_post_footer":false,"iawp_total_views":281,"footnotes":""},"class_list":["post-454","page","type-page","status-publish","hentry"],"acf":[],"taxonomy_info":[],"featured_image_src_large":false,"author_info":{"display_name":"diagzone","author_link":"https:\/\/diagzone.org\/tr\/author\/xpro5\/"},"comment_info":0,"_links":{"self":[{"href":"https:\/\/diagzone.org\/tr\/wp-json\/wp\/v2\/pages\/454","targetHints":{"allow":["GET"]}}],"collection":[{"href":"https:\/\/diagzone.org\/tr\/wp-json\/wp\/v2\/pages"}],"about":[{"href":"https:\/\/diagzone.org\/tr\/wp-json\/wp\/v2\/types\/page"}],"author":[{"embeddable":true,"href":"https:\/\/diagzone.org\/tr\/wp-json\/wp\/v2\/users\/1"}],"replies":[{"embeddable":true,"href":"https:\/\/diagzone.org\/tr\/wp-json\/wp\/v2\/comments?post=454"}],"version-history":[{"count":6,"href":"https:\/\/diagzone.org\/tr\/wp-json\/wp\/v2\/pages\/454\/revisions"}],"predecessor-version":[{"id":3566,"href":"https:\/\/diagzone.org\/tr\/wp-json\/wp\/v2\/pages\/454\/revisions\/3566"}],"wp:attachment":[{"href":"https:\/\/diagzone.org\/tr\/wp-json\/wp\/v2\/media?parent=454"}],"curies":[{"name":"wp","href":"https:\/\/api.w.org\/{rel}","templated":true}]}}