
{"id":2532,"date":"2025-08-30T10:20:29","date_gmt":"2025-08-30T08:20:29","guid":{"rendered":"https:\/\/diagzone.org\/?post_type=product&#038;p=2532"},"modified":"2025-09-26T13:27:20","modified_gmt":"2025-09-26T11:27:20","slug":"launch-giii-x-prog-3-advanced-immobilizer-key-programmer","status":"publish","type":"product","link":"https:\/\/diagzone.org\/tr\/urun\/launch-giii-x-prog-3-advanced-immobilizer-key-programmer\/","title":{"rendered":"Launch X-PROG 3 \u2013 Geli\u015fmi\u015f Immobilizer ve Anahtar Programlay\u0131c\u0131"},"content":{"rendered":"<p data-start=\"192\" data-end=\"504\" class=\" translation-block\">Bu <strong data-start=\"196\" data-end=\"208\">X-PROG 3<\/strong>, <strong data-start=\"320\" data-end=\"332\">DiagZone<\/strong> destekleyen te\u015fhis sistemleriyle sorunsuz \u00e7al\u0131\u015fan geli\u015fmi\u015f bir immobilizer ve anahtar programlama cihaz\u0131d\u0131r. <strong data-start=\"369\" data-end=\"446\">Anahtar \u00f6\u011frenme, h\u0131rs\u0131zl\u0131k \u00f6nleme i\u015flemleri, EEPROM\/MCU \u00e7al\u0131\u015fmalar\u0131 ve ECU\/TCU klonlama<\/strong> i\u00e7in g\u00fc\u00e7l\u00fc fonksiyonlar sunarak modern servisler i\u00e7in hepsi-bir-arada bir \u00e7\u00f6z\u00fcm olu\u015fturur.<\/p>\n<p data-start=\"506\" data-end=\"531\">Bu ara\u00e7 ile \u015funlar\u0131 yapabilirsiniz:<\/p>\n<p data-start=\"533\" data-end=\"1145\">\u2705 \ud83d\udd11 <strong data-start=\"538\" data-end=\"557\">Anahtar programlama<\/strong> \u2013 \u00c7ipli anahtarlar\u0131n, ak\u0131ll\u0131 anahtarlar\u0131n, uzaktan kumandal\u0131 anahtarlar\u0131n ve k\u0131z\u0131l\u00f6tesi anahtarlar\u0131n okuma, yazma ve e\u015fle\u015ftirilmesi (\u00f6rn. Mercedes-Benz).<br data-start=\"657\" data-end=\"660\" \/>\u2705 \ud83d\udd10 <strong data-start=\"665\" data-end=\"689\">H\u0131rs\u0131zl\u0131k \u00f6nleme i\u015flevleri<\/strong> \u2013 Immobilizer t\u00fcr\u00fcn\u00fc tan\u0131mlar, PIN\/h\u0131rs\u0131zl\u0131k \u00f6nleme kodlar\u0131n\u0131 okur, mod\u00fclleri s\u0131f\u0131rlar ve de\u011fi\u015ftirir.<br data-start=\"770\" data-end=\"773\" \/>\u2705 \u2699\ufe0f <strong data-start=\"778\" data-end=\"800\">ECU\/TCU \u0130\u015flemleri<\/strong> \u2013 Motor ve \u015fanz\u0131man kontrol \u00fcnitelerinin klonlanmas\u0131 veya de\u011fi\u015ftirilmesi (VW\/Audi MQB, BMW ISN vb. dahil) araca s\u00f6k\u00fclmeden.<br data-start=\"925\" data-end=\"928\" \/>\u2705 \ud83d\udcbe <strong data-start=\"933\" data-end=\"957\">EEPROM ve MCU deste\u011fi<\/strong> \u2013 Geli\u015fmi\u015f onar\u0131m i\u015flemleri i\u00e7in EEPROM\/MCU \u00e7iplerinin do\u011frudan okuma\/yazma i\u015flemleri.<br data-start=\"1029\" data-end=\"1032\" \/>\u2705 \ud83d\ude97 <strong data-start=\"1037\" data-end=\"1059\">Geni\u015f uyumluluk<\/strong> \u2013 Ba\u015fl\u0131ca markalar\u0131 kapsar: VW, Audi, \u0160koda, Seat, BMW, Mercedes, Toyota ve daha fazlas\u0131.<\/p>\n<p data-start=\"1147\" data-end=\"1170\">\ud83c\udf1f <strong data-start=\"1150\" data-end=\"1168\">\u00d6ne \u00e7\u0131kan \u00f6zellikler<\/strong><\/p>\n<p data-start=\"1172\" data-end=\"1600\">\ud83d\udee0\ufe0f <strong data-start=\"1176\" data-end=\"1197\">Hepsi bir arada cihaz<\/strong> \u2013 Immobilizer, anahtar programlay\u0131c\u0131, ECU\/TCU klonlama arac\u0131.<br data-start=\"1248\" data-end=\"1251\" \/>\ud83d\udd0c <strong data-start=\"1254\" data-end=\"1269\">Tak &amp; \u00c7al\u0131\u015ft\u0131r<\/strong> \u2013 DBScar ba\u011flant\u0131s\u0131 \u00fczerinden DiagZone destekleyen te\u015fhis cihazlar\u0131yla do\u011frudan \u00e7al\u0131\u015f\u0131r.<br data-start=\"1353\" data-end=\"1356\" \/>\ud83d\udcda <strong data-start=\"1359\" data-end=\"1380\">\u00c7ip d\u00fczeyinde eri\u015fim<\/strong> \u2013 Profesyonel \u00e7ip onar\u0131mlar\u0131 i\u00e7in EEPROM\/MCU okuma\/yazma deste\u011fi sunar.<br data-start=\"1443\" data-end=\"1446\" \/>\ud83d\udd04 <strong data-start=\"1449\" data-end=\"1468\">Tahribats\u0131z<\/strong> \u2013 ECU\/TCU verilerinin s\u00f6kme i\u015flemi olmadan okunmas\u0131\/yaz\u0131lmas\u0131.<br data-start=\"1515\" data-end=\"1518\" \/>\ud83c\udf0d <strong data-start=\"1521\" data-end=\"1551\">Kapsaml\u0131 ara\u00e7 deste\u011fi<\/strong> \u2013 Yeni modeller ve sistemler i\u00e7in s\u00fcrekli g\u00fcncellemeler.<\/p>\n<hr data-start=\"1602\" data-end=\"1605\" \/>\n<h3 data-start=\"1607\" data-end=\"1634\">\ud83d\udd27 \u00d6zellik \ud83d\udccc Detaylar<\/h3>\n<div class=\"_tableContainer_1rjym_1\">\n<div class=\"group _tableWrapper_1rjym_13 flex w-fit flex-col-reverse\">\n<table class=\"w-fit min-w-(--thread-content-width)\" data-start=\"1636\" data-end=\"2512\">\n<thead data-start=\"1636\" data-end=\"1680\">\n<tr data-start=\"1636\" data-end=\"1680\">\n<th data-start=\"1636\" data-end=\"1663\" data-col-size=\"sm\"><strong data-start=\"1638\" data-end=\"1649\">\u00d6zellik<\/strong><\/th>\n<th data-start=\"1663\" data-end=\"1680\" data-col-size=\"lg\"><strong data-start=\"1665\" data-end=\"1676\">Detaylar<\/strong><\/th>\n<\/tr>\n<\/thead>\n<tbody data-start=\"1727\" data-end=\"2512\">\n<tr data-start=\"1727\" data-end=\"1898\">\n<td data-start=\"1727\" data-end=\"1755\" data-col-size=\"sm\">Desteklenen fonksiyonlar<\/td>\n<td data-start=\"1755\" data-end=\"1898\" data-col-size=\"lg\">Anahtar programlama, uzaktan kumanda e\u015fle\u015ftirme, k\u0131z\u0131l\u00f6tesi anahtar programlama, PIN\/h\u0131rs\u0131zl\u0131k \u00f6nleme kodu okuma, ECU\/TCU klonlama, EEPROM\/MCU okuma ve yazma<\/td>\n<\/tr>\n<tr data-start=\"1899\" data-end=\"2045\">\n<td data-start=\"1899\" data-end=\"1927\" data-col-size=\"sm\">Desteklenen \u00e7ipler<\/td>\n<td data-start=\"1927\" data-end=\"2045\" data-col-size=\"lg\">EEPROM, MCU, motor\/\u015fanz\u0131man ECU\u2019lar\u0131, IMMO \u00e7ipleri (CAS4+, FEM\/BDC, MQB platformu, Mercedes IR anahtarlar, BMW ISN vb.)<\/td>\n<\/tr>\n<tr data-start=\"2046\" data-end=\"2105\">\n<td data-start=\"2046\" data-end=\"2074\" data-col-size=\"sm\">Protokoller<\/td>\n<td data-start=\"2074\" data-end=\"2105\" data-col-size=\"lg\">CAN, CAN FD, DOIP, K-Line<\/td>\n<\/tr>\n<tr data-start=\"2106\" data-end=\"2229\">\n<td data-start=\"2106\" data-end=\"2134\" data-col-size=\"sm\">Ba\u011flant\u0131<\/td>\n<td data-start=\"2134\" data-end=\"2229\" data-col-size=\"lg\" class=\" translation-block\"><strong data-start=\"2179\" data-end=\"2191\">DiagZone<\/strong> destekleyen te\u015fhis sistemleriyle \u00e7al\u0131\u015f\u0131r (DBScar\/SmartLink ba\u011flant\u0131s\u0131 \u00fczerinden).<\/td>\n<\/tr>\n<tr data-start=\"2230\" data-end=\"2342\">\n<td data-start=\"2230\" data-end=\"2258\" data-col-size=\"sm\">Ara\u00e7 kapsam\u0131<\/td>\n<td data-start=\"2258\" data-end=\"2342\" data-col-size=\"lg\">VW, Audi, \u0160koda, Seat, BMW, Mercedes-Benz, Toyota ve daha bir\u00e7ok k\u00fcresel marka<\/td>\n<\/tr>\n<tr data-start=\"2343\" data-end=\"2418\">\n<td data-start=\"2343\" data-end=\"2371\" data-col-size=\"sm\">G\u00fc\u00e7 kayna\u011f\u0131<\/td>\n<td data-start=\"2371\" data-end=\"2418\" data-col-size=\"lg\">DC 12V (te\u015fhis cihaz\u0131 ba\u011flant\u0131s\u0131 \u00fczerinden)<\/td>\n<\/tr>\n<tr data-start=\"2419\" data-end=\"2470\">\n<td data-start=\"2419\" data-end=\"2447\" data-col-size=\"sm\">Boyutlar<\/td>\n<td data-start=\"2447\" data-end=\"2470\" data-col-size=\"lg\">200 \u00d7 160 \u00d7 55 mm<\/td>\n<\/tr>\n<tr data-start=\"2471\" data-end=\"2512\">\n<td data-start=\"2471\" data-end=\"2499\" data-col-size=\"sm\">A\u011f\u0131rl\u0131k<\/td>\n<td data-start=\"2499\" data-end=\"2512\" data-col-size=\"lg\">~1.2 kg<\/td>\n<\/tr>\n<\/tbody>\n<\/table>\n<\/div>\n<\/div>","protected":false},"excerpt":{"rendered":"<p>Launch X-PROG 3, X-431 te\u015fhis tabletleriyle uyumlu, anahtar programlama ve ECU\/TCU klonlama i\u00e7in hepsi-bir-arada bir ara\u00e7t\u0131r. Geli\u015fmi\u015f \u00e7ip seviyesinde i\u015flemleri, h\u0131rs\u0131zl\u0131k \u00f6nleme fonksiyonlar\u0131n\u0131 ve ECU s\u00f6kmeden anahtar de\u011fi\u015fimini destekler.<\/p>","protected":false},"featured_media":3316,"template":"","meta":{"_acf_changed":false,"_seopress_robots_primary_cat":"none","_seopress_titles_title":"Launch GIII X-PROG 3 \u2013 Advanced Immobilizer & Key Programmer","_seopress_titles_desc":"The Launch GIII X\u2011PROG\u202f3 is an all\u2011in\u2011one key\u2011programming and ECU\/TCU cloning tool compatible with X\u2011431 diagnostic tablets","_seopress_robots_index":"","inline_featured_image":false,"_kad_blocks_custom_css":"","_kad_blocks_head_custom_js":"","_kad_blocks_body_custom_js":"","_kad_blocks_footer_custom_js":"","_themeisle_gutenberg_block_has_review":false,"_kad_post_transparent":"default","_kad_post_title":"","_kad_post_layout":"default","_kad_post_sidebar_id":"","_kad_post_content_style":"default","_kad_post_vertical_padding":"default","_kad_post_feature":"","_kad_post_feature_position":"","_kad_post_header":false,"_kad_post_footer":false,"iawp_total_views":176},"product_cat":[19],"product_tag":[],"class_list":{"0":"post-2532","1":"product","2":"type-product","3":"status-publish","4":"has-post-thumbnail","6":"product_cat-obd-connectors","8":"first","9":"instock","10":"shipping-taxable","11":"purchasable","12":"product-type-simple","13":"entry","14":"content-bg","15":"loop-entry"},"acf":[],"taxonomy_info":{"product_cat":[{"value":19,"label":"Obd connectors"}]},"featured_image_src_large":["https:\/\/diagzone.org\/wp-content\/uploads\/2025\/08\/XPROG_3_1.jpg",600,600,false],"author_info":[],"comment_info":"","_links":{"self":[{"href":"https:\/\/diagzone.org\/tr\/wp-json\/wp\/v2\/product\/2532","targetHints":{"allow":["GET"]}}],"collection":[{"href":"https:\/\/diagzone.org\/tr\/wp-json\/wp\/v2\/product"}],"about":[{"href":"https:\/\/diagzone.org\/tr\/wp-json\/wp\/v2\/types\/product"}],"wp:featuredmedia":[{"embeddable":true,"href":"https:\/\/diagzone.org\/tr\/wp-json\/wp\/v2\/media\/3316"}],"wp:attachment":[{"href":"https:\/\/diagzone.org\/tr\/wp-json\/wp\/v2\/media?parent=2532"}],"wp:term":[{"taxonomy":"product_cat","embeddable":true,"href":"https:\/\/diagzone.org\/tr\/wp-json\/wp\/v2\/product_cat?post=2532"},{"taxonomy":"product_tag","embeddable":true,"href":"https:\/\/diagzone.org\/tr\/wp-json\/wp\/v2\/product_tag?post=2532"}],"curies":[{"name":"wp","href":"https:\/\/api.w.org\/{rel}","templated":true}]}}