
{"id":3324,"date":"2025-09-26T13:55:05","date_gmt":"2025-09-26T11:55:05","guid":{"rendered":"https:\/\/diagzone.org\/?post_type=product&#038;p=3324"},"modified":"2025-09-26T16:35:41","modified_gmt":"2025-09-26T14:35:41","slug":"kingbolen-ediag-plus-can-fd-bi-directional-obd2-scanner","status":"publish","type":"product","link":"https:\/\/diagzone.org\/tr\/urun\/kingbolen-ediag-plus-can-fd-bi-directional-obd2-scanner\/","title":{"rendered":"Kingbolen Ediag Plus CAN-FD \u00c7ift Y\u00f6nl\u00fc OBD2 Taray\u0131c\u0131"},"content":{"rendered":"<p data-start=\"646\" data-end=\"863\" class=\" translation-block\"><strong data-start=\"681\" data-end=\"701\">Kingbolen Ediag+<\/strong>\u2019a g\u00f6sterdi\u011finiz ilgi i\u00e7in te\u015fekk\u00fcr ederiz.<br data-start=\"702\" data-end=\"705\">Bu diagnostik konnekt\u00f6r, <strong data-start=\"736\" data-end=\"764\">ThinkDiag 2\u2019nin bir klonudur<\/strong>, <strong data-start=\"786\" data-end=\"807\">DiagZone platformu<\/strong> \u00fczerinde tamamen test edilmi\u015ftir ve stabil performans ile uyumluluk sa\u011flar.<\/p>\n<h2 data-start=\"865\" data-end=\"889\">\ud83d\udd39 \u00d6nemli Uyar\u0131<\/h2>\n<p data-start=\"890\" data-end=\"1027\" class=\" translation-block\"><strong data-start=\"894\" data-end=\"904\">Ediag+<\/strong>, <strong data-start=\"918\" data-end=\"956\">herhangi bir <a href=\"https:\/\/diagzone.org\/diagzone-activation\/\" target=\"_self\">\u00f6nceden y\u00fcklenmi\u015f yaz\u0131l\u0131m<\/a> olmadan<\/strong> teslim edilir.<br data-start=\"957\" data-end=\"960\">Bu cihaz\u0131 kullanmak i\u00e7in <strong data-start=\"982\" data-end=\"1024\">ayr\u0131 bir <a href=\"https:\/\/diagzone.org\/diagzone-buy-subscription\/\" target=\"_self\">yaz\u0131l\u0131m sat\u0131n al\u0131m\u0131<\/a> gereklidir<\/strong>.<\/p>\n<h2 data-start=\"1029\" data-end=\"1055\">\ud83d\udd39 Destek ve rehberlik<\/h2>\n<p data-start=\"1056\" data-end=\"1279\" class=\" translation-block\"><strong data-start=\"1071\" data-end=\"1089\">DiagZone kurulumu<\/strong> konusunda yard\u0131ma m\u0131 ihtiyac\u0131n\u0131z var?<br data-start=\"1090\" data-end=\"1093\">Ekibimiz ad\u0131m ad\u0131m destek sunmaya kendini adam\u0131\u015ft\u0131r. <strong data-start=\"1223\" data-end=\"1233\">Ediag+<\/strong> cihaz\u0131n\u0131z\u0131 <strong data-start=\"1250\" data-end=\"1276\">DiagZone OBD2 platformu<\/strong> ile kullanma konusunda rehberli\u011fe ihtiyac\u0131n\u0131z olursa diledi\u011finiz zaman <a href=\"https:\/\/wa.me\/31647604324\" target=\"_self\">bizimle ileti\u015fime ge\u00e7ebilirsiniz<\/a>.<\/p>\n<h2 data-start=\"1281\" data-end=\"1306\">\ud83d\udd39 Kalite G\u00fcvencesi<\/h2>\n<p data-start=\"1307\" data-end=\"1514\" class=\" translation-block\">Her <strong data-start=\"1313\" data-end=\"1333\">Kingbolen Ediag+<\/strong>, <strong data-start=\"1344\" data-end=\"1383\">sevkiyattan \u00f6nce DiagZone \u00fczerinde test edilir<\/strong>.<br data-start=\"1384\" data-end=\"1387\">Bu, do\u011fru \u00e7al\u0131\u015fma ve stabil ileti\u015fim sa\u011flayarak profesyonel ve ki\u015fisel kullan\u0131m i\u00e7in g\u00fcvenilir performans sunar.<\/p>\n<h1 data-start=\"1516\" data-end=\"1539\">\u00dcr\u00fcn a\u00e7\u0131klamas\u0131<\/h1>\n<p data-start=\"1541\" data-end=\"1716\" class=\" translation-block\"><strong data-start=\"1545\" data-end=\"1565\">Kingbolen Ediag+<\/strong>, ThinkDiag 2\u2019nin klonu olarak geli\u015ftirilmi\u015f ve <strong data-start=\"1579\" data-end=\"1618\">Bluetooth OBD2 diagnostik konnekt\u00f6r\u00fc<\/strong> olup <strong data-start=\"1692\" data-end=\"1713\">DiagZone yaz\u0131l\u0131m\u0131<\/strong> ile uyumluluk i\u00e7in tasarlanm\u0131\u015ft\u0131r.<\/p>\n<p data-start=\"1718\" data-end=\"2445\">\u2705 Profesyonel bir OBD2 Bluetooth adapt\u00f6r\u00fc olarak \u00e7al\u0131\u015f\u0131r<br data-start=\"1766\" data-end=\"1769\" \/>\u2705 Android cihazlar\u0131 (ak\u0131ll\u0131 telefonlar ve tabletler) destekler \u2013 ile tam uyumludur <strong data-start=\"1844\" data-end=\"1860\">Android 7\u201313<\/strong>, ayr\u0131ca ile <strong data-start=\"1876\" data-end=\"1912\">Android 14 (yaln\u0131zca 32 bit sistemler)<\/strong><br data-start=\"1912\" data-end=\"1915\" \/>\u2705 Uyumluluk i\u00e7in DiagZone yaz\u0131l\u0131m\u0131 ile test edilmi\u015ftir<br data-start=\"1964\" data-end=\"1967\" \/>\u2705 Stabil Bluetooth 5.0\/5.1 \u00e7ift mod ba\u011flant\u0131s\u0131<br data-start=\"2014\" data-end=\"2017\" \/>\u2705 G\u00f6sterge \u0131\u015f\u0131klar\u0131na sahip dayan\u0131kl\u0131 ABS+PC+TPU muhafaza<br data-start=\"2066\" data-end=\"2069\" \/>\u2705 \u0130\u00e7erir <strong data-start=\"2080\" data-end=\"2101\">0,65 m OBD2 kablosu<\/strong> kolay kullan\u0131m i\u00e7in<br data-start=\"2120\" data-end=\"2123\" \/>\u2705 Destekler <strong data-start=\"2134\" data-end=\"2153\">CAN-FD protokol\u00fc<\/strong> yeni nesil ara\u00e7lar i\u00e7in<br data-start=\"2181\" data-end=\"2184\" \/>\u2705 A\u015fa\u011f\u0131dakiler gibi birden fazla servis fonksiyonu <strong data-start=\"2221\" data-end=\"2297\">ya\u011f s\u0131f\u0131rlama, DPF rejenerasyonu, enjekt\u00f6r kodlama, ak\u00fc e\u015fle\u015ftirme ve daha fazlas\u0131<\/strong> (ara\u00e7 modeline ba\u011fl\u0131 olarak)<br data-start=\"2326\" data-end=\"2329\" \/>\u2705 \u00d6zellikler <strong data-start=\"2340\" data-end=\"2391\">\u00e7ift y\u00f6nl\u00fc kontrol, ECU kodlama ve adaptasyon<\/strong>, otomatik VIN alg\u0131lama ve tam sistem sa\u011fl\u0131k raporlar\u0131<\/p>\n<p data-start=\"2447\" data-end=\"2683\">\u26a0\ufe0f <strong data-start=\"2450\" data-end=\"2466\">L\u00fctfen dikkat:<\/strong> Bu konnekt\u00f6r herhangi bir yaz\u0131l\u0131m veya abonelik i\u00e7ermez.<br data-start=\"2528\" data-end=\"2531\" \/>\ud83d\udc49 A <strong data-start=\"2536\" data-end=\"2570\">DiagZone yaz\u0131l\u0131m aboneli\u011fi<\/strong> buradan ayr\u0131 olarak sat\u0131n al\u0131nabilir: <a class=\"decorated-link\" href=\"https:\/\/diagzone.org\/diagzone-buy-subscription\/\" target=\"_new\" rel=\"noopener\" data-start=\"2605\" data-end=\"2681\">DiagZone aboneli\u011fi sat\u0131n al<\/a><\/p>\n<h1 data-start=\"2685\" data-end=\"2717\">Neden Kingbolen Ediag+\u2019y\u0131 se\u00e7melisiniz?<\/h1>\n<ul data-start=\"2719\" data-end=\"3134\">\n<li data-start=\"2719\" data-end=\"2780\">\n<p data-start=\"2721\" data-end=\"2780\"><strong data-start=\"2721\" data-end=\"2778\">ThinkDiag 2 klonu \u2013 ayn\u0131 i\u015flevsellik, daha d\u00fc\u015f\u00fck maliyet<\/strong><\/p>\n<\/li>\n<li data-start=\"2781\" data-end=\"2828\">\n<p data-start=\"2783\" data-end=\"2828\" class=\" translation-block\"><strong data-start=\"290\" data-end=\"317\">Sevkiyat \u00f6ncesi 0 DiagZone \u00fczerinde test edilmi\u015ftir<\/strong><\/p>\n<\/li>\n<li data-start=\"2829\" data-end=\"2884\">\n<p data-start=\"2831\" data-end=\"2884\">Stabil performansl\u0131 profesyonel OBD2 konnekt\u00f6r\u00fc<\/p>\n<\/li>\n<li data-start=\"2885\" data-end=\"2935\">\n<p data-start=\"2887\" data-end=\"2935\">Kompakt tasar\u0131m, Bluetooth 5.0 ile kolay kullan\u0131m<\/p>\n<\/li>\n<li data-start=\"2936\" data-end=\"3032\">\n<p data-start=\"2938\" data-end=\"3032\" class=\" translation-block\"><strong data-start=\"418\" data-end=\"498\">DiagZone binek ara\u00e7lar, elektrikli ara\u00e7lar ve a\u011f\u0131r hizmet yaz\u0131l\u0131m paketleri<\/strong> ile uyumludur<\/p>\n<\/li>\n<li data-start=\"3033\" data-end=\"3134\">\n<p data-start=\"3035\" data-end=\"3134\" class=\" translation-block\">Ba\u015fl\u0131ca diagnostik protokolleri destekler: <strong data-start=\"3072\" data-end=\"3132\">ISO9141, KWP2000, J1850 VPW, J1850 PWM, CAN, UDS, CAN-FD<\/strong><\/p>\n<\/li>\n<\/ul>\n<p data-start=\"3136\" data-end=\"3328\">\u2705 K\u0131sacas\u0131, <strong data-start=\"3152\" data-end=\"3172\">Kingbolen Ediag+<\/strong> is a cost-effective alternative to the ThinkDiag 2, offering the same DiagZone compatibility and advanced features in a compact Bluetooth OBD2 connector.<\/p>","protected":false},"excerpt":{"rendered":"<p class=\" translation-block\"><strong data-start=\"136\" data-end=\"156\">Kingbolen Ediag+<\/strong>, ThinkDiag 2\u2019nin klonu olarak tasarlanm\u0131\u015f ve DiagZone platformu ile tamamen uyumlu, kompakt bir Bluetooth OBD2 konnekt\u00f6r\u00fcd\u00fcr. <strong data-start=\"296\" data-end=\"320\">CAN-FD ileti\u015fimini<\/strong>, \u00e7ift y\u00f6nl\u00fc kontrol\u00fc, ECU kodlamay\u0131 ve \u00e7ok say\u0131da servis s\u0131f\u0131rlama fonksiyonunu destekler. DiagZone \u00fczerinde g\u00fcvenilirlik a\u00e7\u0131s\u0131ndan test edilmi\u015f olup, daha uygun bir fiyatla profesyonel performans sunar.<\/p>","protected":false},"featured_media":3325,"template":"","meta":{"_acf_changed":false,"_seopress_robots_primary_cat":"none","_seopress_titles_title":"Elevate Your Diagnostic Capabilities - Kingbolen Ediag Plus FD","_seopress_titles_desc":"Enhance Your Diagnostics with Kingbolen Ediag Plus, Offering Support for CAN-FD Protocol and Bluetooth 5.0, Compatible with the DiagZone Server.","_seopress_robots_index":"","inline_featured_image":false,"_kad_blocks_custom_css":"","_kad_blocks_head_custom_js":"","_kad_blocks_body_custom_js":"","_kad_blocks_footer_custom_js":"","_themeisle_gutenberg_block_has_review":false,"_kad_post_transparent":"default","_kad_post_title":"","_kad_post_layout":"default","_kad_post_sidebar_id":"","_kad_post_content_style":"default","_kad_post_vertical_padding":"default","_kad_post_feature":"","_kad_post_feature_position":"","_kad_post_header":false,"_kad_post_footer":false,"iawp_total_views":260},"product_cat":[19],"product_tag":[],"class_list":{"0":"post-3324","1":"product","2":"type-product","3":"status-publish","4":"has-post-thumbnail","6":"product_cat-obd-connectors","8":"first","9":"instock","10":"shipping-taxable","11":"purchasable","12":"product-type-simple","13":"entry","14":"content-bg","15":"loop-entry"},"acf":[],"taxonomy_info":{"product_cat":[{"value":19,"label":"Obd connectors"}]},"featured_image_src_large":["https:\/\/diagzone.org\/wp-content\/uploads\/2025\/09\/Ediag_Plus_1.jpg",600,600,false],"author_info":[],"comment_info":"","_links":{"self":[{"href":"https:\/\/diagzone.org\/tr\/wp-json\/wp\/v2\/product\/3324","targetHints":{"allow":["GET"]}}],"collection":[{"href":"https:\/\/diagzone.org\/tr\/wp-json\/wp\/v2\/product"}],"about":[{"href":"https:\/\/diagzone.org\/tr\/wp-json\/wp\/v2\/types\/product"}],"wp:featuredmedia":[{"embeddable":true,"href":"https:\/\/diagzone.org\/tr\/wp-json\/wp\/v2\/media\/3325"}],"wp:attachment":[{"href":"https:\/\/diagzone.org\/tr\/wp-json\/wp\/v2\/media?parent=3324"}],"wp:term":[{"taxonomy":"product_cat","embeddable":true,"href":"https:\/\/diagzone.org\/tr\/wp-json\/wp\/v2\/product_cat?post=3324"},{"taxonomy":"product_tag","embeddable":true,"href":"https:\/\/diagzone.org\/tr\/wp-json\/wp\/v2\/product_tag?post=3324"}],"curies":[{"name":"wp","href":"https:\/\/api.w.org\/{rel}","templated":true}]}}