
{"id":3329,"date":"2025-09-26T14:12:16","date_gmt":"2025-09-26T12:12:16","guid":{"rendered":"https:\/\/diagzone.org\/?post_type=product&#038;p=3329"},"modified":"2026-04-17T16:17:23","modified_gmt":"2026-04-17T14:17:23","slug":"android-diagzone-10inch-obd2-tablet-professional-diagnostic","status":"publish","type":"product","link":"https:\/\/diagzone.org\/tr\/urun\/android-diagzone-10inch-obd2-tablet-professional-diagnostic\/","title":{"rendered":"Android DiagZone 10 in\u00e7 OBD2 Tablet \u2013 Profesyonel Diagnostik"},"content":{"rendered":"<p data-start=\"233\" data-end=\"459\" class=\" translation-block\"><strong data-start=\"268\" data-end=\"306\">Android DiagZone Tablet (3\/128 GB)<\/strong>\u2019e g\u00f6sterdi\u011finiz ilgi i\u00e7in te\u015fekk\u00fcr ederiz.<br data-start=\"307\" data-end=\"310\">Bu profesyonel te\u015fhis tableti, <strong data-start=\"376\" data-end=\"397\">DiagZone platformu<\/strong> ile kullan\u0131m i\u00e7in optimize edilmi\u015ftir ve hem \u00f6zg\u00fcnl\u00fck hem de \u00fcst\u00fcn performans garanti eder.<\/p>\n<h2 data-start=\"461\" data-end=\"485\">\ud83d\udd39 \u00d6nemli Uyar\u0131<\/h2>\n<p data-start=\"486\" data-end=\"649\" class=\" translation-block\"><strong data-start=\"490\" data-end=\"517\">Android DiagZone Tablet<\/strong>, <a href=\"https:\/\/diagzone.org\/diagzone-activation\/\" target=\"_self\"><strong data-start=\"531\" data-end=\"578\">\u00f6nceden y\u00fckl\u00fc DiagZone yaz\u0131l\u0131m\u0131 olmadan<\/strong><\/a> teslim edilir.<\/p>\n<h2 data-start=\"651\" data-end=\"677\">\ud83d\udd39 Destek ve rehberlik<\/h2>\n<p data-start=\"678\" data-end=\"919\" class=\" translation-block\">Tabletinizde veya OBD2 cihaz\u0131n\u0131zda <strong data-start=\"693\" data-end=\"711\">DiagZone kurulumu<\/strong> konusunda yard\u0131ma m\u0131 ihtiyac\u0131n\u0131z var?<br data-start=\"742\" data-end=\"745\">Ekibimiz, ad\u0131m ad\u0131m destek sa\u011flamaya odaklanm\u0131\u015ft\u0131r. <strong data-start=\"895\" data-end=\"916\">DiagZone platformu<\/strong>nun kurulumu veya yap\u0131land\u0131r\u0131lmas\u0131 konusunda yard\u0131ma ihtiyac\u0131n\u0131z olursa diledi\u011finiz zaman <a href=\"https:\/\/wa.me\/31647604324\" target=\"_self\">bizimle ileti\u015fime ge\u00e7ebilirsiniz<\/a>.<\/p>\n<h2 data-start=\"921\" data-end=\"946\">\ud83d\udd39 Kalite G\u00fcvencesi<\/h2>\n<p data-start=\"947\" data-end=\"1170\" class=\" translation-block\">Her <strong data-start=\"953\" data-end=\"980\">Android DiagZone Tablet<\/strong>, DiagZone ile kusursuz \u00e7al\u0131\u015fma ve uyumlulu\u011fu do\u011frulamak i\u00e7in <strong data-start=\"984\" data-end=\"1010\">sevkiyat \u00f6ncesinde test edilir<\/strong>.<br data-start=\"1077\" data-end=\"1080\">Bu, sorunsuz \u00e7al\u0131\u015fma, profesyonel d\u00fczeyde g\u00fcvenilirlik ve uzun \u00f6m\u00fcrl\u00fc dayan\u0131kl\u0131l\u0131k sa\u011flar.<\/p>\n<h1 data-start=\"1177\" data-end=\"1200\">\u00dcr\u00fcn a\u00e7\u0131klamas\u0131<\/h1>\n<p data-start=\"1202\" data-end=\"1549\" class=\" translation-block\"><strong data-start=\"1206\" data-end=\"1259\">Android DiagZone Tablet (3 GB RAM \/ 128 GB Depolama)<\/strong>, <strong data-start=\"1348\" data-end=\"1369\">DiagZone yaz\u0131l\u0131m\u0131<\/strong>n\u0131 \u00e7al\u0131\u015ft\u0131rmak i\u00e7in h\u0131zl\u0131 ve kararl\u0131 bir platform sunan y\u00fcksek performansl\u0131 bir te\u015fhis cihaz\u0131d\u0131r. Geni\u015f dokunmatik ekran\u0131, g\u00fc\u00e7l\u00fc donan\u0131m\u0131 ve optimize edilmi\u015f Android i\u015fletim sistemi sayesinde <strong data-start=\"1498\" data-end=\"1546\">DBScar VII, ThinkDiag 2 veya Kingbolen Ediag plus<\/strong> gibi OBD2 konnekt\u00f6rleri i\u00e7in m\u00fckemmel bir e\u015flik\u00e7idir.<\/p>\n<p data-start=\"1551\" data-end=\"1967\">\u2705 Profesyonel seviyede Android te\u015fhis tableti<br data-start=\"1597\" data-end=\"1600\" \/>\u2705 Kolay te\u015fhis i\u00e7in b\u00fcy\u00fck, y\u00fcksek \u00e7\u00f6z\u00fcn\u00fcrl\u00fckl\u00fc ekran<br data-start=\"1652\" data-end=\"1655\" \/>\u2705 <strong data-start=\"1657\" data-end=\"1684\">3 GB RAM + 128 GB depolama<\/strong> \u2013 ak\u0131c\u0131 performans ve g\u00fcncellemeler i\u00e7in yeterli alan<br data-start=\"1727\" data-end=\"1730\" \/>\u2705 At\u00f6lye veya mobil kullan\u0131m i\u00e7in uzun \u00f6m\u00fcrl\u00fc batarya<br data-start=\"1779\" data-end=\"1782\" \/>\u2705 H\u0131zl\u0131 g\u00fcncellemeler ve kararl\u0131 OBD2 e\u015fle\u015ftirmesi i\u00e7in Wi-Fi ve Bluetooth ba\u011flant\u0131s\u0131<br data-start=\"1854\" data-end=\"1857\" \/>\u2705 Profesyonel dayan\u0131kl\u0131l\u0131k i\u00e7in sa\u011flam kasa<br data-start=\"1901\" data-end=\"1904\" \/>\u2705 Tamamen test edilmi\u015ftir <strong data-start=\"1923\" data-end=\"1949\">DiagZone uyumlulu\u011fu<\/strong> sevkiyattan \u00f6nce<\/p>\n<p>\u26a0\ufe0f <strong data-start=\"179\" data-end=\"195\">L\u00fctfen dikkat:<\/strong> Bu tablet DiagZone yaz\u0131l\u0131m\u0131, abonelik veya OBD2 ba\u011flant\u0131 aparat\u0131 i\u00e7ermez.<br data-start=\"276\" data-end=\"279\" \/>\ud83d\udc49 A <strong data-start=\"284\" data-end=\"318\">DiagZone yaz\u0131l\u0131m aboneli\u011fi<\/strong> buradan ayr\u0131 olarak sat\u0131n al\u0131nabilir: <a class=\"decorated-link\" href=\"https:\/\/diagzone.org\/diagzone-buy-subscription\/\" target=\"_new\" rel=\"noopener\" data-start=\"353\" data-end=\"429\" data-is-only-node=\"\">DiagZone aboneli\u011fi sat\u0131n al<\/a><br data-start=\"429\" data-end=\"432\" \/>\ud83d\udc49 An <strong data-start=\"438\" data-end=\"509\">OBD2 te\u015fhis konnekt\u00f6r\u00fc (<a href=\"https:\/\/diagzone.org\/obd-shop\/\">\u00f6rn. DBScar VII, ThinkDiag 2 veya Ediag+ )<\/a><\/strong> ayr\u0131ca ayr\u0131 olarak sat\u0131n al\u0131nmal\u0131d\u0131r <a href=\"https:\/\/diagzone.org\/obd-shop\/\">ma\u011fazam\u0131z<\/a> tableti DiagZone ile kullanmak i\u00e7in<\/p>\n<h2 data-start=\"921\" data-end=\"946\">\ud83d\udd39 Paket \u0130\u00e7eri\u011fi<\/h2>\n<ul>\n<li style=\"list-style-type: none;\">\n<ul data-start=\"1929\" data-end=\"1991\">\n<li data-start=\"1929\" data-end=\"1942\">\n<p data-start=\"1931\" data-end=\"1942\">Tablet \u00d71<\/p>\n<\/li>\n<li data-start=\"1943\" data-end=\"1970\">\n<p data-start=\"1945\" data-end=\"1970\">USB kablosu (Mini USB) \u00d71<\/p>\n<\/li>\n<li data-start=\"1971\" data-end=\"1991\">\n<p data-start=\"1973\" data-end=\"1991\">G\u00fc\u00e7 adapt\u00f6r\u00fc \u00d71<\/p>\n<\/li>\n<\/ul>\n<\/li>\n<\/ul>\n<h1 data-start=\"2214\" data-end=\"2253\">Neden Android DiagZone Tablet\u2019i Se\u00e7melisiniz?<\/h1>\n<ul data-start=\"2255\" data-end=\"2565\">\n<li data-start=\"2255\" data-end=\"2328\">\n<p data-start=\"2257\" data-end=\"2328\" class=\" translation-block\"><strong data-start=\"2271\" data-end=\"2289\">DiagZone kullan\u0131c\u0131lar\u0131<\/strong> i\u00e7in optimize edilmi\u015ftir \u2013 profesyonel te\u015fhise haz\u0131r<\/p>\n<\/li>\n<li data-start=\"2329\" data-end=\"2392\">\n<p data-start=\"2331\" data-end=\"2392\" class=\" translation-block\">H\u0131zl\u0131 ECU ileti\u015fimi i\u00e7in <strong data-start=\"2331\" data-end=\"2363\">g\u00fc\u00e7l\u00fc donan\u0131m (3\/128 GB)<\/strong><\/p>\n<\/li>\n<li data-start=\"2393\" data-end=\"2465\">\n<p data-start=\"2395\" data-end=\"2465\">Te\u015fhis verileri ve raporlar\u0131n\u0131n net g\u00f6r\u00fcnt\u00fclenmesi i\u00e7in geni\u015f ekran<\/p>\n<\/li>\n<li data-start=\"2466\" data-end=\"2509\">\n<p data-start=\"2468\" data-end=\"2509\">At\u00f6lye ortamlar\u0131 i\u00e7in dayan\u0131kl\u0131 tasar\u0131m<\/p>\n<\/li>\n<li data-start=\"2510\" data-end=\"2565\">\n<p data-start=\"2512\" data-end=\"2565\">DiagZone\u2019un sorunsuz \u00e7al\u0131\u015fmas\u0131n\u0131 garanti etmek i\u00e7in tamamen test edilmi\u015ftir<\/p>\n<\/li>\n<\/ul>\n<p data-start=\"2567\" data-end=\"2750\">\u2705 K\u0131sacas\u0131, <strong data-start=\"2583\" data-end=\"2610\">Android DiagZone Tablet<\/strong> m\u00fckemmel bir kombinasyon sunar <strong data-start=\"2645\" data-end=\"2686\">g\u00fc\u00e7, ta\u015f\u0131nabilirlik ve uyumluluk<\/strong>, bu da onu DiagZone te\u015fhislerini \u00e7al\u0131\u015ft\u0131rmak i\u00e7in ideal bir cihaz haline getirir.<\/p>","protected":false},"excerpt":{"rendered":"<p class=\" translation-block\"><strong data-start=\"2787\" data-end=\"2825\">Android DiagZone Tablet (3\/128 GB)<\/strong>, DiagZone platformunu \u00e7al\u0131\u015ft\u0131rmak \u00fczere optimize edilmi\u015f profesyonel bir te\u015fhis tabletidir. G\u00fc\u00e7l\u00fc Android sistemi, geni\u015f ekran\u0131, WiFi\/Bluetooth ba\u011flant\u0131s\u0131 ve garantili uyumlulu\u011fu sayesinde t\u00fcm te\u015fhis i\u015flemleri i\u00e7in ak\u0131c\u0131 performans ve g\u00fcvenilirlik sunar.<\/p>","protected":false},"featured_media":3332,"template":"","meta":{"_acf_changed":false,"_seopress_robots_primary_cat":"none","_seopress_titles_title":"Android 10\" Diagnostic Tablet 3\/128GB \u2013 DiagZone Ready Device","_seopress_titles_desc":"Professional Android 10\" diagnostic tablet with 3GB RAM and 128GB storage. Pre-tested for DiagZone, reliable performance for automotive diagnostics EOBD","_seopress_robots_index":"","inline_featured_image":false,"_kad_blocks_custom_css":"","_kad_blocks_head_custom_js":"","_kad_blocks_body_custom_js":"","_kad_blocks_footer_custom_js":"","_themeisle_gutenberg_block_has_review":false,"_kad_post_transparent":"default","_kad_post_title":"","_kad_post_layout":"default","_kad_post_sidebar_id":"","_kad_post_content_style":"default","_kad_post_vertical_padding":"default","_kad_post_feature":"","_kad_post_feature_position":"","_kad_post_header":false,"_kad_post_footer":false,"iawp_total_views":612},"product_cat":[21],"product_tag":[41,42,40],"class_list":{"0":"post-3329","1":"product","2":"type-product","3":"status-publish","4":"has-post-thumbnail","6":"product_cat-android-tablets","7":"product_tag-android","8":"product_tag-obd2","9":"product_tag-tablet","11":"first","12":"instock","13":"sale","14":"shipping-taxable","15":"purchasable","16":"product-type-simple","17":"entry","18":"content-bg","19":"loop-entry"},"acf":[],"taxonomy_info":{"product_cat":[{"value":21,"label":"Android tablets"}],"product_tag":[{"value":41,"label":"Android"},{"value":42,"label":"OBD2"},{"value":40,"label":"Tablet"}]},"featured_image_src_large":["https:\/\/diagzone.org\/wp-content\/uploads\/2025\/09\/Launch_Tablet_1.jpg",600,600,false],"author_info":[],"comment_info":"","_links":{"self":[{"href":"https:\/\/diagzone.org\/tr\/wp-json\/wp\/v2\/product\/3329","targetHints":{"allow":["GET"]}}],"collection":[{"href":"https:\/\/diagzone.org\/tr\/wp-json\/wp\/v2\/product"}],"about":[{"href":"https:\/\/diagzone.org\/tr\/wp-json\/wp\/v2\/types\/product"}],"wp:featuredmedia":[{"embeddable":true,"href":"https:\/\/diagzone.org\/tr\/wp-json\/wp\/v2\/media\/3332"}],"wp:attachment":[{"href":"https:\/\/diagzone.org\/tr\/wp-json\/wp\/v2\/media?parent=3329"}],"wp:term":[{"taxonomy":"product_cat","embeddable":true,"href":"https:\/\/diagzone.org\/tr\/wp-json\/wp\/v2\/product_cat?post=3329"},{"taxonomy":"product_tag","embeddable":true,"href":"https:\/\/diagzone.org\/tr\/wp-json\/wp\/v2\/product_tag?post=3329"}],"curies":[{"name":"wp","href":"https:\/\/api.w.org\/{rel}","templated":true}]}}