
{"id":3335,"date":"2025-09-26T14:21:23","date_gmt":"2025-09-26T12:21:23","guid":{"rendered":"https:\/\/diagzone.org\/?post_type=product&#038;p=3335"},"modified":"2025-09-26T16:48:19","modified_gmt":"2025-09-26T14:48:19","slug":"launch-vsp600-videoscope-camera-endoscope","status":"publish","type":"product","link":"https:\/\/diagzone.org\/tr\/urun\/launch-vsp600-videoscope-camera-endoscope\/","title":{"rendered":"Launch VSP600 Videoskop Kamera Endoskop"},"content":{"rendered":"<p data-start=\"142\" data-end=\"372\" class=\" translation-block\"><strong data-start=\"177\" data-end=\"213\">Launch VSP-600 Inspection Camera<\/strong> \u00fcr\u00fcn\u00fcne g\u00f6sterdi\u011finiz ilgi i\u00e7in te\u015fekk\u00fcr ederiz.<br data-start=\"214\" data-end=\"217\">Bu cihaz tamamen yenidir, kalite a\u00e7\u0131s\u0131ndan kapsaml\u0131 \u015fekilde test edilmi\u015ftir ve otomotiv te\u015fhisi i\u00e7in profesyonel d\u00fczeyde g\u00f6rsel inceleme imk\u00e2nlar\u0131 sunmak \u00fczere tasarlanm\u0131\u015ft\u0131r.<\/p>\n<h2 data-start=\"374\" data-end=\"398\">\ud83d\udd39 \u00d6nemli Uyar\u0131<\/h2>\n<p data-start=\"399\" data-end=\"613\" class=\" translation-block\"><strong data-start=\"403\" data-end=\"414\">VSP-600<\/strong>, <strong data-start=\"428\" data-end=\"463\">herhangi bir te\u015fhis yaz\u0131l\u0131m\u0131 olmadan<\/strong> teslim edilir.<br data-start=\"464\" data-end=\"467\">DiagZone veya di\u011fer te\u015fhis ara\u00e7lar\u0131yla birlikte ara\u00e7 incelemelerinde kullanmak i\u00e7in uyumlu bir inceleme uygulamas\u0131 veya mod\u00fcl\u00fc gerekebilir.<\/p>\n<h2 data-start=\"615\" data-end=\"641\">\ud83d\udd39 Destek ve rehberlik<\/h2>\n<p data-start=\"642\" data-end=\"856\" class=\" translation-block\">Muayene kameras\u0131n\u0131 kurma veya kullanma konusunda yard\u0131ma m\u0131 ihtiyac\u0131n\u0131z var?<br data-start=\"694\" data-end=\"697\">Ekibimiz ad\u0131m ad\u0131m destek sa\u011flamaya haz\u0131rd\u0131r. VSP-600\u2019\u00fc te\u015fhis kurulumunuza entegre etme konusunda yard\u0131ma ihtiya\u00e7 duyarsan\u0131z istedi\u011finiz zaman bizimle ileti\u015fime ge\u00e7ebilirsiniz.<\/p>\n<h2 data-start=\"858\" data-end=\"883\">\ud83d\udd39 Kalite G\u00fcvencesi<\/h2>\n<p data-start=\"884\" data-end=\"1088\" class=\" translation-block\">Her <strong data-start=\"890\" data-end=\"908\">Launch VSP-600<\/strong>, sevkiyat \u00f6ncesinde titiz testlerden ge\u00e7irilir.<br data-start=\"952\" data-end=\"955\">G\u00fcvenilir \u00e7al\u0131\u015fma ve uzun \u00f6m\u00fcrl\u00fc dayan\u0131kl\u0131l\u0131k sa\u011flamak i\u00e7in kamera netli\u011fi, kablo b\u00fct\u00fcnl\u00fc\u011f\u00fc, su ge\u00e7irmez contalar ve ba\u011flant\u0131 kontrol edilir.<\/p>\n<hr data-start=\"1090\" data-end=\"1093\" \/>\n<h1 data-start=\"1095\" data-end=\"1118\">\u00dcr\u00fcn a\u00e7\u0131klamas\u0131<\/h1>\n<p data-start=\"1120\" data-end=\"1350\" class=\" translation-block\"><strong data-start=\"1124\" data-end=\"1160\">Launch VSP-600 Inspection Camera<\/strong>, otomotiv te\u015fhisi i\u00e7in tasarlanm\u0131\u015f profesyonel bir g\u00f6rsel inceleme arac\u0131d\u0131r. Dar alanlar\u0131n, borular\u0131n, motor b\u00f6lmelerinin ve eri\u015filmesi zor bile\u015fenlerin incelenmesine yard\u0131mc\u0131 olur.<\/p>\n<p data-start=\"1352\" data-end=\"1591\">\u2705 Ayarlanabilir LED ayd\u0131nlatmaya sahip y\u00fcksek \u00e7\u00f6z\u00fcn\u00fcrl\u00fckl\u00fc kamera mod\u00fcl\u00fc<br data-start=\"1412\" data-end=\"1415\" \/>\u2705 Dar alanlar i\u00e7in esnek ve su ge\u00e7irmez prob<br data-start=\"1462\" data-end=\"1465\" \/>\u2705 At\u00f6lye kullan\u0131m\u0131na uygun dayan\u0131kl\u0131 muhafaza ve kablo<br data-start=\"1516\" data-end=\"1519\" \/>\u2705 Te\u015fhis sistemlerindeki muayene yaz\u0131l\u0131mlar\u0131 veya mod\u00fcllerle uyumludur<\/p>\n<p data-start=\"1593\" data-end=\"1809\">\u26a0\ufe0f <strong data-start=\"1596\" data-end=\"1612\">L\u00fctfen dikkat:<\/strong> VSP-600, DiagZone yaz\u0131l\u0131m\u0131n\u0131 veya bir te\u015fhis aboneli\u011fini i\u00e7ermez.<br data-start=\"1689\" data-end=\"1692\" \/>\ud83d\udc49 Te\u015fhis sisteminizde kamera g\u00f6r\u00fcnt\u00fcs\u00fcn\u00fc g\u00f6stermek i\u00e7in ayr\u0131 bir muayene uygulamas\u0131 veya uyumlu bir mod\u00fcl gereklidir<\/p>\n<hr data-start=\"1811\" data-end=\"1814\" \/>\n<h1 data-start=\"1816\" data-end=\"1846\">Neden Launch VSP-600\u2019\u00fc se\u00e7melisiniz?<\/h1>\n<ul data-start=\"1848\" data-end=\"2078\">\n<li data-start=\"1848\" data-end=\"1910\">\n<p data-start=\"1850\" data-end=\"1910\">Otomotiv ortamlar\u0131 i\u00e7in profesyonel inceleme kameras\u0131<\/p>\n<\/li>\n<li data-start=\"1911\" data-end=\"1967\">\n<p data-start=\"1913\" data-end=\"1967\">Optik netlik ve mekanik dayan\u0131kl\u0131l\u0131k i\u00e7in test edilmi\u015ftir<\/p>\n<\/li>\n<li data-start=\"1968\" data-end=\"2016\">\n<p data-start=\"1970\" data-end=\"2016\">Te\u015fhis teknisyenleri i\u00e7in ideal yard\u0131mc\u0131 ara\u00e7<\/p>\n<\/li>\n<li data-start=\"2017\" data-end=\"2078\">\n<p data-start=\"2019\" data-end=\"2078\">OBD2 taray\u0131c\u0131lar ve te\u015fhis tabletleri i\u00e7in m\u00fckemmel tamamlay\u0131c\u0131<\/p>\n<\/li>\n<\/ul>\n<p data-start=\"2080\" data-end=\"2266\">\u2705 K\u0131sacas\u0131, <strong data-start=\"2096\" data-end=\"2132\">Launch VSP-600 Inspection Camera<\/strong> is a robust, high-clarity visual tool designed to help mechanics and diagnostic professionals inspect hard-to-reach areas reliably.<\/p>","protected":false},"excerpt":{"rendered":"<p>Launch VSP-600 Inspection Camera, otomotiv te\u015fhisi i\u00e7in tasarlanm\u0131\u015f profesyonel bir yard\u0131mc\u0131 ara\u00e7t\u0131r. Y\u00fcksek \u00e7\u00f6z\u00fcn\u00fcrl\u00fckl\u00fc kamera, LED ayd\u0131nlatma ve esnek, su ge\u00e7irmez prob ile donat\u0131lm\u0131\u015ft\u0131r. Motorlar, borular ve ara\u00e7 bile\u015fenlerindeki zor eri\u015filen alanlar\u0131n incelenmesi i\u00e7in idealdir; at\u00f6lye ortamlar\u0131nda net g\u00f6r\u00fcnt\u00fc ve g\u00fcvenilir performans sunar.<\/p>","protected":false},"featured_media":3338,"template":"","meta":{"_acf_changed":false,"_seopress_robots_primary_cat":"none","_seopress_titles_title":"Launch VSP-600 Inspection Camera \u2013 Professional Automotive Endoscope HD","_seopress_titles_desc":"The Launch VSP-600 Inspection Camera offers HD imaging, LED lights, and a flexible waterproof probe. Ideal for checking hard-to-reach vehicle parts.","_seopress_robots_index":"","inline_featured_image":false,"_kad_blocks_custom_css":"","_kad_blocks_head_custom_js":"","_kad_blocks_body_custom_js":"","_kad_blocks_footer_custom_js":"","_themeisle_gutenberg_block_has_review":false,"_kad_post_transparent":"default","_kad_post_title":"","_kad_post_layout":"default","_kad_post_sidebar_id":"","_kad_post_content_style":"default","_kad_post_vertical_padding":"default","_kad_post_feature":"","_kad_post_feature_position":"","_kad_post_header":false,"_kad_post_footer":false,"iawp_total_views":23},"product_cat":[22],"product_tag":[32,36,27,35,33,34,31],"class_list":{"0":"post-3335","1":"product","2":"type-product","3":"status-publish","4":"has-post-thumbnail","6":"product_cat-accessories","7":"product_tag-camera","8":"product_tag-diagnostics","9":"product_tag-hd","10":"product_tag-led","11":"product_tag-videoscope","12":"product_tag-vsp-600","13":"product_tag-vsp600","15":"first","16":"instock","17":"shipping-taxable","18":"purchasable","19":"product-type-simple","20":"entry","21":"content-bg","22":"loop-entry"},"acf":[],"taxonomy_info":{"product_cat":[{"value":22,"label":"Accessories"}],"product_tag":[{"value":32,"label":"Camera"},{"value":36,"label":"diagnostics"},{"value":27,"label":"HD"},{"value":35,"label":"LED"},{"value":33,"label":"Videoscope"},{"value":34,"label":"VSP-600"},{"value":31,"label":"VSP600"}]},"featured_image_src_large":["https:\/\/diagzone.org\/wp-content\/uploads\/2025\/09\/Launch_VSP_600_1.jpg",600,600,false],"author_info":[],"comment_info":"","_links":{"self":[{"href":"https:\/\/diagzone.org\/tr\/wp-json\/wp\/v2\/product\/3335","targetHints":{"allow":["GET"]}}],"collection":[{"href":"https:\/\/diagzone.org\/tr\/wp-json\/wp\/v2\/product"}],"about":[{"href":"https:\/\/diagzone.org\/tr\/wp-json\/wp\/v2\/types\/product"}],"wp:featuredmedia":[{"embeddable":true,"href":"https:\/\/diagzone.org\/tr\/wp-json\/wp\/v2\/media\/3338"}],"wp:attachment":[{"href":"https:\/\/diagzone.org\/tr\/wp-json\/wp\/v2\/media?parent=3335"}],"wp:term":[{"taxonomy":"product_cat","embeddable":true,"href":"https:\/\/diagzone.org\/tr\/wp-json\/wp\/v2\/product_cat?post=3335"},{"taxonomy":"product_tag","embeddable":true,"href":"https:\/\/diagzone.org\/tr\/wp-json\/wp\/v2\/product_tag?post=3335"}],"curies":[{"name":"wp","href":"https:\/\/api.w.org\/{rel}","templated":true}]}}