
{"id":3349,"date":"2025-09-26T16:17:18","date_gmt":"2025-09-26T14:17:18","guid":{"rendered":"https:\/\/diagzone.org\/?post_type=product&#038;p=3349"},"modified":"2025-09-26T16:23:59","modified_gmt":"2025-09-26T14:23:59","slug":"doip-obd2-16-pin-adapter-cable-compatible-with-dbscar-vii-thinkdiag-2","status":"publish","type":"product","link":"https:\/\/diagzone.org\/tr\/urun\/doip-obd2-16-pin-adapter-cable-compatible-with-dbscar-vii-thinkdiag-2\/","title":{"rendered":"DOIP OBD2 16 pin adapt\u00f6r kablosu \u2013 DBScar VII \u2013 ThinkDiag 2 ile uyumlu"},"content":{"rendered":"<p data-start=\"131\" data-end=\"365\" class=\" translation-block\">DOIP OBD2 Adapt\u00f6r Kablosu\u2019na g\u00f6sterdi\u011finiz ilgi i\u00e7in te\u015fekk\u00fcr ederiz.<br data-start=\"208\" data-end=\"211\">Bu adapt\u00f6r s\u0131f\u0131r \u00fcr\u00fcnd\u00fcr, <a href=\"https:\/\/diagzone.org\/product\/launch-dbscar-vii-dbscar7-bluetooth-obd2-scanner-supports-can-fd-doip-protocols-powerful-all-systems-for-x431\/\" target=\"_self\">DBScar VII<\/a> ve <a href=\"https:\/\/diagzone.org\/product\/thinkcar-thinkdiag-2-can-fd-bi-directional-obd2-scanner\/\" target=\"_self\">ThinkDiag 2<\/a> ile uyumlulu\u011fu test edilmi\u015ftir ve hem orijinalli\u011fi hem de stabil performans\u0131 garanti eder.<\/p>\n<p data-start=\"367\" data-end=\"577\">\ud83d\udd39 <strong data-start=\"370\" data-end=\"390\">\u00d6nemli Uyar\u0131<\/strong><br data-start=\"390\" data-end=\"393\" \/>DOIP adapt\u00f6r kablosu herhangi bir yaz\u0131l\u0131m i\u00e7ermez.<br data-start=\"446\" data-end=\"449\" \/>Bu cihaz\u0131 kullanmak i\u00e7in uyumlu bir diagnostik konnekt\u00f6r gereklidir.<a href=\"https:\/\/diagzone.org\/product\/launch-dbscar-vii-dbscar7-bluetooth-obd2-scanner-supports-can-fd-doip-protocols-powerful-all-systems-for-x431\/\">DBScar VII<\/a> veya <a href=\"https:\/\/diagzone.org\/product\/thinkcar-thinkdiag-2-can-fd-bi-directional-obd2-scanner\/\">ThinkDiag 2<\/a>) ve <a href=\"https:\/\/diagzone.org\/diagzone-activation\/\">ayr\u0131 yaz\u0131l\u0131m sat\u0131n alma<\/a> gereklidir.<\/p>\n<p data-start=\"579\" data-end=\"806\">\ud83d\udd39 <strong data-start=\"582\" data-end=\"604\">Destek ve y\u00f6nlendirme<\/strong><br data-start=\"604\" data-end=\"607\" \/>Kurulum konusunda yard\u0131ma m\u0131 ihtiyac\u0131n\u0131z var?<br data-start=\"628\" data-end=\"631\" \/>Ekibimiz ad\u0131m ad\u0131m destek sa\u011flamaya odaklanm\u0131\u015ft\u0131r. \u00c7ekinmeden <a href=\"https:\/\/wa.me\/31647604324\">bizimle ileti\u015fime ge\u00e7in<\/a> DOIP kablonuzu DiagZone OBD2 platformu ile kullanma konusunda rehberli\u011fe ihtiya\u00e7 duydu\u011funuzda her zaman.<\/p>\n<p data-start=\"808\" data-end=\"1003\">\ud83d\udd39 <strong data-start=\"811\" data-end=\"832\">Kalite G\u00fcvencesi<\/strong><br data-start=\"832\" data-end=\"835\" \/>Her DOIP adapt\u00f6r kablosu g\u00f6nderimden \u00f6nce i\u015flevsellik testinden ge\u00e7irilir.<br data-start=\"908\" data-end=\"911\" \/>Bu, kusursuz \u00e7al\u0131\u015fma, profesyonel d\u00fczeyde g\u00fcvenilirlik ve uzun \u00f6m\u00fcrl\u00fc dayan\u0131kl\u0131l\u0131k sa\u011flar.<\/p>\n<p data-start=\"1005\" data-end=\"1241\" class=\" translation-block\"><strong data-start=\"1005\" data-end=\"1028\">\u00dcr\u00fcn a\u00e7\u0131klamas\u0131<\/strong><br data-start=\"1028\" data-end=\"1031\">DOIP OBD2 adapt\u00f6r kablosu, DOIP protokol\u00fcn\u00fc destekleyen modern ara\u00e7larda diagnostik yetenekleri geni\u015fletmek i\u00e7in tasarlanm\u0131\u015ft\u0131r. OBD2 konnekt\u00f6r\u00fc ile ara\u00e7 aras\u0131nda h\u0131zl\u0131 ve stabil veri aktar\u0131m\u0131 sa\u011flar.<\/p>\n<p data-start=\"1243\" data-end=\"1504\">\u2705 DBScar VII ve ThinkDiag 2 konnekt\u00f6rleriyle uyumludur<br data-start=\"1293\" data-end=\"1296\" \/>\u2705 DOIP protokol\u00fcne sahip ara\u00e7larda te\u015fhise olanak tan\u0131r<br data-start=\"1348\" data-end=\"1351\" \/>\u2705 OBD2 16 pin tak-\u00e7al\u0131\u015ft\u0131r ba\u011flant\u0131<br data-start=\"1387\" data-end=\"1390\" \/>\u2705 DiagZone platformu ile uyumluluk a\u00e7\u0131s\u0131ndan test edilmi\u015ftir<br data-start=\"1439\" data-end=\"1442\" \/>\u2705 Profesyonel at\u00f6lye kullan\u0131m\u0131 i\u00e7in dayan\u0131kl\u0131 malzemelerle \u00fcretilmi\u015ftir<\/p>\n<p data-start=\"1506\" data-end=\"1703\">\u26a0\ufe0f <strong data-start=\"1509\" data-end=\"1525\">L\u00fctfen dikkat:<\/strong> Bu adapt\u00f6r herhangi bir yaz\u0131l\u0131m veya diagnostik konnekt\u00f6r i\u00e7ermez.<br data-start=\"1591\" data-end=\"1594\" \/>\ud83d\udc49 DiagZone ile uyumlu bir konnekt\u00f6r (\u00f6rn., <a href=\"https:\/\/diagzone.org\/product\/launch-dbscar-vii-dbscar7-bluetooth-obd2-scanner-supports-can-fd-doip-protocols-powerful-all-systems-for-x431\/\">DBScar VII<\/a> veya <a href=\"https:\/\/diagzone.org\/product\/thinkcar-thinkdiag-2-can-fd-bi-directional-obd2-scanner\/\">ThinkDiag 2<\/a>) ve kullan\u0131m i\u00e7in abonelik gereklidir.<\/p>\n<p data-start=\"1705\" data-end=\"1745\"><strong data-start=\"1705\" data-end=\"1743\">Neden DOIP Adapt\u00f6r Kablosunu Se\u00e7melisiniz?<\/strong><\/p>\n<ul data-start=\"1746\" data-end=\"1943\">\n<li data-start=\"1746\" data-end=\"1793\">\n<p data-start=\"1748\" data-end=\"1793\">Sevkiyattan \u00f6nce 0 g\u00fcvenilirlik testinden ge\u00e7irilmi\u015ftir<\/p>\n<\/li>\n<li data-start=\"1794\" data-end=\"1848\">\n<p data-start=\"1796\" data-end=\"1848\">Diagnostics over Internet Protocol (DOIP) deste\u011fi sunar<\/p>\n<\/li>\n<li data-start=\"1849\" data-end=\"1898\">\n<p data-start=\"1851\" data-end=\"1898\">Modern binek ara\u00e7lar ve elektrikli ara\u00e7larla uyumludur<\/p>\n<\/li>\n<li data-start=\"1899\" data-end=\"1943\">\n<p data-start=\"1901\" data-end=\"1943\">Kompakt, kullan\u0131m\u0131 kolay ve at\u00f6lye kullan\u0131m\u0131na haz\u0131r<\/p>\n<\/li>\n<\/ul>","protected":false},"excerpt":{"rendered":"<p>DBScar VII ve ThinkDiag 2 konnekt\u00f6rlerini kullanan cihazlar i\u00e7in tasarlanm\u0131\u015f y\u00fcksek kaliteli DOIP OBD2 adapt\u00f6r kablosu. DOIP protokol\u00fcn\u00fc destekleyen modern ara\u00e7larda diagnostik i\u015flemleri m\u00fcmk\u00fcn k\u0131lar.<\/p>","protected":false},"featured_media":3350,"template":"","meta":{"_acf_changed":false,"_seopress_robots_primary_cat":"none","_seopress_titles_title":"DOIP OBD2 Adapter Cable \u2013 Compatible with DBScar VII & ThinkDiag 2","_seopress_titles_desc":"Professional DOIP OBD2 adapter cable for DBScar VII and ThinkDiag 2. Supports Diagnostics over Internet Protocol for modern vehicles with stable, reliable performance.","_seopress_robots_index":"","inline_featured_image":false,"_kad_blocks_custom_css":"","_kad_blocks_head_custom_js":"","_kad_blocks_body_custom_js":"","_kad_blocks_footer_custom_js":"","_themeisle_gutenberg_block_has_review":false,"_kad_post_transparent":"default","_kad_post_title":"","_kad_post_layout":"default","_kad_post_sidebar_id":"","_kad_post_content_style":"default","_kad_post_vertical_padding":"default","_kad_post_feature":"","_kad_post_feature_position":"","_kad_post_header":false,"_kad_post_footer":false,"iawp_total_views":94},"product_cat":[22],"product_tag":[],"class_list":{"0":"post-3349","1":"product","2":"type-product","3":"status-publish","4":"has-post-thumbnail","6":"product_cat-accessories","8":"first","9":"instock","10":"shipping-taxable","11":"purchasable","12":"product-type-simple","13":"entry","14":"content-bg","15":"loop-entry"},"acf":[],"taxonomy_info":{"product_cat":[{"value":22,"label":"Accessories"}]},"featured_image_src_large":["https:\/\/diagzone.org\/wp-content\/uploads\/2025\/09\/Launch_DOIP_Connector_1.jpg",600,600,false],"author_info":[],"comment_info":"","_links":{"self":[{"href":"https:\/\/diagzone.org\/tr\/wp-json\/wp\/v2\/product\/3349","targetHints":{"allow":["GET"]}}],"collection":[{"href":"https:\/\/diagzone.org\/tr\/wp-json\/wp\/v2\/product"}],"about":[{"href":"https:\/\/diagzone.org\/tr\/wp-json\/wp\/v2\/types\/product"}],"wp:featuredmedia":[{"embeddable":true,"href":"https:\/\/diagzone.org\/tr\/wp-json\/wp\/v2\/media\/3350"}],"wp:attachment":[{"href":"https:\/\/diagzone.org\/tr\/wp-json\/wp\/v2\/media?parent=3349"}],"wp:term":[{"taxonomy":"product_cat","embeddable":true,"href":"https:\/\/diagzone.org\/tr\/wp-json\/wp\/v2\/product_cat?post=3349"},{"taxonomy":"product_tag","embeddable":true,"href":"https:\/\/diagzone.org\/tr\/wp-json\/wp\/v2\/product_tag?post=3349"}],"curies":[{"name":"wp","href":"https:\/\/api.w.org\/{rel}","templated":true}]}}