
{"id":3354,"date":"2025-09-26T16:32:30","date_gmt":"2025-09-26T14:32:30","guid":{"rendered":"https:\/\/diagzone.org\/?post_type=product&#038;p=3354"},"modified":"2025-09-26T16:47:00","modified_gmt":"2025-09-26T14:47:00","slug":"gt106-plus-heavy-truck-power-adapter-24v-to-12v-adapter","status":"publish","type":"product","link":"https:\/\/diagzone.org\/tr\/urun\/gt106-plus-heavy-truck-power-adapter-24v-to-12v-adapter\/","title":{"rendered":"GT106 Plus A\u011f\u0131r Hizmet Kamyon G\u00fc\u00e7 Adapt\u00f6r\u00fc \/ 24V\u201312V Adapt\u00f6r"},"content":{"rendered":"<p data-start=\"781\" data-end=\"1040\" class=\" translation-block\"><strong data-start=\"816\" data-end=\"868\">GT106 Plus a\u011f\u0131r hizmet ara\u00e7lar\u0131 i\u00e7in g\u00fc\u00e7 d\u00f6n\u00fc\u015ft\u00fcr\u00fcc\u00fc ve adapt\u00f6r<\/strong>\u2019a g\u00f6sterdi\u011finiz ilgi i\u00e7in te\u015fekk\u00fcr ederiz.<br data-start=\"869\" data-end=\"872\">Bu cihaz, a\u011f\u0131r hizmet ara\u00e7lar\u0131nda 24V\u2019tan 12V\u2019a stabil g\u00fc\u00e7 d\u00f6n\u00fc\u015f\u00fcm\u00fc sa\u011flamak \u00fczere tasarlanm\u0131\u015ft\u0131r ve diagnostik ekipmanlar ile otomotiv aksesuarlar\u0131 i\u00e7in g\u00fcvenilir destek sunar.<\/p>\n<p data-start=\"1042\" data-end=\"1269\">\ud83d\udd39 <strong data-start=\"1045\" data-end=\"1065\">\u00d6nemli Uyar\u0131<\/strong><br data-start=\"1065\" data-end=\"1068\" \/>GT106 Plus bir <strong data-start=\"1088\" data-end=\"1118\">yaln\u0131zca d\u00f6n\u00fc\u015ft\u00fcr\u00fcc\u00fc ve adapt\u00f6r<\/strong>\u2014diagnostik i\u015flevler veya yaz\u0131l\u0131m i\u00e7ermez.<br data-start=\"1172\" data-end=\"1175\" \/>Birincil g\u00f6revi, kamyonlardaki 24V sistemleri aletler ve cihazlar i\u00e7in g\u00fcvenli 12V \u00e7\u0131k\u0131\u015fa d\u00f6n\u00fc\u015ft\u00fcrmektir.<\/p>\n<p data-start=\"1271\" data-end=\"1469\">\ud83d\udd39 <strong data-start=\"1274\" data-end=\"1296\">Destek ve y\u00f6nlendirme<\/strong><br data-start=\"1296\" data-end=\"1299\" \/>GT106 Plus d\u00f6n\u00fc\u015ft\u00fcr\u00fcc\u00fcn\u00fcz\u00fc ba\u011flama konusunda yard\u0131ma m\u0131 ihtiyac\u0131n\u0131z var?<br data-start=\"1346\" data-end=\"1349\" \/>Ekibimiz, kurulum ve diagnostik cihazlar\u0131n\u0131zla g\u00fcvenli entegrasyon i\u00e7in ad\u0131m ad\u0131m destek sa\u011flamaya haz\u0131rd\u0131r.<\/p>\n<p data-start=\"1471\" data-end=\"1678\">\ud83d\udd39 <strong data-start=\"1474\" data-end=\"1495\">Kalite G\u00fcvencesi<\/strong><br data-start=\"1495\" data-end=\"1498\" \/>Her GT106 Plus d\u00f6n\u00fc\u015ft\u00fcr\u00fcc\u00fc g\u00f6nderimden \u00f6nce kapsaml\u0131 \u015fekilde test edilir.<br data-start=\"1562\" data-end=\"1565\" \/>At\u00f6lyelerde g\u00fcvenli ve uzun s\u00fcreli kullan\u0131m i\u00e7in stabil voltaj \u00e7\u0131k\u0131\u015f\u0131, y\u00fcksek dayan\u0131kl\u0131l\u0131k ve termal koruma sa\u011fl\u0131yoruz.<\/p>\n<h2 data-start=\"1685\" data-end=\"1712\">\u00dcr\u00fcn a\u00e7\u0131klamas\u0131<\/h2>\n<p data-start=\"1714\" data-end=\"2028\" class=\" translation-block\"><strong data-start=\"1718\" data-end=\"1770\">GT106 Plus a\u011f\u0131r hizmet ara\u00e7lar\u0131 i\u00e7in g\u00fc\u00e7 d\u00f6n\u00fc\u015ft\u00fcr\u00fcc\u00fc ve adapt\u00f6r<\/strong>, a\u011f\u0131r vas\u0131talar, otob\u00fcsler ve kamyonlarla \u00e7al\u0131\u015fan profesyoneller i\u00e7in \u00fcretilmi\u015ftir. Ara\u00e7 voltaj\u0131n\u0131 verimli bir \u015fekilde 24V\u2019tan 12V\u2019a d\u00fc\u015f\u00fcrerek diagnostik taray\u0131c\u0131lar\u0131n, tabletlerin, kameralar\u0131n ve di\u011fer 12V aksesuarlar\u0131n do\u011frudan arac\u0131n sisteminden beslenmesini sa\u011flar.<\/p>\n<p data-start=\"2030\" data-end=\"2311\">\u2705 24V\u2019tan 12V\u2019a d\u00fc\u015f\u00fcr\u00fcc\u00fc d\u00f6n\u00fc\u015f\u00fcm<br data-start=\"2063\" data-end=\"2066\" \/>\u2705 \u00c7ift i\u015flev \u2013 d\u00f6n\u00fc\u015ft\u00fcr\u00fcc\u00fc ve adapt\u00f6r olarak \u00e7al\u0131\u015f\u0131r<br data-start=\"2114\" data-end=\"2117\" \/>\u2705 A\u011f\u0131r hizmet ortamlar\u0131 i\u00e7in dayan\u0131kl\u0131 muhafaza<br data-start=\"2161\" data-end=\"2164\" \/>\u2705 A\u015f\u0131r\u0131 ak\u0131m, a\u015f\u0131r\u0131 voltaj ve a\u015f\u0131r\u0131 \u0131s\u0131nmaya kar\u015f\u0131 dahili koruma<br data-start=\"2237\" data-end=\"2240\" \/>\u2705 OBD2 te\u015fhis cihazlar\u0131 ve at\u00f6lye elektroni\u011fini beslemek i\u00e7in idealdir<\/p>\n<p data-start=\"2313\" data-end=\"2451\">\u26a0\ufe0f <strong data-start=\"2316\" data-end=\"2332\">L\u00fctfen dikkat:<\/strong> Bu yaln\u0131zca bir g\u00fc\u00e7 d\u00f6n\u00fc\u015ft\u00fcrme aksesuar\u0131d\u0131r.<br data-start=\"2375\" data-end=\"2378\" \/>\ud83d\udc49 A <a href=\"https:\/\/diagzone.org\/obd-shop\/\">diagnostik cihaz<\/a> veya <a href=\"https:\/\/diagzone.org\/diagzone-buy-subscription\/\">yaz\u0131l\u0131m<\/a> ara\u00e7 te\u015fhisi i\u00e7in gereklidir.<\/p>\n<h2 data-start=\"2458\" data-end=\"2508\">\ud83d\udccc Neden GT106 Plus D\u00f6n\u00fc\u015ft\u00fcr\u00fcc\u00fc ve Adapt\u00f6r?<\/h2>\n<ul data-start=\"2510\" data-end=\"2741\">\n<li data-start=\"2510\" data-end=\"2564\">\n<p data-start=\"2512\" data-end=\"2564\">Kamyonlar i\u00e7in profesyonel 24V\u201312V d\u00f6n\u00fc\u015ft\u00fcr\u00fcc\u00fc<\/p>\n<\/li>\n<li data-start=\"2565\" data-end=\"2628\">\n<p data-start=\"2567\" data-end=\"2628\">Diagnostik tabletler ve OBD2 cihazlar\u0131 i\u00e7in stabil \u00e7\u0131k\u0131\u015f sa\u011flar<\/p>\n<\/li>\n<li data-start=\"2629\" data-end=\"2678\">\n<p data-start=\"2631\" data-end=\"2678\">Dayan\u0131kl\u0131 ve g\u00fcvenilir \u2013 sevkiyattan \u00f6nce test edilmi\u015ftir<\/p>\n<\/li>\n<li data-start=\"2679\" data-end=\"2741\">\n<p data-start=\"2681\" data-end=\"2741\">At\u00f6lyede veya yolda kullan\u0131m i\u00e7in kompakt, g\u00fcvenli ve kullan\u0131m\u0131 kolay<\/p>\n<\/li>\n<\/ul>\n<p>\u2705 <strong data-start=\"140\" data-end=\"351\">K\u0131saca, Godiag GT106 Plus Heavy Truck Power Adapter, a\u011f\u0131r hizmet ara\u00e7lar\u0131n\u0131n te\u015fhisi ve at\u00f6lye kullan\u0131m\u0131 i\u00e7in g\u00fcvenli, stabil ve verimli g\u00fc\u00e7 kayna\u011f\u0131 sa\u011flamak \u00fczere tasarlanm\u0131\u015f g\u00fcvenilir bir 24V\u2019tan 12V\u2019a d\u00f6n\u00fc\u015ft\u00fcr\u00fcc\u00fcd\u00fcr.<\/strong><\/p>","protected":false},"excerpt":{"rendered":"<p data-start=\"641\" data-end=\"852\" class=\" translation-block\"><strong data-start=\"585\" data-end=\"637\">GT106 Plus A\u011f\u0131r Hizmet G\u00fc\u00e7 D\u00f6n\u00fc\u015ft\u00fcr\u00fcc\u00fc ve Adapt\u00f6r<\/strong>, 24V\u2019u 12V\u2019a d\u00f6n\u00fc\u015ft\u00fcrerek ticari ara\u00e7larda diagnostik cihazlar ve aksesuarlar i\u00e7in g\u00fcvenli g\u00fc\u00e7 sa\u011flar.<\/p>","protected":false},"featured_media":3355,"template":"","meta":{"_acf_changed":false,"_seopress_robots_primary_cat":"none","_seopress_titles_title":"GT106 Plus Heavy Truck 24V to 12V Power Converter & Adapter","_seopress_titles_desc":"GT106 Plus 24V to 12V converter and power adapter for heavy trucks. Stable voltage output for diagnostic tools, tablets, and automotive accessories.","_seopress_robots_index":"","inline_featured_image":false,"_kad_blocks_custom_css":"","_kad_blocks_head_custom_js":"","_kad_blocks_body_custom_js":"","_kad_blocks_footer_custom_js":"","_themeisle_gutenberg_block_has_review":false,"_kad_post_transparent":"default","_kad_post_title":"","_kad_post_layout":"default","_kad_post_sidebar_id":"","_kad_post_content_style":"default","_kad_post_vertical_padding":"default","_kad_post_feature":"","_kad_post_feature_position":"","_kad_post_header":false,"_kad_post_footer":false,"iawp_total_views":126},"product_cat":[22],"product_tag":[29,25,24,30,27,26,28],"class_list":{"0":"post-3354","1":"product","2":"type-product","3":"status-publish","4":"has-post-thumbnail","6":"product_cat-accessories","7":"product_tag-24v","8":"product_tag-adapter","9":"product_tag-converter","10":"product_tag-gt106","11":"product_tag-hd","12":"product_tag-heavy-truck","13":"product_tag-truck","15":"first","16":"instock","17":"shipping-taxable","18":"purchasable","19":"product-type-simple","20":"entry","21":"content-bg","22":"loop-entry"},"acf":[],"taxonomy_info":{"product_cat":[{"value":22,"label":"Accessories"}],"product_tag":[{"value":29,"label":"24V"},{"value":25,"label":"Adapter"},{"value":24,"label":"Converter"},{"value":30,"label":"GT106"},{"value":27,"label":"HD"},{"value":26,"label":"Heavy Truck"},{"value":28,"label":"Truck"}]},"featured_image_src_large":["https:\/\/diagzone.org\/wp-content\/uploads\/2025\/09\/Godiag_GT106_Plus_1.jpg",600,600,false],"author_info":[],"comment_info":"","_links":{"self":[{"href":"https:\/\/diagzone.org\/tr\/wp-json\/wp\/v2\/product\/3354","targetHints":{"allow":["GET"]}}],"collection":[{"href":"https:\/\/diagzone.org\/tr\/wp-json\/wp\/v2\/product"}],"about":[{"href":"https:\/\/diagzone.org\/tr\/wp-json\/wp\/v2\/types\/product"}],"wp:featuredmedia":[{"embeddable":true,"href":"https:\/\/diagzone.org\/tr\/wp-json\/wp\/v2\/media\/3355"}],"wp:attachment":[{"href":"https:\/\/diagzone.org\/tr\/wp-json\/wp\/v2\/media?parent=3354"}],"wp:term":[{"taxonomy":"product_cat","embeddable":true,"href":"https:\/\/diagzone.org\/tr\/wp-json\/wp\/v2\/product_cat?post=3354"},{"taxonomy":"product_tag","embeddable":true,"href":"https:\/\/diagzone.org\/tr\/wp-json\/wp\/v2\/product_tag?post=3354"}],"curies":[{"name":"wp","href":"https:\/\/api.w.org\/{rel}","templated":true}]}}