
{"id":3360,"date":"2025-09-26T16:57:54","date_gmt":"2025-09-26T14:57:54","guid":{"rendered":"https:\/\/diagzone.org\/?post_type=product&#038;p=3360"},"modified":"2025-09-26T16:58:58","modified_gmt":"2025-09-26T14:58:58","slug":"cable-for-dbscar-vii-original-main-diagnostic-cable-vci","status":"publish","type":"product","link":"https:\/\/diagzone.org\/tr\/urun\/cable-for-dbscar-vii-original-main-diagnostic-cable-vci\/","title":{"rendered":"DBScar VII i\u00e7in kablo \u2013 orijinal ana te\u015fhis kablosu (VCI)"},"content":{"rendered":"<p data-start=\"117\" data-end=\"308\" class=\" translation-block\"><strong data-start=\"152\" data-end=\"184\">DBScar VII Kablo Adapt\u00f6r\u00fc<\/strong>ne g\u00f6sterdi\u011finiz ilgi i\u00e7in te\u015fekk\u00fcr ederiz.<br data-start=\"185\" data-end=\"188\">Bu y\u00fcksek kaliteli kablo tamamen yenidir ve DBScar VII cihazlar\u0131 i\u00e7in uyumlulu\u011fu ve ba\u011flant\u0131 se\u00e7eneklerini geni\u015fletmek \u00fczere tasarlanm\u0131\u015ft\u0131r.<\/p>\n<p data-start=\"310\" data-end=\"479\">\ud83d\udd39 <strong data-start=\"313\" data-end=\"333\">\u00d6nemli Uyar\u0131<\/strong><br data-start=\"333\" data-end=\"336\" \/>Kablo herhangi bir te\u015fhis yaz\u0131l\u0131m\u0131 veya cihaz i\u00e7ermez.<br data-start=\"397\" data-end=\"400\" \/>Bu kabloyu kullanmak i\u00e7in uyumlu bir DBScar VII \u00fcnitesi ve yaz\u0131l\u0131m gereklidir.<\/p>\n<p data-start=\"481\" data-end=\"708\">\ud83d\udd39 <strong data-start=\"484\" data-end=\"506\">Destek ve y\u00f6nlendirme<\/strong><br data-start=\"506\" data-end=\"509\" \/>Kurulum veya ayarlama konusunda yard\u0131ma m\u0131 ihtiyac\u0131n\u0131z var?<br data-start=\"546\" data-end=\"549\" \/>Ekibimiz ad\u0131m ad\u0131m destek sa\u011flamaya haz\u0131rd\u0131r. Kabloyu te\u015fhis sisteminize entegre etme konusunda yard\u0131ma ihtiya\u00e7 duyarsan\u0131z, diledi\u011finiz zaman bizimle ileti\u015fime ge\u00e7ebilirsiniz.<\/p>\n<p data-start=\"710\" data-end=\"900\">\ud83d\udd39 <strong data-start=\"713\" data-end=\"734\">Kalite G\u00fcvencesi<\/strong><br data-start=\"734\" data-end=\"737\" \/>Her kablo sevkiyattan \u00f6nce titiz testlerden ge\u00e7irilir.<br data-start=\"792\" data-end=\"795\" \/>Profesyonel d\u00fczeyde g\u00fcvenilirlik sa\u011flamak i\u00e7in sinyal kararl\u0131l\u0131\u011f\u0131n\u0131, konnekt\u00f6r b\u00fct\u00fcnl\u00fc\u011f\u00fcn\u00fc ve dayan\u0131kl\u0131l\u0131\u011f\u0131 do\u011fruluyoruz.<\/p>\n<h2 data-start=\"907\" data-end=\"931\">\u00dcr\u00fcn a\u00e7\u0131klamas\u0131<\/h2>\n<p data-start=\"933\" data-end=\"1174\" class=\" translation-block\"><strong data-start=\"937\" data-end=\"969\">DBScar VII Kablo Adapt\u00f6r\u00fc<\/strong>, DBScar VII te\u015fhis cihaz\u0131n\u0131z\u0131n kullan\u0131m alan\u0131n\u0131 geni\u015fletmek i\u00e7in stabil ba\u011flant\u0131 ve kesintisiz veri ak\u0131\u015f\u0131 sunacak \u015fekilde tasarlanm\u0131\u015ft\u0131r. Alternatif kablo y\u00f6nlendirmesine veya yedek kablolamaya ihtiya\u00e7 duyan kullan\u0131c\u0131lar i\u00e7in idealdir.<\/p>\n<p data-start=\"1176\" data-end=\"1369\">\u2705 DBScar VII te\u015fhis \u00fcniteleriyle uyumlu<br data-start=\"1227\" data-end=\"1230\" \/>\u2705 Kararl\u0131 ve g\u00fcvenilir veri iletimi sa\u011flar<br data-start=\"1277\" data-end=\"1280\" \/>\u2705 Dayan\u0131kl\u0131 konnekt\u00f6rler ve sa\u011flam kablo yap\u0131s\u0131<br data-start=\"1323\" data-end=\"1326\" \/>\u2705 Yedek veya yard\u0131mc\u0131 kablo olarak idealdir<\/p>\n<p data-start=\"1371\" data-end=\"1493\">\u26a0\ufe0f <strong data-start=\"1374\" data-end=\"1390\">L\u00fctfen dikkat:<\/strong> Bu yaln\u0131zca bir aksesuard\u0131r. \u00c7al\u0131\u015fmas\u0131 i\u00e7in bir te\u015fhis \u00fcnitesi (DBScar VII) ve yaz\u0131l\u0131m gereklidir.<\/p>\n<h2 data-start=\"1500\" data-end=\"1525\">Neden Bu Kabloyu Se\u00e7melisiniz?<\/h2>\n<ul data-start=\"1527\" data-end=\"1720\">\n<li data-start=\"1527\" data-end=\"1586\">\n<p data-start=\"1529\" data-end=\"1586\">G\u00f6nderim \u00f6ncesinde do\u011fru sinyal b\u00fct\u00fcnl\u00fc\u011f\u00fc i\u00e7in 0 test edilmi\u015ftir<\/p>\n<\/li>\n<li data-start=\"1587\" data-end=\"1637\">\n<p data-start=\"1589\" data-end=\"1637\">At\u00f6lye ko\u015fullar\u0131nda g\u00fcvenilir performans<\/p>\n<\/li>\n<li data-start=\"1638\" data-end=\"1682\">\n<p data-start=\"1640\" data-end=\"1682\">DBScar VII platformlar\u0131 ile uyumludur<\/p>\n<\/li>\n<li data-start=\"1683\" data-end=\"1720\">\n<p data-start=\"1685\" data-end=\"1720\">Kompakt, dayan\u0131kl\u0131 ve kullan\u0131m\u0131 kolay<\/p>\n<\/li>\n<\/ul>","protected":false},"excerpt":{"rendered":"<p data-start=\"641\" data-end=\"852\">DBScar VII te\u015fhis cihazlar\u0131 i\u00e7in tasarlanm\u0131\u015f y\u00fcksek kaliteli kablo adapt\u00f6r\u00fc. Profesyonel otomotiv at\u00f6lyelerinde stabil veri iletimi, dayan\u0131kl\u0131 yap\u0131 ve g\u00fcvenilir performans sa\u011flar.<\/p>","protected":false},"featured_media":3361,"template":"","meta":{"_acf_changed":false,"_seopress_robots_primary_cat":"none","_seopress_titles_title":"DBScar VII Cable Adapter \u2013 Durable OBD2 Extension for Diagnostics","_seopress_titles_desc":"Buy DBScar VII Cable Adapter \u2013 high-quality, durable diagnostic cable for stable data transmission. Perfect replacement or extension for professional OBD2 tools.","_seopress_robots_index":"","inline_featured_image":false,"_kad_blocks_custom_css":"","_kad_blocks_head_custom_js":"","_kad_blocks_body_custom_js":"","_kad_blocks_footer_custom_js":"","_themeisle_gutenberg_block_has_review":false,"_kad_post_transparent":"default","_kad_post_title":"","_kad_post_layout":"default","_kad_post_sidebar_id":"","_kad_post_content_style":"default","_kad_post_vertical_padding":"default","_kad_post_feature":"","_kad_post_feature_position":"","_kad_post_header":false,"_kad_post_footer":false,"iawp_total_views":42},"product_cat":[22],"product_tag":[25,39,38,37],"class_list":{"0":"post-3360","1":"product","2":"type-product","3":"status-publish","4":"has-post-thumbnail","6":"product_cat-accessories","7":"product_tag-adapter","8":"product_tag-cable","9":"product_tag-dbscar","10":"product_tag-dbscar-vii","12":"first","13":"instock","14":"shipping-taxable","15":"purchasable","16":"product-type-simple","17":"entry","18":"content-bg","19":"loop-entry"},"acf":[],"taxonomy_info":{"product_cat":[{"value":22,"label":"Accessories"}],"product_tag":[{"value":25,"label":"Adapter"},{"value":39,"label":"cable"},{"value":38,"label":"DBScar"},{"value":37,"label":"DBScar VII"}]},"featured_image_src_large":["https:\/\/diagzone.org\/wp-content\/uploads\/2025\/09\/Cable_for_DBScar_Pro_V_Pro_TT_1.jpg",600,600,false],"author_info":[],"comment_info":"","_links":{"self":[{"href":"https:\/\/diagzone.org\/tr\/wp-json\/wp\/v2\/product\/3360","targetHints":{"allow":["GET"]}}],"collection":[{"href":"https:\/\/diagzone.org\/tr\/wp-json\/wp\/v2\/product"}],"about":[{"href":"https:\/\/diagzone.org\/tr\/wp-json\/wp\/v2\/types\/product"}],"wp:featuredmedia":[{"embeddable":true,"href":"https:\/\/diagzone.org\/tr\/wp-json\/wp\/v2\/media\/3361"}],"wp:attachment":[{"href":"https:\/\/diagzone.org\/tr\/wp-json\/wp\/v2\/media?parent=3360"}],"wp:term":[{"taxonomy":"product_cat","embeddable":true,"href":"https:\/\/diagzone.org\/tr\/wp-json\/wp\/v2\/product_cat?post=3360"},{"taxonomy":"product_tag","embeddable":true,"href":"https:\/\/diagzone.org\/tr\/wp-json\/wp\/v2\/product_tag?post=3360"}],"curies":[{"name":"wp","href":"https:\/\/api.w.org\/{rel}","templated":true}]}}