
{"id":3364,"date":"2025-09-26T17:16:22","date_gmt":"2025-09-26T15:16:22","guid":{"rendered":"https:\/\/diagzone.org\/?post_type=product&#038;p=3364"},"modified":"2025-09-26T17:31:21","modified_gmt":"2025-09-26T15:31:21","slug":"diagzone-diagnostic-set-dbscar-7","status":"publish","type":"product","link":"https:\/\/diagzone.org\/tr\/urun\/diagzone-diagnostic-set-dbscar-7\/","title":{"rendered":"Diagzone DBSCAR 7 Diagnostik Seti"},"content":{"rendered":"<p data-start=\"196\" data-end=\"441\" class=\" translation-block\"><strong data-start=\"231\" data-end=\"267\">Diagzone DBScar 7 Tan\u0131 Seti<\/strong>\u2019ne g\u00f6sterdi\u011finiz ilgi i\u00e7in te\u015fekk\u00fcr ederiz.<br data-start=\"268\" data-end=\"271\">Bu profesyonel tan\u0131 seti, g\u00fc\u00e7l\u00fc bir Android tablet ile DBScar 7 OBD2 konnekt\u00f6r\u00fcn\u00fc bir araya getirir ve <strong data-start=\"417\" data-end=\"438\">DiagZone platformu<\/strong> ile kullan\u0131m i\u00e7in tamamen test edilmi\u015f ve optimize edilmi\u015ftir.<\/p>\n<p data-start=\"443\" data-end=\"611\">\ud83d\udd39 <strong data-start=\"104\" data-end=\"124\">\u00d6nemli Uyar\u0131<\/strong><br data-start=\"124\" data-end=\"127\" \/>Set <strong data-start=\"135\" data-end=\"181\">ge\u00e7erli bir DiagZone yaz\u0131l\u0131m lisans\u0131 i\u00e7erir<\/strong> varsay\u0131lan olarak<br data-start=\"193\" data-end=\"196\" \/>Bu, ek bir abonelik sat\u0131n almaya gerek kalmadan t\u00fcm te\u015fhis i\u015flevlerini hemen kullanmaya ba\u015flayabilece\u011finiz anlam\u0131na gelir.<\/p>\n<p data-start=\"613\" data-end=\"819\">\ud83d\udd39 <strong data-start=\"616\" data-end=\"638\">Destek ve y\u00f6nlendirme<\/strong><br data-start=\"638\" data-end=\"641\" \/>Te\u015fhis setinizi kurma konusunda yard\u0131ma m\u0131 ihtiyac\u0131n\u0131z var?<br data-start=\"682\" data-end=\"685\" \/>Ekibimiz, tablet yap\u0131land\u0131rmas\u0131ndan DiagZone platformunda DBScar 7 aktivasyonuna kadar ad\u0131m ad\u0131m destek sa\u011flamak i\u00e7in haz\u0131rd\u0131r.<\/p>\n<p data-start=\"821\" data-end=\"1020\">\ud83d\udd39 <strong data-start=\"824\" data-end=\"845\">Kalite G\u00fcvencesi<\/strong><br data-start=\"845\" data-end=\"848\" \/>Her te\u015fhis seti sevkiyattan \u00f6nce tamamen test edilir.<br data-start=\"901\" data-end=\"904\" \/>Tablet, DBScar 7 adapt\u00f6r\u00fc ve ba\u011flant\u0131, kusursuz \u00e7al\u0131\u015fma ve uzun vadeli dayan\u0131kl\u0131l\u0131k sa\u011flamak i\u00e7in do\u011frulan\u0131r.<\/p>\n<h2 data-start=\"1027\" data-end=\"1051\">\u00dcr\u00fcn a\u00e7\u0131klamas\u0131<\/h2>\n<p data-start=\"1053\" data-end=\"1244\" class=\" translation-block\"><strong data-start=\"1057\" data-end=\"1093\">Diagzone DBScar 7 Tan\u0131 Seti<\/strong>, profesyonel otomotiv servisleri i\u00e7in tasarlanm\u0131\u015f olup, geni\u015f bir ara\u00e7 yelpazesinde geli\u015fmi\u015f te\u015fhis, ECU kodlama ve servis fonksiyonlar\u0131 sunar.<\/p>\n<p data-start=\"1246\" data-end=\"2000\">\u2705 <strong data-start=\"1248\" data-end=\"1264\">Komple set<\/strong> \u2013 Android tablet ve DBScar 7 OBD2 adapt\u00f6r\u00fc i\u00e7erir<br data-start=\"1316\" data-end=\"1319\" \/>\u2705 <strong data-start=\"1321\" data-end=\"1347\">DiagZone Uyumlulu\u011fu<\/strong> \u2013 DiagZone yaz\u0131l\u0131m\u0131 ile sorunsuz \u00e7al\u0131\u015f\u0131r<br data-start=\"1389\" data-end=\"1392\" \/>\u2705 <strong data-start=\"1394\" data-end=\"1414\">Modern protokoller<\/strong> \u2013 Destekler <strong data-start=\"1426\" data-end=\"1436\">CAN FD<\/strong> ve <strong data-start=\"1441\" data-end=\"1449\">DoIP<\/strong> yeni nesil ara\u00e7lar i\u00e7in<br data-start=\"1477\" data-end=\"1480\" \/>\u2705 <strong data-start=\"1482\" data-end=\"1508\">\u00c7ift y\u00f6nl\u00fc kontrol<\/strong> \u2013 Aktif testler, bile\u015fen kalibrasyonlar\u0131 ve ECU kodlamas\u0131 ger\u00e7ekle\u015ftirir<br data-start=\"1571\" data-end=\"1574\" \/>\u2705 <strong data-start=\"1576\" data-end=\"1603\">G\u00f6rsel topoloji haritalama<\/strong> \u2013 T\u00fcm ara\u00e7 a\u011f\u0131n\u0131n h\u0131zl\u0131 \u015fekilde te\u015fhis edilmesini sa\u011flar<br data-start=\"1649\" data-end=\"1652\" \/>\u2705 <strong data-start=\"1654\" data-end=\"1681\">Kapsaml\u0131 i\u015flevler<\/strong> \u2013 40+ servis ve s\u0131f\u0131rlama fonksiyonu (enjekt\u00f6rler, DPF, TPMS, ak\u00fcler, anahtarlar vb.)<br data-start=\"1759\" data-end=\"1762\" \/>\u2705 <strong data-start=\"1764\" data-end=\"1790\">Geni\u015f ara\u00e7 kapsam\u0131<\/strong> \u2013 Destekler <strong data-start=\"1802\" data-end=\"1879\"><a href=\"https:\/\/diagzone.org\/diagzone-supported-european-cars\/\">Avrupal\u0131<\/a>, <a href=\"https:\/\/diagzone.org\/diagzone-supported-asian-passanger-cars\/\">Asyal\u0131<\/a>, <a href=\"https:\/\/diagzone.org\/diagzone-supported-chinese-cars\/\">\u00c7inli<\/a>, elektrikli ara\u00e7lar, motosikletler ve a\u011f\u0131r hizmet tipi kamyonlar<\/strong> (iste\u011fe ba\u011fl\u0131 <a href=\"https:\/\/diagzone.org\/product\/gt106-plus-heavy-truck-power-adapter-24v-to-12v-adapter\/\">24V\u201312V d\u00f6n\u00fc\u015ft\u00fcr\u00fcc\u00fc<\/a>)<br data-start=\"1913\" data-end=\"1916\" \/>\u2705 <strong data-start=\"1918\" data-end=\"1935\">Sa\u011flam tasar\u0131m<\/strong> \u2013 G\u00fcnl\u00fck at\u00f6lye kullan\u0131m\u0131 i\u00e7in dayan\u0131kl\u0131 tablet ve g\u00fc\u00e7lendirilmi\u015f adapt\u00f6r<\/p>\n<p data-start=\"2002\" data-end=\"2154\">\u26a0\ufe0f <strong data-start=\"37\" data-end=\"53\">L\u00fctfen dikkat:<\/strong> Yaz\u0131l\u0131m lisans\u0131 bu setin i\u00e7inde zaten bulunmaktad\u0131r.<br data-start=\"109\" data-end=\"112\" \/>\ud83d\udc49 For heavy truck diagnostics, a <strong data-start=\"146\" data-end=\"175\">24V\u201312V d\u00f6n\u00fc\u015ft\u00fcr\u00fcc\u00fc adapt\u00f6r<\/strong> gereklidir ve ayr\u0131 olarak sat\u0131n al\u0131nmal\u0131d\u0131r. Buradan sipari\u015f verebilirsiniz: <a class=\"decorated-link cursor-pointer\" href=\"https:\/\/diagzone.org\/product\/gt106-plus-heavy-truck-power-adapter-24v-to-12v-adapter\/\" target=\"_new\" rel=\"noopener\" data-start=\"245\" data-end=\"331\" data-is-only-node=\"\">A\u011f\u0131r vas\u0131ta adapt\u00f6r\u00fc<\/a><\/p>\n<h2 data-start=\"2161\" data-end=\"2210\">Neden Diagzone Diagnostic Set DBScar 7\u2019i Se\u00e7melisiniz?<\/h2>\n<ul data-start=\"2212\" data-end=\"2490\">\n<li data-start=\"2212\" data-end=\"2259\">\n<p data-start=\"2214\" data-end=\"2259\">Profesyonel hepsi-bir-arada te\u015fhis \u00e7\u00f6z\u00fcm\u00fc<\/p>\n<\/li>\n<li data-start=\"2260\" data-end=\"2313\">\n<p data-start=\"2262\" data-end=\"2313\">\u00d6nceden test edilmi\u015f DBScar 7 ba\u011flant\u0131l\u0131 Android tablet<\/p>\n<\/li>\n<li data-start=\"2314\" data-end=\"2363\">\n<p data-start=\"2316\" data-end=\"2363\" class=\" translation-block\">Gelece\u011fe haz\u0131r protokoller: <strong data-start=\"2340\" data-end=\"2350\">CAN FD<\/strong> &amp; <strong data-start=\"2353\" data-end=\"2361\">DoIP<\/strong><\/p>\n<\/li>\n<li data-start=\"2364\" data-end=\"2441\">\n<p data-start=\"2366\" data-end=\"2441\" class=\" translation-block\"><strong data-start=\"2375\" data-end=\"2422\">Otomobiller, EV\u2019ler, hibritler, motosikletler ve kamyonlar\u0131<\/strong> destekler (<a href=\"https:\/\/diagzone.org\/product\/gt106-plus-heavy-truck-power-adapter-24v-to-12v-adapter\/\" target=\"_self\">d\u00f6n\u00fc\u015ft\u00fcr\u00fcc\u00fc ile<\/a>)<\/p>\n<\/li>\n<li data-start=\"2442\" data-end=\"2490\">\n<p data-start=\"2444\" data-end=\"2490\">G\u00fcnl\u00fck kullan\u0131m i\u00e7in g\u00fcvenilir, at\u00f6lyeye haz\u0131r yap\u0131<\/p>\n<\/li>\n<\/ul>\n<p data-start=\"718\" data-end=\"743\"><strong data-start=\"718\" data-end=\"741\">\ud83d\udd39 Set i\u00e7eri\u011fi<\/strong><\/p>\n<ul data-start=\"744\" data-end=\"906\">\n<li data-start=\"744\" data-end=\"805\">\n<p data-start=\"746\" data-end=\"805\">8 in\u00e7 Android te\u015fhis tableti (4 GB RAM \/ 64 GB depolama)<\/p>\n<\/li>\n<li data-start=\"806\" data-end=\"833\">\n<p data-start=\"808\" data-end=\"833\">DBScar 7 OBD2 ba\u011flant\u0131 konnekt\u00f6r\u00fc<\/p>\n<\/li>\n<li data-start=\"834\" data-end=\"862\">\n<p data-start=\"836\" data-end=\"862\">Koruyucu ta\u015f\u0131ma \u00e7antas\u0131<\/p>\n<\/li>\n<li data-start=\"863\" data-end=\"888\">\n<p data-start=\"865\" data-end=\"888\">USB \u015farj cihaz\u0131 ve kablo<\/p>\n<\/li>\n<li data-start=\"889\" data-end=\"906\">\n<p data-start=\"891\" data-end=\"906\">G\u00fc\u00e7 adapt\u00f6r\u00fc<\/p>\n<\/li>\n<\/ul>\n<h2 data-start=\"205\" data-end=\"223\">Daha fazla bilgi<\/h2>\n<p data-start=\"224\" data-end=\"443\">Nas\u0131l oldu\u011funu daha fazla \u00f6\u011frenmek ister misiniz <strong data-start=\"256\" data-end=\"292\">DiagZone DBScar 7 Te\u015fhis Seti<\/strong> otomobiller, elektrikli ara\u00e7lar, motosikletler ve a\u011f\u0131r hizmet tipi kamyonlarla \u00e7al\u0131\u015f\u0131r m\u0131?<br data-start=\"350\" data-end=\"353\" \/>Blogumuzdaki detayl\u0131 rehberimize g\u00f6z at\u0131n \ud83d\udc49 <a class=\"decorated-link cursor-pointer\" href=\"https:\/\/diagzone.org\/diagzone-package-description\/\" target=\"_new\" rel=\"noopener\" data-start=\"397\" data-end=\"441\">Buradan daha fazlas\u0131n\u0131 okuyun<\/a><\/p>","protected":false},"excerpt":{"rendered":"<p class=\" translation-block\"><strong data-start=\"2527\" data-end=\"2563\">Diagzone DBScar 7 Tan\u0131 Seti<\/strong>, bir tablet ve OBD2 konnekt\u00f6r\u00fc i\u00e7erir; CAN FD, DoIP, ECU kodlama ve 40\u2019tan fazla servis fonksiyonunu destekler. Avrupa, Asya, \u00c7in, elektrikli (EV) ara\u00e7lar, motosikletler ve a\u011f\u0131r hizmet tipi kamyonlar\u0131 kapsar.<\/p>","protected":false},"featured_media":3367,"template":"","meta":{"_acf_changed":false,"_seopress_robots_primary_cat":"none","_seopress_titles_title":"Diagzone Diagnostic Set DBScar 7 \u2013 Professional OBD2 Diagnostic Tablet & Adapter","_seopress_titles_desc":"Complete Diagzone Diagnostic Set with DBScar 7 adapter and 8-inch Android tablet (4GB\/64GB). Includes rugged case, charger, and Diagzone license. Supports EU, Asian, Chinese, EV, hybrid vehicles, motorcycles, and heavy-duty trucks.","_seopress_robots_index":"","inline_featured_image":false,"_kad_blocks_custom_css":"","_kad_blocks_head_custom_js":"","_kad_blocks_body_custom_js":"","_kad_blocks_footer_custom_js":"","_themeisle_gutenberg_block_has_review":false,"_kad_post_transparent":"default","_kad_post_title":"","_kad_post_layout":"default","_kad_post_sidebar_id":"","_kad_post_content_style":"default","_kad_post_vertical_padding":"default","_kad_post_feature":"","_kad_post_feature_position":"","_kad_post_header":false,"_kad_post_footer":false,"iawp_total_views":338},"product_cat":[23],"product_tag":[48,44,47,45,42,43,40,46],"class_list":{"0":"post-3364","1":"product","2":"type-product","3":"status-publish","4":"has-post-thumbnail","6":"product_cat-diagnostic-kits","7":"product_tag-cars","8":"product_tag-dbscar-7","9":"product_tag-ev","10":"product_tag-kit","11":"product_tag-obd2","12":"product_tag-set","13":"product_tag-tablet","14":"product_tag-trucks","16":"first","17":"instock","18":"shipping-taxable","19":"purchasable","20":"product-type-simple","21":"entry","22":"content-bg","23":"loop-entry"},"acf":[],"taxonomy_info":{"product_cat":[{"value":23,"label":"Diagnostic kits"}],"product_tag":[{"value":48,"label":"cars"},{"value":44,"label":"DBSCAR 7"},{"value":47,"label":"EV"},{"value":45,"label":"Kit"},{"value":42,"label":"OBD2"},{"value":43,"label":"Set"},{"value":40,"label":"Tablet"},{"value":46,"label":"trucks"}]},"featured_image_src_large":["https:\/\/diagzone.org\/wp-content\/uploads\/2025\/09\/Diagzone_Diagnostics_DBSCAR_7.jpg",600,600,false],"author_info":[],"comment_info":"","_links":{"self":[{"href":"https:\/\/diagzone.org\/tr\/wp-json\/wp\/v2\/product\/3364","targetHints":{"allow":["GET"]}}],"collection":[{"href":"https:\/\/diagzone.org\/tr\/wp-json\/wp\/v2\/product"}],"about":[{"href":"https:\/\/diagzone.org\/tr\/wp-json\/wp\/v2\/types\/product"}],"wp:featuredmedia":[{"embeddable":true,"href":"https:\/\/diagzone.org\/tr\/wp-json\/wp\/v2\/media\/3367"}],"wp:attachment":[{"href":"https:\/\/diagzone.org\/tr\/wp-json\/wp\/v2\/media?parent=3364"}],"wp:term":[{"taxonomy":"product_cat","embeddable":true,"href":"https:\/\/diagzone.org\/tr\/wp-json\/wp\/v2\/product_cat?post=3364"},{"taxonomy":"product_tag","embeddable":true,"href":"https:\/\/diagzone.org\/tr\/wp-json\/wp\/v2\/product_tag?post=3364"}],"curies":[{"name":"wp","href":"https:\/\/api.w.org\/{rel}","templated":true}]}}