
{"id":3379,"date":"2025-09-27T09:38:14","date_gmt":"2025-09-27T07:38:14","guid":{"rendered":"https:\/\/diagzone.org\/?post_type=product&#038;p=3379"},"modified":"2025-09-27T09:47:51","modified_gmt":"2025-09-27T07:47:51","slug":"diagzone-diagnostic-set-dbscar-7-max","status":"publish","type":"product","link":"https:\/\/diagzone.org\/tr\/urun\/diagzone-diagnostic-set-dbscar-7-max\/","title":{"rendered":"Diagzone Tan\u0131 seti DBSCAR 7 MAX"},"content":{"rendered":"<p data-start=\"207\" data-end=\"493\" class=\" translation-block\"><strong data-start=\"242\" data-end=\"282\">Diagzone DBScar 7 Max Tan\u0131 Seti<\/strong>\u2019ne g\u00f6sterdi\u011finiz ilgi i\u00e7in te\u015fekk\u00fcr ederiz.<br data-start=\"283\" data-end=\"286\">Bu profesyonel tan\u0131 seti, g\u00fc\u00e7l\u00fc bir <strong data-start=\"339\" data-end=\"390\">10 in\u00e7 Android tablet (3 GB RAM \/ 64 GB depolama)<\/strong> ile <strong data-start=\"400\" data-end=\"427\">DBScar 7 OBD2 konnekt\u00f6r\u00fcn\u00fc<\/strong> bir araya getirir ve DiagZone platformu ile kullan\u0131m i\u00e7in tamamen test edilmi\u015f ve optimize edilmi\u015ftir.<\/p>\n<p data-start=\"500\" data-end=\"712\">\ud83d\udd39 <strong data-start=\"503\" data-end=\"523\">\u00d6nemli Uyar\u0131<\/strong><br data-start=\"523\" data-end=\"526\" \/>Set, ge\u00e7erli bir <strong data-start=\"551\" data-end=\"580\">DiagZone yaz\u0131l\u0131m lisans\u0131<\/strong> varsay\u0131lan olarak<br data-start=\"592\" data-end=\"595\" \/>Bu, ek bir abonelik sat\u0131n almaya gerek kalmadan t\u00fcm te\u015fhis i\u015flevlerini hemen kullanmaya ba\u015flayabilece\u011finiz anlam\u0131na gelir.<\/p>\n<p data-start=\"719\" data-end=\"925\">\ud83d\udd39 <strong data-start=\"722\" data-end=\"744\">Destek ve y\u00f6nlendirme<\/strong><br data-start=\"744\" data-end=\"747\" \/>Te\u015fhis setinizi kurma konusunda yard\u0131ma m\u0131 ihtiyac\u0131n\u0131z var?<br data-start=\"788\" data-end=\"791\" \/>Ekibimiz, tablet yap\u0131land\u0131rmas\u0131ndan DiagZone platformunda DBScar 7 aktivasyonuna kadar ad\u0131m ad\u0131m destek sa\u011flamak i\u00e7in haz\u0131rd\u0131r.<\/p>\n<p data-start=\"932\" data-end=\"1135\">\ud83d\udd39 <strong data-start=\"935\" data-end=\"956\">Kalite G\u00fcvencesi<\/strong><br data-start=\"956\" data-end=\"959\" \/>Her te\u015fhis seti sevkiyattan \u00f6nce tamamen test edilir.<br data-start=\"1012\" data-end=\"1015\" \/>The <strong data-start=\"1019\" data-end=\"1065\">Tablet, DBScar 7 adapt\u00f6r\u00fc ve ba\u011flant\u0131<\/strong> kusursuz \u00e7al\u0131\u015fma ve uzun vadeli dayan\u0131kl\u0131l\u0131k sa\u011flamak i\u00e7in do\u011frulan\u0131r.<\/p>\n<h2 data-start=\"1142\" data-end=\"1166\">\u00dcr\u00fcn a\u00e7\u0131klamas\u0131<\/h2>\n<p data-start=\"1168\" data-end=\"1363\" class=\" translation-block\"><strong data-start=\"1172\" data-end=\"1212\">Diagzone DBScar 7 Max Tan\u0131 Seti<\/strong>, profesyonel otomotiv at\u00f6lyeleri i\u00e7in tasarlanm\u0131\u015ft\u0131r ve geni\u015f bir ara\u00e7 yelpazesinde geli\u015fmi\u015f te\u015fhis, ECU kodlama ve servis fonksiyonlar\u0131 sunar.<\/p>\n<p data-start=\"1365\" data-end=\"2115\">\u2705 <strong data-start=\"1367\" data-end=\"1383\">Komple set<\/strong> \u2013 10 in\u00e7 Android tablet ve DBScar 7 OBD2 adapt\u00f6r\u00fc i\u00e7erir<br data-start=\"1443\" data-end=\"1446\" \/>\u2705 <strong data-start=\"1448\" data-end=\"1474\">DiagZone Uyumlulu\u011fu<\/strong> \u2013 DiagZone yaz\u0131l\u0131m\u0131 ile sorunsuz \u00e7al\u0131\u015f\u0131r<br data-start=\"1516\" data-end=\"1519\" \/>\u2705 <strong data-start=\"1521\" data-end=\"1541\">Modern protokoller<\/strong> \u2013 Yeni nesil ara\u00e7lar i\u00e7in CAN FD ve DoIP destekler<br data-start=\"1596\" data-end=\"1599\" \/>\u2705 <strong data-start=\"1601\" data-end=\"1627\">\u00c7ift y\u00f6nl\u00fc kontrol<\/strong> \u2013 Aktif testler, bile\u015fen kalibrasyonlar\u0131 ve ECU kodlamas\u0131 ger\u00e7ekle\u015ftirir<br data-start=\"1690\" data-end=\"1693\" \/>\u2705 <strong data-start=\"1695\" data-end=\"1722\">G\u00f6rsel topoloji haritalama<\/strong> \u2013 T\u00fcm ara\u00e7 a\u011f\u0131n\u0131n h\u0131zl\u0131 \u015fekilde te\u015fhis edilmesini sa\u011flar<br data-start=\"1768\" data-end=\"1771\" \/>\u2705 <strong data-start=\"1773\" data-end=\"1800\">Kapsaml\u0131 i\u015flevler<\/strong> \u2013 40+ servis ve s\u0131f\u0131rlama fonksiyonu (enjekt\u00f6rler, DPF, TPMS, ak\u00fcler, anahtarlar vb.)<br data-start=\"1878\" data-end=\"1881\" \/>\u2705 <strong data-start=\"1883\" data-end=\"1909\">Geni\u015f ara\u00e7 kapsam\u0131<\/strong> \u2013 Destekler <a href=\"https:\/\/diagzone.org\/diagzone-supported-european-cars\/\">Avrupal\u0131<\/a>, <a href=\"https:\/\/diagzone.org\/diagzone-supported-asian-passanger-cars\/\">Asyal\u0131<\/a>, <a href=\"https:\/\/diagzone.org\/diagzone-supported-chinese-cars\/\">\u00c7inli<\/a>, elektrikli ara\u00e7lar, motosikletler ve a\u011f\u0131r hizmet tipi kamyonlar (iste\u011fe ba\u011fl\u0131 <a href=\"https:\/\/diagzone.org\/product\/gt106-plus-heavy-truck-power-adapter-24v-to-12v-adapter\/\">24V\u201312V d\u00f6n\u00fc\u015ft\u00fcr\u00fcc\u00fc<\/a>)<br data-start=\"2028\" data-end=\"2031\" \/>\u2705 <strong data-start=\"2033\" data-end=\"2050\">Sa\u011flam tasar\u0131m<\/strong> \u2013 G\u00fcnl\u00fck at\u00f6lye kullan\u0131m\u0131 i\u00e7in dayan\u0131kl\u0131 tablet ve g\u00fc\u00e7lendirilmi\u015f adapt\u00f6r<\/p>\n<p data-start=\"2122\" data-end=\"2429\">\u26a0\ufe0f <strong data-start=\"2125\" data-end=\"2141\">L\u00fctfen dikkat:<\/strong> Yaz\u0131l\u0131m lisans\u0131 bu setin i\u00e7inde zaten bulunmaktad\u0131r.<br data-start=\"2197\" data-end=\"2200\" \/>\ud83d\udc49 \u0130\u00e7in <strong data-start=\"2207\" data-end=\"2234\">a\u011f\u0131r vas\u0131ta te\u015fhisi<\/strong>, a <a href=\"https:\/\/diagzone.org\/product\/gt106-plus-heavy-truck-power-adapter-24v-to-12v-adapter\/\"><strong data-start=\"2238\" data-end=\"2267\">24V\u201312V d\u00f6n\u00fc\u015ft\u00fcr\u00fcc\u00fc adapt\u00f6r<\/strong><\/a> gereklidir ve ayr\u0131 olarak sat\u0131n al\u0131nmal\u0131d\u0131r. Buradan sipari\u015f verebilirsiniz: <strong data-start=\"2337\" data-end=\"2427\"><a class=\"decorated-link cursor-pointer\" href=\"https:\/\/diagzone.org\/product\/gt106-plus-heavy-truck-power-adapter-24v-to-12v-adapter\/\" target=\"_new\" rel=\"noopener\" data-start=\"2339\" data-end=\"2425\">A\u011f\u0131r vas\u0131ta adapt\u00f6r\u00fc<\/a><\/strong><\/p>\n<h2 data-start=\"2436\" data-end=\"2489\">Neden Diagzone Diagnostic Set DBScar 7 Max\u2019i se\u00e7melisiniz?<\/h2>\n<ul data-start=\"2491\" data-end=\"2765\">\n<li data-start=\"2491\" data-end=\"2538\">\n<p data-start=\"2493\" data-end=\"2538\">Profesyonel hepsi-bir-arada te\u015fhis \u00e7\u00f6z\u00fcm\u00fc<\/p>\n<\/li>\n<li data-start=\"2539\" data-end=\"2600\">\n<p data-start=\"2541\" data-end=\"2600\">DBScar 7 konnekt\u00f6rl\u00fc, \u00f6nceden test edilmi\u015f 10 in\u00e7 Android tablet<\/p>\n<\/li>\n<li data-start=\"2601\" data-end=\"2642\">\n<p data-start=\"2603\" data-end=\"2642\" class=\" translation-block\">Gelece\u011fe haz\u0131r protokoller: <strong data-start=\"2340\" data-end=\"2350\">CAN FD<\/strong> &amp; <strong data-start=\"2353\" data-end=\"2361\">DoIP<\/strong><\/p>\n<\/li>\n<li data-start=\"2643\" data-end=\"2716\">\n<p data-start=\"2645\" data-end=\"2716\" class=\" translation-block\"><strong data-start=\"2375\" data-end=\"2422\">Otomobiller, EV\u2019ler, hibritler, motosikletler ve kamyonlar\u0131<\/strong> destekler (<a href=\"https:\/\/diagzone.org\/product\/gt106-plus-heavy-truck-power-adapter-24v-to-12v-adapter\/\" target=\"_self\">d\u00f6n\u00fc\u015ft\u00fcr\u00fcc\u00fc ile<\/a>)<\/p>\n<\/li>\n<li data-start=\"2717\" data-end=\"2765\">\n<p data-start=\"2719\" data-end=\"2765\">G\u00fcnl\u00fck kullan\u0131m i\u00e7in g\u00fcvenilir, at\u00f6lyeye haz\u0131r yap\u0131<\/p>\n<\/li>\n<\/ul>\n<p data-start=\"2772\" data-end=\"2800\">\ud83d\udd39 <strong data-start=\"2775\" data-end=\"2798\">Sete dahildir<\/strong><\/p>\n<ul data-start=\"2802\" data-end=\"2969\">\n<li data-start=\"2802\" data-end=\"2868\">\n<p data-start=\"2804\" data-end=\"2868\" class=\" translation-block\">10 in\u00e7 Android diagnostik tablet (<strong data-start=\"2839\" data-end=\"2865\">3 GB RAM \/ 64 GB depolama<\/strong>)<\/p>\n<\/li>\n<li data-start=\"2869\" data-end=\"2896\">\n<p data-start=\"2871\" data-end=\"2896\">DBScar 7 OBD2 ba\u011flant\u0131 konnekt\u00f6r\u00fc<\/p>\n<\/li>\n<li data-start=\"2926\" data-end=\"2951\">\n<p data-start=\"2928\" data-end=\"2951\">USB \u015farj cihaz\u0131 ve kablo<\/p>\n<\/li>\n<li data-start=\"2952\" data-end=\"2969\">\n<p data-start=\"2954\" data-end=\"2969\">G\u00fc\u00e7 adapt\u00f6r\u00fc<\/p>\n<\/li>\n<\/ul>\n<h2 data-start=\"2976\" data-end=\"2991\">Daha fazla bilgi<\/h2>\n<p data-start=\"2993\" data-end=\"3190\">Nas\u0131l oldu\u011funu daha fazla \u00f6\u011frenmek ister misiniz <strong data-start=\"3025\" data-end=\"3065\">DiagZone DBScar 7 Max Te\u015fhis Seti<\/strong> otomobiller, elektrikli ara\u00e7lar, motosikletler ve a\u011f\u0131r hizmet tipi kamyonlarla \u00e7al\u0131\u015f\u0131r m\u0131?<br data-start=\"3123\" data-end=\"3126\" \/>Blogumuzdaki detayl\u0131 rehberimize g\u00f6z at\u0131n \ud83d\udc49 <a href=\"https:\/\/diagzone.org\/diagzone-package-description\/\"><strong data-start=\"3170\" data-end=\"3188\">Buradan daha fazlas\u0131n\u0131 okuyun<\/strong><\/a><\/p>","protected":false},"excerpt":{"rendered":"<p class=\" translation-block\"><strong data-start=\"2527\" data-end=\"2563\">Diagzone DBScar 7 MAX Tan\u0131 Seti<\/strong>, bir tablet ve OBD2 konnekt\u00f6r\u00fc i\u00e7erir; CAN FD, DoIP, ECU kodlama ve 40\u2019tan fazla servis fonksiyonunu destekler. Avrupa, Asya ve \u00c7in ara\u00e7lar\u0131, EV\u2019ler, motosikletler ve a\u011f\u0131r vas\u0131talar\u0131 kapsar.<\/p>","protected":false},"featured_media":3378,"template":"","meta":{"_acf_changed":false,"_seopress_robots_primary_cat":"none","_seopress_titles_title":"Diagzone Diagnostic Set DBScar 7 Max \u2013 10\" Tablet (3GB\/64GB) with OBD2 Adapter","_seopress_titles_desc":"Diagzone Diagnostic Set DBScar 7 Max includes a 10-inch Android tablet (3GB\/64GB), DBScar 7 OBD2 connector, case, charger, and license. Supports cars, EVs, motorcycles, and trucks with 24V\u201312V converter.","_seopress_robots_index":"","inline_featured_image":false,"_kad_blocks_custom_css":"","_kad_blocks_head_custom_js":"","_kad_blocks_body_custom_js":"","_kad_blocks_footer_custom_js":"","_themeisle_gutenberg_block_has_review":false,"_kad_post_transparent":"default","_kad_post_title":"","_kad_post_layout":"default","_kad_post_sidebar_id":"","_kad_post_content_style":"default","_kad_post_vertical_padding":"default","_kad_post_feature":"","_kad_post_feature_position":"","_kad_post_header":false,"_kad_post_footer":false,"iawp_total_views":608},"product_cat":[23],"product_tag":[48,44,49,47,45,42,43,40,46],"class_list":{"0":"post-3379","1":"product","2":"type-product","3":"status-publish","4":"has-post-thumbnail","6":"product_cat-diagnostic-kits","7":"product_tag-cars","8":"product_tag-dbscar-7","9":"product_tag-dbscar-7-max","10":"product_tag-ev","11":"product_tag-kit","12":"product_tag-obd2","13":"product_tag-set","14":"product_tag-tablet","15":"product_tag-trucks","17":"first","18":"instock","19":"shipping-taxable","20":"purchasable","21":"product-type-simple","22":"entry","23":"content-bg","24":"loop-entry"},"acf":[],"taxonomy_info":{"product_cat":[{"value":23,"label":"Diagnostic kits"}],"product_tag":[{"value":48,"label":"cars"},{"value":44,"label":"DBSCAR 7"},{"value":49,"label":"DBScar 7 MAX"},{"value":47,"label":"EV"},{"value":45,"label":"Kit"},{"value":42,"label":"OBD2"},{"value":43,"label":"Set"},{"value":40,"label":"Tablet"},{"value":46,"label":"trucks"}]},"featured_image_src_large":["https:\/\/diagzone.org\/wp-content\/uploads\/2025\/09\/Diagzone_Diagnostic_Set_DBSCAR_7_MAX.jpg",600,600,false],"author_info":[],"comment_info":"","_links":{"self":[{"href":"https:\/\/diagzone.org\/tr\/wp-json\/wp\/v2\/product\/3379","targetHints":{"allow":["GET"]}}],"collection":[{"href":"https:\/\/diagzone.org\/tr\/wp-json\/wp\/v2\/product"}],"about":[{"href":"https:\/\/diagzone.org\/tr\/wp-json\/wp\/v2\/types\/product"}],"wp:featuredmedia":[{"embeddable":true,"href":"https:\/\/diagzone.org\/tr\/wp-json\/wp\/v2\/media\/3378"}],"wp:attachment":[{"href":"https:\/\/diagzone.org\/tr\/wp-json\/wp\/v2\/media?parent=3379"}],"wp:term":[{"taxonomy":"product_cat","embeddable":true,"href":"https:\/\/diagzone.org\/tr\/wp-json\/wp\/v2\/product_cat?post=3379"},{"taxonomy":"product_tag","embeddable":true,"href":"https:\/\/diagzone.org\/tr\/wp-json\/wp\/v2\/product_tag?post=3379"}],"curies":[{"name":"wp","href":"https:\/\/api.w.org\/{rel}","templated":true}]}}