
{"id":3382,"date":"2025-09-27T09:50:32","date_gmt":"2025-09-27T07:50:32","guid":{"rendered":"https:\/\/diagzone.org\/?post_type=product&#038;p=3382"},"modified":"2025-09-27T09:55:20","modified_gmt":"2025-09-27T07:55:20","slug":"kingbolen-ediag-plus-diagnostic-kit-obd2-scanner-with-8-tablet-diagzone-license","status":"publish","type":"product","link":"https:\/\/diagzone.org\/tr\/urun\/kingbolen-ediag-plus-diagnostic-kit-obd2-scanner-with-8-tablet-diagzone-license\/","title":{"rendered":"Kingbolen Ediag Plus Te\u015fhis Kiti \u2013 8\u2033 Tabletli OBD2 Taray\u0131c\u0131 ve DiagZone Lisans\u0131"},"content":{"rendered":"<p data-start=\"258\" data-end=\"580\" class=\" translation-block\"><strong data-start=\"293\" data-end=\"328\">Kingbolen Ediag+ Diagnostic Kit<\/strong> ile ilgilendi\u011finiz i\u00e7in te\u015fekk\u00fcr ederiz.<br data-start=\"329\" data-end=\"332\">Bu profesyonel set, <strong data-start=\"367\" data-end=\"413\">Ediag+ OBD2 Bluetooth te\u015fhis konnekt\u00f6r\u00fcn\u00fc<\/strong> (ThinkDiag 2 klonu) ve <strong data-start=\"460\" data-end=\"510\">8 in\u00e7 Android tablet (4 GB RAM \/ 64 GB depolama)<\/strong> i\u00e7erir; t\u00fcm\u00fc <strong data-start=\"556\" data-end=\"577\">DiagZone platformu<\/strong> ile kullan\u0131m i\u00e7in tamamen test edilmi\u015f ve optimize edilmi\u015ftir.<\/p>\n<p data-start=\"587\" data-end=\"769\">\ud83d\udd39 <strong data-start=\"590\" data-end=\"610\">\u00d6nemli Uyar\u0131<\/strong><br data-start=\"610\" data-end=\"613\" \/>Set, \u00f6nceden y\u00fcklenmi\u015f bir yaz\u0131l\u0131m lisans\u0131 i\u00e7ermez.<br data-start=\"671\" data-end=\"674\" \/>T\u00fcm te\u015fhis fonksiyonlar\u0131n\u0131 kullanmak i\u00e7in bir <strong data-start=\"714\" data-end=\"748\">ayr\u0131 bir DiagZone aboneli\u011fi<\/strong> sat\u0131n al\u0131nmal\u0131d\u0131r.<\/p>\n<p data-start=\"776\" data-end=\"1012\">\ud83d\udd39 <strong data-start=\"779\" data-end=\"801\">Destek ve y\u00f6nlendirme<\/strong><br data-start=\"801\" data-end=\"804\" \/>DiagZone kurulumu i\u00e7in yard\u0131ma m\u0131 ihtiyac\u0131n\u0131z var?<br data-start=\"834\" data-end=\"837\" \/>Ekibimiz ad\u0131m ad\u0131m destek sa\u011flamaya odaklanm\u0131\u015ft\u0131r. Ediag+ kitinizi DiagZone OBD2 platformu ile kullanma konusunda yard\u0131ma ihtiyac\u0131n\u0131z olursa, diledi\u011finiz zaman bizimle ileti\u015fime ge\u00e7mekten \u00e7ekinmeyin.<\/p>\n<p data-start=\"1019\" data-end=\"1243\">\ud83d\udd39 <strong data-start=\"1022\" data-end=\"1043\">Kalite G\u00fcvencesi<\/strong><br data-start=\"1043\" data-end=\"1046\" \/>Her <strong data-start=\"1052\" data-end=\"1072\">Kingbolen Ediag+<\/strong> ve tablet, sevkiyat \u00f6ncesinde DiagZone \u00fczerinde test edilir.<br data-start=\"1122\" data-end=\"1125\" \/>Bu, profesyonel veya ki\u015fisel kullan\u0131m i\u00e7in do\u011fru \u00e7al\u0131\u015fma, kararl\u0131 ileti\u015fim ve g\u00fcvenilir performans sa\u011flar.<\/p>\n<h2 data-start=\"1250\" data-end=\"1274\">\u00dcr\u00fcn a\u00e7\u0131klamas\u0131<\/h2>\n<p data-start=\"1276\" data-end=\"1530\" class=\" translation-block\"><strong data-start=\"1280\" data-end=\"1315\">Kingbolen Ediag+ Diagnostic Kit<\/strong>, Ediag+ Bluetooth OBD2 konnekt\u00f6r\u00fcn\u00fcn \u00e7ok y\u00f6nl\u00fcl\u00fc\u011f\u00fcn\u00fc DiagZone i\u00e7in \u00f6nceden yap\u0131land\u0131r\u0131lm\u0131\u015f <strong data-start=\"1407\" data-end=\"1432\">8 in\u00e7 Android tabletin<\/strong> kullan\u0131m kolayl\u0131\u011f\u0131yla birle\u015ftirir. Bu sayede at\u00f6lyeler ve merakl\u0131lar i\u00e7in kullan\u0131ma haz\u0131r bir paket sunar.<\/p>\n<p data-start=\"1532\" data-end=\"2265\">\u2705 Eksiksiz set \u2013 Ediag+ OBD2 konnekt\u00f6r\u00fc ve 8 in\u00e7 Android tablet i\u00e7erir (4 GB RAM \/ 64 GB depolama)<br data-start=\"1616\" data-end=\"1619\" \/>\u2705 Profesyonel bir OBD2 Bluetooth adapt\u00f6r\u00fc olarak \u00e7al\u0131\u015f\u0131r<br data-start=\"1667\" data-end=\"1670\" \/>\u2705 Android cihazlar\u0131 destekler \u2013 Android 7\u201313 ve Android 14 (yaln\u0131zca 32-bit) ile tamamen uyumludur<br data-start=\"1763\" data-end=\"1766\" \/>\u2705 Uyumluluk i\u00e7in DiagZone yaz\u0131l\u0131m\u0131 ile test edilmi\u015ftir<br data-start=\"1815\" data-end=\"1818\" \/>\u2705 Stabil Bluetooth 5.0\/5.1 \u00e7ift mod ba\u011flant\u0131s\u0131<br data-start=\"1865\" data-end=\"1868\" \/>\u2705 G\u00f6sterge \u0131\u015f\u0131klar\u0131na sahip dayan\u0131kl\u0131 ABS+PC+TPU muhafaza<br data-start=\"1917\" data-end=\"1920\" \/>\u2705 Kolay kullan\u0131m i\u00e7in 0,65 m OBD2 kablosu i\u00e7erir<br data-start=\"1967\" data-end=\"1970\" \/>\u2705 Yeni nesil ara\u00e7lar i\u00e7in CAN-FD protokol\u00fcn\u00fc destekler<br data-start=\"2024\" data-end=\"2027\" \/>\u2705 Geli\u015fmi\u015f fonksiyonlar: ya\u011f s\u0131f\u0131rlama, DPF rejenerasyonu, enjekt\u00f6r kodlama, ak\u00fc e\u015fle\u015ftirme ve daha fazlas\u0131 (ara\u00e7 modeline ba\u011fl\u0131 olarak)<br data-start=\"2150\" data-end=\"2153\" \/>\u2705 \u00c7ift y\u00f6nl\u00fc kontrol, ECU kodlama ve adaptasyon, otomatik VIN alg\u0131lama ve tam sistem sa\u011fl\u0131k raporlar\u0131 sunar<\/p>\n<p data-start=\"2267\" data-end=\"2444\">\u26a0\ufe0f <strong data-start=\"100\" data-end=\"116\">L\u00fctfen dikkat:<\/strong> Bu set <strong data-start=\"126\" data-end=\"172\">ge\u00e7erli bir DiagZone yaz\u0131l\u0131m lisans\u0131 i\u00e7erir<\/strong> varsay\u0131lan olarak<br data-start=\"184\" data-end=\"187\" \/>\ud83d\udc49 Ek bir abonelik sat\u0131n almadan t\u00fcm te\u015fhis fonksiyonlar\u0131n\u0131 hemen kullanmaya ba\u015flayabilirsiniz.<\/p>\n<h2 data-start=\"2451\" data-end=\"2499\">Neden Kingbolen Ediag+ Tan\u0131 Kiti\u2019ni se\u00e7melisiniz?<\/h2>\n<ul data-start=\"2501\" data-end=\"2952\">\n<li data-start=\"2501\" data-end=\"2563\">\n<p data-start=\"2503\" data-end=\"2563\">ThinkDiag 2 klonu \u2013 ayn\u0131 i\u015flevsellik, daha uygun fiyatl\u0131<\/p>\n<\/li>\n<li data-start=\"2564\" data-end=\"2616\">\n<p data-start=\"2566\" data-end=\"2616\">An\u0131nda kullan\u0131m i\u00e7in 8 in\u00e7 Android tablet i\u00e7erir<\/p>\n<\/li>\n<li data-start=\"2617\" data-end=\"2660\">\n<p data-start=\"2619\" data-end=\"2660\" class=\" translation-block\"><strong data-start=\"290\" data-end=\"317\">Sevkiyat \u00f6ncesi 0 DiagZone \u00fczerinde test edilmi\u015ftir<\/strong><\/p>\n<\/li>\n<li data-start=\"2661\" data-end=\"2716\">\n<p data-start=\"2663\" data-end=\"2716\">Stabil performansl\u0131 profesyonel OBD2 konnekt\u00f6r\u00fc<\/p>\n<\/li>\n<li data-start=\"2717\" data-end=\"2771\">\n<p data-start=\"2719\" data-end=\"2771\">Bluetooth 5.0\/5.1 ba\u011flant\u0131s\u0131na sahip kompakt tasar\u0131m<\/p>\n<\/li>\n<li data-start=\"2772\" data-end=\"2854\">\n<p data-start=\"2774\" data-end=\"2854\">DiagZone binek ara\u00e7, elektrikli ara\u00e7 ve a\u011f\u0131r vas\u0131ta yaz\u0131l\u0131m paketleriyle uyumludur<\/p>\n<\/li>\n<li data-start=\"2855\" data-end=\"2952\">\n<p data-start=\"2857\" data-end=\"2952\" class=\" translation-block\">Ba\u015fl\u0131ca diagnostik protokolleri destekler: <strong data-start=\"3072\" data-end=\"3132\">ISO9141, KWP2000, J1850 VPW, J1850 PWM, CAN, UDS, CAN-FD<\/strong><\/p>\n<\/li>\n<\/ul>\n<p data-start=\"2959\" data-end=\"3207\">\u2705 <strong data-start=\"2961\" data-end=\"3205\">K\u0131saca, Kingbolen Ediag+ Diagnostic Kit, ThinkDiag 2\u2019ye uygun maliyetli bir alternatiftir; ayn\u0131 DiagZone uyumlulu\u011funu sunarken 8 in\u00e7 Android tabletin sa\u011flad\u0131\u011f\u0131 ek kullan\u0131m kolayl\u0131\u011f\u0131yla kullan\u0131ma haz\u0131r bir te\u015fhis \u00e7\u00f6z\u00fcm\u00fc sunar.<\/strong><\/p>","protected":false},"excerpt":{"rendered":"<p class=\" translation-block\"><strong data-start=\"213\" data-end=\"248\">Kingbolen Ediag+ Diagnostic Kit<\/strong>, kompakt bir Bluetooth OBD2 konnekt\u00f6r\u00fc, <strong data-start=\"297\" data-end=\"333\">8 in\u00e7 Android tablet (4 GB\/64 GB)<\/strong> ve <strong data-start=\"341\" data-end=\"376\">ge\u00e7erli bir DiagZone yaz\u0131l\u0131m lisans\u0131<\/strong> i\u00e7erir. DiagZone platformu ile tamamen uyumlu olan bu set, <strong data-start=\"435\" data-end=\"445\">CAN-FD<\/strong>, \u00e7ift y\u00f6nl\u00fc kontrol, ECU kodlama ve bir\u00e7ok servis s\u0131f\u0131rlama fonksiyonunu destekler \u2014 kullan\u0131ma haz\u0131r bir pakette profesyonel diagnostik sunar.<\/p>","protected":false},"featured_media":3383,"template":"","meta":{"_acf_changed":false,"_seopress_robots_primary_cat":"none","_seopress_titles_title":"Kingbolen Ediag+ Diagnostic Kit \u2013 OBD2 Scanner with 8\" Tablet & DiagZone License","_seopress_titles_desc":"Kingbolen Ediag+ Diagnostic Kit with 8-inch Android tablet and DiagZone license. Supports CAN-FD, ECU coding, bi-directional tests, and service resets. Ready-to-use package for professional diagnostics.","_seopress_robots_index":"","inline_featured_image":false,"_kad_blocks_custom_css":"","_kad_blocks_head_custom_js":"","_kad_blocks_body_custom_js":"","_kad_blocks_footer_custom_js":"","_themeisle_gutenberg_block_has_review":false,"_kad_post_transparent":"default","_kad_post_title":"","_kad_post_layout":"default","_kad_post_sidebar_id":"","_kad_post_content_style":"default","_kad_post_vertical_padding":"default","_kad_post_feature":"","_kad_post_feature_position":"","_kad_post_header":false,"_kad_post_footer":false,"iawp_total_views":169},"product_cat":[23],"product_tag":[],"class_list":{"0":"post-3382","1":"product","2":"type-product","3":"status-publish","4":"has-post-thumbnail","6":"product_cat-diagnostic-kits","8":"first","9":"instock","10":"shipping-taxable","11":"purchasable","12":"product-type-simple","13":"entry","14":"content-bg","15":"loop-entry"},"acf":[],"taxonomy_info":{"product_cat":[{"value":23,"label":"Diagnostic kits"}]},"featured_image_src_large":["https:\/\/diagzone.org\/wp-content\/uploads\/2025\/09\/Diagzone_Automotive_Diagnostics_1.jpg",600,600,false],"author_info":[],"comment_info":"","_links":{"self":[{"href":"https:\/\/diagzone.org\/tr\/wp-json\/wp\/v2\/product\/3382","targetHints":{"allow":["GET"]}}],"collection":[{"href":"https:\/\/diagzone.org\/tr\/wp-json\/wp\/v2\/product"}],"about":[{"href":"https:\/\/diagzone.org\/tr\/wp-json\/wp\/v2\/types\/product"}],"wp:featuredmedia":[{"embeddable":true,"href":"https:\/\/diagzone.org\/tr\/wp-json\/wp\/v2\/media\/3383"}],"wp:attachment":[{"href":"https:\/\/diagzone.org\/tr\/wp-json\/wp\/v2\/media?parent=3382"}],"wp:term":[{"taxonomy":"product_cat","embeddable":true,"href":"https:\/\/diagzone.org\/tr\/wp-json\/wp\/v2\/product_cat?post=3382"},{"taxonomy":"product_tag","embeddable":true,"href":"https:\/\/diagzone.org\/tr\/wp-json\/wp\/v2\/product_tag?post=3382"}],"curies":[{"name":"wp","href":"https:\/\/api.w.org\/{rel}","templated":true}]}}