{"id":3389,"date":"2025-09-27T10:07:39","date_gmt":"2025-09-27T08:07:39","guid":{"rendered":"https:\/\/diagzone.org\/?post_type=product&#038;p=3389"},"modified":"2025-09-27T10:10:57","modified_gmt":"2025-09-27T08:10:57","slug":"kingbolen-ediag-plus-diagnostic-kit-obd2-scanner-with-10-tablet-diagzone-license","status":"publish","type":"product","link":"https:\/\/diagzone.org\/tr\/urun\/kingbolen-ediag-plus-diagnostic-kit-obd2-scanner-with-10-tablet-diagzone-license\/","title":{"rendered":"Kingbolen Ediag Plus Te\u015fhis Kiti \u2013 10\u2033 Tabletli OBD2 Taray\u0131c\u0131 ve DiagZone Lisans\u0131"},"content":{"rendered":"<p data-start=\"272\" data-end=\"591\" class=\" translation-block\"><strong data-start=\"307\" data-end=\"342\">Kingbolen Ediag+ Diagnostic Kit<\/strong>\u2019e g\u00f6sterdi\u011finiz ilgi i\u00e7in te\u015fekk\u00fcr ederiz.<br data-start=\"343\" data-end=\"346\">Bu profesyonel set, <strong data-start=\"381\" data-end=\"427\">Ediag+ OBD2 Bluetooth te\u015fhis konnekt\u00f6r\u00fcn\u00fc<\/strong> (ThinkDiag 2 klonu) ve <strong data-start=\"473\" data-end=\"525\">10 in\u00e7 Android tablet (3 GB RAM \/ 128 GB depolama)<\/strong> i\u00e7erir; DiagZone platformu ile kullan\u0131m i\u00e7in tamamen test edilmi\u015f ve optimize edilmi\u015ftir.<\/p>\n<p data-start=\"593\" data-end=\"797\">\ud83d\udd39 <strong data-start=\"596\" data-end=\"616\">\u00d6nemli Uyar\u0131<\/strong><br data-start=\"616\" data-end=\"619\" \/>Bu set <strong data-start=\"628\" data-end=\"682\">zaten ge\u00e7erli bir DiagZone yaz\u0131l\u0131m lisans\u0131 i\u00e7erir<\/strong>.<br data-start=\"683\" data-end=\"686\" \/>Ayr\u0131 bir abonelik sat\u0131n alman\u0131za gerek kalmadan t\u00fcm te\u015fhis i\u015flevlerini hemen kullanmaya ba\u015flayabilirsiniz.<\/p>\n<p data-start=\"799\" data-end=\"1003\">\ud83d\udd39 <strong data-start=\"802\" data-end=\"824\">Destek ve y\u00f6nlendirme<\/strong><br data-start=\"824\" data-end=\"827\" \/>ihtiya\u00e7 duymak <a href=\"https:\/\/wa.me\/31647604324\">yard\u0131m<\/a> DiagZone kurulumu ile ilgili mi?<br data-start=\"857\" data-end=\"860\" \/>Ekibimiz, tablet yap\u0131land\u0131rmas\u0131ndan Ediag+ cihaz\u0131n\u0131z\u0131n DiagZone OBD2 platformuna ba\u011flanmas\u0131na kadar ad\u0131m ad\u0131m destek sa\u011flamak i\u00e7in haz\u0131rd\u0131r.<\/p>\n<p data-start=\"1005\" data-end=\"1244\">\ud83d\udd39 <strong data-start=\"1008\" data-end=\"1029\">Kalite G\u00fcvencesi<\/strong><br data-start=\"1029\" data-end=\"1032\" \/>Her Kingbolen Ediag+ cihaz\u0131 ve tablet, sevkiyat \u00f6ncesinde DiagZone \u00fczerinde tamamen test edilir.<br data-start=\"1117\" data-end=\"1120\" \/>Bu, hem profesyonel hem de ki\u015fisel kullan\u0131m i\u00e7in kararl\u0131 performans, do\u011fru \u00e7al\u0131\u015fma ve g\u00fcvenilir ileti\u015fim sa\u011flar.<\/p>\n<h3 data-start=\"1251\" data-end=\"1267\">\u2705 \u00d6zellikler<\/h3>\n<ul data-start=\"1269\" data-end=\"1909\">\n<li data-start=\"1269\" data-end=\"1365\">\n<p data-start=\"1271\" data-end=\"1365\" class=\" translation-block\">Eksiksiz set \u2013 <strong data-start=\"1295\" data-end=\"1320\">Ediag+ OBD2 konnekt\u00f6r\u00fc<\/strong> ve <strong data-start=\"1325\" data-end=\"1363\">10 in\u00e7 Android tablet (3 GB\/128 GB)<\/strong> i\u00e7erir<\/p>\n<\/li>\n<li data-start=\"1366\" data-end=\"1416\">\n<p data-start=\"1368\" data-end=\"1416\">Profesyonel bir OBD2 Bluetooth adapt\u00f6r\u00fc olarak \u00e7al\u0131\u015f\u0131r<\/p>\n<\/li>\n<li data-start=\"1417\" data-end=\"1484\">\n<p data-start=\"1419\" data-end=\"1484\">Android 7\u201313 ve Android 14 (yaln\u0131zca 32-bit) ile tamamen uyumludur<\/p>\n<\/li>\n<li data-start=\"1485\" data-end=\"1534\">\n<p data-start=\"1487\" data-end=\"1534\">Stabil Bluetooth 5.0\/5.1 \u00e7ift mod ba\u011flant\u0131s\u0131<\/p>\n<\/li>\n<li data-start=\"1535\" data-end=\"1586\">\n<p data-start=\"1537\" data-end=\"1586\">G\u00f6sterge \u0131\u015f\u0131klar\u0131na sahip dayan\u0131kl\u0131 ABS+PC+TPU g\u00f6vde<\/p>\n<\/li>\n<li data-start=\"1587\" data-end=\"1637\">\n<p data-start=\"1589\" data-end=\"1637\" class=\" translation-block\">Kullan\u0131m kolayl\u0131\u011f\u0131 i\u00e7in <strong data-start=\"1598\" data-end=\"1619\">0,65 m OBD2 kablo<\/strong> i\u00e7erir<\/p>\n<\/li>\n<li data-start=\"1638\" data-end=\"1690\">\n<p data-start=\"1640\" data-end=\"1690\" class=\" translation-block\">Modern ara\u00e7lar i\u00e7in <strong data-start=\"1649\" data-end=\"1668\">CAN-FD protokol\u00fcn\u00fc<\/strong> destekler<\/p>\n<\/li>\n<li data-start=\"1691\" data-end=\"1816\">\n<p data-start=\"1693\" data-end=\"1816\">Geli\u015fmi\u015f fonksiyonlar: ya\u011f s\u0131f\u0131rlama, DPF rejenerasyonu, enjekt\u00f6r kodlama, ak\u00fc e\u015fle\u015ftirme ve daha fazlas\u0131 (ara\u00e7 modeline ba\u011fl\u0131 olarak)<\/p>\n<\/li>\n<li data-start=\"1817\" data-end=\"1909\">\n<p data-start=\"1819\" data-end=\"1909\">\u00c7ift y\u00f6nl\u00fc kontrol, ECU kodlama ve adaptasyon, Auto VIN alg\u0131lama, tam sistem sa\u011fl\u0131k raporlar\u0131<\/p>\n<\/li>\n<\/ul>\n<h3 data-start=\"1916\" data-end=\"1929\">\u26a0\ufe0f Not<\/h3>\n<ul data-start=\"1930\" data-end=\"2110\">\n<li data-start=\"1930\" data-end=\"2023\">\n<p data-start=\"1932\" data-end=\"2023\" class=\" translation-block\">Set <strong data-start=\"1940\" data-end=\"1982\">varsay\u0131lan olarak bir DiagZone lisans\u0131 i\u00e7erir<\/strong> \u2013 ek yaz\u0131l\u0131m sat\u0131n alman\u0131za gerek yoktur.<\/p>\n<\/li>\n<li data-start=\"2024\" data-end=\"2110\">\n<p data-start=\"2026\" data-end=\"2110\" class=\" translation-block\"><strong data-start=\"2030\" data-end=\"2046\">A\u011f\u0131r vas\u0131talar<\/strong> i\u00e7in <a href=\"https:\/\/diagzone.org\/product\/gt106-plus-heavy-truck-power-adapter-24v-to-12v-adapter\/\" target=\"_self\"><strong data-start=\"2050\" data-end=\"2079\">24V\u201312V d\u00f6n\u00fc\u015ft\u00fcr\u00fcc\u00fc adapt\u00f6r<\/strong><\/a> gereklidir (ayr\u0131 sat\u0131l\u0131r).<\/p>\n<\/li>\n<\/ul>\n<h3 data-start=\"2117\" data-end=\"2168\">\u00a0Neden Kingbolen Ediag+ Tan\u0131 Kiti\u2019ni se\u00e7melisiniz?<\/h3>\n<ul data-start=\"2170\" data-end=\"2591\">\n<li data-start=\"2170\" data-end=\"2232\">\n<p data-start=\"2172\" data-end=\"2232\">ThinkDiag 2 klonu \u2013 ayn\u0131 i\u015flevsellik, daha uygun fiyatl\u0131<\/p>\n<\/li>\n<li data-start=\"2233\" data-end=\"2301\">\n<p data-start=\"2235\" data-end=\"2301\" class=\" translation-block\">Kullan\u0131ma haz\u0131r te\u015fhis i\u00e7in <strong data-start=\"2244\" data-end=\"2270\">10 in\u00e7 Android tablet<\/strong> i\u00e7erir<\/p>\n<\/li>\n<li data-start=\"2302\" data-end=\"2345\">\n<p data-start=\"2304\" data-end=\"2345\" class=\" translation-block\"><strong data-start=\"290\" data-end=\"317\">Sevkiyat \u00f6ncesi 0 DiagZone \u00fczerinde test edilmi\u015ftir<\/strong><\/p>\n<\/li>\n<li data-start=\"2346\" data-end=\"2407\">\n<p data-start=\"2348\" data-end=\"2407\">G\u00fc\u00e7l\u00fc Bluetooth 5.0\/5.1 ba\u011flant\u0131s\u0131na sahip kompakt tasar\u0131m<\/p>\n<\/li>\n<li data-start=\"2408\" data-end=\"2495\">\n<p data-start=\"2410\" data-end=\"2495\">Binek ara\u00e7lar, elektrikli ara\u00e7lar, motosikletler ve a\u011f\u0131r vas\u0131talar\u0131 destekler (d\u00f6n\u00fc\u015ft\u00fcr\u00fcc\u00fc ile)<\/p>\n<\/li>\n<li data-start=\"2496\" data-end=\"2591\">\n<p data-start=\"2498\" data-end=\"2591\">Ba\u015fl\u0131ca diagnostik protokolleri kapsar: ISO9141, KWP2000, J1850 VPW, J1850 PWM, CAN, UDS, CAN-FD<\/p>\n<\/li>\n<\/ul>\n<p data-start=\"2598\" data-end=\"2831\">\u2705 <strong data-start=\"2600\" data-end=\"2612\">K\u0131saca<\/strong>: The <strong data-start=\"2618\" data-end=\"2672\">Kingbolen Ediag+ Te\u015fhis Kiti (10 in\u00e7, 3 GB RAM \/ 128 GB depolama alan\u0131)<\/strong> ThinkDiag 2\u2019ye uygun maliyetli bir alternatiftir; tam DiagZone uyumlulu\u011fu ve eksiksiz, kullan\u0131ma haz\u0131r bir te\u015fhis \u00e7\u00f6z\u00fcm\u00fc i\u00e7in g\u00fc\u00e7l\u00fc bir tablet sunar.<\/p>","protected":false},"excerpt":{"rendered":"<p class=\" translation-block\"><strong data-start=\"213\" data-end=\"248\">Kingbolen Ediag+ Diagnostic Kit<\/strong>, kompakt bir Bluetooth OBD2 konnekt\u00f6r\u00fc, <strong data-start=\"297\" data-end=\"333\">8 in\u00e7 Android tablet (4 GB\/64 GB)<\/strong> ve <strong data-start=\"341\" data-end=\"376\">ge\u00e7erli bir DiagZone yaz\u0131l\u0131m lisans\u0131<\/strong> i\u00e7erir. DiagZone platformu ile tamamen uyumlu olan bu set, <strong data-start=\"435\" data-end=\"445\">CAN-FD<\/strong>, \u00e7ift y\u00f6nl\u00fc kontrol, ECU kodlama ve bir\u00e7ok servis s\u0131f\u0131rlama fonksiyonunu destekler \u2014 kullan\u0131ma haz\u0131r bir pakette profesyonel diagnostik sunar.<\/p>","protected":false},"featured_media":3390,"template":"","meta":{"_acf_changed":false,"_seopress_robots_primary_cat":"none","_seopress_titles_title":"Kingbolen Ediag Plus Diagnostic Kit \u2013 OBD2 Scanner with 10\" Tablet & Pre-Installed DiagZone License","_seopress_titles_desc":"Buy the Kingbolen Ediag Plus Diagnostic Kit with 10-inch Android tablet (3GB\/128GB) and pre-installed DiagZone license. Supports CAN-FD, ECU coding, bi-directional control, and advanced service functions for cars, EVs, motorcycles, and heavy-duty vehicles (with adapter).","_seopress_robots_index":"","inline_featured_image":false,"_kad_blocks_custom_css":"","_kad_blocks_head_custom_js":"","_kad_blocks_body_custom_js":"","_kad_blocks_footer_custom_js":"","_themeisle_gutenberg_block_has_review":false,"_kadence_starter_templates_imported_post":false,"_kad_post_transparent":"default","_kad_post_title":"","_kad_post_layout":"default","_kad_post_sidebar_id":"","_kad_post_content_style":"default","_kad_post_vertical_padding":"default","_kad_post_feature":"","_kad_post_feature_position":"","_kad_post_header":false,"_kad_post_footer":false,"iawp_total_views":158},"product_cat":[23],"product_tag":[],"class_list":{"0":"post-3389","1":"product","2":"type-product","3":"status-publish","4":"has-post-thumbnail","6":"product_cat-diagnostic-kits","8":"first","9":"instock","10":"shipping-taxable","11":"purchasable","12":"product-type-simple","13":"entry","14":"content-bg","15":"loop-entry"},"acf":[],"taxonomy_info":{"product_cat":[{"value":23,"label":"Diagnostic kits"}]},"featured_image_src_large":["https:\/\/diagzone.org\/wp-content\/uploads\/2025\/09\/Diagzone_Diagnostic_Set_EDIAG_PLUS.jpg",600,600,false],"author_info":[],"comment_info":"","_links":{"self":[{"href":"https:\/\/diagzone.org\/tr\/wp-json\/wp\/v2\/product\/3389","targetHints":{"allow":["GET"]}}],"collection":[{"href":"https:\/\/diagzone.org\/tr\/wp-json\/wp\/v2\/product"}],"about":[{"href":"https:\/\/diagzone.org\/tr\/wp-json\/wp\/v2\/types\/product"}],"wp:featuredmedia":[{"embeddable":true,"href":"https:\/\/diagzone.org\/tr\/wp-json\/wp\/v2\/media\/3390"}],"wp:attachment":[{"href":"https:\/\/diagzone.org\/tr\/wp-json\/wp\/v2\/media?parent=3389"}],"wp:term":[{"taxonomy":"product_cat","embeddable":true,"href":"https:\/\/diagzone.org\/tr\/wp-json\/wp\/v2\/product_cat?post=3389"},{"taxonomy":"product_tag","embeddable":true,"href":"https:\/\/diagzone.org\/tr\/wp-json\/wp\/v2\/product_tag?post=3389"}],"curies":[{"name":"wp","href":"https:\/\/api.w.org\/{rel}","templated":true}]}}