
{"id":3392,"date":"2025-09-27T10:14:35","date_gmt":"2025-09-27T08:14:35","guid":{"rendered":"https:\/\/diagzone.org\/?post_type=product&#038;p=3392"},"modified":"2025-09-27T10:15:55","modified_gmt":"2025-09-27T08:15:55","slug":"thinkcar-thinkdiag-2-diagnostic-set-with-8-inch-tablet-pre-installed-diagzone-license","status":"publish","type":"product","link":"https:\/\/diagzone.org\/tr\/urun\/thinkcar-thinkdiag-2-diagnostic-set-with-8-inch-tablet-pre-installed-diagzone-license\/","title":{"rendered":"THINKCAR ThinkDiag 2 8 \u0130n\u00e7 Tablet ve \u00d6nceden Y\u00fckl\u00fc DiagZone Lisans\u0131 ile Tan\u0131lama Seti"},"content":{"rendered":"<p data-start=\"218\" data-end=\"600\" class=\" translation-block\"><strong data-start=\"253\" data-end=\"345\">Diagzone Diagnostik Seti \u2013 8 \u0130n\u00e7 Tabletli ThinkDiag 2 (4GB\/64GB) + DiagZone Lisans\u0131<\/strong>\u2019na g\u00f6sterdi\u011finiz ilgi i\u00e7in te\u015fekk\u00fcr ederiz.<br data-start=\"346\" data-end=\"349\">Bu eksiksiz diagnostik paket, orijinal ThinkDiag 2 OBD2 Bluetooth ba\u011flant\u0131 cihaz\u0131n\u0131 g\u00fc\u00e7l\u00fc bir 10 in\u00e7 Android tablet ve <strong data-start=\"486\" data-end=\"529\">\u00f6nceden y\u00fckl\u00fc DiagZone yaz\u0131l\u0131m lisans\u0131<\/strong> ile birle\u015ftirerek profesyoneller ve servisler i\u00e7in kullan\u0131ma haz\u0131r bir \u00e7\u00f6z\u00fcm sunar.<\/p>\n<h3 data-start=\"607\" data-end=\"632\">\ud83d\udd39 \u00d6nemli Uyar\u0131<\/h3>\n<p data-start=\"633\" data-end=\"810\">Kit <strong data-start=\"641\" data-end=\"706\">varsay\u0131lan olarak ge\u00e7erli bir DiagZone yaz\u0131l\u0131m lisans\u0131 zaten i\u00e7erir<\/strong>.<br data-start=\"707\" data-end=\"710\" \/>\ud83d\udc49 Ek bir abonelik gerekmez \u2013 t\u00fcm te\u015fhis \u00f6zelliklerini hemen kullanmaya ba\u015flayabilirsiniz.<\/p>\n<h3 data-start=\"817\" data-end=\"844\">\ud83d\udd39 Destek ve rehberlik<\/h3>\n<p data-start=\"845\" data-end=\"1011\" class=\" translation-block\">Tan\u0131lama setinizi kurarken yard\u0131ma m\u0131 ihtiyac\u0131n\u0131z var?<br data-start=\"886\" data-end=\"889\">Ekibimiz, tablet yap\u0131land\u0131rmas\u0131ndan DiagZone platformunda ThinkDiag 2\u2019nin etkinle\u015ftirilmesine kadar ad\u0131m ad\u0131m destek sa\u011flar.<\/p>\n<h3 data-start=\"1018\" data-end=\"1044\">\ud83d\udd39 Kalite G\u00fcvencesi<\/h3>\n<p data-start=\"1045\" data-end=\"1252\" class=\" translation-block\">Her ThinkDiag 2 adapt\u00f6r\u00fc ve her tablet, sevkiyat \u00f6ncesinde tamamen test edilir.<br data-start=\"1114\" data-end=\"1117\">Ba\u011flant\u0131, yaz\u0131l\u0131m uyumlulu\u011fu ve performans kontrol edilerek profesyonel d\u00fczeyde g\u00fcvenilirlik ve uzun \u00f6m\u00fcrl\u00fc dayan\u0131kl\u0131l\u0131k sa\u011flan\u0131r.<\/p>\n<h2 data-start=\"1259\" data-end=\"1287\">\ud83d\udccc \u00d6zellikler ve Fonksiyonlar<\/h2>\n<p data-start=\"1289\" data-end=\"2002\">\u2705 <strong data-start=\"1291\" data-end=\"1307\">Komple set<\/strong> \u2013 ThinkDiag 2 adapt\u00f6r\u00fc, 10 in\u00e7 Android tablet (4 GB RAM \/ 64 GB depolama), \u015farj cihaz\u0131 ve kablolar\u0131 i\u00e7erir<br data-start=\"1426\" data-end=\"1429\" \/>\u2705 <strong data-start=\"1431\" data-end=\"1457\">DiagZone Uyumlulu\u011fu<\/strong> \u2013 DiagZone yaz\u0131l\u0131m\u0131 ile kullan\u0131m i\u00e7in tamamen optimize edilmi\u015ftir<br data-start=\"1506\" data-end=\"1509\" \/>\u2705 <strong data-start=\"1511\" data-end=\"1531\">Modern protokoller<\/strong> \u2013 Yeni nesil ara\u00e7lar i\u00e7in CAN-FD, DoIP ve UDS deste\u011fi sunar<br data-start=\"1592\" data-end=\"1595\" \/>\u2705 <strong data-start=\"1597\" data-end=\"1623\">\u00c7ift y\u00f6nl\u00fc kontrol<\/strong> \u2013 Aktif testler, ECU kodlama ve bile\u015fen adaptasyonlar\u0131 ger\u00e7ekle\u015ftirir<br data-start=\"1685\" data-end=\"1688\" \/>\u2705 <strong data-start=\"1690\" data-end=\"1711\">Servis fonksiyonlar\u0131<\/strong> \u2013 40\u2019tan fazla s\u0131f\u0131rlama ve bak\u0131m se\u00e7ene\u011fi (enjekt\u00f6rler, DPF, TPMS, ak\u00fcler, anahtarlar vb.)<br data-start=\"1791\" data-end=\"1794\" \/>\u2705 <strong data-start=\"1796\" data-end=\"1814\">Geni\u015f kapsam<\/strong> \u2013 Avrupa, Asya ve \u00c7in ara\u00e7lar\u0131, elektrikli ara\u00e7lar, hibritler, motosikletler ve a\u011f\u0131r vas\u0131talar (24V\u201312V adapt\u00f6r ile)<br data-start=\"1918\" data-end=\"1921\" \/>\u2705 <strong data-start=\"1923\" data-end=\"1939\">Sa\u011flam yap\u0131<\/strong> \u2013 G\u00fcnl\u00fck at\u00f6lye kullan\u0131m\u0131 i\u00e7in tasarlanm\u0131\u015f dayan\u0131kl\u0131 tablet ve adapt\u00f6r<\/p>\n<h2 data-start=\"2009\" data-end=\"2036\">\u26a0\ufe0f A\u011f\u0131r Vas\u0131talar \u0130\u00e7in Uyar\u0131<\/h2>\n<p data-start=\"2037\" data-end=\"2198\">A\u011f\u0131r vas\u0131ta te\u015fhisi i\u00e7in bir <strong data-start=\"2068\" data-end=\"2097\">24V\u201312V d\u00f6n\u00fc\u015ft\u00fcr\u00fcc\u00fc adapt\u00f6r<\/strong> gereklidir ve ayr\u0131 olarak sat\u0131n al\u0131nmal\u0131d\u0131r.<br data-start=\"2143\" data-end=\"2146\" \/>\ud83d\udc49 Buradan sipari\u015f verebilirsiniz: <a class=\"decorated-link\" href=\"#\" rel=\"noopener\" data-start=\"2172\" data-end=\"2196\">A\u011f\u0131r vas\u0131ta adapt\u00f6r\u00fc<\/a><\/p>\n<h2 data-start=\"2205\" data-end=\"2225\">\ud83d\udce6 Paket i\u00e7eri\u011fi<\/h2>\n<ul data-start=\"2227\" data-end=\"2435\">\n<li data-start=\"2227\" data-end=\"2267\">\n<p data-start=\"2229\" data-end=\"2267\">ThinkDiag 2 OBD2 Bluetooth Ba\u011flant\u0131 Cihaz\u0131<\/p>\n<\/li>\n<li data-start=\"2268\" data-end=\"2320\">\n<p data-start=\"2270\" data-end=\"2320\">10 in\u00e7 Android tablet (4 GB RAM \/ 64 GB depolama)<\/p>\n<\/li>\n<li data-start=\"2321\" data-end=\"2364\">\n<p data-start=\"2323\" data-end=\"2364\">\u00d6nceden y\u00fckl\u00fc DiagZone yaz\u0131l\u0131m lisans\u0131<\/p>\n<\/li>\n<li data-start=\"834\" data-end=\"862\">\n<p data-start=\"836\" data-end=\"862\">Koruyucu ta\u015f\u0131ma \u00e7antas\u0131<\/p>\n<\/li>\n<li data-start=\"2394\" data-end=\"2417\">\n<p data-start=\"2396\" data-end=\"2417\">USB \u015farj cihaz\u0131 ve kablo<\/p>\n<\/li>\n<li data-start=\"2418\" data-end=\"2435\">\n<p data-start=\"2420\" data-end=\"2435\">G\u00fc\u00e7 adapt\u00f6r\u00fc<\/p>\n<\/li>\n<\/ul>\n<h3 data-start=\"2442\" data-end=\"2458\">\u2705 K\u0131sacas\u0131<\/h3>\n<p data-start=\"2459\" data-end=\"2728\" class=\" translation-block\"><strong data-start=\"2463\" data-end=\"2524\">ThinkDiag 2 ve 8 in\u00e7 tabletli Diagzone Diagnostik Seti<\/strong>, profesyonel hepsi bir arada bir te\u015fhis \u00e7\u00f6z\u00fcm\u00fcd\u00fcr. \u00d6nceden y\u00fckl\u00fc lisans, dayan\u0131kl\u0131 tablet ve geni\u015f protokol deste\u011fi sayesinde otomobiller, elektrikli ara\u00e7lar, hibritler, motosikletler ve hatta kamyonlar (adapt\u00f6r ile) i\u00e7in haz\u0131rd\u0131r.<\/p>","protected":false},"excerpt":{"rendered":"<p class=\" translation-block\"><strong data-start=\"157\" data-end=\"172\">THINKDIAG 2<\/strong>, h\u0131z, g\u00fcvenilirlik ve hassas veri aktar\u0131m\u0131 i\u00e7in tasarlanm\u0131\u015f y\u00fcksek performansl\u0131 bir Bluetooth OBD2 ba\u011flant\u0131 cihaz\u0131d\u0131r. Modern <strong data-start=\"301\" data-end=\"325\">CAN-FD ileti\u015fimini<\/strong> destekler ve bu \u00f6zelli\u011fiyle yeni nesil ara\u00e7lar i\u00e7in idealdir. Otomobillerden elektrikli ara\u00e7lara ve kamyonlara kadar geni\u015f kapsama alan\u0131 sunarak kompakt bir tasar\u0131mda profesyonel seviye performans sa\u011flar ve <strong data-start=\"505\" data-end=\"526\">DiagZone platform<\/strong> \u00fczerinde tamamen test edilmi\u015ftir.<\/p>","protected":false},"featured_media":3393,"template":"","meta":{"_acf_changed":false,"_seopress_robots_primary_cat":"none","_seopress_titles_title":"Diagzone Diagnostic Kit | ThinkDiag 2 + 8\" Tablet (4\/64GB) + DiagZone License","_seopress_titles_desc":"Buy the Diagzone Diagnostic Kit with ThinkDiag 2 adapter, 8-inch Android tablet (4\/64GB), and pre-installed DiagZone license. Supports CAN-FD, DoIP, ECU coding, bi-directional tests, and service resets for cars, EVs, motorcycles, and trucks (with adapter).","_seopress_robots_index":"","inline_featured_image":false,"_kad_blocks_custom_css":"","_kad_blocks_head_custom_js":"","_kad_blocks_body_custom_js":"","_kad_blocks_footer_custom_js":"","_themeisle_gutenberg_block_has_review":false,"_kad_post_transparent":"default","_kad_post_title":"","_kad_post_layout":"default","_kad_post_sidebar_id":"","_kad_post_content_style":"default","_kad_post_vertical_padding":"default","_kad_post_feature":"","_kad_post_feature_position":"","_kad_post_header":false,"_kad_post_footer":false,"iawp_total_views":234},"product_cat":[23],"product_tag":[],"class_list":{"0":"post-3392","1":"product","2":"type-product","3":"status-publish","4":"has-post-thumbnail","6":"product_cat-diagnostic-kits","8":"first","9":"instock","10":"shipping-taxable","11":"purchasable","12":"product-type-simple","13":"entry","14":"content-bg","15":"loop-entry"},"acf":[],"taxonomy_info":{"product_cat":[{"value":23,"label":"Diagnostic kits"}]},"featured_image_src_large":["https:\/\/diagzone.org\/wp-content\/uploads\/2025\/09\/Diagzone_Diagnostic_Set_Thinkdiag.jpg",600,600,false],"author_info":[],"comment_info":"","_links":{"self":[{"href":"https:\/\/diagzone.org\/tr\/wp-json\/wp\/v2\/product\/3392","targetHints":{"allow":["GET"]}}],"collection":[{"href":"https:\/\/diagzone.org\/tr\/wp-json\/wp\/v2\/product"}],"about":[{"href":"https:\/\/diagzone.org\/tr\/wp-json\/wp\/v2\/types\/product"}],"wp:featuredmedia":[{"embeddable":true,"href":"https:\/\/diagzone.org\/tr\/wp-json\/wp\/v2\/media\/3393"}],"wp:attachment":[{"href":"https:\/\/diagzone.org\/tr\/wp-json\/wp\/v2\/media?parent=3392"}],"wp:term":[{"taxonomy":"product_cat","embeddable":true,"href":"https:\/\/diagzone.org\/tr\/wp-json\/wp\/v2\/product_cat?post=3392"},{"taxonomy":"product_tag","embeddable":true,"href":"https:\/\/diagzone.org\/tr\/wp-json\/wp\/v2\/product_tag?post=3392"}],"curies":[{"name":"wp","href":"https:\/\/api.w.org\/{rel}","templated":true}]}}