
{"id":3403,"date":"2025-09-27T12:07:16","date_gmt":"2025-09-27T10:07:16","guid":{"rendered":"https:\/\/diagzone.org\/?post_type=product&#038;p=3403"},"modified":"2025-09-27T18:50:35","modified_gmt":"2025-09-27T16:50:35","slug":"launch-x431-smartlink-c-2-0-diagzone-version","status":"publish","type":"product","link":"https:\/\/diagzone.org\/tr\/urun\/launch-x431-smartlink-c-2-0-diagzone-version\/","title":{"rendered":"Launch X431 Smartlink C 2.0 \u2013 DiagZone s\u00fcr\u00fcm\u00fc"},"content":{"rendered":"<p data-start=\"172\" data-end=\"443\" class=\" translation-block\"><strong data-start=\"207\" data-end=\"226\">SmartLink C 2.0<\/strong>\u2019a g\u00f6sterdi\u011finiz ilgi i\u00e7in te\u015fekk\u00fcr ederiz.<br data-start=\"227\" data-end=\"230\">Bu te\u015fhis mod\u00fcl\u00fc, a\u011f\u0131r vas\u0131talar ve binek ara\u00e7lar i\u00e7in tasarlanm\u0131\u015ft\u0131r, <strong data-start=\"324\" data-end=\"345\">DiagZone platform<\/strong> \u00fczerinde tamamen test edilmi\u015ftir ve kararl\u0131 performans, geni\u015f uyumluluk ve profesyonel te\u015fhis fonksiyonlar\u0131 sunar.<\/p>\n<p data-start=\"475\" data-end=\"768\">\ud83d\udd39 <strong data-start=\"478\" data-end=\"498\">\u00d6nemli Uyar\u0131<\/strong><br data-start=\"498\" data-end=\"501\" \/>SmartLink C 2.0, \u00f6nceden y\u00fcklenmi\u015f herhangi bir yaz\u0131l\u0131m olmadan teslim edilir.<br data-start=\"569\" data-end=\"572\" \/>\ud83d\udc49 Bu cihaz\u0131 kullanmak i\u00e7in bir <a href=\"https:\/\/diagzone.org\/diagzone-buy-subscription\/\"><strong data-start=\"597\" data-end=\"626\">ayr\u0131 DiagZone lisans\u0131<\/strong><\/a> sat\u0131n al\u0131nmal\u0131d\u0131r.<br data-start=\"645\" data-end=\"648\" \/>\ud83d\udc49 Uyumlu <strong data-start=\"667\" data-end=\"709\">binek ara\u00e7lar ve a\u011f\u0131r vas\u0131talar<\/strong>, geni\u015f bir <strong data-start=\"729\" data-end=\"765\">9V ile 36V aras\u0131nda \u00e7al\u0131\u015fma voltaj\u0131<\/strong>.<\/p>\n<p data-start=\"629\" data-end=\"870\">\ud83d\udd39 <strong data-start=\"632\" data-end=\"654\">Destek ve y\u00f6nlendirme<\/strong><br data-start=\"654\" data-end=\"657\" \/>DiagZone kurulumu i\u00e7in yard\u0131ma m\u0131 ihtiyac\u0131n\u0131z var?<br data-start=\"687\" data-end=\"690\" \/>Ekibimiz ad\u0131m ad\u0131m destek sa\u011flamaya odaklanm\u0131\u015ft\u0131r. \u00c7ekinmeden <a href=\"https:\/\/wa.me\/31647604324\">bizimle ileti\u015fime ge\u00e7in<\/a> SmartLink C 2.0 cihaz\u0131n\u0131z\u0131 DiagZone OBD2 platformu ile kullan\u0131rken y\u00f6nlendirmeye ihtiya\u00e7 duydu\u011funuzda diledi\u011finiz zaman.<\/p>\n<p data-start=\"877\" data-end=\"1108\">\ud83d\udd39 <strong data-start=\"880\" data-end=\"901\">Kalite G\u00fcvencesi<\/strong><br data-start=\"901\" data-end=\"904\" \/>Her SmartLink C 2.0, g\u00f6nderimden \u00f6nce DiagZone \u00fczerinde titiz testlerden ge\u00e7irilir.<br data-start=\"981\" data-end=\"984\" \/>Bu, hem profesyonel hem de ki\u015fisel kullan\u0131m i\u00e7in do\u011fru i\u015flevsellik, kararl\u0131 ileti\u015fim ve g\u00fcvenilir performans sa\u011flar.<\/p>\n<h2 data-start=\"1261\" data-end=\"1285\">\u00dcr\u00fcn a\u00e7\u0131klamas\u0131<\/h2>\n<p data-start=\"1287\" data-end=\"1559\" class=\" translation-block\"><strong data-start=\"1291\" data-end=\"1310\">SmartLink C 2.0<\/strong>, DiagZone yeteneklerini hem binek hem de a\u011f\u0131r vas\u0131ta ara\u00e7lara geni\u015fletmek i\u00e7in tasarlanm\u0131\u015f geli\u015fmi\u015f bir te\u015fhis mod\u00fcl\u00fcd\u00fcr. G\u00fc\u00e7l\u00fc donan\u0131m\u0131 ve \u00e7oklu ba\u011flant\u0131 se\u00e7enekleri sayesinde h\u0131zl\u0131, kararl\u0131 ve profesyonel seviyede performans sunar.<\/p>\n<p data-start=\"1561\" data-end=\"2352\">\u2705 DiagZone i\u00e7in profesyonel bir te\u015fhis mod\u00fcl\u00fc olarak \u00e7al\u0131\u015f\u0131r<br data-start=\"1617\" data-end=\"1620\" \/>\u2705 Android cihazlarla (ak\u0131ll\u0131 telefonlar ve tabletler) tamamen uyumludur \u2013 Android 7\u201313 ve Android 14\u2019\u00fc (yaln\u0131zca 32 bit) destekler<br data-start=\"1737\" data-end=\"1740\" \/>\u2705 Uyumluluk i\u00e7in DiagZone yaz\u0131l\u0131m\u0131 ile test edilmi\u015ftir<br data-start=\"1789\" data-end=\"1792\" \/>\u2705 \u00c7oklu ba\u011flant\u0131: Bluetooth, WiFi, USB ve Ethernet<br data-start=\"1848\" data-end=\"1851\" \/>\u2705 Destekler <strong data-start=\"1862\" data-end=\"1882\">modern protokoller<\/strong> \u2013 DoIP, CAN-FD, UDS, J2534, RP1210, D-PDU<br data-start=\"1924\" data-end=\"1927\" \/>\u2705 Geli\u015fmi\u015f i\u015flevler: ECU kodlama, \u00e7ift y\u00f6nl\u00fc kontrol, adaptasyonlar, otomatik VIN alg\u0131lama ve tam sistem sa\u011fl\u0131k raporlar\u0131<br data-start=\"2048\" data-end=\"2051\" \/>\u2705 Binek ara\u00e7lar\u0131, elektrikli ara\u00e7lar\u0131, motosikletleri, otob\u00fcsleri, tar\u0131m makinelerini, in\u015faat ara\u00e7lar\u0131n\u0131 ve a\u011f\u0131r vas\u0131talar\u0131 destekler (opsiyonel 24V\u201312V adapt\u00f6r ile)<br data-start=\"2203\" data-end=\"2206\" \/>\u2705 Geni\u015f <strong data-start=\"2213\" data-end=\"2240\">\u00e7al\u0131\u015fma voltaj\u0131 9\u201336V<\/strong>, hem otomobiller (12V) hem de kamyonlar\/otob\u00fcsler (24V) i\u00e7in idealdir<br data-start=\"2290\" data-end=\"2293\" \/>\u2705 G\u00fcnl\u00fck profesyonel kullan\u0131m i\u00e7in dayan\u0131kl\u0131 muhafaza<\/p>\n<h3 data-start=\"2126\" data-end=\"2158\">\ud83d\udce6 Paket \u0130\u00e7eri\u011fi<\/h3>\n<ul data-start=\"2159\" data-end=\"2279\">\n<li data-start=\"2159\" data-end=\"2189\">\n<p data-start=\"2161\" data-end=\"2189\">1 \u00d7 SmartLink C 2.0 Mod\u00fcl\u00fc<\/p>\n<\/li>\n<li data-start=\"2190\" data-end=\"2213\">\n<p data-start=\"2192\" data-end=\"2213\">1 \u00d7 OBD2 Ana Kablo<\/p>\n<\/li>\n<li data-start=\"2214\" data-end=\"2231\">\n<p data-start=\"2216\" data-end=\"2231\">1 \u00d7 USB Kablosu<\/p>\n<\/li>\n<li data-start=\"2232\" data-end=\"2253\">\n<p data-start=\"2234\" data-end=\"2253\">1 \u00d7 G\u00fc\u00e7 Adapt\u00f6r\u00fc<\/p>\n<\/li>\n<\/ul>\n<p data-start=\"2286\" data-end=\"2563\">\u2705 <strong data-start=\"2521\" data-end=\"2801\">K\u0131saca SmartLink C 2.0, tam DiagZone uyumlulu\u011fu, otomobiller ve kamyonlar i\u00e7in 9\u201336V deste\u011fi, modern protokol deste\u011fi ve g\u00fcvenilir performans sunan g\u00fc\u00e7l\u00fc ve \u00e7ok y\u00f6nl\u00fc bir te\u015fhis mod\u00fcl\u00fcd\u00fcr \u2013 bu da onu profesyonel at\u00f6lyeler i\u00e7in m\u00fckemmel ve uygun maliyetli bir \u00e7\u00f6z\u00fcm haline getirir.<\/strong><\/p>","protected":false},"excerpt":{"rendered":"<p class=\" translation-block\"><strong data-start=\"1806\" data-end=\"1825\">SmartLink C 2.0<\/strong>, DiagZone i\u00e7in profesyonel bir te\u015fhis mod\u00fcl\u00fcd\u00fcr; binek ara\u00e7lar\u0131, elektrikli ara\u00e7lar\u0131, a\u011f\u0131r vas\u0131talar\u0131, otob\u00fcsleri ve makineleri destekler. DoIP ve CAN-FD protokollerini, ECU kodlamay\u0131, \u00e7ift y\u00f6nl\u00fc testleri sunar ve ayr\u0131 bir DiagZone lisans\u0131 gerektirir.<\/p>","protected":false},"featured_media":3431,"template":"","meta":{"_acf_changed":false,"_seopress_robots_primary_cat":"none","_seopress_titles_title":"SmartLink C 2.0 \u2013 Heavy Duty Diagnostic Module for DiagZone","_seopress_titles_desc":"Buy SmartLink C 2.0 \u2013 advanced diagnostic module for DiagZone platform. Supports cars, EVs, trucks, buses, and machinery with DoIP, CAN-FD, ECU coding, and bi-directional tests. DiagZone license required separately.","_seopress_robots_index":"","inline_featured_image":false,"_kad_blocks_custom_css":"","_kad_blocks_head_custom_js":"","_kad_blocks_body_custom_js":"","_kad_blocks_footer_custom_js":"","_themeisle_gutenberg_block_has_review":false,"_kad_post_transparent":"default","_kad_post_title":"","_kad_post_layout":"default","_kad_post_sidebar_id":"","_kad_post_content_style":"default","_kad_post_vertical_padding":"default","_kad_post_feature":"","_kad_post_feature_position":"","_kad_post_header":false,"_kad_post_footer":false,"iawp_total_views":259},"product_cat":[19],"product_tag":[52,53,42,54,51],"class_list":{"0":"post-3403","1":"product","2":"type-product","3":"status-publish","4":"has-post-thumbnail","6":"product_cat-obd-connectors","7":"product_tag-bluetooth","8":"product_tag-diagzone","9":"product_tag-obd2","10":"product_tag-smartlink-c-2-0","11":"product_tag-x431","13":"first","14":"instock","15":"sale","16":"shipping-taxable","17":"purchasable","18":"product-type-simple","19":"entry","20":"content-bg","21":"loop-entry"},"acf":[],"taxonomy_info":{"product_cat":[{"value":19,"label":"Obd connectors"}],"product_tag":[{"value":52,"label":"Bluetooth"},{"value":53,"label":"DiagZone"},{"value":42,"label":"OBD2"},{"value":54,"label":"SmartLink C 2.0"},{"value":51,"label":"X431"}]},"featured_image_src_large":["https:\/\/diagzone.org\/wp-content\/uploads\/2025\/09\/Diagzone_org__Smartlink_C_2.0_1.jpg",600,600,false],"author_info":[],"comment_info":"","_links":{"self":[{"href":"https:\/\/diagzone.org\/tr\/wp-json\/wp\/v2\/product\/3403","targetHints":{"allow":["GET"]}}],"collection":[{"href":"https:\/\/diagzone.org\/tr\/wp-json\/wp\/v2\/product"}],"about":[{"href":"https:\/\/diagzone.org\/tr\/wp-json\/wp\/v2\/types\/product"}],"wp:featuredmedia":[{"embeddable":true,"href":"https:\/\/diagzone.org\/tr\/wp-json\/wp\/v2\/media\/3431"}],"wp:attachment":[{"href":"https:\/\/diagzone.org\/tr\/wp-json\/wp\/v2\/media?parent=3403"}],"wp:term":[{"taxonomy":"product_cat","embeddable":true,"href":"https:\/\/diagzone.org\/tr\/wp-json\/wp\/v2\/product_cat?post=3403"},{"taxonomy":"product_tag","embeddable":true,"href":"https:\/\/diagzone.org\/tr\/wp-json\/wp\/v2\/product_tag?post=3403"}],"curies":[{"name":"wp","href":"https:\/\/api.w.org\/{rel}","templated":true}]}}