
{"id":3408,"date":"2025-09-27T12:15:53","date_gmt":"2025-09-27T10:15:53","guid":{"rendered":"https:\/\/diagzone.org\/?post_type=product&#038;p=3408"},"modified":"2025-09-27T18:56:27","modified_gmt":"2025-09-27T16:56:27","slug":"diagzone-dbscar-1-x431","status":"publish","type":"product","link":"https:\/\/diagzone.org\/tr\/urun\/diagzone-dbscar-1-x431\/","title":{"rendered":"Diagzone Dbscar 1 X431"},"content":{"rendered":"<p data-start=\"223\" data-end=\"519\" class=\" translation-block\"><strong data-start=\"258\" data-end=\"288\">DBScar 1 Bluetooth Adapt\u00f6r\u00fc<\/strong>ne g\u00f6sterdi\u011finiz ilgi i\u00e7in te\u015fekk\u00fcr ederiz.<br data-start=\"289\" data-end=\"292\">Bu kompakt OBD2 Bluetooth ba\u011flant\u0131 aparat\u0131, Launch taraf\u0131ndan te\u015fhis cihazlar\u0131n\u0131 Android platformlar\u0131yla ba\u011flamak i\u00e7in geli\u015ftirilmi\u015ftir. Uyumluluk a\u00e7\u0131s\u0131ndan tamamen test edilmi\u015ftir ve ara\u00e7 te\u015fhisi ile veri okuma i\u00e7in g\u00fcvenilir ileti\u015fim sa\u011flar.<\/p>\n<p data-start=\"526\" data-end=\"693\">\ud83d\udd39 <strong data-start=\"529\" data-end=\"549\">\u00d6nemli Uyar\u0131<\/strong><br data-start=\"549\" data-end=\"552\" \/>Bu adapt\u00f6r yaln\u0131zca donan\u0131m\u0131 i\u00e7erir.<br data-start=\"592\" data-end=\"595\" \/>\ud83d\udc49 A <a href=\"https:\/\/diagzone.org\/diagzone-buy-subscription\/\">DiagZone yaz\u0131l\u0131m lisans\u0131<\/a> t\u00fcm te\u015fhis i\u015flevlerini etkinle\u015ftirmek i\u00e7in ayr\u0131 olarak sat\u0131n al\u0131nmal\u0131d\u0131r.<\/p>\n<p data-start=\"700\" data-end=\"890\">\ud83d\udd39 <strong data-start=\"703\" data-end=\"725\">Destek ve y\u00f6nlendirme<\/strong><br data-start=\"725\" data-end=\"728\" \/>DBScar 1\u2019i te\u015fhis sisteminizle entegre etme konusunda yard\u0131ma m\u0131 ihtiyac\u0131n\u0131z var?<br data-start=\"786\" data-end=\"789\" \/>Ekibimiz haz\u0131rd\u0131r <a href=\"https:\/\/wa.me\/31647604324\">yard\u0131m etmek<\/a> DiagZone OBD2 platformu ile e\u015fle\u015ftirme, yap\u0131land\u0131rma ve kullan\u0131m konusunda.<\/p>\n<p data-start=\"897\" data-end=\"1085\">\ud83d\udd39 <strong data-start=\"900\" data-end=\"921\">Kalite G\u00fcvencesi<\/strong><br data-start=\"921\" data-end=\"924\" \/>Her DBScar 1, at\u00f6lye ko\u015fullar\u0131nda kararl\u0131 Bluetooth ileti\u015fimi, do\u011fru veri aktar\u0131m\u0131 ve tutarl\u0131 performans sa\u011flamak i\u00e7in sevkiyattan \u00f6nce test edilir.<\/p>\n<h2 data-start=\"1092\" data-end=\"1133\">\u00dcr\u00fcn A\u00e7\u0131klamas\u0131 ve Teknik \u00d6zellikler<\/h2>\n<ul data-start=\"1135\" data-end=\"1764\">\n<li data-start=\"1135\" data-end=\"1227\">\n<p data-start=\"1137\" data-end=\"1227\">Android tabletler ve ak\u0131ll\u0131 telefonlarla te\u015fhis ileti\u015fimi i\u00e7in Bluetooth OBD2 adapt\u00f6r\u00fc<\/p>\n<\/li>\n<li data-start=\"1228\" data-end=\"1354\">\n<p data-start=\"1230\" data-end=\"1354\" class=\" translation-block\">Standart <strong data-start=\"1255\" data-end=\"1280\">16 pinli OBD2 konnekt\u00f6r\u00fc<\/strong> ve yaz\u0131l\u0131m g\u00fcncellemeleri veya do\u011frudan veri ba\u011flant\u0131s\u0131 i\u00e7in <strong data-start=\"1287\" data-end=\"1305\">Micro-USB ba\u011flant\u0131 noktas\u0131<\/strong> ile donat\u0131lm\u0131\u015ft\u0131r.<\/p>\n<\/li>\n<li data-start=\"1355\" data-end=\"1443\">\n<p data-start=\"1357\" data-end=\"1443\" class=\" translation-block\"><strong data-start=\"1357\" data-end=\"1389\">Android 7\u201313 ile uyumludur<\/strong> ve ayr\u0131ca <strong data-start=\"1405\" data-end=\"1441\">Android 14 (yaln\u0131zca 32 bit sistemler)<\/strong> ile uyumludur<\/p>\n<\/li>\n<li data-start=\"1444\" data-end=\"1475\">\n<p data-start=\"1446\" data-end=\"1475\" class=\" translation-block\">\u00c7al\u0131\u015fma voltaj\u0131: <strong data-start=\"1463\" data-end=\"1473\">9\u201315 V<\/strong><\/p>\n<\/li>\n<li data-start=\"1476\" data-end=\"1504\">\n<p data-start=\"1478\" data-end=\"1504\">\u00c7al\u0131\u015fma ak\u0131m\u0131: &lt; 30 mA<\/p>\n<\/li>\n<li data-start=\"1505\" data-end=\"1553\">\n<p data-start=\"1507\" data-end=\"1553\">\u00c7al\u0131\u015fma s\u0131cakl\u0131k aral\u0131\u011f\u0131: \u201310 \u00b0C ile 55 \u00b0C<\/p>\n<\/li>\n<li data-start=\"1554\" data-end=\"1600\">\n<p data-start=\"1556\" data-end=\"1600\">Depolama s\u0131cakl\u0131k aral\u0131\u011f\u0131: \u201320 \u00b0C ile 70 \u00b0C<\/p>\n<\/li>\n<li data-start=\"1601\" data-end=\"1711\">\n<p data-start=\"1603\" data-end=\"1711\">Ar\u0131za kodlar\u0131n\u0131 okuma\/silme, canl\u0131 veri ak\u0131\u015f\u0131, ECU bilgileri ve daha fazlas\u0131 i\u00e7in standart OBD2 protokollerini destekler<\/p>\n<\/li>\n<li data-start=\"1712\" data-end=\"1764\">\n<p data-start=\"1714\" data-end=\"1764\">Bluetooth veya USB \u00fczerinden firmware g\u00fcncellemeleri mevcuttur<\/p>\n<\/li>\n<\/ul>\n<h3 data-start=\"1771\" data-end=\"1787\">\u2705 K\u0131sacas\u0131<\/h3>\n<p data-start=\"1788\" data-end=\"2057\">DBScar 1, Android cihazlar (7\u201313 ve 32 bit sistemlerde Android 14) i\u00e7in tasarlanm\u0131\u015f, stabil ve kendini kan\u0131tlam\u0131\u015f bir Bluetooth OBD2 adapt\u00f6r\u00fcd\u00fcr. DiagZone yaz\u0131l\u0131m\u0131 ile sorunsuz ba\u011flant\u0131 sa\u011flar, t\u00fcm temel OBD2 fonksiyonlar\u0131n\u0131 destekler ve profesyonel te\u015fhise uygun maliyetli bir giri\u015f noktas\u0131 sunar.<\/p>","protected":false},"excerpt":{"rendered":"<p>Launch DBScar 1, Android cihazlar (7\u201313 ve 14 s\u00fcr\u00fcmleri \u2013 32 bit) i\u00e7in tasarlanm\u0131\u015f kompakt bir Bluetooth OBD2 adapt\u00f6r\u00fcd\u00fcr. DiagZone ile tamamen test edilmi\u015ftir ve stabil ara\u00e7 te\u015fhisi, ar\u0131za kodu okuma, canl\u0131 veriler ve ECU bilgilerini sa\u011flar. DiagZone yaz\u0131l\u0131m lisans\u0131 gereklidir ve ayr\u0131 olarak sat\u0131n al\u0131nabilir.<\/p>","protected":false},"featured_media":3434,"template":"","meta":{"_acf_changed":false,"_seopress_robots_primary_cat":"none","_seopress_titles_title":"Launch DBScar 1 Bluetooth OBD2 Adapter \u2013 Compatible with Android & DiagZone","_seopress_titles_desc":"Buy the Launch DBScar 1 Bluetooth OBD2 adapter \u2013 compact and reliable, compatible with Android 7\u201313 (and 14 on 32-bit). Fully tested for DiagZone diagnostics. Supports OBD2 fault code reading, live data, and ECU functions..","_seopress_robots_index":"","inline_featured_image":false,"_kad_blocks_custom_css":"","_kad_blocks_head_custom_js":"","_kad_blocks_body_custom_js":"","_kad_blocks_footer_custom_js":"","_themeisle_gutenberg_block_has_review":false,"_kad_post_transparent":"default","_kad_post_title":"","_kad_post_layout":"default","_kad_post_sidebar_id":"","_kad_post_content_style":"default","_kad_post_vertical_padding":"default","_kad_post_feature":"","_kad_post_feature_position":"","_kad_post_header":false,"_kad_post_footer":false,"iawp_total_views":451},"product_cat":[19],"product_tag":[52,53,42,54,51],"class_list":{"0":"post-3408","1":"product","2":"type-product","3":"status-publish","4":"has-post-thumbnail","6":"product_cat-obd-connectors","7":"product_tag-bluetooth","8":"product_tag-diagzone","9":"product_tag-obd2","10":"product_tag-smartlink-c-2-0","11":"product_tag-x431","13":"first","14":"instock","15":"shipping-taxable","16":"purchasable","17":"product-type-simple","18":"entry","19":"content-bg","20":"loop-entry"},"acf":[],"taxonomy_info":{"product_cat":[{"value":19,"label":"Obd connectors"}],"product_tag":[{"value":52,"label":"Bluetooth"},{"value":53,"label":"DiagZone"},{"value":42,"label":"OBD2"},{"value":54,"label":"SmartLink C 2.0"},{"value":51,"label":"X431"}]},"featured_image_src_large":["https:\/\/diagzone.org\/wp-content\/uploads\/2025\/09\/Diagzone_org__Launch_Dbscar_1_1.jpg",600,600,false],"author_info":[],"comment_info":"","_links":{"self":[{"href":"https:\/\/diagzone.org\/tr\/wp-json\/wp\/v2\/product\/3408","targetHints":{"allow":["GET"]}}],"collection":[{"href":"https:\/\/diagzone.org\/tr\/wp-json\/wp\/v2\/product"}],"about":[{"href":"https:\/\/diagzone.org\/tr\/wp-json\/wp\/v2\/types\/product"}],"wp:featuredmedia":[{"embeddable":true,"href":"https:\/\/diagzone.org\/tr\/wp-json\/wp\/v2\/media\/3434"}],"wp:attachment":[{"href":"https:\/\/diagzone.org\/tr\/wp-json\/wp\/v2\/media?parent=3408"}],"wp:term":[{"taxonomy":"product_cat","embeddable":true,"href":"https:\/\/diagzone.org\/tr\/wp-json\/wp\/v2\/product_cat?post=3408"},{"taxonomy":"product_tag","embeddable":true,"href":"https:\/\/diagzone.org\/tr\/wp-json\/wp\/v2\/product_tag?post=3408"}],"curies":[{"name":"wp","href":"https:\/\/api.w.org\/{rel}","templated":true}]}}