
{"id":3412,"date":"2025-09-27T12:38:04","date_gmt":"2025-09-27T10:38:04","guid":{"rendered":"https:\/\/diagzone.org\/?post_type=product&#038;p=3412"},"modified":"2026-01-08T18:16:16","modified_gmt":"2026-01-08T17:16:16","slug":"launch-i-tpms-handheld-tpms-service-tool-sensor-activation-programming-relearn","status":"publish","type":"product","link":"https:\/\/diagzone.org\/tr\/urun\/launch-i-tpms-handheld-tpms-service-tool-sensor-activation-programming-relearn\/","title":{"rendered":"Launch i-TPMS El Tipi TPMS Servis Cihaz\u0131 \u2013 Sens\u00f6r Aktivasyonu, Programlama ve \u00d6\u011frenme"},"content":{"rendered":"<p data-start=\"230\" data-end=\"619\" class=\" translation-block\"><strong data-start=\"265\" data-end=\"295\">DiagZone i\u00e7in Launch i-TPMS<\/strong> \u00fcr\u00fcn\u00fcne g\u00f6sterdi\u011finiz ilgi i\u00e7in te\u015fekk\u00fcr ederiz.<br data-start=\"296\" data-end=\"299\">Bu el tipi TPMS (Lastik Bas\u0131n\u00e7 \u0130zleme Sistemi) arac\u0131, DiagZone y\u00fckl\u00fc DiagZone tabletleriyle entegrasyon i\u00e7in tasarlanm\u0131\u015ft\u0131r veya i-TPMS Android uygulamas\u0131 \u00fczerinden \u00e7al\u0131\u015ft\u0131r\u0131labilir. Uyumluluk ve performans a\u00e7\u0131s\u0131ndan titizlikle test edilmi\u015ftir; sens\u00f6r aktivasyonu, programlama, veri okuma ve \u00f6\u011frenme fonksiyonlar\u0131n\u0131 geni\u015f bir ara\u00e7 yelpazesinde destekler.<\/p>\n<p data-start=\"621\" data-end=\"725\">\ud83d\udd39 <strong data-start=\"624\" data-end=\"644\">\u00d6nemli Uyar\u0131<\/strong><br data-start=\"644\" data-end=\"647\" \/>Bu \u00fcr\u00fcn yaln\u0131zca donan\u0131m\u0131 i\u00e7erir. DiagZone lisans\u0131 dahil de\u011fildir.<\/p>\n<p data-start=\"727\" data-end=\"909\">\ud83d\udd39 <strong data-start=\"730\" data-end=\"752\">Destek ve y\u00f6nlendirme<\/strong><br data-start=\"752\" data-end=\"755\" \/>DiagZone tabletinizle e\u015fle\u015ftirme konusunda yard\u0131ma m\u0131 ihtiyac\u0131n\u0131z var?<br data-start=\"802\" data-end=\"805\" \/>i-TPMS\u2019in DiagZone tabletinizle e\u015fle\u015ftirilmesi i\u00e7in destek sunuyoruz ve t\u00fcm TPMS i\u015flemleri i\u00e7in ad\u0131m ad\u0131m k\u0131lavuzlar sa\u011fl\u0131yoruz.<\/p>\n<p data-start=\"911\" data-end=\"1099\">\ud83d\udd39 <strong data-start=\"914\" data-end=\"935\">Kalite G\u00fcvencesi<\/strong><br data-start=\"935\" data-end=\"938\" \/>Her bir \u00fcnite, sens\u00f6rlerin kararl\u0131 \u015fekilde etkinle\u015ftirilmesini, do\u011fru \u00f6l\u00e7\u00fcmleri ve DiagZone sistemleriyle g\u00fcvenilir uyumlulu\u011fu sa\u011flamak i\u00e7in sevkiyat \u00f6ncesinde fonksiyonel testlerden ge\u00e7irilir.<\/p>\n<h3 data-start=\"1106\" data-end=\"1134\">\u2705 \u00d6zellikler ve Fonksiyonlar<\/h3>\n<ul data-start=\"1136\" data-end=\"1513\">\n<li data-start=\"1136\" data-end=\"1190\">\n<p data-start=\"1138\" data-end=\"1190\">TPMS aktivasyonu, okuma, programlama ve \u00f6\u011frenme<\/p>\n<\/li>\n<li data-start=\"1191\" data-end=\"1239\">\n<p data-start=\"1193\" data-end=\"1239\" class=\" translation-block\"><strong data-start=\"1202\" data-end=\"1213\">315 MHz<\/strong> ve <strong data-start=\"1218\" data-end=\"1229\">433 MHz<\/strong> sens\u00f6rleri destekler<\/p>\n<\/li>\n<li data-start=\"1240\" data-end=\"1298\">\n<p data-start=\"1242\" data-end=\"1298\">DiagZone tabletlerde DiagZone ile veya i-TPMS uygulamas\u0131 \u00fczerinden kullan\u0131labilir<\/p>\n<\/li>\n<li data-start=\"1299\" data-end=\"1349\">\n<p data-start=\"1301\" data-end=\"1349\">TPMS donan\u0131ml\u0131 ara\u00e7lar\u0131n b\u00fcy\u00fck \u00e7o\u011funlu\u011funu kapsar<\/p>\n<\/li>\n<li data-start=\"1421\" data-end=\"1470\">\n<p data-start=\"1423\" data-end=\"1470\">\u00d6\u011frenme modlar\u0131: otomatik, sabit ve OBD<\/p>\n<\/li>\n<li data-start=\"1471\" data-end=\"1513\">\n<p data-start=\"1473\" data-end=\"1513\">Kompakt, kullan\u0131c\u0131 dostu el tipi tasar\u0131m<\/p>\n<\/li>\n<li>Displays real-time sensor data: ID, pressure, temperature, battery<\/li>\n<\/ul>\n<h3 data-start=\"1520\" data-end=\"1552\">\ud83d\udce6 Paket \u0130\u00e7eri\u011fi<\/h3>\n<ul data-start=\"1554\" data-end=\"1620\">\n<li data-start=\"1554\" data-end=\"1582\">\n<p data-start=\"1556\" data-end=\"1582\">1 \u00d7 Launch i-TPMS Cihaz\u0131<\/p>\n<\/li>\n<li data-start=\"1583\" data-end=\"1600\">\n<p data-start=\"1585\" data-end=\"1600\">1 \u00d7 USB Kablosu<\/p>\n<\/li>\n<li data-start=\"1601\" data-end=\"1620\">\n<p data-start=\"1603\" data-end=\"1620\">1 \u00d7 Kullan\u0131m K\u0131lavuzu<\/p>\n<\/li>\n<\/ul>\n<p data-start=\"1627\" data-end=\"1825\">\u2705 <strong data-start=\"1629\" data-end=\"1825\">K\u0131saca, Launch i-TPMS for DiagZone, DiagZone tabletleri ve DiagZone yaz\u0131l\u0131m\u0131 i\u00e7in optimize edilmi\u015f, tam sens\u00f6r aktivasyonu, programlama ve yeniden \u00f6\u011frenme i\u015flevleri sunan \u00f6zel bir TPMS servis arac\u0131d\u0131r.<\/strong><\/p>","protected":false},"excerpt":{"rendered":"<p>Launch i-TPMS, DiagZone tabletleri ile kullan\u0131m i\u00e7in tasarlanm\u0131\u015f profesyonel bir TPMS aktivasyon ve programlama arac\u0131d\u0131r. 315 MHz ve 433 MHz sens\u00f6rleri destekler; sens\u00f6r okuma, programlama ve \u00f6\u011frenme i\u015flemlerini geni\u015f bir ara\u00e7 yelpazesinde ger\u00e7ekle\u015ftirir.<\/p>","protected":false},"featured_media":3463,"template":"","meta":{"_acf_changed":false,"_seopress_robots_primary_cat":"none","_seopress_titles_title":"Launch i-TPMS for DiagZone Tablet \u2013 TPMS Activation & Programming Tool","_seopress_titles_desc":"Buy Launch i-TPMS for DiagZone tablets. Professional TPMS tool for 315 MHz & 433 MHz sensors with activation, programming, and relearn functions. Reliable, tested, and workshop-ready.","_seopress_robots_index":"","inline_featured_image":false,"_kad_blocks_custom_css":"","_kad_blocks_head_custom_js":"","_kad_blocks_body_custom_js":"","_kad_blocks_footer_custom_js":"","_themeisle_gutenberg_block_has_review":false,"_kad_post_transparent":"default","_kad_post_title":"","_kad_post_layout":"default","_kad_post_sidebar_id":"","_kad_post_content_style":"default","_kad_post_vertical_padding":"default","_kad_post_feature":"","_kad_post_feature_position":"","_kad_post_header":false,"_kad_post_footer":false,"iawp_total_views":123},"product_cat":[22],"product_tag":[59,57,55,58,56],"class_list":{"0":"post-3412","1":"product","2":"type-product","3":"status-publish","4":"has-post-thumbnail","6":"product_cat-accessories","7":"product_tag-315-mhz","8":"product_tag-433-mhz","9":"product_tag-i-tpms","10":"product_tag-sensors","11":"product_tag-tpms","13":"first","14":"instock","15":"shipping-taxable","16":"purchasable","17":"product-type-simple","18":"entry","19":"content-bg","20":"loop-entry"},"acf":[],"taxonomy_info":{"product_cat":[{"value":22,"label":"Accessories"}],"product_tag":[{"value":59,"label":"315 MHz"},{"value":57,"label":"433 MHz"},{"value":55,"label":"i-TPMS"},{"value":58,"label":"sensors"},{"value":56,"label":"TPMS"}]},"featured_image_src_large":["https:\/\/diagzone.org\/wp-content\/uploads\/2025\/09\/Diagzone_Launch_X431_TPMS_1_ORG.jpg",600,600,false],"author_info":[],"comment_info":"","_links":{"self":[{"href":"https:\/\/diagzone.org\/tr\/wp-json\/wp\/v2\/product\/3412","targetHints":{"allow":["GET"]}}],"collection":[{"href":"https:\/\/diagzone.org\/tr\/wp-json\/wp\/v2\/product"}],"about":[{"href":"https:\/\/diagzone.org\/tr\/wp-json\/wp\/v2\/types\/product"}],"wp:featuredmedia":[{"embeddable":true,"href":"https:\/\/diagzone.org\/tr\/wp-json\/wp\/v2\/media\/3463"}],"wp:attachment":[{"href":"https:\/\/diagzone.org\/tr\/wp-json\/wp\/v2\/media?parent=3412"}],"wp:term":[{"taxonomy":"product_cat","embeddable":true,"href":"https:\/\/diagzone.org\/tr\/wp-json\/wp\/v2\/product_cat?post=3412"},{"taxonomy":"product_tag","embeddable":true,"href":"https:\/\/diagzone.org\/tr\/wp-json\/wp\/v2\/product_tag?post=3412"}],"curies":[{"name":"wp","href":"https:\/\/api.w.org\/{rel}","templated":true}]}}