
{"id":3419,"date":"2025-09-27T12:51:07","date_gmt":"2025-09-27T10:51:07","guid":{"rendered":"https:\/\/diagzone.org\/?post_type=product&#038;p=3419"},"modified":"2025-09-27T19:05:11","modified_gmt":"2025-09-27T17:05:11","slug":"diagzone-obd2-can-fd-extension-cable-16-pin-male-to-female-adapter","status":"publish","type":"product","link":"https:\/\/diagzone.org\/tr\/urun\/diagzone-obd2-can-fd-extension-cable-16-pin-male-to-female-adapter\/","title":{"rendered":"DiagZone OBD2 CAN-FD uzatma kablosu \u2013 16 pin erkekten di\u015fiye adapt\u00f6r"},"content":{"rendered":"<p data-start=\"138\" data-end=\"507\" class=\" translation-block\"><strong data-start=\"173\" data-end=\"213\">DiagZone CAN-FD OBD2 Uzatma Kablosu<\/strong>\u2019na g\u00f6sterdi\u011finiz ilgi i\u00e7in te\u015fekk\u00fcr ederiz.<br data-start=\"214\" data-end=\"217\">Bu y\u00fcksek kaliteli uzatma kablosu, diagnostik aray\u00fcz\u00fcn\u00fcz (\u00f6r. DBScar, ThinkDiag, Ediag+) ile arac\u0131n OBD2 portu aras\u0131ndaki ba\u011flant\u0131y\u0131 uzatmak i\u00e7in tasarlanm\u0131\u015ft\u0131r. Daha fazla esneklik sa\u011flar, dar alanlarda eri\u015fimi kolayla\u015ft\u0131r\u0131r ve orijinal OBD2 soketini s\u0131k kullan\u0131mdan kaynaklanan a\u015f\u0131nmaya kar\u015f\u0131 korur.<\/p>\n<p data-start=\"514\" data-end=\"655\">\ud83d\udd39 <strong data-start=\"517\" data-end=\"537\">\u00d6nemli Uyar\u0131<\/strong><br data-start=\"537\" data-end=\"540\" \/>Bu \u00fcr\u00fcn bir <strong data-start=\"559\" data-end=\"577\">yaln\u0131zca bir aksesuar<\/strong>.<br data-start=\"578\" data-end=\"581\" \/>Herhangi bir yaz\u0131l\u0131m i\u00e7ermez ve tek ba\u015f\u0131na te\u015fhis i\u015flevleri sunmaz.<\/p>\n<p data-start=\"662\" data-end=\"843\">\ud83d\udd39 <strong data-start=\"665\" data-end=\"687\">Destek ve y\u00f6nlendirme<\/strong><br data-start=\"687\" data-end=\"690\" \/>Te\u015fhis cihaz\u0131n\u0131z\u0131 uzatma kablosu ile ba\u011flama konusunda yard\u0131ma m\u0131 ihtiyac\u0131n\u0131z var?<br data-start=\"757\" data-end=\"760\" \/>Ekibimiz, do\u011fru kurulum ve en iyi performans\u0131 sa\u011flamak i\u00e7in rehberlik sunabilir.<\/p>\n<p data-start=\"850\" data-end=\"1034\">\ud83d\udd39 <strong data-start=\"853\" data-end=\"874\">Kalite G\u00fcvencesi<\/strong><br data-start=\"874\" data-end=\"877\" \/>Her kablo, sevkiyattan \u00f6nce t\u00fcm 16 pin \u00fczerinden g\u00fcvenilir veri aktar\u0131m\u0131n\u0131 ve OBD2 ile CAN-FD te\u015fhisi i\u00e7in kararl\u0131 ileti\u015fimi sa\u011flamak amac\u0131yla test edilir.<\/p>\n<h2 data-start=\"1041\" data-end=\"1062\">\u00dcr\u00fcn \u00d6zellikleri<\/h2>\n<ul data-start=\"1064\" data-end=\"1460\">\n<li data-start=\"1064\" data-end=\"1114\">\n<p data-start=\"1066\" data-end=\"1114\"><strong data-start=\"1066\" data-end=\"1112\">16 pin OBD2 erkek\u2013di\u015fi uzatma kablosu<\/strong><\/p>\n<\/li>\n<li data-start=\"1115\" data-end=\"1164\">\n<p data-start=\"1117\" data-end=\"1164\" class=\" translation-block\"><strong data-start=\"1126\" data-end=\"1162\">Standart OBD2 ve CAN-FD protokollerini<\/strong> destekler<\/p>\n<\/li>\n<li data-start=\"1165\" data-end=\"1232\">\n<p data-start=\"1167\" data-end=\"1232\">Esnek ve dayan\u0131kl\u0131 tasar\u0131m, at\u00f6lye ortamlar\u0131 i\u00e7in uygundur<\/p>\n<\/li>\n<li data-start=\"1233\" data-end=\"1306\">\n<p data-start=\"1235\" data-end=\"1306\">Do\u011frudan y\u00fck\u00fc en aza indirerek arac\u0131n OBD2 soketindeki a\u015f\u0131nmay\u0131 azalt\u0131r<\/p>\n<\/li>\n<li data-start=\"1307\" data-end=\"1367\">\n<p data-start=\"1309\" data-end=\"1367\">Zor eri\u015filen diagnostik portlara daha kolay eri\u015fim sa\u011flar<\/p>\n<\/li>\n<li data-start=\"1368\" data-end=\"1460\">\n<p data-start=\"1370\" data-end=\"1460\">Bluetooth OBD2 adapt\u00f6rleriyle kullan\u0131m i\u00e7in idealdir \u2013 konumland\u0131rmay\u0131 ve ba\u011flant\u0131 stabilitesini iyile\u015ftirir<\/p>\n<\/li>\n<\/ul>\n<h3 data-start=\"1467\" data-end=\"1499\">\ud83d\udce6 Paket \u0130\u00e7eri\u011fi<\/h3>\n<ul data-start=\"1500\" data-end=\"1544\">\n<li data-start=\"1500\" data-end=\"1544\">\n<p data-start=\"1502\" data-end=\"1544\">1 \u00d7 DiagZone CAN-FD OBD2 uzatma kablosu<\/p>\n<\/li>\n<\/ul>\n<p data-start=\"1551\" data-end=\"1807\">\u2705 <strong data-start=\"1553\" data-end=\"1805\">K\u0131sacas\u0131, DiagZone CAN-FD OBD2 Uzatma Kablosu profesyonel veya ki\u015fisel te\u015fhisler i\u00e7in pratik ve g\u00fcvenilir bir aksesuard\u0131r. Kararl\u0131 ileti\u015fim sa\u011flar, konnekt\u00f6r\u00fcn \u00f6mr\u00fcn\u00fc uzat\u0131r ve te\u015fhis kurulumunuzu daha kullan\u0131\u015fl\u0131 ve dayan\u0131kl\u0131 hale getirir.<\/strong><\/p>","protected":false},"excerpt":{"rendered":"<p>Diagnostik cihaz\u0131n\u0131z ile arac\u0131n OBD2 portu aras\u0131ndaki mesafeyi uzatmak i\u00e7in y\u00fcksek kaliteli OBD2 uzatma kablosu (16 pin). Eri\u015fimi kolayla\u015ft\u0131r\u0131r, konnekt\u00f6r a\u015f\u0131nmas\u0131n\u0131 azalt\u0131r ve Bluetooth\/WiFi performans\u0131n\u0131 optimize eder.<\/p>","protected":false},"featured_media":3450,"template":"","meta":{"_acf_changed":false,"_seopress_robots_primary_cat":"none","_seopress_titles_title":"OBD2 Extension Cable \u2013 16-pin Male to Female Diagnostic Extension","_seopress_titles_desc":"Buy durable OBD2 extension cable (16-pin). Extends reach between diagnostic tool and vehicle\u2019s OBD2 port, reduces socket wear, and improves accessibility for workshop setups.","_seopress_robots_index":"","inline_featured_image":false,"_kad_blocks_custom_css":"","_kad_blocks_head_custom_js":"","_kad_blocks_body_custom_js":"","_kad_blocks_footer_custom_js":"","_themeisle_gutenberg_block_has_review":false,"_kad_post_transparent":"default","_kad_post_title":"","_kad_post_layout":"default","_kad_post_sidebar_id":"","_kad_post_content_style":"default","_kad_post_vertical_padding":"default","_kad_post_feature":"","_kad_post_feature_position":"","_kad_post_header":false,"_kad_post_footer":false,"iawp_total_views":63},"product_cat":[22],"product_tag":[65,25,63,64,42],"class_list":{"0":"post-3419","1":"product","2":"type-product","3":"status-publish","4":"has-post-thumbnail","6":"product_cat-accessories","7":"product_tag-16-pin","8":"product_tag-adapter","9":"product_tag-can-fd","10":"product_tag-extension-cable","11":"product_tag-obd2","13":"first","14":"instock","15":"shipping-taxable","16":"purchasable","17":"product-type-simple","18":"entry","19":"content-bg","20":"loop-entry"},"acf":[],"taxonomy_info":{"product_cat":[{"value":22,"label":"Accessories"}],"product_tag":[{"value":65,"label":"16-Pin"},{"value":25,"label":"Adapter"},{"value":63,"label":"CAN-FD"},{"value":64,"label":"Extension Cable"},{"value":42,"label":"OBD2"}]},"featured_image_src_large":["https:\/\/diagzone.org\/wp-content\/uploads\/2025\/09\/Diagzone_Launch_X431_CAN_FD_1.jpg",600,600,false],"author_info":[],"comment_info":"","_links":{"self":[{"href":"https:\/\/diagzone.org\/tr\/wp-json\/wp\/v2\/product\/3419","targetHints":{"allow":["GET"]}}],"collection":[{"href":"https:\/\/diagzone.org\/tr\/wp-json\/wp\/v2\/product"}],"about":[{"href":"https:\/\/diagzone.org\/tr\/wp-json\/wp\/v2\/types\/product"}],"wp:featuredmedia":[{"embeddable":true,"href":"https:\/\/diagzone.org\/tr\/wp-json\/wp\/v2\/media\/3450"}],"wp:attachment":[{"href":"https:\/\/diagzone.org\/tr\/wp-json\/wp\/v2\/media?parent=3419"}],"wp:term":[{"taxonomy":"product_cat","embeddable":true,"href":"https:\/\/diagzone.org\/tr\/wp-json\/wp\/v2\/product_cat?post=3419"},{"taxonomy":"product_tag","embeddable":true,"href":"https:\/\/diagzone.org\/tr\/wp-json\/wp\/v2\/product_tag?post=3419"}],"curies":[{"name":"wp","href":"https:\/\/api.w.org\/{rel}","templated":true}]}}