
{"id":3422,"date":"2025-09-27T12:56:14","date_gmt":"2025-09-27T10:56:14","guid":{"rendered":"https:\/\/diagzone.org\/?post_type=product&#038;p=3422"},"modified":"2025-09-27T19:06:54","modified_gmt":"2025-09-27T17:06:54","slug":"16-pin-eobd-extension-cable-diagzone-compatible","status":"publish","type":"product","link":"https:\/\/diagzone.org\/tr\/urun\/16-pin-eobd-extension-cable-diagzone-compatible\/","title":{"rendered":"16 Pin EOBD Uzatma Kablosu \u2013 DiagZone Uyumlu"},"content":{"rendered":"<p data-start=\"220\" data-end=\"677\" class=\" translation-block\"><strong data-start=\"255\" data-end=\"296\">16 Pin \u2013 16 Pin EOBD uzatma kablosu<\/strong>na g\u00f6sterdi\u011finiz ilgi i\u00e7in te\u015fekk\u00fcr ederiz.<br data-start=\"297\" data-end=\"300\">Bu y\u00fcksek kaliteli kablo, <strong data-start=\"353\" data-end=\"374\">DiagZone platformu<\/strong> ile kullan\u0131m i\u00e7in tasarlanm\u0131\u015ft\u0131r ve DBScar 5, DBScar 7, ThinkDiag 2, Ediag+ ve SmartLink C 2.0 dahil olmak \u00fczere sundu\u011fumuz t\u00fcm OBD konnekt\u00f6rleriyle tamamen uyumludur. Tan\u0131lama adapt\u00f6r\u00fcn\u00fcz ile arac\u0131n OBD2\/EOBD portu aras\u0131ndaki ba\u011flant\u0131y\u0131 uzatarak daha fazla esneklik, daha kolay eri\u015fim ve orijinal sokette daha az a\u015f\u0131nma sa\u011flar.<\/p>\n<p data-start=\"684\" data-end=\"791\">\ud83d\udd39 <strong data-start=\"687\" data-end=\"707\">\u00d6nemli Uyar\u0131<\/strong><br data-start=\"707\" data-end=\"710\" \/>Bu \u00fcr\u00fcn <strong data-start=\"726\" data-end=\"743\">yaln\u0131zca donan\u0131m<\/strong>.<br data-start=\"744\" data-end=\"747\" \/>Yaz\u0131l\u0131m veya lisans i\u00e7ermez.<\/p>\n<p data-start=\"798\" data-end=\"996\">\ud83d\udd39 <strong data-start=\"801\" data-end=\"823\">Destek ve y\u00f6nlendirme<\/strong><br data-start=\"823\" data-end=\"826\" \/>Adapt\u00f6r\u00fcn\u00fcz\u00fc uzatma kablosu \u00fczerinden ba\u011flama konusunda yard\u0131ma m\u0131 ihtiyac\u0131n\u0131z var?<br data-start=\"888\" data-end=\"891\" \/>Ekibimiz, DiagZone yaz\u0131l\u0131m\u0131 ile do\u011fru kurulum ve g\u00fcvenilir kullan\u0131m sa\u011flamak i\u00e7in destek sunabilir.<\/p>\n<p data-start=\"1003\" data-end=\"1179\">\ud83d\udd39 <strong data-start=\"1006\" data-end=\"1027\">Kalite G\u00fcvencesi<\/strong><br data-start=\"1027\" data-end=\"1030\" \/>Her kablo, do\u011fru pin-pin ba\u011flant\u0131s\u0131n\u0131, kararl\u0131 veri iletimini ve at\u00f6lye ko\u015fullar\u0131na uygun dayan\u0131kl\u0131l\u0131\u011f\u0131 garanti etmek i\u00e7in sevkiyattan \u00f6nce test edilir.<\/p>\n<h2 data-start=\"1186\" data-end=\"1207\">\u00dcr\u00fcn \u00d6zellikleri<\/h2>\n<ul data-start=\"1209\" data-end=\"1702\">\n<li data-start=\"1209\" data-end=\"1271\">\n<p data-start=\"1211\" data-end=\"1271\"><strong data-start=\"1211\" data-end=\"1269\">16 pin erkekten 16 pin di\u015fiye OBD2\/EOBD uzatma kablosu<\/strong><\/p>\n<\/li>\n<li data-start=\"1272\" data-end=\"1382\">\n<p data-start=\"1274\" data-end=\"1382\" class=\" translation-block\"><strong data-start=\"1296\" data-end=\"1321\">DiagZone OBD adapters<\/strong> (DBScar 5, DBScar 7, ThinkDiag 2, Ediag+, SmartLink C 2.0) ile tamamen uyumludur<\/p>\n<\/li>\n<li data-start=\"1383\" data-end=\"1469\">\n<p data-start=\"1385\" data-end=\"1469\">Daha fazla esneklik i\u00e7in te\u015fhis cihaz\u0131 ile ara\u00e7 aras\u0131ndaki ba\u011flant\u0131y\u0131 uzat\u0131r<\/p>\n<\/li>\n<li data-start=\"1470\" data-end=\"1537\">\n<p data-start=\"1472\" data-end=\"1537\">Orijinal OBD2 soketini s\u0131k kullan\u0131mdan kaynaklanan zorlanma ve a\u015f\u0131nmaya kar\u015f\u0131 korur<\/p>\n<\/li>\n<li data-start=\"1538\" data-end=\"1621\">\n<p data-start=\"1540\" data-end=\"1621\">Desteklenen t\u00fcm ara\u00e7larda do\u011fru te\u015fhis i\u00e7in g\u00fcvenilir sinyal iletimi<\/p>\n<\/li>\n<li data-start=\"1622\" data-end=\"1702\">\n<p data-start=\"1624\" data-end=\"1702\">Profesyonel at\u00f6lyeler ve ki\u015fisel kullan\u0131m i\u00e7in dayan\u0131kl\u0131 ve esnek tasar\u0131m<\/p>\n<\/li>\n<\/ul>\n<h3 data-start=\"1709\" data-end=\"1741\">\ud83d\udce6 Paket \u0130\u00e7eri\u011fi<\/h3>\n<ul data-start=\"1742\" data-end=\"1792\">\n<li data-start=\"1742\" data-end=\"1792\">\n<p data-start=\"1744\" data-end=\"1792\">1 \u00d7 16 Pin \u2013 16 Pin OBD2\/EOBD uzatma kablosu<\/p>\n<\/li>\n<\/ul>\n<p data-start=\"1799\" data-end=\"2065\">\u2705 <strong data-start=\"1801\" data-end=\"2063\">K\u0131sacas\u0131, 16 Pin \u2013 16 Pin EOBD uzatma kablosu DiagZone kullan\u0131c\u0131lar\u0131 i\u00e7in m\u00fckemmel bir aksesuard\u0131r. T\u00fcm desteklenen OBD adapt\u00f6rleriyle \u00e7al\u0131\u015f\u0131r, kararl\u0131 te\u015fhis sa\u011flar, arac\u0131n\u0131z\u0131n OBD2 portunu korur ve her t\u00fcrl\u00fc at\u00f6lye ortam\u0131nda ba\u011flant\u0131y\u0131 kolayla\u015ft\u0131r\u0131r.<\/strong><\/p>","protected":false},"excerpt":{"rendered":"<p>16 Pin \u2013 16 Pin EOBD uzatma kablosu, DiagZone platformu ve t\u00fcm OBD adapt\u00f6rlerimizle (DBScar 5, DBScar 7, ThinkDiag 2, Ediag+, SmartLink C 2.0) tamamen uyumludur. Te\u015fhis ba\u011flant\u0131s\u0131n\u0131 uzat\u0131r, OBD2 portunu korur ve ara\u00e7 te\u015fhisi s\u0131ras\u0131nda kararl\u0131 ileti\u015fim sa\u011flar.<\/p>","protected":false},"featured_media":3458,"template":"","meta":{"_acf_changed":false,"_seopress_robots_primary_cat":"none","_seopress_titles_title":"16-Pin EOBD Extension Cable \u2013 Compatible with DiagZone & All OBD Adapters","_seopress_titles_desc":"Buy the 16-Pin to 16-Pin EOBD Extension Cable for DiagZone. Works with DBScar 5, DBScar 7, ThinkDiag 2, Ediag+, and SmartLink C 2.0. Protects the OBD2 port, extends connection reach, and ensures stable diagnostic performance.","_seopress_robots_index":"","inline_featured_image":false,"_kad_blocks_custom_css":"","_kad_blocks_head_custom_js":"","_kad_blocks_body_custom_js":"","_kad_blocks_footer_custom_js":"","_themeisle_gutenberg_block_has_review":false,"_kad_post_transparent":"default","_kad_post_title":"","_kad_post_layout":"default","_kad_post_sidebar_id":"","_kad_post_content_style":"default","_kad_post_vertical_padding":"default","_kad_post_feature":"","_kad_post_feature_position":"","_kad_post_header":false,"_kad_post_footer":false,"iawp_total_views":86},"product_cat":[22],"product_tag":[65,66,64,42],"class_list":{"0":"post-3422","1":"product","2":"type-product","3":"status-publish","4":"has-post-thumbnail","6":"product_cat-accessories","7":"product_tag-16-pin","8":"product_tag-eobd","9":"product_tag-extension-cable","10":"product_tag-obd2","12":"first","13":"instock","14":"shipping-taxable","15":"purchasable","16":"product-type-simple","17":"entry","18":"content-bg","19":"loop-entry"},"acf":[],"taxonomy_info":{"product_cat":[{"value":22,"label":"Accessories"}],"product_tag":[{"value":65,"label":"16-Pin"},{"value":66,"label":"EOBD"},{"value":64,"label":"Extension Cable"},{"value":42,"label":"OBD2"}]},"featured_image_src_large":["https:\/\/diagzone.org\/wp-content\/uploads\/2025\/09\/Diagzone_16pin_to_16pin_OBD2_cable_1.jpg",600,600,false],"author_info":[],"comment_info":"","_links":{"self":[{"href":"https:\/\/diagzone.org\/tr\/wp-json\/wp\/v2\/product\/3422","targetHints":{"allow":["GET"]}}],"collection":[{"href":"https:\/\/diagzone.org\/tr\/wp-json\/wp\/v2\/product"}],"about":[{"href":"https:\/\/diagzone.org\/tr\/wp-json\/wp\/v2\/types\/product"}],"wp:featuredmedia":[{"embeddable":true,"href":"https:\/\/diagzone.org\/tr\/wp-json\/wp\/v2\/media\/3458"}],"wp:attachment":[{"href":"https:\/\/diagzone.org\/tr\/wp-json\/wp\/v2\/media?parent=3422"}],"wp:term":[{"taxonomy":"product_cat","embeddable":true,"href":"https:\/\/diagzone.org\/tr\/wp-json\/wp\/v2\/product_cat?post=3422"},{"taxonomy":"product_tag","embeddable":true,"href":"https:\/\/diagzone.org\/tr\/wp-json\/wp\/v2\/product_tag?post=3422"}],"curies":[{"name":"wp","href":"https:\/\/api.w.org\/{rel}","templated":true}]}}