
{"id":670,"date":"2024-01-19T20:56:43","date_gmt":"2024-01-19T19:56:43","guid":{"rendered":"https:\/\/diagzone.org\/?post_type=product&#038;p=670"},"modified":"2025-09-26T13:15:37","modified_gmt":"2025-09-26T11:15:37","slug":"launch-dbscar-vii-dbscar7-bluetooth-obd2-scanner-supports-can-fd-doip-protocols-powerful-all-systems-for-x431","status":"publish","type":"product","link":"https:\/\/diagzone.org\/tr\/urun\/launch-dbscar-vii-dbscar7-bluetooth-obd2-scanner-supports-can-fd-doip-protocols-powerful-all-systems-for-x431\/","title":{"rendered":"Launch DBScar VII DBSCAR7 Bluetooth OBD2 Taray\u0131c\u0131 \u2013 CAN-FD ve DoIP destekli, X431 i\u00e7in g\u00fc\u00e7l\u00fc t\u00fcm sistemler te\u015fhisi"},"content":{"rendered":"<p data-start=\"252\" data-end=\"470\" class=\" translation-block\"><strong data-start=\"252\" data-end=\"329\">Orijinal Launch DBScar VII (DBScar 7) \u00fcr\u00fcn\u00fcne g\u00f6sterdi\u011finiz ilgi i\u00e7in te\u015fekk\u00fcr ederiz.<\/strong><br data-start=\"329\" data-end=\"332\">Bu konnekt\u00f6r <strong data-start=\"350\" data-end=\"363\">s\u0131f\u0131r \u00fcr\u00fcnd\u00fcr<\/strong>, <strong data-start=\"379\" data-end=\"400\">DiagZone platformunda<\/strong> test edilmi\u015ftir ve hem <strong data-start=\"422\" data-end=\"438\">orijinallik<\/strong> hem de <strong data-start=\"443\" data-end=\"467\">\u00fcst\u00fcn performans<\/strong> garanti eder.<\/p>\n<h2 data-start=\"472\" data-end=\"496\">\ud83d\udd39 \u00d6nemli Uyar\u0131<\/h2>\n<p data-start=\"497\" data-end=\"681\" class=\" translation-block\">Launch <strong data-start=\"508\" data-end=\"533\">DBScar VII (DBScar 7)<\/strong> jest dostarczany <strong data-start=\"547\" data-end=\"585\">bez <a href=\"https:\/\/diagzone.org\/diagzone-activation\/\" target=\"_self\">preinstalowanego oprogramowania<\/a><\/strong>.<br data-start=\"586\" data-end=\"589\">Aby odblokowa\u0107 pe\u0142ny potencja\u0142 tego urz\u0105dzenia, wymagany jest <strong data-start=\"636\" data-end=\"678\">oddzielny <a href=\"https:\/\/diagzone.org\/diagzone-buy-subscription\/\" target=\"_self\">zakup oprogramowania<\/a><\/strong>.<\/p>\n<h2 data-start=\"683\" data-end=\"709\">\ud83d\udd39 Destek ve rehberlik<\/h2>\n<p data-start=\"710\" data-end=\"940\" class=\" translation-block\"><strong data-start=\"725\" data-end=\"748\">DiagZone aktivasyonu<\/strong> konusunda yard\u0131ma m\u0131 ihtiyac\u0131n\u0131z var?<br data-start=\"749\" data-end=\"752\">Ekibimiz <strong data-start=\"787\" data-end=\"814\">ad\u0131m ad\u0131m destek<\/strong> sunmaktad\u0131r. Cihaz\u0131n\u0131z\u0131 <strong data-start=\"911\" data-end=\"937\">DiagZone OBD2 platformu<\/strong> \u00fczerinde etkinle\u015ftirirken yard\u0131ma ihtiyac\u0131n\u0131z olursa, <a href=\"https:\/\/wa.me\/31647604324\" target=\"_self\"><strong data-start=\"829\" data-end=\"851\">diledi\u011finiz zaman bizimle ileti\u015fime ge\u00e7ebilirsiniz<\/strong><\/a>.<\/p>\n<h2 data-start=\"942\" data-end=\"967\">\ud83d\udd39 Kalite G\u00fcvencesi<\/h2>\n<p data-start=\"968\" data-end=\"1141\" class=\" translation-block\">Her DBScar VII, sevkiyat \u00f6ncesinde <strong data-start=\"995\" data-end=\"1040\">s\u0131k\u0131 IO test cihaz\u0131 kontrollerinden ge\u00e7irilir<\/strong>.<br data-start=\"1041\" data-end=\"1044\">Bu sayede <strong data-start=\"1060\" data-end=\"1086\">kusursuz \u00e7al\u0131\u015fma<\/strong>, profesyonel g\u00fcvenilirlik ve uzun \u00f6m\u00fcrl\u00fc dayan\u0131kl\u0131l\u0131k sa\u011flan\u0131r.<\/p>\n<h2 data-start=\"1143\" data-end=\"1167\">\u00dcr\u00fcn a\u00e7\u0131klamas\u0131<\/h2>\n<p data-start=\"1168\" data-end=\"1318\" class=\" translation-block\"><strong data-start=\"1172\" data-end=\"1204\">Launch DBScar VII (DBScar 7)<\/strong>, <strong data-start=\"1220\" data-end=\"1249\">geli\u015fmi\u015f bir OBD2 te\u015fhis konnekt\u00f6r\u00fcd\u00fcr<\/strong> ve <strong data-start=\"1259\" data-end=\"1315\">yaln\u0131zca DiagZone yaz\u0131l\u0131m\u0131 ile uyumluluk i\u00e7in<\/strong> tasarlanm\u0131\u015ft\u0131r.<\/p>\n<p data-start=\"1320\" data-end=\"1533\">\u2705 Olarak \u00e7al\u0131\u015f\u0131r <strong data-start=\"1333\" data-end=\"1372\">profesyonel OBD2 Bluetooth adapt\u00f6r\u00fc<\/strong><br data-start=\"1372\" data-end=\"1375\" \/>\u2705 <strong data-start=\"444\" data-end=\"496\">Android cihazlar\u0131 (ak\u0131ll\u0131 telefonlar ve tabletler) destekler<\/strong> \u2013 tamamen uyumludur <strong data-start=\"521\" data-end=\"537\">Android 7\u201313<\/strong>, ayr\u0131ca ile <strong data-start=\"553\" data-end=\"589\">Android 14 (yaln\u0131zca 32 bit sistemler)<\/strong><br data-start=\"1425\" data-end=\"1428\" \/>\u2705 Test edilmi\u015ftir <strong data-start=\"1442\" data-end=\"1480\">orijinallik do\u011frulamas\u0131 i\u00e7in DiagZone yaz\u0131l\u0131m\u0131<\/strong><br data-start=\"1480\" data-end=\"1483\" \/>\u2705 Ayr\u0131 yaz\u0131l\u0131m lisans\u0131 ile kolay aktivasyon<\/p>\n<p data-start=\"1535\" data-end=\"1618\">\u26a0\ufe0f <strong data-start=\"176\" data-end=\"192\">L\u00fctfen dikkat:<\/strong> Bu konnekt\u00f6r herhangi bir yaz\u0131l\u0131m veya abonelik i\u00e7ermez.<br data-start=\"254\" data-end=\"257\" \/>\ud83d\udc49 A <strong data-start=\"262\" data-end=\"296\">DiagZone yaz\u0131l\u0131m aboneli\u011fi<\/strong> buradan ayr\u0131 olarak sat\u0131n al\u0131nabilir: <a class=\"decorated-link\" href=\"https:\/\/diagzone.org\/diagzone-buy-subscription\/\" target=\"_new\" rel=\"noopener\" data-start=\"331\" data-end=\"407\" data-is-only-node=\"\">DiagZone aboneli\u011fi sat\u0131n al<\/a><\/p>\n<h2 data-start=\"1620\" data-end=\"1654\">Neden Launch DBScar VII\u2019yi se\u00e7melisiniz?<\/h2>\n<ul>\n<li data-start=\"216\" data-end=\"287\">\n<p data-start=\"218\" data-end=\"287\"><strong data-start=\"218\" data-end=\"285\">Orijinal Launch cihaz\u0131 \u2013 Tam \u00e7ip \u2013 klon yok, sahte yok<\/strong><\/p>\n<\/li>\n<li data-start=\"288\" data-end=\"335\">\n<p data-start=\"290\" data-end=\"335\" class=\" translation-block\"><strong data-start=\"290\" data-end=\"317\">Sevkiyat \u00f6ncesi 0 DiagZone \u00fczerinde test edilmi\u015ftir<\/strong><\/p>\n<\/li>\n<li data-start=\"336\" data-end=\"399\">\n<p data-start=\"338\" data-end=\"399\" class=\" translation-block\"><strong data-start=\"338\" data-end=\"369\">Profesyonel OBD2 konnekt\u00f6r\u00fc<\/strong> garantili performansla<\/p>\n<\/li>\n<li data-start=\"400\" data-end=\"500\">\n<p data-start=\"402\" data-end=\"500\" class=\" translation-block\"><strong data-start=\"418\" data-end=\"498\">DiagZone binek ara\u00e7lar, elektrikli ara\u00e7lar ve a\u011f\u0131r hizmet yaz\u0131l\u0131m paketleri<\/strong> ile uyumludur<\/p>\n<\/li>\n<li data-start=\"501\" data-end=\"612\">\n<p data-start=\"503\" data-end=\"612\" class=\" translation-block\">T\u00fcm ana te\u015fhis protokollerini destekler: <strong data-start=\"544\" data-end=\"610\">ISO9141, KWP2000, J1850 VPW, J1850 PWM, CAN, UDS, DOIP, CAN-FD<\/strong><\/p>\n<\/li>\n<\/ul>","protected":false},"excerpt":{"rendered":"<p data-start=\"129\" data-end=\"534\">Orijinal Launch DBScar VII (DBScar 7), h\u0131z, g\u00fcvenilirlik ve hassas veri aktar\u0131m\u0131 i\u00e7in tasarlanm\u0131\u015f y\u00fcksek performansl\u0131 bir Bluetooth OBD2 konnekt\u00f6r\u00fcd\u00fcr. CAN FD ve DOIP dahil olmak \u00fczere en yeni ara\u00e7 protokollerini destekler ve bu sayede modern otomobiller, elektrikli ara\u00e7lar ve kamyonlar i\u00e7in idealdir. Geni\u015f kapsama alan\u0131 ve kompakt tasar\u0131mda sunulan profesyonel d\u00fczeydeki performans\u0131 sayesinde geli\u015fmi\u015f te\u015fhis i\u015flemleri i\u00e7in h\u0131zl\u0131 ve stabil ileti\u015fim sa\u011flar.<\/p>","protected":false},"featured_media":3312,"template":"","meta":{"_acf_changed":false,"_seopress_robots_primary_cat":"none","_seopress_titles_title":"Original Launch DBScar VII (DBScar 7)","_seopress_titles_desc":"Original Launch DBScar VII, a tested product ensuring authenticity and superior performance on the Diagzone platform.","_seopress_robots_index":"","inline_featured_image":false,"_kad_blocks_custom_css":"","_kad_blocks_head_custom_js":"","_kad_blocks_body_custom_js":"","_kad_blocks_footer_custom_js":"","_themeisle_gutenberg_block_has_review":false,"_kad_post_transparent":"default","_kad_post_title":"","_kad_post_layout":"default","_kad_post_sidebar_id":"","_kad_post_content_style":"default","_kad_post_vertical_padding":"default","_kad_post_feature":"","_kad_post_feature_position":"","_kad_post_header":false,"_kad_post_footer":false,"iawp_total_views":745},"product_cat":[19],"product_tag":[],"class_list":{"0":"post-670","1":"product","2":"type-product","3":"status-publish","4":"has-post-thumbnail","6":"product_cat-obd-connectors","8":"first","9":"instock","10":"shipping-taxable","11":"purchasable","12":"product-type-simple","13":"entry","14":"content-bg","15":"loop-entry"},"acf":[],"taxonomy_info":{"product_cat":[{"value":19,"label":"Obd connectors"}]},"featured_image_src_large":["https:\/\/diagzone.org\/wp-content\/uploads\/2024\/01\/DBS_Car_VII_1.jpg",600,600,false],"author_info":[],"comment_info":"","_links":{"self":[{"href":"https:\/\/diagzone.org\/tr\/wp-json\/wp\/v2\/product\/670","targetHints":{"allow":["GET"]}}],"collection":[{"href":"https:\/\/diagzone.org\/tr\/wp-json\/wp\/v2\/product"}],"about":[{"href":"https:\/\/diagzone.org\/tr\/wp-json\/wp\/v2\/types\/product"}],"wp:featuredmedia":[{"embeddable":true,"href":"https:\/\/diagzone.org\/tr\/wp-json\/wp\/v2\/media\/3312"}],"wp:attachment":[{"href":"https:\/\/diagzone.org\/tr\/wp-json\/wp\/v2\/media?parent=670"}],"wp:term":[{"taxonomy":"product_cat","embeddable":true,"href":"https:\/\/diagzone.org\/tr\/wp-json\/wp\/v2\/product_cat?post=670"},{"taxonomy":"product_tag","embeddable":true,"href":"https:\/\/diagzone.org\/tr\/wp-json\/wp\/v2\/product_tag?post=670"}],"curies":[{"name":"wp","href":"https:\/\/api.w.org\/{rel}","templated":true}]}}