
{"id":673,"date":"2024-01-19T20:57:45","date_gmt":"2024-01-19T19:57:45","guid":{"rendered":"https:\/\/diagzone.org\/?post_type=product&#038;p=673"},"modified":"2026-01-05T13:58:38","modified_gmt":"2026-01-05T12:58:38","slug":"thinkcar-thinkdiag-2-can-fd-bi-directional-obd2-scanner","status":"publish","type":"product","link":"https:\/\/diagzone.org\/tr\/urun\/thinkcar-thinkdiag-2-can-fd-bi-directional-obd2-scanner\/","title":{"rendered":"THINKCAR ThinkDiag 2 CAN-FD \u00c7ift Y\u00f6nl\u00fc OBD2 Taray\u0131c\u0131"},"content":{"rendered":"<p data-start=\"162\" data-end=\"369\" class=\" translation-block\"><strong data-start=\"197\" data-end=\"221\">Orijinal THINKDIAG 2<\/strong>\u2019ye g\u00f6sterdi\u011finiz ilgi i\u00e7in te\u015fekk\u00fcr ederiz.<br data-start=\"222\" data-end=\"225\">Bu te\u015fhis ba\u011flant\u0131 cihaz\u0131 tamamen yenidir, <strong data-start=\"285\" data-end=\"306\">DiagZone platform<\/strong> \u00fczerinde eksiksiz \u015fekilde test edilmi\u015ftir ve hem orijinalli\u011fi hem de \u00fcst\u00fcn performans\u0131 garanti eder.<\/p>\n<h2 data-start=\"371\" data-end=\"395\">\ud83d\udd39 \u00d6nemli Uyar\u0131<\/h2>\n<p data-start=\"396\" data-end=\"534\" class=\" translation-block\">THINKDIAG 2, <a href=\"https:\/\/diagzone.org\/diagzone-activation\/\" target=\"_self\"><strong data-start=\"425\" data-end=\"463\">\u00f6nceden y\u00fcklenmi\u015f herhangi bir yaz\u0131l\u0131m olmadan<\/strong><\/a> teslim edilir.<br data-start=\"464\" data-end=\"467\">Bu cihaz\u0131 kullanmak i\u00e7in <strong data-start=\"489\" data-end=\"531\">ayr\u0131 bir <a href=\"https:\/\/diagzone.org\/diagzone-buy-subscription\/\" target=\"_self\">yaz\u0131l\u0131m sat\u0131n alma i\u015flemi<\/a> gereklidir<\/strong>.<\/p>\n<h2 data-start=\"536\" data-end=\"562\">\ud83d\udd39 Destek ve rehberlik<\/h2>\n<p data-start=\"563\" data-end=\"775\" class=\" translation-block\"><strong data-start=\"578\" data-end=\"596\">DiagZone kurulumu<\/strong> konusunda yard\u0131ma m\u0131 ihtiyac\u0131n\u0131z var?<br data-start=\"597\" data-end=\"600\">Ekibimiz ad\u0131m ad\u0131m destek sunar. Cihaz\u0131n\u0131z\u0131 <strong data-start=\"746\" data-end=\"772\">DiagZone OBD2 platform<\/strong> ile kullanma konusunda y\u00f6nlendirmeye ihtiya\u00e7 duyarsan\u0131z diledi\u011finiz zaman <a href=\"https:\/\/wa.me\/31647604324\" target=\"_self\">bizimle ileti\u015fime ge\u00e7ebilirsiniz<\/a>.<\/p>\n<h2 data-start=\"777\" data-end=\"802\">\ud83d\udd39 Kalite G\u00fcvencesi<\/h2>\n<p data-start=\"803\" data-end=\"977\" class=\" translation-block\">Her THINKDIAG 2, sevkiyat \u00f6ncesinde <strong data-start=\"831\" data-end=\"881\">titiz i\u015flevsellik testlerinden ge\u00e7irilir<\/strong>.<br data-start=\"882\" data-end=\"885\">Bu sayede kusursuz \u00e7al\u0131\u015fma, profesyonel d\u00fczeyde g\u00fcvenilirlik ve uzun \u00f6m\u00fcrl\u00fc dayan\u0131kl\u0131l\u0131k sa\u011flan\u0131r.<\/p>\n<h1 data-start=\"979\" data-end=\"1002\">\u00dcr\u00fcn a\u00e7\u0131klamas\u0131<\/h1>\n<p data-start=\"1004\" data-end=\"1159\" class=\" translation-block\"><strong data-start=\"1008\" data-end=\"1023\">THINKDIAG 2<\/strong>, yaln\u0131zca <strong data-start=\"1135\" data-end=\"1156\">DiagZone yaz\u0131l\u0131m\u0131<\/strong> ile uyumluluk i\u00e7in tasarlanm\u0131\u015f, kompakt ve g\u00fc\u00e7l\u00fc bir <strong data-start=\"1050\" data-end=\"1089\">OBD2 Bluetooth te\u015fhis ba\u011flant\u0131 cihaz\u0131d\u0131r<\/strong>.<\/p>\n<p data-start=\"1161\" data-end=\"1586\">\u2705 Profesyonel bir OBD2 Bluetooth adapt\u00f6r\u00fc olarak \u00e7al\u0131\u015f\u0131r<br data-start=\"1209\" data-end=\"1212\" \/>\u2705 Android cihazlar\u0131 (ak\u0131ll\u0131 telefonlar ve tabletler) destekler \u2013 ile tam uyumludur <strong data-start=\"1287\" data-end=\"1303\">Android 7\u201313<\/strong>, ayr\u0131ca ile <strong data-start=\"1319\" data-end=\"1355\">Android 14 (yaln\u0131zca 32 bit sistemler)<\/strong><br data-start=\"1355\" data-end=\"1358\" \/>\u2705 Orijinalli\u011fi do\u011frulamak i\u00e7in DiagZone yaz\u0131l\u0131m\u0131 ile test edilmi\u015ftir<br data-start=\"1406\" data-end=\"1409\" \/>\u2705 H\u0131zl\u0131 ve kararl\u0131 Bluetooth 5.0 \u00e7ift modlu ba\u011flant\u0131<br data-start=\"1459\" data-end=\"1462\" \/>\u2705 ABS+PC+TPU muhafazaya ve \u00e7ift g\u00f6sterge \u0131\u015f\u0131klar\u0131na sahip dayan\u0131kl\u0131 tasar\u0131m<br data-start=\"1528\" data-end=\"1531\" \/>\u2705 Birlikte gelir <strong data-start=\"1544\" data-end=\"1565\">0,65 m OBD2 kablosu<\/strong> kolay kullan\u0131m i\u00e7in<\/p>\n<p data-start=\"1588\" data-end=\"1824\">\u26a0\ufe0f L\u00fctfen dikkat: Bu konnekt\u00f6r herhangi bir yaz\u0131l\u0131m veya abonelik i\u00e7ermez.<br data-start=\"1669\" data-end=\"1672\" \/>\ud83d\udc49 DiagZone yaz\u0131l\u0131m aboneli\u011fi buradan ayr\u0131ca sat\u0131n al\u0131nabilir: <a class=\"decorated-link\" href=\"https:\/\/diagzone.org\/diagzone-buy-subscription\/\" target=\"_new\" rel=\"noopener\" data-start=\"1746\" data-end=\"1822\">DiagZone aboneli\u011fi sat\u0131n al<\/a><\/p>\n<h1 data-start=\"1826\" data-end=\"1853\">Neden THINKDIAG 2\u2019yi Se\u00e7melisiniz?<\/h1>\n<ul data-start=\"1855\" data-end=\"2272\">\n<li data-start=\"1855\" data-end=\"1907\">\n<p data-start=\"1857\" data-end=\"1907\"><strong data-start=\"1857\" data-end=\"1905\">Orijinal cihaz \u2013 klon yok, sahte yok<\/strong><\/p>\n<\/li>\n<li data-start=\"1908\" data-end=\"1955\">\n<p data-start=\"1910\" data-end=\"1955\" class=\" translation-block\"><strong data-start=\"290\" data-end=\"317\">Sevkiyat \u00f6ncesi 0 DiagZone \u00fczerinde test edilmi\u015ftir<\/strong><\/p>\n<\/li>\n<li data-start=\"1956\" data-end=\"2019\">\n<p data-start=\"1958\" data-end=\"2019\" class=\" translation-block\"><strong data-start=\"338\" data-end=\"369\">Profesyonel OBD2 konnekt\u00f6r\u00fc<\/strong> garantili performansla<\/p>\n<\/li>\n<li data-start=\"2020\" data-end=\"2072\">\n<p data-start=\"2022\" data-end=\"2072\" class=\" translation-block\">Kompakt boyut, <strong data-start=\"2036\" data-end=\"2070\">Bluetooth 5.0 ile kolay kullan\u0131m<\/strong><\/p>\n<\/li>\n<li data-start=\"2073\" data-end=\"2169\">\n<p data-start=\"2075\" data-end=\"2169\" class=\" translation-block\"><strong data-start=\"418\" data-end=\"498\">DiagZone binek ara\u00e7lar, elektrikli ara\u00e7lar ve a\u011f\u0131r hizmet yaz\u0131l\u0131m paketleri<\/strong> ile uyumludur<\/p>\n<\/li>\n<li data-start=\"2170\" data-end=\"2272\">\n<p data-start=\"2172\" data-end=\"2272\" class=\" translation-block\">Modern te\u015fhis protokollerini destekler: <strong data-start=\"2210\" data-end=\"2270\">ISO9141, KWP2000, J1850 VPW, J1850 PWM, CAN, UDS, CAN-FD<\/strong><\/p>\n<\/li>\n<\/ul>\n<p data-start=\"2274\" data-end=\"2453\">\u2705 K\u0131sacas\u0131, <strong data-start=\"2290\" data-end=\"2305\">THINKDIAG 2<\/strong> arayan herkes i\u00e7in ideal bir \u00e7\u00f6z\u00fcmd\u00fcr <strong data-start=\"2353\" data-end=\"2414\">g\u00fc\u00e7l\u00fc, kompakt ve DiagZone uyumlu OBD2 konekt\u00f6r\u00fc<\/strong>, d\u00fcnya \u00e7ap\u0131ndaki profesyoneller taraf\u0131ndan g\u00fcvenilmektedir.<\/p>","protected":false},"excerpt":{"rendered":"<p class=\" translation-block\"><strong data-start=\"157\" data-end=\"172\">THINKDIAG 2<\/strong>, h\u0131z, g\u00fcvenilirlik ve hassas veri aktar\u0131m\u0131 i\u00e7in tasarlanm\u0131\u015f y\u00fcksek performansl\u0131 bir Bluetooth OBD2 ba\u011flant\u0131 cihaz\u0131d\u0131r. Modern <strong data-start=\"301\" data-end=\"325\">CAN-FD ileti\u015fimini<\/strong> destekler ve bu \u00f6zelli\u011fiyle yeni nesil ara\u00e7lar i\u00e7in idealdir. Otomobillerden elektrikli ara\u00e7lara ve kamyonlara kadar geni\u015f kapsama alan\u0131 sunarak kompakt bir tasar\u0131mda profesyonel seviye performans sa\u011flar ve <strong data-start=\"505\" data-end=\"526\">DiagZone platform<\/strong> \u00fczerinde tamamen test edilmi\u015ftir.<\/p>","protected":false},"featured_media":3320,"template":"","meta":{"_acf_changed":false,"_seopress_robots_primary_cat":"none","_seopress_titles_title":"Elevate Your Diagnostic Capabilities - THINKDIAG2: CAN-FD","_seopress_titles_desc":"Enhance Your Diagnostics with THINKDIAG 2, Offering Support for CAN-FD Protocol and Bluetooth 5.0, Compatible with the DiagZone Server.","_seopress_robots_index":"","inline_featured_image":false,"_kad_blocks_custom_css":"","_kad_blocks_head_custom_js":"","_kad_blocks_body_custom_js":"","_kad_blocks_footer_custom_js":"","_themeisle_gutenberg_block_has_review":false,"_kad_post_transparent":"default","_kad_post_title":"","_kad_post_layout":"default","_kad_post_sidebar_id":"","_kad_post_content_style":"default","_kad_post_vertical_padding":"default","_kad_post_feature":"","_kad_post_feature_position":"","_kad_post_header":false,"_kad_post_footer":false,"iawp_total_views":1063},"product_cat":[19],"product_tag":[],"class_list":{"0":"post-673","1":"product","2":"type-product","3":"status-publish","4":"has-post-thumbnail","6":"product_cat-obd-connectors","8":"first","9":"instock","10":"sale","11":"shipping-taxable","12":"purchasable","13":"product-type-simple","14":"entry","15":"content-bg","16":"loop-entry"},"acf":[],"taxonomy_info":{"product_cat":[{"value":19,"label":"Obd connectors"}]},"featured_image_src_large":["https:\/\/diagzone.org\/wp-content\/uploads\/2024\/01\/ThinkDiag_2_1.jpg",600,600,false],"author_info":[],"comment_info":"","_links":{"self":[{"href":"https:\/\/diagzone.org\/tr\/wp-json\/wp\/v2\/product\/673","targetHints":{"allow":["GET"]}}],"collection":[{"href":"https:\/\/diagzone.org\/tr\/wp-json\/wp\/v2\/product"}],"about":[{"href":"https:\/\/diagzone.org\/tr\/wp-json\/wp\/v2\/types\/product"}],"wp:featuredmedia":[{"embeddable":true,"href":"https:\/\/diagzone.org\/tr\/wp-json\/wp\/v2\/media\/3320"}],"wp:attachment":[{"href":"https:\/\/diagzone.org\/tr\/wp-json\/wp\/v2\/media?parent=673"}],"wp:term":[{"taxonomy":"product_cat","embeddable":true,"href":"https:\/\/diagzone.org\/tr\/wp-json\/wp\/v2\/product_cat?post=673"},{"taxonomy":"product_tag","embeddable":true,"href":"https:\/\/diagzone.org\/tr\/wp-json\/wp\/v2\/product_tag?post=673"}],"curies":[{"name":"wp","href":"https:\/\/api.w.org\/{rel}","templated":true}]}}